{"id":59,"date":"2023-05-24T11:10:24","date_gmt":"2023-05-24T11:10:24","guid":{"rendered":"https:\/\/edublog.educastur.es\/administrativoiesconcejodetineo\/?page_id=59"},"modified":"2024-07-19T09:49:00","modified_gmt":"2024-07-19T09:49:00","slug":"administracion-y-finanzas-afi302","status":"publish","type":"page","link":"https:\/\/edublog.educastur.es\/administrativoiesconcejodetineo\/administracion-y-finanzas-afi302\/","title":{"rendered":"Administraci\u00f3n y Finanzas (ADG-301)"},"content":{"rendered":"<div class=\"consulta-results-filtrado\"><strong><span class=\"consulta-results-filtro\">Familia profesional.<\/span><\/strong><\/div>\n<div class=\"consulta-form-descript destacado\">\n<p>Administraci\u00f3n y Gesti\u00f3n<\/p>\n<\/div>\n<div class=\"consulta-results-filtrado\"><strong><span class=\"consulta-results-filtro\">Duraci\u00f3n.<\/span><\/strong><\/div>\n<div class=\"consulta-form-descript destacado\">\n<p>2.000 horas<\/p>\n<\/div>\n<div class=\"consulta-results-filtrado\"><strong><span class=\"consulta-results-filtro\">Competencia general.<\/span><\/strong><\/div>\n<div class=\"consulta-form-descript\">\n<ul style=\"text-align: justify\">Organizar y ejecutar las operaciones de gesti\u00f3n y administraci\u00f3n en los procesos comerciales, laborales, contables, fiscales y financieros de una empresa p\u00fablica o privada, aplicando la normativa vigente y los protocolos de gesti\u00f3n de calidad, gestionando la informaci\u00f3n, asegurando la satisfacci\u00f3n del cliente y\/o usuario y actuando seg\u00fan las normas de prevenci\u00f3n de riesgos laborales y protecci\u00f3n medioambiental.<\/ul>\n<p><strong>Unidades de competencia.<\/strong><\/p>\n<ul>\n<li style=\"text-align: justify\">Realizar la gesti\u00f3n y control administrativo de recursos humanos.<\/li>\n<li style=\"text-align: justify\">Realizar el apoyo administrativo a las tareas de selecci\u00f3n, formaci\u00f3n y desarrollo de recursos humanos.<\/li>\n<li style=\"text-align: justify\">Administrar los sistemas de informaci\u00f3n y archivo en soporte convencional e inform\u00e1tico.<\/li>\n<li style=\"text-align: justify\">Manejar aplicaciones ofim\u00e1ticas en la gesti\u00f3n de la informaci\u00f3n y la documentaci\u00f3n.<\/li>\n<li style=\"text-align: justify\">Determinar las necesidades financieras de la empresa.<\/li>\n<li style=\"text-align: justify\">Gestionar la informaci\u00f3n y contrataci\u00f3n de los recursos financieros.<\/li>\n<li style=\"text-align: justify\">Gestionar y controlar la tesorer\u00eda y su presupuesto.<\/li>\n<li style=\"text-align: justify\">Manejar aplicaciones ofim\u00e1ticas en la gesti\u00f3n de la informaci\u00f3n y la documentaci\u00f3n.<\/li>\n<li style=\"text-align: justify\">Administrar y gestionar con autonom\u00eda las comunicaciones de la direcci\u00f3n.<\/li>\n<li style=\"text-align: justify\">Elaborar documentaci\u00f3n y presentaciones profesionales en distintos formatos.<\/li>\n<li style=\"text-align: justify\">Administrar los sistemas de informaci\u00f3n y archivo en soporte convencional e inform\u00e1tico.<\/li>\n<li style=\"text-align: justify\">Preparar y presentar expedientes y documentaci\u00f3n jur\u00eddica y empresarial ante Organismos y Administraciones P\u00fablicas.<\/li>\n<li style=\"text-align: justify\">Efectuar las actividades de apoyo administrativo de Recursos Humanos.<\/li>\n<li style=\"text-align: justify\">Realizar las gestiones administrativas de tesorer\u00eda.<\/li>\n<li style=\"text-align: justify\">Realizar la gesti\u00f3n contable y fiscal.<\/li>\n<\/ul>\n<\/div>\n<div class=\"consulta-form-descript\" style=\"text-align: justify\">\n<p><strong><span class=\"consulta-results-filtro\">M\u00f3dulos.<\/span><\/strong><\/p>\n<\/div>\n<div class=\"consulta-form-descript\">\n<ol style=\"text-align: justify\">\n<li>Gesti\u00f3n de la documentaci\u00f3n jur\u00eddica y empresarial.<\/li>\n<li>Recursos humanos y responsabilidad social corporativa.<\/li>\n<li>Ofim\u00e1tica y proceso de la informaci\u00f3n.<\/li>\n<li>Proceso integral de la actividad comercial.<\/li>\n<li>Comunicaci\u00f3n y atenci\u00f3n al cliente.<\/li>\n<li>Ingl\u00e9s profesional.<\/li>\n<li>Gesti\u00f3n de recursos humanos.<\/li>\n<li>Gesti\u00f3n financiera.<\/li>\n<li>Contabilidad y fiscalidad.<\/li>\n<li>Gesti\u00f3n log\u00edstica y comercial.<\/li>\n<li>Simulaci\u00f3n empresarial.<\/li>\n<li>Proyecto de administraci\u00f3n y finanzas.<\/li>\n<li>Itinerario para la Empleabilidad I.<\/li>\n<li>Sostenibilidad Aplicada.<\/li>\n<li>Digitalizaci\u00f3n Aplicada.<\/li>\n<li>Proyecto Intermodular I.<\/li>\n<li>Formaci\u00f3n en centros de trabajo.<\/li>\n<\/ol>\n<p style=\"text-align: justify\">\n<\/div>\n","protected":false},"excerpt":{"rendered":"<p>Familia profesional. Administraci\u00f3n y Gesti\u00f3n Duraci\u00f3n. 2.000 horas Competencia general. Organizar y ejecutar las operaciones de gesti\u00f3n y administraci\u00f3n en los procesos comerciales, laborales, contables, fiscales y financieros de una empresa p\u00fablica o privada, aplicando la normativa vigente y los protocolos de gesti\u00f3n de calidad, gestionando la informaci\u00f3n, asegurando la satisfacci\u00f3n del cliente y\/o usuario [&hellip;]<\/p>\n","protected":false},"author":1261,"featured_media":0,"parent":0,"menu_order":0,"comment_status":"closed","ping_status":"closed","template":"","meta":{"footnotes":""},"class_list":["post-59","page","type-page","status-publish","hentry"],"_links":{"self":[{"href":"https:\/\/edublog.educastur.es\/administrativoiesconcejodetineo\/wp-json\/wp\/v2\/pages\/59","targetHints":{"allow":["GET"]}}],"collection":[{"href":"https:\/\/edublog.educastur.es\/administrativoiesconcejodetineo\/wp-json\/wp\/v2\/pages"}],"about":[{"href":"https:\/\/edublog.educastur.es\/administrativoiesconcejodetineo\/wp-json\/wp\/v2\/types\/page"}],"author":[{"embeddable":true,"href":"https:\/\/edublog.educastur.es\/administrativoiesconcejodetineo\/wp-json\/wp\/v2\/users\/1261"}],"replies":[{"embeddable":true,"href":"https:\/\/edublog.educastur.es\/administrativoiesconcejodetineo\/wp-json\/wp\/v2\/comments?post=59"}],"version-history":[{"count":5,"href":"https:\/\/edublog.educastur.es\/administrativoiesconcejodetineo\/wp-json\/wp\/v2\/pages\/59\/revisions"}],"predecessor-version":[{"id":233,"href":"https:\/\/edublog.educastur.es\/administrativoiesconcejodetineo\/wp-json\/wp\/v2\/pages\/59\/revisions\/233"}],"wp:attachment":[{"href":"https:\/\/edublog.educastur.es\/administrativoiesconcejodetineo\/wp-json\/wp\/v2\/media?parent=59"}],"curies":[{"name":"wp","href":"https:\/\/api.w.org\/{rel}","templated":true}]}}