{"id":35,"date":"2022-10-23T18:32:07","date_gmt":"2022-10-23T18:32:07","guid":{"rendered":"https:\/\/edublog.educastur.es\/aeecpjacintobenavente\/?page_id=35"},"modified":"2023-01-17T12:33:35","modified_gmt":"2023-01-17T12:33:35","slug":"calendario-aee","status":"publish","type":"page","link":"https:\/\/edublog.educastur.es\/aeecpjacintobenavente\/calendario-aee\/","title":{"rendered":"Calendario AEE"},"content":{"rendered":"<p><img loading=\"lazy\" decoding=\"async\" class=\"alignleft\" src=\"https:\/\/cdn-icons-png.flaticon.com\/512\/3652\/3652267.png\" alt=\"Calendario - Iconos gratis de educaci\u00f3n\" width=\"174\" height=\"174\" \/><\/p>\n<div style=\"text-align: justify\">\n<h4>\u00bfQuieres conocer en que momentos realizamos nuestras Actuaciones Educativas de \u00c9xito?<\/h4>\n<p>En esta secci\u00f3n de nuestro blog publicaremos con antelaci\u00f3n los d\u00edas que realizamos <strong>Tertulias Literarias Dial\u00f3gicas<\/strong> con nuestro alumnado as\u00ed como los <strong>Grupos Interactivos<\/strong> que se vayan programando.<\/p>\n<p>De esta forma daremos a conocer a nuestra comunidad nuestro calendario de actuaciones. Pincha sobre este enlace para acceder al calendario: <a href=\"https:\/\/outlook.office365.com\/owa\/calendar\/9f905ec420564808a19923fc3c5d49c4@educastur.org\/d7771eb399f749039f081a8e61dd54b6206661509453519685\/calendar.html\"><strong><em>Calendario AEE CP Jacinto Benavente<\/em><\/strong><\/a>.<\/p>\n<\/div>\n","protected":false},"excerpt":{"rendered":"<p>\u00bfQuieres conocer en que momentos realizamos nuestras Actuaciones Educativas de \u00c9xito? En esta secci\u00f3n de nuestro blog publicaremos con antelaci\u00f3n los d\u00edas que realizamos Tertulias Literarias Dial\u00f3gicas con nuestro alumnado as\u00ed como los Grupos Interactivos que se vayan programando. De esta forma daremos a conocer a nuestra comunidad nuestro calendario de actuaciones. Pincha sobre este &hellip; <a href=\"https:\/\/edublog.educastur.es\/aeecpjacintobenavente\/calendario-aee\/\" class=\"more-link\">Seguir leyendo <span class=\"screen-reader-text\">Calendario AEE<\/span><\/a><\/p>\n","protected":false},"author":431,"featured_media":0,"parent":0,"menu_order":0,"comment_status":"closed","ping_status":"closed","template":"","meta":{"footnotes":""},"class_list":["post-35","page","type-page","status-publish","hentry"],"_links":{"self":[{"href":"https:\/\/edublog.educastur.es\/aeecpjacintobenavente\/wp-json\/wp\/v2\/pages\/35","targetHints":{"allow":["GET"]}}],"collection":[{"href":"https:\/\/edublog.educastur.es\/aeecpjacintobenavente\/wp-json\/wp\/v2\/pages"}],"about":[{"href":"https:\/\/edublog.educastur.es\/aeecpjacintobenavente\/wp-json\/wp\/v2\/types\/page"}],"author":[{"embeddable":true,"href":"https:\/\/edublog.educastur.es\/aeecpjacintobenavente\/wp-json\/wp\/v2\/users\/431"}],"replies":[{"embeddable":true,"href":"https:\/\/edublog.educastur.es\/aeecpjacintobenavente\/wp-json\/wp\/v2\/comments?post=35"}],"version-history":[{"count":16,"href":"https:\/\/edublog.educastur.es\/aeecpjacintobenavente\/wp-json\/wp\/v2\/pages\/35\/revisions"}],"predecessor-version":[{"id":54,"href":"https:\/\/edublog.educastur.es\/aeecpjacintobenavente\/wp-json\/wp\/v2\/pages\/35\/revisions\/54"}],"wp:attachment":[{"href":"https:\/\/edublog.educastur.es\/aeecpjacintobenavente\/wp-json\/wp\/v2\/media?parent=35"}],"curies":[{"name":"wp","href":"https:\/\/api.w.org\/{rel}","templated":true}]}}