{"id":7,"date":"2022-10-23T16:23:31","date_gmt":"2022-10-23T16:23:31","guid":{"rendered":"https:\/\/edublog.educastur.es\/aeecpjacintobenavente\/?page_id=7"},"modified":"2023-01-30T22:42:05","modified_gmt":"2023-01-30T22:42:05","slug":"voluntariado","status":"publish","type":"page","link":"https:\/\/edublog.educastur.es\/aeecpjacintobenavente\/voluntariado\/","title":{"rendered":"Voluntariado"},"content":{"rendered":"<div style=\"text-align: justify\">\n<h3><img loading=\"lazy\" decoding=\"async\" class=\"alignleft\" src=\"https:\/\/www.federacionaspacecyl.org\/wp-content\/uploads\/2017\/10\/LOGO-Plataforma-Voluntariado-par%C3%A1lisis-cerebral-C-y-L.png\" alt=\"Plataforma de Voluntariado - Federaci\u00f3n ASPACE Castilla y Le\u00f3n\" width=\"173\" height=\"154\" \/><span style=\"font-family: arial, helvetica, sans-serif\">\u00bfQuieres participar como voluntario o voluntaria en nuestras Actuaciones Educativas de \u00c9xito?<\/span><\/h3>\n<p><span style=\"font-family: arial, helvetica, sans-serif\">El voluntariado <strong>son personas de la comunidad<\/strong> (familiares, exalumnos\/as, personas de Vega o La Camocha, miembros de asociaciones colaboradoras, estudiantes en pr\u00e1cticas, otros profesionales de la localidad\u2026), que con su participaci\u00f3n y compromiso en el d\u00eda a d\u00eda de nuestro centro, tanto por su participaci\u00f3n en diferentes actividades de la escuela y la comunidad, como por su incorporaci\u00f3n en el aula para realizar grupos interactivos; aumentan el n\u00famero de interacciones que viven los ni\u00f1os y ni\u00f1as.<\/span><\/p>\n<p><span style=\"font-family: arial, helvetica, sans-serif\"><strong>Cada cierto tiempo realizamos una formaci\u00f3n con las personas que quieren formar parte de esa red de voluntariado<\/strong> tan importante para desarrollar en el CP. Jacinto Benavente sus Actuaciones Educativas de \u00c9xito.\u00a0<\/span><\/p>\n<p><span style=\"font-family: arial, helvetica, sans-serif\"><strong>\u00bfQuieres formar parte?<\/strong> Pincha en este <a href=\"https:\/\/forms.office.com\/e\/TG8SnH7r4S\"><strong>ENLACE<\/strong><\/a> que te llevar\u00e1 a un breve formulario donde recogeremos tus datos y nos pondremos en contacto contigo.<\/span><\/p>\n<\/div>\n","protected":false},"excerpt":{"rendered":"<p>\u00bfQuieres participar como voluntario o voluntaria en nuestras Actuaciones Educativas de \u00c9xito? El voluntariado son personas de la comunidad (familiares, exalumnos\/as, personas de Vega o La Camocha, miembros de asociaciones colaboradoras, estudiantes en pr\u00e1cticas, otros profesionales de la localidad\u2026), que con su participaci\u00f3n y compromiso en el d\u00eda a d\u00eda de nuestro centro, tanto por &hellip; <a href=\"https:\/\/edublog.educastur.es\/aeecpjacintobenavente\/voluntariado\/\" class=\"more-link\">Seguir leyendo <span class=\"screen-reader-text\">Voluntariado<\/span><\/a><\/p>\n","protected":false},"author":431,"featured_media":0,"parent":0,"menu_order":0,"comment_status":"closed","ping_status":"closed","template":"","meta":{"footnotes":""},"class_list":["post-7","page","type-page","status-publish","hentry"],"_links":{"self":[{"href":"https:\/\/edublog.educastur.es\/aeecpjacintobenavente\/wp-json\/wp\/v2\/pages\/7","targetHints":{"allow":["GET"]}}],"collection":[{"href":"https:\/\/edublog.educastur.es\/aeecpjacintobenavente\/wp-json\/wp\/v2\/pages"}],"about":[{"href":"https:\/\/edublog.educastur.es\/aeecpjacintobenavente\/wp-json\/wp\/v2\/types\/page"}],"author":[{"embeddable":true,"href":"https:\/\/edublog.educastur.es\/aeecpjacintobenavente\/wp-json\/wp\/v2\/users\/431"}],"replies":[{"embeddable":true,"href":"https:\/\/edublog.educastur.es\/aeecpjacintobenavente\/wp-json\/wp\/v2\/comments?post=7"}],"version-history":[{"count":8,"href":"https:\/\/edublog.educastur.es\/aeecpjacintobenavente\/wp-json\/wp\/v2\/pages\/7\/revisions"}],"predecessor-version":[{"id":83,"href":"https:\/\/edublog.educastur.es\/aeecpjacintobenavente\/wp-json\/wp\/v2\/pages\/7\/revisions\/83"}],"wp:attachment":[{"href":"https:\/\/edublog.educastur.es\/aeecpjacintobenavente\/wp-json\/wp\/v2\/media?parent=7"}],"curies":[{"name":"wp","href":"https:\/\/api.w.org\/{rel}","templated":true}]}}