{"id":190,"date":"2022-05-26T18:44:13","date_gmt":"2022-05-26T18:44:13","guid":{"rendered":"https:\/\/edublog.educastur.es\/agrariaiesconcejodetineo\/?page_id=190"},"modified":"2023-09-23T10:36:13","modified_gmt":"2023-09-23T10:36:13","slug":"equipo-docente","status":"publish","type":"page","link":"https:\/\/edublog.educastur.es\/agrariaiesconcejodetineo\/equipo-docente\/","title":{"rendered":"Equipo Docente"},"content":{"rendered":"<p><strong>Nuestro Equipo est\u00e1 formado por:<\/strong><\/p>\n<p>Jefa de Estudios FP: <b>Sandra Men\u00e9ndez Garc\u00eda<\/b><\/p>\n<p>Jefa Departamento Agraria: <strong>Nuria Fern\u00e1ndez Mart\u00ednez<\/strong><\/p>\n<p>Profesorado Agraria:<\/p>\n<p><strong>Mar\u00eda Rosario Camb\u00f3n L\u00f3pez<\/strong><\/p>\n<p><strong>Sara Gonz\u00e1lez Fern\u00e1ndez<\/strong><\/p>\n<p><strong>Raquel L\u00f3pez Su\u00e1rez<\/strong><\/p>\n<p><strong>Isabel Men\u00e9ndez \u00c1lvarez<\/strong><\/p>\n<p><strong>Diego Pariente Robles<\/strong><\/p>\n<p><strong>Luis Alberto Picatoste V\u00e1zquez<\/strong><\/p>\n<p><strong>Arcadio Su\u00e1rez Lamu\u00f1o<\/strong><\/p>\n<p>Profesorado FOL:<\/p>\n<p><strong>Mar\u00eda Jes\u00fas Fern\u00e1ndez Su\u00e1rez<br \/>\n<\/strong><\/p>\n<p><strong>Sandra Men\u00e9ndez Garc\u00eda<\/strong><\/p>\n<p>&nbsp;<\/p>\n<p>&nbsp;<\/p>\n<p>&nbsp;<\/p>\n","protected":false},"excerpt":{"rendered":"<p>Nuestro Equipo est\u00e1 formado por: Jefa de Estudios FP: Sandra Men\u00e9ndez Garc\u00eda Jefa Departamento Agraria: Nuria Fern\u00e1ndez Mart\u00ednez Profesorado Agraria: Mar\u00eda Rosario Camb\u00f3n L\u00f3pez Sara Gonz\u00e1lez Fern\u00e1ndez Raquel L\u00f3pez Su\u00e1rez Isabel Men\u00e9ndez \u00c1lvarez Diego Pariente Robles Luis Alberto Picatoste V\u00e1zquez Arcadio Su\u00e1rez Lamu\u00f1o Profesorado FOL: Mar\u00eda Jes\u00fas Fern\u00e1ndez Su\u00e1rez Sandra Men\u00e9ndez Garc\u00eda &nbsp; &nbsp; &nbsp;<\/p>\n","protected":false},"author":1261,"featured_media":0,"parent":0,"menu_order":0,"comment_status":"closed","ping_status":"closed","template":"","meta":{"footnotes":""},"class_list":["post-190","page","type-page","status-publish","hentry"],"_links":{"self":[{"href":"https:\/\/edublog.educastur.es\/agrariaiesconcejodetineo\/wp-json\/wp\/v2\/pages\/190","targetHints":{"allow":["GET"]}}],"collection":[{"href":"https:\/\/edublog.educastur.es\/agrariaiesconcejodetineo\/wp-json\/wp\/v2\/pages"}],"about":[{"href":"https:\/\/edublog.educastur.es\/agrariaiesconcejodetineo\/wp-json\/wp\/v2\/types\/page"}],"author":[{"embeddable":true,"href":"https:\/\/edublog.educastur.es\/agrariaiesconcejodetineo\/wp-json\/wp\/v2\/users\/1261"}],"replies":[{"embeddable":true,"href":"https:\/\/edublog.educastur.es\/agrariaiesconcejodetineo\/wp-json\/wp\/v2\/comments?post=190"}],"version-history":[{"count":8,"href":"https:\/\/edublog.educastur.es\/agrariaiesconcejodetineo\/wp-json\/wp\/v2\/pages\/190\/revisions"}],"predecessor-version":[{"id":1148,"href":"https:\/\/edublog.educastur.es\/agrariaiesconcejodetineo\/wp-json\/wp\/v2\/pages\/190\/revisions\/1148"}],"wp:attachment":[{"href":"https:\/\/edublog.educastur.es\/agrariaiesconcejodetineo\/wp-json\/wp\/v2\/media?parent=190"}],"curies":[{"name":"wp","href":"https:\/\/api.w.org\/{rel}","templated":true}]}}