{"id":198,"date":"2022-05-26T18:44:13","date_gmt":"2022-05-26T18:44:13","guid":{"rendered":"https:\/\/edublog.educastur.es\/agrariaiesconcejodetineo\/?page_id=198"},"modified":"2024-07-19T10:02:29","modified_gmt":"2024-07-19T10:02:29","slug":"produccion-agroecologica","status":"publish","type":"page","link":"https:\/\/edublog.educastur.es\/agrariaiesconcejodetineo\/produccion-agroecologica\/","title":{"rendered":"Producci\u00f3n Agropecuaria (AGA202)"},"content":{"rendered":"<p><strong>Familia profesional:<\/strong>\u00a0Agraria<\/p>\n<p><strong>Modalidad:<\/strong>\u00a0Presencial<\/p>\n<p><strong>Duraci\u00f3n:<\/strong>\u00a02.000 horas<\/p>\n<p><strong>Competencia general:<\/strong><\/p>\n<div class=\"consulta-form-descript\">\n<ul style=\"text-align: justify\">La competencia general de este t\u00edtulo consiste en obtener productos y subproductos agropecuarios atendiendo a criterios de calidad y rentabilidad, realizando operaciones de producci\u00f3n y de mantenimiento de instalaciones y equipos, aplicando la legislaci\u00f3n de protecci\u00f3n ambiental, de prevenci\u00f3n de riesgos laborales, de bienestar animal y de seguridad alimentaria.<\/ul>\n<p><strong>Unidades de competencia:<\/strong><\/p>\n<\/div>\n<ul>\n<li class=\"parrafo_2\">UC0523_2: Realizar las labores de preparaci\u00f3n del terreno y de siembra y\/ o trasplante en cultivos herb\u00e1ceos.<\/li>\n<li class=\"parrafo_2\">UC0524_2: Realizar las operaciones de cultivo, recolecci\u00f3n, transporte y almacenamiento de los cultivos herb\u00e1ceos.<\/li>\n<li class=\"parrafo_2\">UC0525_2: Controlar las plagas, enfermedades, malas hierbas y fisiopat\u00edas.<\/li>\n<li class=\"parrafo_2\">UC0526_2: Manejar tractores y montar instalaciones agrarias, realizando su mantenimiento.<\/li>\n<li class=\"parrafo_2\">UC0527_2: Realizar las labores de preparaci\u00f3n del terreno y de plantaci\u00f3n de frutales.<\/li>\n<li class=\"parrafo_2\">UC0528_2: Realizar las operaciones de cultivo, recolecci\u00f3n, transporte y primer acondicionamiento de la fruta.<\/li>\n<li class=\"parrafo_2\">UC0525_2: Controlar las plagas, enfermedades, malas hierbas y fisiopat\u00edas.<\/li>\n<li class=\"parrafo_2\">UC0526_2: Manejar tractores y montar instalaciones agrarias, realizando su mantenimiento.<\/li>\n<li class=\"parrafo_2\">UC0529_2: Realizar las labores de preparaci\u00f3n del terreno y de siembra y\/ o trasplante en cultivos hort\u00edcolas y flor cortada.<\/li>\n<li class=\"parrafo_2\">UC0530_2: Realizar las operaciones de cultivo, recolecci\u00f3n, transporte y almacenamiento de los cultivos hort\u00edcolas y de flor cortada.<\/li>\n<li class=\"parrafo_2\">UC0525_2: Controlar las plagas, enfermedades, malas hierbas y fisiopat\u00edas.<\/li>\n<li class=\"parrafo_2\">UC0526_2: Manejar tractores y montar instalaciones agrarias, realizando su mantenimiento.<\/li>\n<li class=\"parrafo_2\">UC0279_2: Producir animales de renuevo, reproductores, rumiantes lactantes y leche.<\/li>\n<li class=\"parrafo_2\">UC0280_2: Producir rumiantes de recr\u00eda y de cebo para la obtenci\u00f3n de carne.<\/li>\n<li class=\"parrafo_2\">UC0006_2: Montar y mantener las instalaciones, maquinaria y equipos de la explotaci\u00f3n ganadera.<\/li>\n<li class=\"parrafo_2\">UC0281_2: Producir aves para reproducci\u00f3n y obtenci\u00f3n de carne y huevos.<\/li>\n<li class=\"parrafo_2\">UC0282_2: Producir conejos para reproducci\u00f3n y obtenci\u00f3n de carne.<\/li>\n<li class=\"parrafo_2\">UC0006_2: Montar y mantener las instalaciones, maquinaria y equipos de la explotaci\u00f3n ganadera.<\/li>\n<li class=\"parrafo_2\">UC0004_2: Realizar operaciones de producci\u00f3n en cerdas de renuevo, reproductores y cerdos lactantes (Fase 1).<\/li>\n<li class=\"parrafo_2\">UC0005_2: Realizar operaciones de producci\u00f3n en cerdos de recr\u00eda y cebo (Fases 2 y 3).<\/li>\n<li class=\"parrafo_2\">UC0006_2: Montar y mantener las instalaciones, maquinaria y equipos de la explotaci\u00f3n ganadera.<\/li>\n<\/ul>\n<p style=\"text-align: justify\"><strong>M\u00f3dulos:<\/strong><\/p>\n<ul>\n<li>Fundamentos agron\u00f3micos<\/li>\n<li>Fundamentos zoot\u00e9cnicos.<\/li>\n<li>Implantaci\u00f3n de cultivos.<\/li>\n<li>Taller y equipos de tracci\u00f3n.<\/li>\n<li>Infraestructuras e instalaciones agr\u00edcolas.<\/li>\n<li>Principios de sanidad vegetal.<\/li>\n<li>Producci\u00f3n agr\u00edcola.<\/li>\n<li>Producci\u00f3n de leche, huevos y animales para vida.<\/li>\n<li>Producci\u00f3n de carne y otras producciones ganaderas.<\/li>\n<li>Control fitosanitario.<\/li>\n<li>Sostenibilidad Aplicada.<\/li>\n<li>Digitalizaci\u00f3n Aplicada.<\/li>\n<li>Itinerario Personal para la Empleabilidad I.<\/li>\n<li>Ingl\u00e9s Profesional.<\/li>\n<li>Empresa e iniciativa emprendedora.<\/li>\n<li>Proyecto Intermodular I.<\/li>\n<li>Formaci\u00f3n en centros de trabajo.<\/li>\n<\/ul>\n<p><strong>Documentos:\u00a0<\/strong><\/p>\n<p><a href=\"https:\/\/www.educastur.es\/documents\/34868\/38937\/AGA_AGA201CURRI.pdf\">Curr\u00edculo: Decreto 139\/2010, de 27 de octubre (BOPA 16-XI-2010)<\/a><\/p>\n<p><a href=\"https:\/\/www.boe.es\/buscar\/doc.php?id=BOE-A-2009-19149\">T\u00edtulo: Real Decreto 1634\/2009 de 30 de octubre (BOE 1-XII-2009)<\/a><\/p>\n<p>&nbsp;<\/p>\n","protected":false},"excerpt":{"rendered":"<p>Familia profesional:\u00a0Agraria Modalidad:\u00a0Presencial Duraci\u00f3n:\u00a02.000 horas Competencia general: La competencia general de este t\u00edtulo consiste en obtener productos y subproductos agropecuarios atendiendo a criterios de calidad y rentabilidad, realizando operaciones de producci\u00f3n y de mantenimiento de instalaciones y equipos, aplicando la legislaci\u00f3n de protecci\u00f3n ambiental, de prevenci\u00f3n de riesgos laborales, de bienestar animal y de seguridad [&hellip;]<\/p>\n","protected":false},"author":1261,"featured_media":0,"parent":0,"menu_order":0,"comment_status":"closed","ping_status":"closed","template":"","meta":{"footnotes":""},"class_list":["post-198","page","type-page","status-publish","hentry"],"_links":{"self":[{"href":"https:\/\/edublog.educastur.es\/agrariaiesconcejodetineo\/wp-json\/wp\/v2\/pages\/198","targetHints":{"allow":["GET"]}}],"collection":[{"href":"https:\/\/edublog.educastur.es\/agrariaiesconcejodetineo\/wp-json\/wp\/v2\/pages"}],"about":[{"href":"https:\/\/edublog.educastur.es\/agrariaiesconcejodetineo\/wp-json\/wp\/v2\/types\/page"}],"author":[{"embeddable":true,"href":"https:\/\/edublog.educastur.es\/agrariaiesconcejodetineo\/wp-json\/wp\/v2\/users\/1261"}],"replies":[{"embeddable":true,"href":"https:\/\/edublog.educastur.es\/agrariaiesconcejodetineo\/wp-json\/wp\/v2\/comments?post=198"}],"version-history":[{"count":5,"href":"https:\/\/edublog.educastur.es\/agrariaiesconcejodetineo\/wp-json\/wp\/v2\/pages\/198\/revisions"}],"predecessor-version":[{"id":1210,"href":"https:\/\/edublog.educastur.es\/agrariaiesconcejodetineo\/wp-json\/wp\/v2\/pages\/198\/revisions\/1210"}],"wp:attachment":[{"href":"https:\/\/edublog.educastur.es\/agrariaiesconcejodetineo\/wp-json\/wp\/v2\/media?parent=198"}],"curies":[{"name":"wp","href":"https:\/\/api.w.org\/{rel}","templated":true}]}}