{"id":203,"date":"2022-05-26T18:44:13","date_gmt":"2022-05-26T18:44:13","guid":{"rendered":"https:\/\/edublog.educastur.es\/agrariaiesconcejodetineo\/?page_id=203"},"modified":"2022-06-06T16:10:33","modified_gmt":"2022-06-06T16:10:33","slug":"fp-dual","status":"publish","type":"page","link":"https:\/\/edublog.educastur.es\/agrariaiesconcejodetineo\/fp-dual\/","title":{"rendered":"FP Dual"},"content":{"rendered":"<p style=\"text-align: justify\">En el IES Concejo de Tineo ofrecemos a nuestro alumnado el modelo de FP Dual.<\/p>\n<p style=\"text-align: justify\"><span style=\"font-size: 14pt\"><strong>PERO&#8230;<\/strong><\/span><\/p>\n<p style=\"text-align: justify\"><strong>\u00bfQu\u00e9 implica ser estudiante de FP Dual?<\/strong><\/p>\n<p style=\"text-align: justify\">Esto implica recibir una formaci\u00f3n tanto en el Centro Educativo como en la empresa, aprendiendo en un entorno real de trabajo, y aunque al final, tanto los conocimientos como el t\u00edtulo que obtendr\u00e1s son los mismos que si hubieses estudiado en otra modalidad, aumentar\u00e1s las horas de formaci\u00f3n en la empresa. Adem\u00e1s de que, tambi\u00e9n recibir\u00e1s una compensaci\u00f3n por parte de la empresa en concepto de beca y alta en la Seguridad Social.<\/p>\n<p style=\"text-align: justify\"><strong>\u00bfCu\u00e1les son las caracter\u00edsticas de la FP Dual?<\/strong><\/p>\n<div style=\"text-align: justify\" title=\"Page 6\">\n<div>\n<div>\n<div>\n<ul>\n<li>En la FP Dual, la estancia del aprendiz en\u00a0la empresa no consiste en unas pr\u00e1cticas ampliadas, sino que es un periodo formativo. A diferencia de la FCT, en la que el aprendiz pone en pr\u00e1ctica lo aprendido en el centro educativo, en la Dual el alumnado participa activamente en el proceso productivo\u00a0y aprende en un entorno real de trabajo.<\/li>\n<li>Se puede hacer FP Dual en ciclos de\u00a0grado medio o superior, en todas las especialidades y familias profesionales que est\u00e9n regulados por normativa LOE.<\/li>\n<li>Las dos modalidades presenciales de FP \u2014la Dual y la ordinaria, que completa la formaci\u00f3n en el aula con el m\u00f3dulo de FCT coexisten, ya que la Dual no sustituye a la ordinaria, sino que la complementa.<\/li>\n<\/ul>\n<p><strong>\u00bfQu\u00e9 ventajas supone para el alumnado?<\/strong><\/p>\n<ul>\n<li>Entra en contacto con el mundo real de la empresa.<\/li>\n<li>Aprende trabajando.<\/li>\n<li>Gana motivaci\u00f3n.<\/li>\n<li>Recibe una remuneraci\u00f3n, y, cotiza a la Seguridad Social.<\/li>\n<li>Comprueba de forma pr\u00e1ctica si aquello para lo que se est\u00e1 formando coincide con sus intereses.<\/li>\n<li>Mejora su curr\u00edculum y sus perspectivas laborales, con lo cual aumenta su empleabilidad.<\/li>\n<li style=\"text-align: justify\">Refuerza competencias transversales como la adaptabilidad, la responsabilidad, la organizaci\u00f3n, la gesti\u00f3n del estr\u00e9s y el trabajo en equipo, todas ellas muy importantes en el entorno laboral y social.<\/li>\n<\/ul>\n<p><strong>Para cualquier informaci\u00f3n adicional llama al 985800659 o env\u00eda un correo a concejot@educastur.org, indicando asunto: FP Dual.<\/strong><\/p>\n<a href=\"https:\/\/edublog.educastur.es\/agrariaiesconcejodetineo\/files\/2022\/06\/FP-DUAL-2.pdf\" class=\"pdfemb-viewer\" style=\"\" data-width=\"max\" data-height=\"max\" data-toolbar=\"bottom\" data-toolbar-fixed=\"off\">FP DUAL-2<\/a>\n<p>&nbsp;<\/p>\n<\/div>\n<\/div>\n<\/div>\n<\/div>\n<p style=\"text-align: justify\">\n","protected":false},"excerpt":{"rendered":"<p>En el IES Concejo de Tineo ofrecemos a nuestro alumnado el modelo de FP Dual. PERO&#8230; \u00bfQu\u00e9 implica ser estudiante de FP Dual? Esto implica recibir una formaci\u00f3n tanto en el Centro Educativo como en la empresa, aprendiendo en un entorno real de trabajo, y aunque al final, tanto los conocimientos como el t\u00edtulo que [&hellip;]<\/p>\n","protected":false},"author":1261,"featured_media":0,"parent":0,"menu_order":0,"comment_status":"closed","ping_status":"closed","template":"","meta":{"footnotes":""},"class_list":["post-203","page","type-page","status-publish","hentry"],"_links":{"self":[{"href":"https:\/\/edublog.educastur.es\/agrariaiesconcejodetineo\/wp-json\/wp\/v2\/pages\/203","targetHints":{"allow":["GET"]}}],"collection":[{"href":"https:\/\/edublog.educastur.es\/agrariaiesconcejodetineo\/wp-json\/wp\/v2\/pages"}],"about":[{"href":"https:\/\/edublog.educastur.es\/agrariaiesconcejodetineo\/wp-json\/wp\/v2\/types\/page"}],"author":[{"embeddable":true,"href":"https:\/\/edublog.educastur.es\/agrariaiesconcejodetineo\/wp-json\/wp\/v2\/users\/1261"}],"replies":[{"embeddable":true,"href":"https:\/\/edublog.educastur.es\/agrariaiesconcejodetineo\/wp-json\/wp\/v2\/comments?post=203"}],"version-history":[{"count":5,"href":"https:\/\/edublog.educastur.es\/agrariaiesconcejodetineo\/wp-json\/wp\/v2\/pages\/203\/revisions"}],"predecessor-version":[{"id":755,"href":"https:\/\/edublog.educastur.es\/agrariaiesconcejodetineo\/wp-json\/wp\/v2\/pages\/203\/revisions\/755"}],"wp:attachment":[{"href":"https:\/\/edublog.educastur.es\/agrariaiesconcejodetineo\/wp-json\/wp\/v2\/media?parent=203"}],"curies":[{"name":"wp","href":"https:\/\/api.w.org\/{rel}","templated":true}]}}