{"id":310,"date":"2022-05-29T20:09:14","date_gmt":"2022-05-29T20:09:14","guid":{"rendered":"https:\/\/edublog.educastur.es\/agrariaiesconcejodetineo\/?page_id=310"},"modified":"2024-07-19T09:54:00","modified_gmt":"2024-07-19T09:54:00","slug":"aprovechamientos-forestales","status":"publish","type":"page","link":"https:\/\/edublog.educastur.es\/agrariaiesconcejodetineo\/aprovechamientos-forestales\/","title":{"rendered":"Aprovechamientos Forestales"},"content":{"rendered":"<p><strong>Familia profesional<\/strong>: Agraria<\/p>\n<p><strong>Modalidad<\/strong>: Presencial<\/p>\n<p><strong>Duraci\u00f3n<\/strong>: 2.000 horas<\/p>\n<p><strong>Competencia general:<\/strong><\/p>\n<p style=\"text-align: justify\">La competencia general de este t\u00edtulo consiste en realizar operaciones auxiliares para la conservaci\u00f3n, mejora y aprovechamiento del monte, as\u00ed como de producci\u00f3n de planta en invernaderos o en centros de jardiner\u00eda, y llevar a cabo operaciones auxiliares para el mantenimiento de jardines, parques y zonas verdes, operando con la calidad indicada, observando las normas de prevenci\u00f3n de riesgos laborales y protecci\u00f3n medioambiental correspondientes y comunic\u00e1ndose de forma oral y escrita en lengua castellana y en su caso en la lengua cooficial propia as\u00ed como en alguna lengua extranjera.<\/p>\n<p style=\"text-align: justify\"><strong>\u00a0<\/strong><strong>Unidades de competencia:<\/strong><\/p>\n<ul style=\"text-align: justify\">\n<li>UC1290_1: Realizar actividades auxiliares en aprovechamientos madereros.<\/li>\n<li>UC1291_1: Realizar actividades auxiliares en las operaciones de descorche.<\/li>\n<li>UC1292_1: Recolectar frutos, semillas, hongos, plantas y otros productos forestales comercializables.<\/li>\n<li>UC1293_1 Realizar actividades auxiliares de repoblaci\u00f3n, correcci\u00f3n hidrol\u00f3gica, y de construcci\u00f3n y mantenimiento de infraestructuras forestales.<\/li>\n<li>UC1294_1 Realizar actividades auxiliares en tratamientos selv\u00edcolas.<\/li>\n<li>UC1295_1 Realizar actividades auxiliares en el control de agentes causantes de plagas y enfermedades a las plantas forestales.<\/li>\n<li>UC0520_1: Realizar operaciones auxiliares para la producci\u00f3n y mantenimiento de plantas en viveros y centros de jardiner\u00eda.<\/li>\n<li>UC0522_1: Realizar operaciones auxiliares para el mantenimiento de jardines, parques y zonas verdes<\/li>\n<\/ul>\n<p style=\"text-align: justify\"><strong>\u00a0<\/strong><strong>M\u00f3dulos:<\/strong><\/p>\n<ul style=\"text-align: justify\">\n<li>Operaciones b\u00e1sicas de producci\u00f3n y mantenimiento de plantas en viveros y centros de jardiner\u00eda.<\/li>\n<li>Operaciones b\u00e1sicas para el mantenimiento de jardines, parques y zonas verdes.<\/li>\n<li>Repoblaci\u00f3n e infraestructuras forestales.<\/li>\n<li>Trabajos de aprovechamientos forestales.<\/li>\n<li>Silvicultura y plagas.<\/li>\n<li>Recolecci\u00f3n de productos forestales.<\/li>\n<li>Ciencias aplicadas I.<\/li>\n<li>Ciencias aplicadas II.<\/li>\n<li>Comunicaci\u00f3n y Ciencias Sociales I.<\/li>\n<li>Comunicaci\u00f3n y sociedad II.<\/li>\n<li>Proyecto de Aprendizaje Colaborativo.<\/li>\n<li>Formaci\u00f3n en centros de trabajo.<\/li>\n<\/ul>\n<p style=\"text-align: justify\"><strong>\u00a0<\/strong><strong>Documentos:<\/strong><\/p>\n<ul style=\"text-align: justify\">\n<li><a href=\"https:\/\/www.educastur.es\/documents\/34868\/38937\/AGA_AGA103CURRI.pdf\">Curr\u00edculo: Decreto 49\/2016, de 10 de agosto (BOPA 17-VIII-2016)<\/a><\/li>\n<li><a href=\"https:\/\/www.educastur.es\/documents\/34868\/38937\/AGA_AGA103TIT.pdf\">T\u00edtulo: Real Decreto 356\/2014, de 16 de mayo (BOE 29-V-2009)<\/a><\/li>\n<\/ul>\n<p style=\"text-align: justify\">\n","protected":false},"excerpt":{"rendered":"<p>Familia profesional: Agraria Modalidad: Presencial Duraci\u00f3n: 2.000 horas Competencia general: La competencia general de este t\u00edtulo consiste en realizar operaciones auxiliares para la conservaci\u00f3n, mejora y aprovechamiento del monte, as\u00ed como de producci\u00f3n de planta en invernaderos o en centros de jardiner\u00eda, y llevar a cabo operaciones auxiliares para el mantenimiento de jardines, parques y [&hellip;]<\/p>\n","protected":false},"author":1261,"featured_media":0,"parent":0,"menu_order":0,"comment_status":"closed","ping_status":"closed","template":"","meta":{"footnotes":""},"class_list":["post-310","page","type-page","status-publish","hentry"],"_links":{"self":[{"href":"https:\/\/edublog.educastur.es\/agrariaiesconcejodetineo\/wp-json\/wp\/v2\/pages\/310","targetHints":{"allow":["GET"]}}],"collection":[{"href":"https:\/\/edublog.educastur.es\/agrariaiesconcejodetineo\/wp-json\/wp\/v2\/pages"}],"about":[{"href":"https:\/\/edublog.educastur.es\/agrariaiesconcejodetineo\/wp-json\/wp\/v2\/types\/page"}],"author":[{"embeddable":true,"href":"https:\/\/edublog.educastur.es\/agrariaiesconcejodetineo\/wp-json\/wp\/v2\/users\/1261"}],"replies":[{"embeddable":true,"href":"https:\/\/edublog.educastur.es\/agrariaiesconcejodetineo\/wp-json\/wp\/v2\/comments?post=310"}],"version-history":[{"count":5,"href":"https:\/\/edublog.educastur.es\/agrariaiesconcejodetineo\/wp-json\/wp\/v2\/pages\/310\/revisions"}],"predecessor-version":[{"id":1205,"href":"https:\/\/edublog.educastur.es\/agrariaiesconcejodetineo\/wp-json\/wp\/v2\/pages\/310\/revisions\/1205"}],"wp:attachment":[{"href":"https:\/\/edublog.educastur.es\/agrariaiesconcejodetineo\/wp-json\/wp\/v2\/media?parent=310"}],"curies":[{"name":"wp","href":"https:\/\/api.w.org\/{rel}","templated":true}]}}