{"id":419,"date":"2022-06-03T09:46:37","date_gmt":"2022-06-03T09:46:37","guid":{"rendered":"https:\/\/edublog.educastur.es\/agrariaiesconcejodetineo\/?page_id=419"},"modified":"2022-06-06T16:10:01","modified_gmt":"2022-06-06T16:10:01","slug":"bolsa-de-empleo-2","status":"publish","type":"page","link":"https:\/\/edublog.educastur.es\/agrariaiesconcejodetineo\/bolsa-de-empleo-2\/","title":{"rendered":"Bolsa de Empleo"},"content":{"rendered":"<p style=\"text-align: justify\">La <strong>Bolsa de Empleo del IES Concejo de Tineo,<\/strong> es un servicio que el centro pone a disposici\u00f3n de aquellos estudiantes que han conseguido un t\u00edtulo de Formaci\u00f3n Profesional de Grado Medio o Superior en el centro.<\/p>\n<p style=\"text-align: justify\">El\u00a0objetivo\u00a0principal de esta bolsa de empleo, es el de facilitar a su alumnado las mejores oportunidades de trabajo, a trav\u00e9s de las siguientes actuaciones:<\/p>\n<ul style=\"text-align: justify\">\n<li>Orientaci\u00f3n profesional.<\/li>\n<li>Seguimiento del inicio de la vida laboral una vez concluido el Ciclo Formativo.<\/li>\n<li>Puesta a disposici\u00f3n de las empresas que lo necesiten, candidatos de perfiles t\u00e9cnicos cualificados en la familia profesional de Agraria.<\/li>\n<\/ul>\n<p style=\"text-align: justify\">Su finalidad es hacer llegar a aquellos titulados del IES Concejo de Tineo que lo necesiten, aquellas ofertas de empleo que lleguen al centro, procedentes de empresas relacionadas con los estudios ofertados de la familia profesional Agraria.<\/p>\n<p style=\"text-align: justify\">Las empresas que deseen solicitar los perfiles profesionales del alumnado titulado que forman parte de la bolsa de empleo, deber\u00e1n remitir un correo electr\u00f3nico a <strong>bolsaempleo.iestineo@hotmail.com,<\/strong>\u00a0con el perfil requerido para el puesto, las condiciones de trabajo, as\u00ed como una persona y medio de contacto.<\/p>\n<p style=\"text-align: justify\">Posteriormente, el Departamento de Bolsa de Empleo enviar\u00e1 ese fichero al alumnado que cumpla el perfil, y ser\u00e1n los propios candidatos los que se pongan en contacto con la empresa.<\/p>\n<p>Para m\u00e1s informaci\u00f3n: <strong>bolsaempleo.iestineo@hotmail.com.<\/strong><\/p>\n","protected":false},"excerpt":{"rendered":"<p>La Bolsa de Empleo del IES Concejo de Tineo, es un servicio que el centro pone a disposici\u00f3n de aquellos estudiantes que han conseguido un t\u00edtulo de Formaci\u00f3n Profesional de Grado Medio o Superior en el centro. El\u00a0objetivo\u00a0principal de esta bolsa de empleo, es el de facilitar a su alumnado las mejores oportunidades de trabajo, [&hellip;]<\/p>\n","protected":false},"author":1261,"featured_media":0,"parent":0,"menu_order":0,"comment_status":"closed","ping_status":"closed","template":"","meta":{"footnotes":""},"class_list":["post-419","page","type-page","status-publish","hentry"],"_links":{"self":[{"href":"https:\/\/edublog.educastur.es\/agrariaiesconcejodetineo\/wp-json\/wp\/v2\/pages\/419","targetHints":{"allow":["GET"]}}],"collection":[{"href":"https:\/\/edublog.educastur.es\/agrariaiesconcejodetineo\/wp-json\/wp\/v2\/pages"}],"about":[{"href":"https:\/\/edublog.educastur.es\/agrariaiesconcejodetineo\/wp-json\/wp\/v2\/types\/page"}],"author":[{"embeddable":true,"href":"https:\/\/edublog.educastur.es\/agrariaiesconcejodetineo\/wp-json\/wp\/v2\/users\/1261"}],"replies":[{"embeddable":true,"href":"https:\/\/edublog.educastur.es\/agrariaiesconcejodetineo\/wp-json\/wp\/v2\/comments?post=419"}],"version-history":[{"count":8,"href":"https:\/\/edublog.educastur.es\/agrariaiesconcejodetineo\/wp-json\/wp\/v2\/pages\/419\/revisions"}],"predecessor-version":[{"id":753,"href":"https:\/\/edublog.educastur.es\/agrariaiesconcejodetineo\/wp-json\/wp\/v2\/pages\/419\/revisions\/753"}],"wp:attachment":[{"href":"https:\/\/edublog.educastur.es\/agrariaiesconcejodetineo\/wp-json\/wp\/v2\/media?parent=419"}],"curies":[{"name":"wp","href":"https:\/\/api.w.org\/{rel}","templated":true}]}}