{"id":548,"date":"2022-06-05T20:15:33","date_gmt":"2022-06-05T20:15:33","guid":{"rendered":"https:\/\/edublog.educastur.es\/agrariaiesconcejodetineo\/?page_id=548"},"modified":"2022-06-06T10:07:04","modified_gmt":"2022-06-06T10:07:04","slug":"tea","status":"publish","type":"page","link":"https:\/\/edublog.educastur.es\/agrariaiesconcejodetineo\/tea\/","title":{"rendered":"Educaci\u00f3n Ambiental"},"content":{"rendered":"<div class=\"page\" title=\"Page 16\">\n<div class=\"section\">\n<div>\n<div class=\"page\" title=\"Page 36\">\n<div class=\"section\">\n<div class=\"layoutArea\">\n<div class=\"column\">\n<p style=\"text-align: justify\">Este m\u00f3dulo profesional contiene la formaci\u00f3n necesaria para desempe\u00f1ar la funci\u00f3n de dise\u00f1o de materiales para la difusi\u00f3n de la informaci\u00f3n e interpretaci\u00f3n sobre el medio ambiente, as\u00ed como de asesoramiento e informaci\u00f3n ambiental en los servicios de gu\u00eda.<\/p>\n<\/div>\n<\/div>\n<div class=\"layoutArea\" style=\"text-align: justify\">\n<div class=\"column\">\n<p>La informaci\u00f3n e interpretaci\u00f3n ambiental incluyen aspectos como:<\/p>\n<ul>\n<li>Actualizaci\u00f3n de la documentaci\u00f3n ambiental.<\/li>\n<li>Elaboraci\u00f3n de documentos de informaci\u00f3n fiables, contrastados, accesibles y comprensibles.<\/li>\n<li>Dise\u00f1o de proyectos de interpretaci\u00f3n ambiental.<\/li>\n<li>Difusi\u00f3n ambiental (derecho del p\u00fablico a la informaci\u00f3n en materia ambiental, Ley 38\/95 acceso a la informaci\u00f3n).<\/li>\n<\/ul>\n<\/div>\n<\/div>\n<\/div>\n<\/div>\n<p style=\"text-align: justify\">\n<\/div>\n<\/div>\n<div class=\"section\">\n<div class=\"layoutArea\">\n<div class=\"column\">\n<p>&nbsp;<\/p>\n<\/div>\n<\/div>\n<\/div>\n<\/div>\n","protected":false},"excerpt":{"rendered":"<p>Este m\u00f3dulo profesional contiene la formaci\u00f3n necesaria para desempe\u00f1ar la funci\u00f3n de dise\u00f1o de materiales para la difusi\u00f3n de la informaci\u00f3n e interpretaci\u00f3n sobre el medio ambiente, as\u00ed como de asesoramiento e informaci\u00f3n ambiental en los servicios de gu\u00eda. La informaci\u00f3n e interpretaci\u00f3n ambiental incluyen aspectos como: Actualizaci\u00f3n de la documentaci\u00f3n ambiental. Elaboraci\u00f3n de documentos [&hellip;]<\/p>\n","protected":false},"author":1261,"featured_media":0,"parent":0,"menu_order":0,"comment_status":"closed","ping_status":"closed","template":"","meta":{"footnotes":""},"class_list":["post-548","page","type-page","status-publish","hentry"],"_links":{"self":[{"href":"https:\/\/edublog.educastur.es\/agrariaiesconcejodetineo\/wp-json\/wp\/v2\/pages\/548","targetHints":{"allow":["GET"]}}],"collection":[{"href":"https:\/\/edublog.educastur.es\/agrariaiesconcejodetineo\/wp-json\/wp\/v2\/pages"}],"about":[{"href":"https:\/\/edublog.educastur.es\/agrariaiesconcejodetineo\/wp-json\/wp\/v2\/types\/page"}],"author":[{"embeddable":true,"href":"https:\/\/edublog.educastur.es\/agrariaiesconcejodetineo\/wp-json\/wp\/v2\/users\/1261"}],"replies":[{"embeddable":true,"href":"https:\/\/edublog.educastur.es\/agrariaiesconcejodetineo\/wp-json\/wp\/v2\/comments?post=548"}],"version-history":[{"count":5,"href":"https:\/\/edublog.educastur.es\/agrariaiesconcejodetineo\/wp-json\/wp\/v2\/pages\/548\/revisions"}],"predecessor-version":[{"id":646,"href":"https:\/\/edublog.educastur.es\/agrariaiesconcejodetineo\/wp-json\/wp\/v2\/pages\/548\/revisions\/646"}],"wp:attachment":[{"href":"https:\/\/edublog.educastur.es\/agrariaiesconcejodetineo\/wp-json\/wp\/v2\/media?parent=548"}],"curies":[{"name":"wp","href":"https:\/\/api.w.org\/{rel}","templated":true}]}}