{"id":554,"date":"2022-06-05T20:18:23","date_gmt":"2022-06-05T20:18:23","guid":{"rendered":"https:\/\/edublog.educastur.es\/agrariaiesconcejodetineo\/?page_id=554"},"modified":"2022-06-06T10:04:19","modified_gmt":"2022-06-06T10:04:19","slug":"gestion-cinegetica","status":"publish","type":"page","link":"https:\/\/edublog.educastur.es\/agrariaiesconcejodetineo\/gestion-cinegetica\/","title":{"rendered":"Gesti\u00f3n Cineg\u00e9tica"},"content":{"rendered":"<div class=\"page\" title=\"Page 49\">\n<div class=\"section\">\n<div class=\"layoutArea\">\n<div class=\"column\">\n<p style=\"text-align: justify\">Este m\u00f3dulo profesional contiene la formaci\u00f3n necesaria para desempe\u00f1ar la funci\u00f3n de planificaci\u00f3n y organizaci\u00f3n de aprovechamientos cineg\u00e9ticos.<\/p>\n<p style=\"text-align: justify\">La planificaci\u00f3n y organizaci\u00f3n de aprovechamientos cineg\u00e9ticos incluyen aspectos como:<\/p>\n<ul>\n<li style=\"text-align: justify\">Conservaci\u00f3n y mejora del h\u00e1bitat de las especies cineg\u00e9ticas y asociadas.<\/li>\n<li style=\"text-align: justify\">Realizaci\u00f3n de inventarios de fauna.<\/li>\n<li style=\"text-align: justify\">Vigilancia, seguimiento y control de las poblaciones de especies de un espacio\u00a0cineg\u00e9tico.<\/li>\n<li style=\"text-align: justify\">Producci\u00f3n y repoblaci\u00f3n de especies cineg\u00e9ticas.<\/li>\n<li style=\"text-align: justify\">Organizaci\u00f3n de actividades de caza.<\/li>\n<li>\n<p style=\"text-align: justify\">Coordinaci\u00f3n y supervisi\u00f3n de los recursos humanos y materiales.<\/p>\n<\/li>\n<\/ul>\n<\/div>\n<\/div>\n<\/div>\n<\/div>\n","protected":false},"excerpt":{"rendered":"<p>Este m\u00f3dulo profesional contiene la formaci\u00f3n necesaria para desempe\u00f1ar la funci\u00f3n de planificaci\u00f3n y organizaci\u00f3n de aprovechamientos cineg\u00e9ticos. La planificaci\u00f3n y organizaci\u00f3n de aprovechamientos cineg\u00e9ticos incluyen aspectos como: Conservaci\u00f3n y mejora del h\u00e1bitat de las especies cineg\u00e9ticas y asociadas. Realizaci\u00f3n de inventarios de fauna. Vigilancia, seguimiento y control de las poblaciones de especies de un [&hellip;]<\/p>\n","protected":false},"author":1261,"featured_media":0,"parent":0,"menu_order":0,"comment_status":"closed","ping_status":"closed","template":"","meta":{"footnotes":""},"class_list":["post-554","page","type-page","status-publish","hentry"],"_links":{"self":[{"href":"https:\/\/edublog.educastur.es\/agrariaiesconcejodetineo\/wp-json\/wp\/v2\/pages\/554","targetHints":{"allow":["GET"]}}],"collection":[{"href":"https:\/\/edublog.educastur.es\/agrariaiesconcejodetineo\/wp-json\/wp\/v2\/pages"}],"about":[{"href":"https:\/\/edublog.educastur.es\/agrariaiesconcejodetineo\/wp-json\/wp\/v2\/types\/page"}],"author":[{"embeddable":true,"href":"https:\/\/edublog.educastur.es\/agrariaiesconcejodetineo\/wp-json\/wp\/v2\/users\/1261"}],"replies":[{"embeddable":true,"href":"https:\/\/edublog.educastur.es\/agrariaiesconcejodetineo\/wp-json\/wp\/v2\/comments?post=554"}],"version-history":[{"count":7,"href":"https:\/\/edublog.educastur.es\/agrariaiesconcejodetineo\/wp-json\/wp\/v2\/pages\/554\/revisions"}],"predecessor-version":[{"id":645,"href":"https:\/\/edublog.educastur.es\/agrariaiesconcejodetineo\/wp-json\/wp\/v2\/pages\/554\/revisions\/645"}],"wp:attachment":[{"href":"https:\/\/edublog.educastur.es\/agrariaiesconcejodetineo\/wp-json\/wp\/v2\/media?parent=554"}],"curies":[{"name":"wp","href":"https:\/\/api.w.org\/{rel}","templated":true}]}}