{"id":594,"date":"2022-06-06T09:38:29","date_gmt":"2022-06-06T09:38:29","guid":{"rendered":"https:\/\/edublog.educastur.es\/agrariaiesconcejodetineo\/?page_id=594"},"modified":"2022-06-06T10:01:23","modified_gmt":"2022-06-06T10:01:23","slug":"gestion-piscicola","status":"publish","type":"page","link":"https:\/\/edublog.educastur.es\/agrariaiesconcejodetineo\/gestion-piscicola\/","title":{"rendered":"Gesti\u00f3n de la Pesca"},"content":{"rendered":"<div title=\"Page 54\">\n<div>\n<div>\n<div>\n<p style=\"text-align: justify\">Este m\u00f3dulo profesional contiene la formaci\u00f3n necesaria para desempe\u00f1ar la funci\u00f3n de planificaci\u00f3n y gesti\u00f3n de la pesca continental.<\/p>\n<p style=\"text-align: justify\">La planificaci\u00f3n y gesti\u00f3n de la pesca continental que incluye aspectos como:<\/p>\n<ul>\n<li style=\"text-align: justify\">Organizaci\u00f3n y supervisi\u00f3n de los trabajos de gesti\u00f3n de las comunidades y del h\u00e1bitat acu\u00edcola continental.<\/li>\n<li style=\"text-align: justify\">Planificaci\u00f3n de los trabajos de gesti\u00f3n del cauce.<\/li>\n<li style=\"text-align: justify\">Organizaci\u00f3n y supervisi\u00f3n de la ejecuci\u00f3n de los trabajos de gesti\u00f3n de la ribera y de las instalaciones situadas en la misma.<\/li>\n<li style=\"text-align: justify\">Realizaci\u00f3n de tareas de gesti\u00f3n de la protecci\u00f3n del medio fluvial y lacustre.<\/li>\n<li style=\"text-align: justify\">Realizaci\u00f3n del control del aprovechamiento de las especies de aguas continentales.<\/li>\n<li style=\"text-align: justify\">Supervisi\u00f3n del funcionamiento de una piscifactor\u00eda y de una astacifactor\u00eda.<\/li>\n<\/ul>\n<ol start=\"0\">\n<li style=\"list-style-type: none\"><\/li>\n<\/ol>\n<\/div>\n<\/div>\n<\/div>\n<\/div>\n","protected":false},"excerpt":{"rendered":"<p>Este m\u00f3dulo profesional contiene la formaci\u00f3n necesaria para desempe\u00f1ar la funci\u00f3n de planificaci\u00f3n y gesti\u00f3n de la pesca continental. La planificaci\u00f3n y gesti\u00f3n de la pesca continental que incluye aspectos como: Organizaci\u00f3n y supervisi\u00f3n de los trabajos de gesti\u00f3n de las comunidades y del h\u00e1bitat acu\u00edcola continental. Planificaci\u00f3n de los trabajos de gesti\u00f3n del cauce. [&hellip;]<\/p>\n","protected":false},"author":1261,"featured_media":0,"parent":0,"menu_order":0,"comment_status":"closed","ping_status":"closed","template":"","meta":{"footnotes":""},"class_list":["post-594","page","type-page","status-publish","hentry"],"_links":{"self":[{"href":"https:\/\/edublog.educastur.es\/agrariaiesconcejodetineo\/wp-json\/wp\/v2\/pages\/594","targetHints":{"allow":["GET"]}}],"collection":[{"href":"https:\/\/edublog.educastur.es\/agrariaiesconcejodetineo\/wp-json\/wp\/v2\/pages"}],"about":[{"href":"https:\/\/edublog.educastur.es\/agrariaiesconcejodetineo\/wp-json\/wp\/v2\/types\/page"}],"author":[{"embeddable":true,"href":"https:\/\/edublog.educastur.es\/agrariaiesconcejodetineo\/wp-json\/wp\/v2\/users\/1261"}],"replies":[{"embeddable":true,"href":"https:\/\/edublog.educastur.es\/agrariaiesconcejodetineo\/wp-json\/wp\/v2\/comments?post=594"}],"version-history":[{"count":4,"href":"https:\/\/edublog.educastur.es\/agrariaiesconcejodetineo\/wp-json\/wp\/v2\/pages\/594\/revisions"}],"predecessor-version":[{"id":642,"href":"https:\/\/edublog.educastur.es\/agrariaiesconcejodetineo\/wp-json\/wp\/v2\/pages\/594\/revisions\/642"}],"wp:attachment":[{"href":"https:\/\/edublog.educastur.es\/agrariaiesconcejodetineo\/wp-json\/wp\/v2\/media?parent=594"}],"curies":[{"name":"wp","href":"https:\/\/api.w.org\/{rel}","templated":true}]}}