{"id":611,"date":"2022-06-06T09:46:35","date_gmt":"2022-06-06T09:46:35","guid":{"rendered":"https:\/\/edublog.educastur.es\/agrariaiesconcejodetineo\/?page_id=611"},"modified":"2022-06-06T09:47:33","modified_gmt":"2022-06-06T09:47:33","slug":"hotel-de-insectos-2","status":"publish","type":"page","link":"https:\/\/edublog.educastur.es\/agrariaiesconcejodetineo\/hotel-de-insectos-2\/","title":{"rendered":"Hotel de Insectos"},"content":{"rendered":"<p style=\"text-align: justify\">El alumnado de formaci\u00f3n profesional b\u00e1sica \u201c<em>Aprovechamientos forestales<\/em>\u201d de la escuela de selvicultura perteneciente al I.E.S. Concejo de Tineo, construy\u00f3 un hotel de insectos ante la necesidad de proteger diversas especies en peligro de extinci\u00f3n en su localidad, favoreciendo as\u00ed la polinizaci\u00f3n y el control natural de plagas.<\/p>\n<p style=\"text-align: justify\">El entusiasmo y creatividad del alumnado, partiendo de la b\u00fasqueda online de proyectos previamente realizados de la misma \u00edndole, hacen de este hotel de insectos un equipamiento singular capaz de cumplir el objetivo como tal, adem\u00e1s de integrarse perfectamente en el entorno en el que se ubica, ya que, entre otros, est\u00e1 provisto de una cubierta vegetal.<\/p>\n<p><img loading=\"lazy\" decoding=\"async\" class=\"alignnone wp-image-357\" src=\"http:\/\/edublog.educastur.es\/agrariaiesconcejodetineo\/files\/2022\/06\/Hotel-insectos-curso-2021_2022-14-225x300.jpg\" alt=\"\" width=\"378\" height=\"504\" \/> <img loading=\"lazy\" decoding=\"async\" class=\"alignnone wp-image-358\" src=\"http:\/\/edublog.educastur.es\/agrariaiesconcejodetineo\/files\/2022\/06\/Hotel-insectos-curso-2021_2022-15-225x300.jpg\" alt=\"\" width=\"376\" height=\"501\" \/><\/p>\n","protected":false},"excerpt":{"rendered":"<p>El alumnado de formaci\u00f3n profesional b\u00e1sica \u201cAprovechamientos forestales\u201d de la escuela de selvicultura perteneciente al I.E.S. Concejo de Tineo, construy\u00f3 un hotel de insectos ante la necesidad de proteger diversas especies en peligro de extinci\u00f3n en su localidad, favoreciendo as\u00ed la polinizaci\u00f3n y el control natural de plagas. El entusiasmo y creatividad del alumnado, partiendo [&hellip;]<\/p>\n","protected":false},"author":1261,"featured_media":0,"parent":0,"menu_order":0,"comment_status":"closed","ping_status":"closed","template":"","meta":{"footnotes":""},"class_list":["post-611","page","type-page","status-publish","hentry"],"_links":{"self":[{"href":"https:\/\/edublog.educastur.es\/agrariaiesconcejodetineo\/wp-json\/wp\/v2\/pages\/611","targetHints":{"allow":["GET"]}}],"collection":[{"href":"https:\/\/edublog.educastur.es\/agrariaiesconcejodetineo\/wp-json\/wp\/v2\/pages"}],"about":[{"href":"https:\/\/edublog.educastur.es\/agrariaiesconcejodetineo\/wp-json\/wp\/v2\/types\/page"}],"author":[{"embeddable":true,"href":"https:\/\/edublog.educastur.es\/agrariaiesconcejodetineo\/wp-json\/wp\/v2\/users\/1261"}],"replies":[{"embeddable":true,"href":"https:\/\/edublog.educastur.es\/agrariaiesconcejodetineo\/wp-json\/wp\/v2\/comments?post=611"}],"version-history":[{"count":2,"href":"https:\/\/edublog.educastur.es\/agrariaiesconcejodetineo\/wp-json\/wp\/v2\/pages\/611\/revisions"}],"predecessor-version":[{"id":616,"href":"https:\/\/edublog.educastur.es\/agrariaiesconcejodetineo\/wp-json\/wp\/v2\/pages\/611\/revisions\/616"}],"wp:attachment":[{"href":"https:\/\/edublog.educastur.es\/agrariaiesconcejodetineo\/wp-json\/wp\/v2\/media?parent=611"}],"curies":[{"name":"wp","href":"https:\/\/api.w.org\/{rel}","templated":true}]}}