{"id":633,"date":"2022-06-06T09:53:37","date_gmt":"2022-06-06T09:53:37","guid":{"rendered":"https:\/\/edublog.educastur.es\/agrariaiesconcejodetineo\/?page_id=633"},"modified":"2022-06-06T09:54:55","modified_gmt":"2022-06-06T09:54:55","slug":"salidas","status":"publish","type":"page","link":"https:\/\/edublog.educastur.es\/agrariaiesconcejodetineo\/salidas\/","title":{"rendered":"Salidas"},"content":{"rendered":"<p style=\"text-align: justify\">En el m\u00f3dulo de T\u00e9cnicas de Educaci\u00f3n Ambiental, se han llevado a cabo varias salidas, entre ellas una a Pena Miru\u00b4l Cuervo en la Sierra de Tineo, y otra a las Pe\u00f1as Buscabr\u00edn en la misma sierra.<\/p>\n<p><img loading=\"lazy\" decoding=\"async\" class=\"alignnone  wp-image-575\" src=\"http:\/\/edublog.educastur.es\/agrariaiesconcejodetineo\/files\/2022\/06\/IMG-20220603-WA0014-225x300.jpg\" alt=\"\" width=\"376\" height=\"501\" srcset=\"https:\/\/edublog.educastur.es\/agrariaiesconcejodetineo\/files\/2022\/06\/IMG-20220603-WA0014-225x300.jpg 225w, https:\/\/edublog.educastur.es\/agrariaiesconcejodetineo\/files\/2022\/06\/IMG-20220603-WA0014-768x1023.jpg 768w, https:\/\/edublog.educastur.es\/agrariaiesconcejodetineo\/files\/2022\/06\/IMG-20220603-WA0014-1153x1536.jpg 1153w, https:\/\/edublog.educastur.es\/agrariaiesconcejodetineo\/files\/2022\/06\/IMG-20220603-WA0014-900x1199.jpg 900w, https:\/\/edublog.educastur.es\/agrariaiesconcejodetineo\/files\/2022\/06\/IMG-20220603-WA0014.jpg 1200w\" sizes=\"auto, (max-width: 376px) 100vw, 376px\" \/><img loading=\"lazy\" decoding=\"async\" class=\"alignnone wp-image-514\" src=\"http:\/\/edublog.educastur.es\/agrariaiesconcejodetineo\/files\/2022\/06\/IMG-20220603-WA0059-300x225.jpg\" alt=\"\" width=\"597\" height=\"447\" \/><\/p>\n","protected":false},"excerpt":{"rendered":"<p>En el m\u00f3dulo de T\u00e9cnicas de Educaci\u00f3n Ambiental, se han llevado a cabo varias salidas, entre ellas una a Pena Miru\u00b4l Cuervo en la Sierra de Tineo, y otra a las Pe\u00f1as Buscabr\u00edn en la misma sierra.<\/p>\n","protected":false},"author":1261,"featured_media":0,"parent":0,"menu_order":0,"comment_status":"closed","ping_status":"closed","template":"","meta":{"footnotes":""},"class_list":["post-633","page","type-page","status-publish","hentry"],"_links":{"self":[{"href":"https:\/\/edublog.educastur.es\/agrariaiesconcejodetineo\/wp-json\/wp\/v2\/pages\/633","targetHints":{"allow":["GET"]}}],"collection":[{"href":"https:\/\/edublog.educastur.es\/agrariaiesconcejodetineo\/wp-json\/wp\/v2\/pages"}],"about":[{"href":"https:\/\/edublog.educastur.es\/agrariaiesconcejodetineo\/wp-json\/wp\/v2\/types\/page"}],"author":[{"embeddable":true,"href":"https:\/\/edublog.educastur.es\/agrariaiesconcejodetineo\/wp-json\/wp\/v2\/users\/1261"}],"replies":[{"embeddable":true,"href":"https:\/\/edublog.educastur.es\/agrariaiesconcejodetineo\/wp-json\/wp\/v2\/comments?post=633"}],"version-history":[{"count":4,"href":"https:\/\/edublog.educastur.es\/agrariaiesconcejodetineo\/wp-json\/wp\/v2\/pages\/633\/revisions"}],"predecessor-version":[{"id":639,"href":"https:\/\/edublog.educastur.es\/agrariaiesconcejodetineo\/wp-json\/wp\/v2\/pages\/633\/revisions\/639"}],"wp:attachment":[{"href":"https:\/\/edublog.educastur.es\/agrariaiesconcejodetineo\/wp-json\/wp\/v2\/media?parent=633"}],"curies":[{"name":"wp","href":"https:\/\/api.w.org\/{rel}","templated":true}]}}