{"id":687,"date":"2022-06-06T10:38:22","date_gmt":"2022-06-06T10:38:22","guid":{"rendered":"https:\/\/edublog.educastur.es\/agrariaiesconcejodetineo\/?page_id=687"},"modified":"2022-06-14T09:33:51","modified_gmt":"2022-06-14T09:33:51","slug":"convalidacion-de-modulos","status":"publish","type":"page","link":"https:\/\/edublog.educastur.es\/agrariaiesconcejodetineo\/convalidacion-de-modulos\/","title":{"rendered":"Convalidaci\u00f3n de m\u00f3dulos"},"content":{"rendered":"<p>Para alumnado que haya cursado otro ciclo formativo y est\u00e9 en condiciones de convalidar alg\u00fan m\u00f3dulo, debe presentar solicitud de convalidaci\u00f3n junto con la matr\u00edcula adem\u00e1s de presentar el justificante de notas que indique que ese m\u00f3dulo est\u00e1 aprobado.<\/p>\n<p style=\"text-align: justify\"><strong>Para cualquier informaci\u00f3n adicional, llamar al 985800659, o enviar un correo a concejot@educastur.org, indicando en asunto: Convalidaci\u00f3n del m\u00f3dulo de&#8230;<\/strong><\/p>\n","protected":false},"excerpt":{"rendered":"<p>Para alumnado que haya cursado otro ciclo formativo y est\u00e9 en condiciones de convalidar alg\u00fan m\u00f3dulo, debe presentar solicitud de convalidaci\u00f3n junto con la matr\u00edcula adem\u00e1s de presentar el justificante de notas que indique que ese m\u00f3dulo est\u00e1 aprobado. Para cualquier informaci\u00f3n adicional, llamar al 985800659, o enviar un correo a concejot@educastur.org, indicando en asunto: [&hellip;]<\/p>\n","protected":false},"author":1261,"featured_media":0,"parent":0,"menu_order":0,"comment_status":"closed","ping_status":"closed","template":"","meta":{"footnotes":""},"class_list":["post-687","page","type-page","status-publish","hentry"],"_links":{"self":[{"href":"https:\/\/edublog.educastur.es\/agrariaiesconcejodetineo\/wp-json\/wp\/v2\/pages\/687","targetHints":{"allow":["GET"]}}],"collection":[{"href":"https:\/\/edublog.educastur.es\/agrariaiesconcejodetineo\/wp-json\/wp\/v2\/pages"}],"about":[{"href":"https:\/\/edublog.educastur.es\/agrariaiesconcejodetineo\/wp-json\/wp\/v2\/types\/page"}],"author":[{"embeddable":true,"href":"https:\/\/edublog.educastur.es\/agrariaiesconcejodetineo\/wp-json\/wp\/v2\/users\/1261"}],"replies":[{"embeddable":true,"href":"https:\/\/edublog.educastur.es\/agrariaiesconcejodetineo\/wp-json\/wp\/v2\/comments?post=687"}],"version-history":[{"count":3,"href":"https:\/\/edublog.educastur.es\/agrariaiesconcejodetineo\/wp-json\/wp\/v2\/pages\/687\/revisions"}],"predecessor-version":[{"id":911,"href":"https:\/\/edublog.educastur.es\/agrariaiesconcejodetineo\/wp-json\/wp\/v2\/pages\/687\/revisions\/911"}],"wp:attachment":[{"href":"https:\/\/edublog.educastur.es\/agrariaiesconcejodetineo\/wp-json\/wp\/v2\/media?parent=687"}],"curies":[{"name":"wp","href":"https:\/\/api.w.org\/{rel}","templated":true}]}}