{"id":708,"date":"2022-06-06T10:48:27","date_gmt":"2022-06-06T10:48:27","guid":{"rendered":"https:\/\/edublog.educastur.es\/agrariaiesconcejodetineo\/?page_id=708"},"modified":"2022-06-06T10:50:11","modified_gmt":"2022-06-06T10:50:11","slug":"empresa-e-iniciativa","status":"publish","type":"page","link":"https:\/\/edublog.educastur.es\/agrariaiesconcejodetineo\/empresa-e-iniciativa\/","title":{"rendered":"Empresa e Iniciativa"},"content":{"rendered":"<div class=\"page\" title=\"Page 79\">\n<div class=\"section\">\n<div class=\"layoutArea\">\n<div class=\"column\">\n<p style=\"text-align: justify\">Este m\u00f3dulo profesional contiene la formaci\u00f3n necesaria para desarrollar la propia iniciativa en el \u00e1mbito empresarial, tanto hacia el autoempleo como hacia la asunci\u00f3n de responsabilidades y funciones en el empleo por cuenta ajena.<\/p>\n<p style=\"text-align: justify\">Las l\u00edneas de actuaci\u00f3n en el proceso de ense\u00f1anza\u2013aprendizaje que permiten alcanzar los objetivos del m\u00f3dulo versar\u00e1n sobre:<\/p>\n<ul>\n<li style=\"text-align: justify\">El manejo de las fuentes de informaci\u00f3n sobre el sector forestal, incluyendo el an\u00e1lisis de los procesos de innovaci\u00f3n sectorial en marcha.<\/li>\n<li style=\"text-align: justify\">La realizaci\u00f3n de casos y din\u00e1micas de grupo que permitan comprender y valorar las actitudes de los emprendedores y ajustar la necesidad de los mismos al sector de los servicios relacionado con los procesos forestales.<\/li>\n<li style=\"text-align: justify\">La utilizaci\u00f3n de programas de gesti\u00f3n administrativa para pymes del sector.<\/li>\n<li>\n<p style=\"text-align: justify\">La realizaci\u00f3n de un proyecto de plan de empresa relacionada con una explotaci\u00f3n\u00a0forestal, que incluya todas las facetas de puesta en marcha de un negocio, as\u00ed como la justificaci\u00f3n de su responsabilidad social.<\/p>\n<\/li>\n<\/ul>\n<\/div>\n<\/div>\n<\/div>\n<\/div>\n","protected":false},"excerpt":{"rendered":"<p>Este m\u00f3dulo profesional contiene la formaci\u00f3n necesaria para desarrollar la propia iniciativa en el \u00e1mbito empresarial, tanto hacia el autoempleo como hacia la asunci\u00f3n de responsabilidades y funciones en el empleo por cuenta ajena. Las l\u00edneas de actuaci\u00f3n en el proceso de ense\u00f1anza\u2013aprendizaje que permiten alcanzar los objetivos del m\u00f3dulo versar\u00e1n sobre: El manejo de [&hellip;]<\/p>\n","protected":false},"author":1261,"featured_media":0,"parent":0,"menu_order":0,"comment_status":"closed","ping_status":"closed","template":"","meta":{"footnotes":""},"class_list":["post-708","page","type-page","status-publish","hentry"],"_links":{"self":[{"href":"https:\/\/edublog.educastur.es\/agrariaiesconcejodetineo\/wp-json\/wp\/v2\/pages\/708","targetHints":{"allow":["GET"]}}],"collection":[{"href":"https:\/\/edublog.educastur.es\/agrariaiesconcejodetineo\/wp-json\/wp\/v2\/pages"}],"about":[{"href":"https:\/\/edublog.educastur.es\/agrariaiesconcejodetineo\/wp-json\/wp\/v2\/types\/page"}],"author":[{"embeddable":true,"href":"https:\/\/edublog.educastur.es\/agrariaiesconcejodetineo\/wp-json\/wp\/v2\/users\/1261"}],"replies":[{"embeddable":true,"href":"https:\/\/edublog.educastur.es\/agrariaiesconcejodetineo\/wp-json\/wp\/v2\/comments?post=708"}],"version-history":[{"count":2,"href":"https:\/\/edublog.educastur.es\/agrariaiesconcejodetineo\/wp-json\/wp\/v2\/pages\/708\/revisions"}],"predecessor-version":[{"id":713,"href":"https:\/\/edublog.educastur.es\/agrariaiesconcejodetineo\/wp-json\/wp\/v2\/pages\/708\/revisions\/713"}],"wp:attachment":[{"href":"https:\/\/edublog.educastur.es\/agrariaiesconcejodetineo\/wp-json\/wp\/v2\/media?parent=708"}],"curies":[{"name":"wp","href":"https:\/\/api.w.org\/{rel}","templated":true}]}}