{"id":14,"date":"2022-04-07T12:04:19","date_gmt":"2022-04-07T12:04:19","guid":{"rendered":"https:\/\/edublog.educastur.es\/alraal\/?page_id=14"},"modified":"2024-10-18T06:59:01","modified_gmt":"2024-10-18T06:59:01","slug":"presentacion-del-blog","status":"publish","type":"page","link":"https:\/\/edublog.educastur.es\/alraal\/presentacion-del-blog\/","title":{"rendered":"CD Sobre el blog"},"content":{"rendered":"<p>Hola:<\/p>\n<p>mi nombre es Alejandro Ram\u00edrez \u00c1lvarez, soy profesor de Educaci\u00f3n Pl\u00e1stica, Visual y Audiovisual y de Dibujo T\u00e9cnico en el IES Isla de la Deva de Piedras Blancas, Castrill\u00f3n en Asturias.<\/p>\n<p>Con este blog pretendo compartir con el alumnado de mi centro y con cualquier persona que tenga inter\u00e9s por el arte en todas sus disciplinas: noticias, im\u00e1genes, v\u00eddeos, obras, recursos, t\u00e9cnicas,..<\/p>\n<p>Igualmente, publicar noticias de actualidad relacionadas con la tem\u00e1tica art\u00edstica.<\/p>\n<p>Y, por \u00faltimo, animaros a todas y todos a desarrollar esa faceta art\u00edstica que todas\/os tenemos oculta.<\/p>\n<p>Espero que disfrut\u00e9is de los contenidos.<\/p>\n<p>Un saludo.<\/p>\n","protected":false},"excerpt":{"rendered":"<p>Hola: mi nombre es Alejandro Ram\u00edrez \u00c1lvarez, soy profesor de Educaci\u00f3n Pl\u00e1stica, Visual y Audiovisual y de Dibujo T\u00e9cnico en el IES Isla de la Deva de Piedras Blancas, Castrill\u00f3n en Asturias. Con este blog pretendo compartir con el alumnado de mi centro y con cualquier persona que tenga inter\u00e9s por el arte en todas [&hellip;]<\/p>\n","protected":false},"author":84,"featured_media":0,"parent":0,"menu_order":0,"comment_status":"closed","ping_status":"closed","template":"","meta":{"footnotes":""},"class_list":["post-14","page","type-page","status-publish","hentry","post-preview"],"_links":{"self":[{"href":"https:\/\/edublog.educastur.es\/alraal\/wp-json\/wp\/v2\/pages\/14","targetHints":{"allow":["GET"]}}],"collection":[{"href":"https:\/\/edublog.educastur.es\/alraal\/wp-json\/wp\/v2\/pages"}],"about":[{"href":"https:\/\/edublog.educastur.es\/alraal\/wp-json\/wp\/v2\/types\/page"}],"author":[{"embeddable":true,"href":"https:\/\/edublog.educastur.es\/alraal\/wp-json\/wp\/v2\/users\/84"}],"replies":[{"embeddable":true,"href":"https:\/\/edublog.educastur.es\/alraal\/wp-json\/wp\/v2\/comments?post=14"}],"version-history":[{"count":4,"href":"https:\/\/edublog.educastur.es\/alraal\/wp-json\/wp\/v2\/pages\/14\/revisions"}],"predecessor-version":[{"id":75,"href":"https:\/\/edublog.educastur.es\/alraal\/wp-json\/wp\/v2\/pages\/14\/revisions\/75"}],"wp:attachment":[{"href":"https:\/\/edublog.educastur.es\/alraal\/wp-json\/wp\/v2\/media?parent=14"}],"curies":[{"name":"wp","href":"https:\/\/api.w.org\/{rel}","templated":true}]}}