{"id":5,"date":"2023-02-17T06:28:11","date_gmt":"2023-02-17T06:28:11","guid":{"rendered":"https:\/\/edublog.educastur.es\/alvaronoriegaperez\/?page_id=5"},"modified":"2023-02-17T06:29:43","modified_gmt":"2023-02-17T06:29:43","slug":"acerca-de","status":"publish","type":"page","link":"https:\/\/edublog.educastur.es\/alvaronoriegaperez\/acerca-de\/","title":{"rendered":"Acerca de"},"content":{"rendered":"<p>Este blog, nace como un Diario de Aprendizaje, durante la realizaci\u00f3n del Curso \u00abCompetencia Digital Docente\u00bb nivel B1, convocado y coordinado por el <a href=\"https:\/\/alojaweb.educastur.es\/web\/asturiasformacion\/portada\">Servicio de Formaci\u00f3n<\/a> de la <a href=\"http:\/\/www.educastur.es\">Consejer\u00eda de Educaci\u00f3n<\/a> del Principado de Asturias.<\/p>\n<p><img loading=\"lazy\" decoding=\"async\" class=\"aligncenter wp-image-7 size-medium\" src=\"http:\/\/edublog.educastur.es\/alvaronoriegaperez\/files\/2023\/02\/licenciaCC-300x105.png\" alt=\"\" width=\"300\" height=\"105\" srcset=\"https:\/\/edublog.educastur.es\/alvaronoriegaperez\/files\/2023\/02\/licenciaCC-300x105.png 300w, https:\/\/edublog.educastur.es\/alvaronoriegaperez\/files\/2023\/02\/licenciaCC.png 403w\" sizes=\"auto, (max-width: 300px) 100vw, 300px\" \/><\/p>\n","protected":false},"excerpt":{"rendered":"<p>Este blog, nace como un Diario de Aprendizaje, durante la realizaci\u00f3n del Curso \u00abCompetencia Digital Docente\u00bb nivel B1, convocado y coordinado por el Servicio de Formaci\u00f3n de la Consejer\u00eda de Educaci\u00f3n del Principado de Asturias.<\/p>\n","protected":false},"author":822,"featured_media":0,"parent":0,"menu_order":0,"comment_status":"closed","ping_status":"closed","template":"","meta":{"footnotes":""},"class_list":["post-5","page","type-page","status-publish","hentry"],"_links":{"self":[{"href":"https:\/\/edublog.educastur.es\/alvaronoriegaperez\/wp-json\/wp\/v2\/pages\/5","targetHints":{"allow":["GET"]}}],"collection":[{"href":"https:\/\/edublog.educastur.es\/alvaronoriegaperez\/wp-json\/wp\/v2\/pages"}],"about":[{"href":"https:\/\/edublog.educastur.es\/alvaronoriegaperez\/wp-json\/wp\/v2\/types\/page"}],"author":[{"embeddable":true,"href":"https:\/\/edublog.educastur.es\/alvaronoriegaperez\/wp-json\/wp\/v2\/users\/822"}],"replies":[{"embeddable":true,"href":"https:\/\/edublog.educastur.es\/alvaronoriegaperez\/wp-json\/wp\/v2\/comments?post=5"}],"version-history":[{"count":3,"href":"https:\/\/edublog.educastur.es\/alvaronoriegaperez\/wp-json\/wp\/v2\/pages\/5\/revisions"}],"predecessor-version":[{"id":9,"href":"https:\/\/edublog.educastur.es\/alvaronoriegaperez\/wp-json\/wp\/v2\/pages\/5\/revisions\/9"}],"wp:attachment":[{"href":"https:\/\/edublog.educastur.es\/alvaronoriegaperez\/wp-json\/wp\/v2\/media?parent=5"}],"curies":[{"name":"wp","href":"https:\/\/api.w.org\/{rel}","templated":true}]}}