{"id":30,"date":"2024-02-18T23:56:11","date_gmt":"2024-02-18T22:56:11","guid":{"rendered":"https:\/\/edublog.educastur.es\/angelagarciasanchez\/?page_id=30"},"modified":"2024-02-19T22:19:35","modified_gmt":"2024-02-19T21:19:35","slug":"sobre-el-blog","status":"publish","type":"page","link":"https:\/\/edublog.educastur.es\/angelagarciasanchez\/sobre-el-blog\/","title":{"rendered":"Sobre el blog"},"content":{"rendered":"<p><span style=\"font-family: 'comic sans ms', sans-serif\">Mi nombre es <span style=\"text-decoration: underline\">\u00c1ngela<\/span>,\u00a0 y soy maestra de Infantil. Me encanta mi profesi\u00f3n pero el mundo de la tecnolog\u00eda y la inform\u00e1tica tambi\u00e9n es algo que me apasiona.<\/span><\/p>\n<p><span style=\"font-family: 'comic sans ms', sans-serif\">Me gusta crear mis propios materiales para el aula apoy\u00e1ndome en herramientas digitales como <em>Canva<\/em> y <em>PowerPoint<\/em>, pero seguro que a ra\u00edz del curso de Competencia Digital que actualmente estoy realizando, me anime a hacer uso de alguna que otra herramienta m\u00e1s. De ah\u00ed la creaci\u00f3n de este blog: <strong>un espacio donde ir\u00e9 compartiendo algunas de las tareas que se me encomienden.<\/strong><\/span><\/p>\n<p style=\"text-align: center\"><strong><span style=\"font-family: 'comic sans ms', sans-serif\">\u00a1All\u00e1 vamos!<\/span><\/strong><\/p>\n<p><span style=\"font-family: 'comic sans ms', sans-serif\"><em>*Todo el contenido de este blog es utilizable bajo licencia Creative Commons<\/em><\/span><\/p>\n<p>This work by \u00c1ngela Garc\u00eda S\u00e1nchez is licensed under <a href=\"http:\/\/creativecommons.org\/licenses\/by-nc-nd\/4.0\/?ref=chooser-v1\" target=\"_blank\" rel=\"license noopener noreferrer\">CC BY-NC-ND 4.0<img decoding=\"async\" style=\"height: 22px!important;margin-left: 3px;vertical-align: text-bottom\" src=\"https:\/\/mirrors.creativecommons.org\/presskit\/icons\/cc.svg?ref=chooser-v1\" \/><img decoding=\"async\" style=\"height: 22px!important;margin-left: 3px;vertical-align: text-bottom\" src=\"https:\/\/mirrors.creativecommons.org\/presskit\/icons\/by.svg?ref=chooser-v1\" \/><img decoding=\"async\" style=\"height: 22px!important;margin-left: 3px;vertical-align: text-bottom\" src=\"https:\/\/mirrors.creativecommons.org\/presskit\/icons\/nc.svg?ref=chooser-v1\" \/><img decoding=\"async\" style=\"height: 22px!important;margin-left: 3px;vertical-align: text-bottom\" src=\"https:\/\/mirrors.creativecommons.org\/presskit\/icons\/nd.svg?ref=chooser-v1\" \/><\/a><\/p>\n","protected":false},"excerpt":{"rendered":"<p>Mi nombre es \u00c1ngela,\u00a0 y soy maestra de Infantil. Me encanta mi profesi\u00f3n pero el mundo de la tecnolog\u00eda y la inform\u00e1tica tambi\u00e9n es algo que me apasiona. Me gusta crear mis propios materiales para el aula apoy\u00e1ndome en herramientas [&hellip;]<\/p>\n","protected":false},"author":461,"featured_media":0,"parent":0,"menu_order":0,"comment_status":"closed","ping_status":"closed","template":"","meta":{"footnotes":""},"class_list":["post-30","page","type-page","status-publish","hentry"],"_links":{"self":[{"href":"https:\/\/edublog.educastur.es\/angelagarciasanchez\/wp-json\/wp\/v2\/pages\/30","targetHints":{"allow":["GET"]}}],"collection":[{"href":"https:\/\/edublog.educastur.es\/angelagarciasanchez\/wp-json\/wp\/v2\/pages"}],"about":[{"href":"https:\/\/edublog.educastur.es\/angelagarciasanchez\/wp-json\/wp\/v2\/types\/page"}],"author":[{"embeddable":true,"href":"https:\/\/edublog.educastur.es\/angelagarciasanchez\/wp-json\/wp\/v2\/users\/461"}],"replies":[{"embeddable":true,"href":"https:\/\/edublog.educastur.es\/angelagarciasanchez\/wp-json\/wp\/v2\/comments?post=30"}],"version-history":[{"count":4,"href":"https:\/\/edublog.educastur.es\/angelagarciasanchez\/wp-json\/wp\/v2\/pages\/30\/revisions"}],"predecessor-version":[{"id":38,"href":"https:\/\/edublog.educastur.es\/angelagarciasanchez\/wp-json\/wp\/v2\/pages\/30\/revisions\/38"}],"wp:attachment":[{"href":"https:\/\/edublog.educastur.es\/angelagarciasanchez\/wp-json\/wp\/v2\/media?parent=30"}],"curies":[{"name":"wp","href":"https:\/\/api.w.org\/{rel}","templated":true}]}}