{"id":2,"date":"2020-11-22T19:59:14","date_gmt":"2020-11-22T19:59:14","guid":{"rendered":"https:\/\/edublog.educastur.es\/aprendiendoavolar\/?page_id=2"},"modified":"2025-09-02T12:26:32","modified_gmt":"2025-09-02T12:26:32","slug":"pagina-ejemplo","status":"publish","type":"page","link":"https:\/\/edublog.educastur.es\/aprendiendoavolar\/pagina-ejemplo\/","title":{"rendered":"GALER\u00cdA"},"content":{"rendered":"<p style=\"text-align: center\"><span style=\"font-size: 18pt\">Desde esta p\u00e1gina accedemos al \u00e1lbum de fotos<\/span><\/p>\n<p><a href=\"https:\/\/view.genially.com\/68b6dbf52578e68af762b4a0\/presentation-un-album-lleno-de-recuerdos\" target=\"_blank\" rel=\"noopener\"><img loading=\"lazy\" decoding=\"async\" class=\"alignnone size-medium wp-image-114 aligncenter\" src=\"http:\/\/edublog.educastur.es\/aprendiendoavolar\/files\/2025\/09\/colorful-photo-camera-icon-cartoon-style-vector-300x300.jpg\" alt=\"\" width=\"300\" height=\"300\" srcset=\"https:\/\/edublog.educastur.es\/aprendiendoavolar\/files\/2025\/09\/colorful-photo-camera-icon-cartoon-style-vector-300x300.jpg 300w, https:\/\/edublog.educastur.es\/aprendiendoavolar\/files\/2025\/09\/colorful-photo-camera-icon-cartoon-style-vector-1024x1024.jpg 1024w, https:\/\/edublog.educastur.es\/aprendiendoavolar\/files\/2025\/09\/colorful-photo-camera-icon-cartoon-style-vector-150x150.jpg 150w, https:\/\/edublog.educastur.es\/aprendiendoavolar\/files\/2025\/09\/colorful-photo-camera-icon-cartoon-style-vector-768x768.jpg 768w, https:\/\/edublog.educastur.es\/aprendiendoavolar\/files\/2025\/09\/colorful-photo-camera-icon-cartoon-style-vector-1536x1536.jpg 1536w, https:\/\/edublog.educastur.es\/aprendiendoavolar\/files\/2025\/09\/colorful-photo-camera-icon-cartoon-style-vector-85x85.jpg 85w, https:\/\/edublog.educastur.es\/aprendiendoavolar\/files\/2025\/09\/colorful-photo-camera-icon-cartoon-style-vector-1000x1000.jpg 1000w, https:\/\/edublog.educastur.es\/aprendiendoavolar\/files\/2025\/09\/colorful-photo-camera-icon-cartoon-style-vector.jpg 1920w\" sizes=\"auto, (max-width: 300px) 100vw, 300px\" \/><\/a><\/p>\n<p style=\"text-align: center\"><span style=\"font-size: 18pt\">No esperes m\u00e1s\u00a0 y pincha en la c\u00e1mara<\/span><\/p>\n<p>&nbsp;<\/p>\n\n<!-- iframe plugin v.6.0 wordpress.org\/plugins\/iframe\/ -->\n<iframe loading=\"lazy\" title=\"Un \u00e1lbum lleno de Recuerdos\" frameborder=\"0\" width=\"1200\" height=\"675\" src=\"https:\/\/view.genially.com\/68b6dbf52578e68af762b4a0\" scrolling=\"yes\" class=\"iframe-class\"><\/iframe>\n\n","protected":false},"excerpt":{"rendered":"<p>Desde esta p\u00e1gina accedemos al \u00e1lbum de fotos No esperes m\u00e1s\u00a0 y pincha en la c\u00e1mara &nbsp;<\/p>\n","protected":false},"author":632,"featured_media":0,"parent":0,"menu_order":0,"comment_status":"closed","ping_status":"open","template":"","meta":{"footnotes":""},"class_list":["post-2","page","type-page","status-publish","hentry"],"_links":{"self":[{"href":"https:\/\/edublog.educastur.es\/aprendiendoavolar\/wp-json\/wp\/v2\/pages\/2","targetHints":{"allow":["GET"]}}],"collection":[{"href":"https:\/\/edublog.educastur.es\/aprendiendoavolar\/wp-json\/wp\/v2\/pages"}],"about":[{"href":"https:\/\/edublog.educastur.es\/aprendiendoavolar\/wp-json\/wp\/v2\/types\/page"}],"author":[{"embeddable":true,"href":"https:\/\/edublog.educastur.es\/aprendiendoavolar\/wp-json\/wp\/v2\/users\/632"}],"replies":[{"embeddable":true,"href":"https:\/\/edublog.educastur.es\/aprendiendoavolar\/wp-json\/wp\/v2\/comments?post=2"}],"version-history":[{"count":5,"href":"https:\/\/edublog.educastur.es\/aprendiendoavolar\/wp-json\/wp\/v2\/pages\/2\/revisions"}],"predecessor-version":[{"id":118,"href":"https:\/\/edublog.educastur.es\/aprendiendoavolar\/wp-json\/wp\/v2\/pages\/2\/revisions\/118"}],"wp:attachment":[{"href":"https:\/\/edublog.educastur.es\/aprendiendoavolar\/wp-json\/wp\/v2\/media?parent=2"}],"curies":[{"name":"wp","href":"https:\/\/api.w.org\/{rel}","templated":true}]}}