{"id":657,"date":"2025-12-09T17:55:47","date_gmt":"2025-12-09T15:55:47","guid":{"rendered":"https:\/\/edublog.educastur.es\/arcadioblog\/?page_id=657"},"modified":"2025-12-09T17:59:02","modified_gmt":"2025-12-09T15:59:02","slug":"mercado-solidario-noviembre-de-2025","status":"publish","type":"page","link":"https:\/\/edublog.educastur.es\/arcadioblog\/?page_id=657","title":{"rendered":"MERCADOS SOLIDARIOS."},"content":{"rendered":"<h1 class=\"ft-title ft-helper-spacer-b-xs ft-helper-fontSize-heading-M\" data-aida-title=\"\" data-_de-selector=\"header.ft-layout-grid-flex__colXs-12.ft-layout-grid-flex__rowAddsGutter-0 h1\" data-_de-name=\"Title\">Noviembre de 2025. <span style=\"font-size: 18pt\">Estudiantes tinetenses consiguen recaudar m\u00e1s de 400 euros para Galb\u00e1n en un ma\u00f1ana gracias a un mercadillo<\/span><\/h1>\n<h2 class=\"ft-mol-subtitle ft-helper-fontColor-quaternary\" data-aida-subtitle=\"\" data-_de-selector=\".ft-mol-subtitle\" data-_de-name=\"Subtitulo\"><span style=\"font-size: 12pt\">En el puesto se puso a la venta reposter\u00eda casera, plantas y accesorios navide\u00f1os<\/span><\/h2>\n<p><a href=\"https:\/\/www.instagram.com\/reel\/DR9aXWjiFtN\/?utm_source=ig_web_copy_link&amp;igsh=NTc4MTIwNjQ2YQ%3D%3D\">https:\/\/www.instagram.com\/reel\/DR9aXWjiFtN\/?utm_source=ig_web_copy_link&amp;igsh=NTc4MTIwNjQ2YQ%3D%3D<\/a><\/p>\n<p><img loading=\"lazy\" decoding=\"async\" class=\"alignnone size-full wp-image-663\" src=\"http:\/\/edublog.educastur.es\/arcadioblog\/files\/2025\/12\/ASOCIACION-GALVAN.jpg\" alt=\"\" width=\"657\" height=\"394\" srcset=\"https:\/\/edublog.educastur.es\/arcadioblog\/files\/2025\/12\/ASOCIACION-GALVAN.jpg 657w, https:\/\/edublog.educastur.es\/arcadioblog\/files\/2025\/12\/ASOCIACION-GALVAN-300x180.jpg 300w\" sizes=\"auto, (max-width: 657px) 100vw, 657px\" \/><\/p>\n<p><img loading=\"lazy\" decoding=\"async\" class=\"alignnone size-large wp-image-658\" src=\"http:\/\/edublog.educastur.es\/arcadioblog\/files\/2025\/12\/6-1024x768.jpg\" alt=\"\" width=\"900\" height=\"675\" srcset=\"https:\/\/edublog.educastur.es\/arcadioblog\/files\/2025\/12\/6-1024x768.jpg 1024w, https:\/\/edublog.educastur.es\/arcadioblog\/files\/2025\/12\/6-300x225.jpg 300w, https:\/\/edublog.educastur.es\/arcadioblog\/files\/2025\/12\/6-768x576.jpg 768w, https:\/\/edublog.educastur.es\/arcadioblog\/files\/2025\/12\/6-1536x1152.jpg 1536w, https:\/\/edublog.educastur.es\/arcadioblog\/files\/2025\/12\/6.jpg 1600w\" sizes=\"auto, (max-width: 900px) 100vw, 900px\" \/> <img loading=\"lazy\" decoding=\"async\" class=\"alignnone size-large wp-image-659\" src=\"http:\/\/edublog.educastur.es\/arcadioblog\/files\/2025\/12\/7-1024x768.jpg\" alt=\"\" width=\"900\" height=\"675\" srcset=\"https:\/\/edublog.educastur.es\/arcadioblog\/files\/2025\/12\/7-1024x768.jpg 1024w, https:\/\/edublog.educastur.es\/arcadioblog\/files\/2025\/12\/7-300x225.jpg 300w, https:\/\/edublog.educastur.es\/arcadioblog\/files\/2025\/12\/7-768x576.jpg 768w, https:\/\/edublog.educastur.es\/arcadioblog\/files\/2025\/12\/7-1536x1152.jpg 1536w, https:\/\/edublog.educastur.es\/arcadioblog\/files\/2025\/12\/7.jpg 1600w\" sizes=\"auto, (max-width: 900px) 100vw, 900px\" \/> <img loading=\"lazy\" decoding=\"async\" class=\"alignnone size-large wp-image-660\" src=\"http:\/\/edublog.educastur.es\/arcadioblog\/files\/2025\/12\/2-1024x768.jpg\" alt=\"\" width=\"900\" height=\"675\" srcset=\"https:\/\/edublog.educastur.es\/arcadioblog\/files\/2025\/12\/2-1024x768.jpg 1024w, https:\/\/edublog.educastur.es\/arcadioblog\/files\/2025\/12\/2-300x225.jpg 300w, https:\/\/edublog.educastur.es\/arcadioblog\/files\/2025\/12\/2-768x576.jpg 768w, https:\/\/edublog.educastur.es\/arcadioblog\/files\/2025\/12\/2-1536x1152.jpg 1536w, https:\/\/edublog.educastur.es\/arcadioblog\/files\/2025\/12\/2.jpg 1600w\" sizes=\"auto, (max-width: 900px) 100vw, 900px\" \/> <img loading=\"lazy\" decoding=\"async\" class=\"alignnone size-large wp-image-661\" src=\"http:\/\/edublog.educastur.es\/arcadioblog\/files\/2025\/12\/3-1024x768.jpg\" alt=\"\" width=\"900\" height=\"675\" srcset=\"https:\/\/edublog.educastur.es\/arcadioblog\/files\/2025\/12\/3-1024x768.jpg 1024w, https:\/\/edublog.educastur.es\/arcadioblog\/files\/2025\/12\/3-300x225.jpg 300w, https:\/\/edublog.educastur.es\/arcadioblog\/files\/2025\/12\/3-768x576.jpg 768w, https:\/\/edublog.educastur.es\/arcadioblog\/files\/2025\/12\/3-1536x1152.jpg 1536w, https:\/\/edublog.educastur.es\/arcadioblog\/files\/2025\/12\/3.jpg 1600w\" sizes=\"auto, (max-width: 900px) 100vw, 900px\" \/> <img loading=\"lazy\" decoding=\"async\" class=\"alignnone size-large wp-image-662\" src=\"http:\/\/edublog.educastur.es\/arcadioblog\/files\/2025\/12\/4-1024x768.jpg\" alt=\"\" width=\"900\" height=\"675\" srcset=\"https:\/\/edublog.educastur.es\/arcadioblog\/files\/2025\/12\/4-1024x768.jpg 1024w, https:\/\/edublog.educastur.es\/arcadioblog\/files\/2025\/12\/4-300x225.jpg 300w, https:\/\/edublog.educastur.es\/arcadioblog\/files\/2025\/12\/4-768x576.jpg 768w, https:\/\/edublog.educastur.es\/arcadioblog\/files\/2025\/12\/4-1536x1152.jpg 1536w, https:\/\/edublog.educastur.es\/arcadioblog\/files\/2025\/12\/4.jpg 1600w\" sizes=\"auto, (max-width: 900px) 100vw, 900px\" \/><\/p>\n","protected":false},"excerpt":{"rendered":"<p>Noviembre de 2025. Estudiantes tinetenses consiguen recaudar m\u00e1s de 400 euros para Galb\u00e1n en un ma\u00f1ana gracias a un mercadillo En el puesto se puso a la venta reposter\u00eda casera, plantas y accesorios navide\u00f1os https:\/\/www.instagram.com\/reel\/DR9aXWjiFtN\/?utm_source=ig_web_copy_link&amp;igsh=NTc4MTIwNjQ2YQ%3D%3D<\/p>\n","protected":false},"author":1583,"featured_media":0,"parent":0,"menu_order":0,"comment_status":"closed","ping_status":"closed","template":"","meta":{"footnotes":""},"class_list":["post-657","page","type-page","status-publish","hentry"],"_links":{"self":[{"href":"https:\/\/edublog.educastur.es\/arcadioblog\/index.php?rest_route=\/wp\/v2\/pages\/657","targetHints":{"allow":["GET"]}}],"collection":[{"href":"https:\/\/edublog.educastur.es\/arcadioblog\/index.php?rest_route=\/wp\/v2\/pages"}],"about":[{"href":"https:\/\/edublog.educastur.es\/arcadioblog\/index.php?rest_route=\/wp\/v2\/types\/page"}],"author":[{"embeddable":true,"href":"https:\/\/edublog.educastur.es\/arcadioblog\/index.php?rest_route=\/wp\/v2\/users\/1583"}],"replies":[{"embeddable":true,"href":"https:\/\/edublog.educastur.es\/arcadioblog\/index.php?rest_route=%2Fwp%2Fv2%2Fcomments&post=657"}],"version-history":[{"count":3,"href":"https:\/\/edublog.educastur.es\/arcadioblog\/index.php?rest_route=\/wp\/v2\/pages\/657\/revisions"}],"predecessor-version":[{"id":667,"href":"https:\/\/edublog.educastur.es\/arcadioblog\/index.php?rest_route=\/wp\/v2\/pages\/657\/revisions\/667"}],"wp:attachment":[{"href":"https:\/\/edublog.educastur.es\/arcadioblog\/index.php?rest_route=%2Fwp%2Fv2%2Fmedia&parent=657"}],"curies":[{"name":"wp","href":"https:\/\/api.w.org\/{rel}","templated":true}]}}