{"id":128,"date":"2020-07-28T21:46:31","date_gmt":"2020-07-28T21:46:31","guid":{"rendered":"https:\/\/edublog.educastur.es\/asturies\/?page_id=128"},"modified":"2020-07-29T08:22:40","modified_gmt":"2020-07-29T08:22:40","slug":"webs","status":"publish","type":"page","link":"https:\/\/edublog.educastur.es\/asturies\/webs\/","title":{"rendered":"WEBs"},"content":{"rendered":"<ul>\n<li><a href=\"https:\/\/www.asturias.es\/\">Gobierno del Principado de Asturias<\/a><\/li>\n<\/ul>\n<p><img loading=\"lazy\" decoding=\"async\" class=\"\" src=\"https:\/\/www.asturias.es\/Asturias\/REP_MENSAJES_IMAGENES\/IMAGENES_ES\/logo_principado.gif\" alt=\"Gobierno del Principado de Asturias\" width=\"300\" height=\"113\" \/><\/p>\n<ul>\n<li><a href=\"https:\/\/www.asturias.es\/portal\/site\/medioambiente\/menuitem.902b26b36a5e1f63e7cc2a20a6108a0c\/?vgnextoid=3cfda5c7be9fa110VgnVCM1000006a01a8c0RCRD&amp;i18n.http.lang=es\"><span style=\"font-size: 14pt\">Red Ambiental de Asturias<\/span><\/a><img decoding=\"async\" src=\"https:\/\/www.asturias.es\/medioambienteRecursosWeb\/common\/images\/titles\/tit-red-ambiental-asturias.png\" alt=\"Red Ambiental de Asturias\" \/><\/li>\n<li><a href=\"https:\/\/www.asturias.es\/portal\/site\/webasturias\/menuitem.6ae732be36e43aef9fe97477f2300030\/?vgnextoid=2d4969482a55e010VgnVCM100000b0030a0aRCRD&amp;vgnextchannel=83bb090dc76ed210VgnVCM1000002f030003RCRD&amp;i18n.http.lang=es\"><span style=\"font-size: 14pt\"><em>Consejer\u00eda de Administraci\u00f3n Auton\u00f3mica, Medio Ambiente y Cambio Clim\u00e1tico<\/em> <\/span><\/a><\/li>\n<li>\u00a0<img decoding=\"async\" src=\"https:\/\/sede.asturias.es\/webasturias\/Repositorio\/ICONOS\/ico-pdf.gif\" align=\"absmiddle\" \/>\u00a0<a title=\"Organigrama\" href=\"https:\/\/www.asturias.es\/webasturias\/GOBIERNO\/CONSEJERIAS\/organigramas\/XI_legislatura\/administracion_autonomica.pdf\" target=\"_blank\" rel=\"noopener noreferrer\">Organigrama<\/a>\u00a0(pdf:\u00a0113 Kb)<\/li>\n<li>EASMU (Edificio Administrativo de Usos M\u00faltiples)\u00a0 C\/. Trece Rosas, n\u00ba 2-33005 Oviedo, Asturias\u00a0 Tfno.- 985 10 55 00 (Centralita)<\/li>\n<li><a href=\"http:\/\/www.indurot.uniovi.es\/\"><em><span style=\"font-size: 14pt\">INDUROT Instituto de Recursos Naturales y Ordenaci\u00f3n del Territorio<\/span><\/em><\/a><\/li>\n<\/ul>\n<p><img loading=\"lazy\" decoding=\"async\" class=\"\" src=\"http:\/\/www.indurot.uniovi.es\/image\/image_gallery?uuid=7f73be3d-61b4-4b5b-a25d-5d0c6174b025&amp;groupId=2490442&amp;t=1393499423972\" alt=\"\" width=\"403\" height=\"212\" \/><\/p>\n<ul>\n<li><a href=\"http:\/\/naturalezadeasturias.es\/\">Naturaleza de Asturias<\/a><\/li>\n<\/ul>\n<p><img loading=\"lazy\" decoding=\"async\" class=\"alignnone size-medium\" src=\"http:\/\/www.taxusmedioambiente.com\/redes\/fotos\/2\/me\/logo_naturaleza_de_asturias.jpg\" width=\"250\" height=\"156\" \/><\/p>\n<p>Espacios naturales protegidos de Asturias<\/p>\n<p>&nbsp;<\/p>\n","protected":false},"excerpt":{"rendered":"<p>Gobierno del Principado de Asturias Red Ambiental de Asturias Consejer\u00eda de Administraci\u00f3n Auton\u00f3mica, Medio Ambiente y Cambio Clim\u00e1tico \u00a0\u00a0Organigrama\u00a0(pdf:\u00a0113 Kb) EASMU (Edificio Administrativo de Usos M\u00faltiples)\u00a0 C\/. Trece Rosas, n\u00ba 2-33005 Oviedo, Asturias\u00a0 Tfno.- 985 10 55 00 (Centralita) INDUROT Instituto de Recursos Naturales y Ordenaci\u00f3n del Territorio Naturaleza de Asturias Espacios naturales protegidos de [&hellip;]<\/p>\n","protected":false},"author":117,"featured_media":0,"parent":0,"menu_order":0,"comment_status":"closed","ping_status":"closed","template":"","meta":{"footnotes":""},"class_list":["post-128","page","type-page","status-publish","hentry","post-preview"],"_links":{"self":[{"href":"https:\/\/edublog.educastur.es\/asturies\/wp-json\/wp\/v2\/pages\/128","targetHints":{"allow":["GET"]}}],"collection":[{"href":"https:\/\/edublog.educastur.es\/asturies\/wp-json\/wp\/v2\/pages"}],"about":[{"href":"https:\/\/edublog.educastur.es\/asturies\/wp-json\/wp\/v2\/types\/page"}],"author":[{"embeddable":true,"href":"https:\/\/edublog.educastur.es\/asturies\/wp-json\/wp\/v2\/users\/117"}],"replies":[{"embeddable":true,"href":"https:\/\/edublog.educastur.es\/asturies\/wp-json\/wp\/v2\/comments?post=128"}],"version-history":[{"count":4,"href":"https:\/\/edublog.educastur.es\/asturies\/wp-json\/wp\/v2\/pages\/128\/revisions"}],"predecessor-version":[{"id":153,"href":"https:\/\/edublog.educastur.es\/asturies\/wp-json\/wp\/v2\/pages\/128\/revisions\/153"}],"wp:attachment":[{"href":"https:\/\/edublog.educastur.es\/asturies\/wp-json\/wp\/v2\/media?parent=128"}],"curies":[{"name":"wp","href":"https:\/\/api.w.org\/{rel}","templated":true}]}}