{"id":144,"date":"2020-07-29T08:08:04","date_gmt":"2020-07-29T08:08:04","guid":{"rendered":"https:\/\/edublog.educastur.es\/asturies\/?page_id=144"},"modified":"2020-07-29T08:13:45","modified_gmt":"2020-07-29T08:13:45","slug":"parque-natural-de-ponga","status":"publish","type":"page","link":"https:\/\/edublog.educastur.es\/asturies\/espacios\/parques\/parque-natural-de-ponga\/","title":{"rendered":"Parque Natural de Ponga"},"content":{"rendered":"<p><a href=\"https:\/\/mocedastur.files.wordpress.com\/2011\/03\/parque_natural_ponga.jpg\"><img loading=\"lazy\" decoding=\"async\" class=\"alignnone size-medium\" src=\"https:\/\/mocedastur.files.wordpress.com\/2011\/03\/parque_natural_ponga.jpg\" width=\"350\" height=\"350\" \/><\/a><\/p>\n<p><img loading=\"lazy\" decoding=\"async\" class=\"alignnone size-medium\" src=\"http:\/\/www.naturaspain.com\/images\/parque-natural-de-ponga-1.jpg\" width=\"860\" height=\"414\" \/><\/p>\n<ul>\n<li><a href=\"http:\/\/www.naturaspain.com\/parque-natural-nacional\/parque-natural-de-ponga.html\">Info Naturaspain<\/a><\/li>\n<li><a href=\"https:\/\/www.youtube.com\/watch?v=HJly_B7-hK0\">Video Wild Spain<\/a><\/li>\n<\/ul>\n<p><em><span style=\"font-size: 14pt\">El Parque Natural de Ponga se localiza en el sector centro oriental de la Cordillera Cant\u00e1brica, incluyendo por completo y exclusivamente el territorio administrativo correspondiente al concejo de Ponga. Limita al sur con la provincia de Le\u00f3n, al este con esta misma provincia y con el concejo de Amieva, al norte con los concejos de Pilo\u00f1a, Parres y Amieva y al oeste con Caso. Este parque natural se localiza en el sector oriental de la monta\u00f1a asturiana y abarca la cuenca alta del Sella y de su tributario, el r\u00edo Ponga.<\/span><\/em><\/p>\n<p><em><span style=\"font-size: 14pt\">La propuesta que en su momento realizaba el PORNA inclu\u00eda el concejo de Ponga en el Parque Natural de Redes, sin embargo, llegado el momento de la declaraci\u00f3n se recogi\u00f3 \u00fanicamente los concejos de Caso y Sobrescobio, en gran parte debido a su dif\u00edcil comunicaci\u00f3n con el territorio pongu\u00e9s, m\u00e1s relacionado con el \u00e1rea de los Picos de Europa.<\/span><\/em><\/p>\n<p><em><span style=\"font-size: 14pt\">El Parque Natural de Ponga posee una superficie de 20.533 ha. Constituye un territorio de relieve complejo, con altitudes oscilantes entre los 300 m y los m\u00e1s de 2.100 m de Pe\u00f1a Ten. Entre sus alineaciones monta\u00f1osas m\u00e1s importantes destaca el sector de la Cordillera Cant\u00e1brica que forma su l\u00edmite meridional y que constituye la divisoria de aguas entre las cuencas del Sella y del Duero, albergando picos tales como El Abedular (1.813 m), Les Pandes (1.879 m), Pe\u00f1a Ten (2.142 m), Pe\u00f1a Mora (1.847 m) y el Porru Purc\u00eda (1.712 m). El Cordal de Ponga forma su l\u00edmite occidental e incluye cumbres notables, tales como Maci\u00e9ndome (1.899 m), Tiatordos (1.951 m), Campig\u00fce\u00f1os (1.838 m) y Taranes (1.749 m), y va decreciendo gradualmente en altitud hacia el norte. Por \u00faltimo, el Cordal del Coll\u00e1u Zorru o Arcenorio que arranca en Pe\u00f1a Ten hacia el norte, incluyendo el Picu del Coll\u00e1u Zorru (1.841 m), separando los valles del r\u00edo Ponga (al oeste) y del Sella (al este).<\/span><\/em><\/p>\n<p><em><span style=\"font-size: 14pt\"><img decoding=\"async\" src=\"https:\/\/www.ponga.es\/documents\/207082\/582013\/cabecera+pn+ponga.jpg\/beb3a959-cbb6-4d9a-bc52-82cd9b011e1b?t=1528108661343\" alt=\"\" \/><\/span><\/em><\/p>\n<p>&nbsp;<\/p>\n<p><em><span style=\"font-size: 14pt\">Los r\u00edos m\u00e1s importantes del concejo son el Sella, que atraviesa la zona oriental del territorio para seguir su curso por Amieva, y el Ponga que recorre el concejo de sur a norte para confluir con el Sella en el concejo de Amieva. Entre los afluentes locales del Sella destacan el arroyo Roabin, r\u00edo Mojizo, r\u00edo Porciles y Santa Bustia. El Ponga nace en el puerto de Ventaniella y discurre por Sobrefoz, Abiegos, Cadenaba y Sella\u00f1o. Sus afluentes m\u00e1s importantes son los r\u00edos de Taranes y del Valle Moro. La mayor parte de estos valles fluviales son angostos y sus laderas presentan pendientes muy elevadas, siendo los casos m\u00e1s espectaculares el Desfiladero del Ponga y el Desfiladero de los Beyos.<\/span><\/em><\/p>\n<p>&nbsp;<\/p>\n<p><em><span style=\"font-size: 14pt\">El concejo esta divido en nueve parroquias y tiene su capital en Bele\u00f1o. En 1996 su poblaci\u00f3n era de 788 habitantes distribuidos en 20 entidades de poblaci\u00f3n. La actividad econ\u00f3mica esta basada en el sector primario, especialmente en la ganader\u00eda.<\/span><\/em><br \/>\n<em><span style=\"font-size: 14pt\">El Parque de Ponga mantiene una elevada diversidad ambiental, representativa de las monta\u00f1as centro-orientales Asturias, as\u00ed como un notable grado de conservaci\u00f3n de sus recursos naturales (geol\u00f3gicos, vegetales y animales).<\/span><\/em><br \/>\n<em><span style=\"font-size: 14pt\">En el Parque Natural de Ponga existe un Centro de Interpretaci\u00f3n y Recepci\u00f3n de Visitantes del PN de Ponga donde estos pueden obtener m\u00e1s informaci\u00f3n sobre los valores naturales que posee el parque natural. Este centro de interpretaci\u00f3n se encuentra localizado en San Juan de Bele\u00f1o.<\/span><\/em><br \/>\n<em><span style=\"font-size: 14pt\">\u00a0<\/span><\/em><\/p>\n<p><em><span style=\"font-size: 14pt\">El posterior desarrollo de la Ley de declaraci\u00f3n del parque llev\u00f3 a la constituci\u00f3n de sus \u00f3rganos de gesti\u00f3n, la Junta del Parque, el Consejo Rector y el Conservador. El primero es un \u00f3rgano consultivo integrado por veinticuatro representantes de la Administraci\u00f3n del Principado, de la Administraci\u00f3n Local, de los titulares de derechos afectados y de las entidades, asociaciones y grupos que realicen actividades a favor del Parque, as\u00ed como representantes de la Universidad de Oviedo.<\/span><\/em><\/p>\n<p><em><span style=\"font-size: 14pt\">La Comisi\u00f3n Rectora, de car\u00e1cter claramente ejecutivo, se integrar\u00e1 por representantes de la Administraci\u00f3n del Principado y de la Administraci\u00f3n Local, siendo la Responsable de la planificaci\u00f3n y gesti\u00f3n del parque. La regulaci\u00f3n y composici\u00f3n de la Junta y del Consejo Rector del Parque Natural de Ponga se hacen efectivas a trav\u00e9s del Decreto 81\/2008.<\/span><\/em><\/p>\n<p>&nbsp;<\/p>\n<h4><em><span style=\"font-size: 14pt\">Instrumentos de gesti\u00f3n del PN de Ponga<\/span><\/em><\/h4>\n<p><em><span style=\"font-size: 14pt\">El Decreto 163\/2014, de 29 de diciembre, aprueba el I Instrumento de Gesti\u00f3n Integrado de diversos espacios protegidos en los concejos de Ponga y Amieva. Este Instrumento contiene, entre otras cosas las directrices generales de ordenaci\u00f3n y uso del espacio, la zonificaci\u00f3n del mismo, las bases para la ordenaci\u00f3n de las actividades agrarias, ganaderas, industriales, cineg\u00e9ticas, forestales, pisc\u00edcolas y tur\u00edsticas, las bases para garantizar el cumplimiento de las finalidades de investigaci\u00f3n, interpretaci\u00f3n de la naturaleza, educaci\u00f3n ambiental y uso y disfrute de los visitantes, etc.<\/span><\/em><\/p>\n<p><em><span style=\"font-size: 14pt\">Las previsiones de inversiones, infraestructuras y actuaciones para cubrir los objetivos fijados en el instrumento de gesti\u00f3n, se recogen en el Plan de Desarrollo Sostenible (PDS), de igual vigencia que el Instrumento de Gesti\u00f3n Integrado. Este PDS tiene un car\u00e1cter complementario al PRUG y est\u00e1 encaminado al desarrollo econ\u00f3mico del \u00e1mbito del parque.<\/span><\/em><br \/>\n<em><span style=\"font-size: 14pt\">\u00a0<\/span><\/em><\/p>\n<h4><em><span style=\"font-size: 14pt\">Zonificaci\u00f3n del PN de Ponga<\/span><\/em><\/h4>\n<p><em><span style=\"font-size: 14pt\">Teniendo en cuenta las diferentes caracter\u00edsticas del territorio, tanto en lo que se refiere a sus aspectos ecol\u00f3gicos y recursos naturales como a los usos que de los mismos vienen realizando sus habitantes, se establecen cinco categor\u00edas de zonas de uso. Estas categor\u00edas implican diferentes reg\u00edmenes normativos: zona de uso general, zona de uso agropecuario, zona de alta monta\u00f1a, zona de uso restringido especial, zona de reserva ecol\u00f3gica.<\/span><\/em><\/p>\n<p>&nbsp;<\/p>\n<p><em><span style=\"font-size: 14pt\">Textos: Gobierno del P. de Asturias- Servicio de Medio Natural (Direcci\u00f3n General de Recursos Naturales de la C. de Agroganader\u00eda y Recursos Aut\u00f3ctonos)<\/span><\/em><\/p>\n<p><em><span style=\"font-size: 14pt\">Imagen: Centro de Interpretaci\u00f3n del Parque Natural de Ponga<\/span><\/em><\/p>\n<p><img loading=\"lazy\" decoding=\"async\" src=\"https:\/\/imgbox.es\/images\/2020\/03\/23\/separadora4a37c028d732afc.jpg\" width=\"484\" height=\"37\" \/><\/p>\n<ul>\n<li><a href=\"https:\/\/www.ponga.es\/parque-natural\">Web Ayuntamiento de Ponga<\/a><\/li>\n<li><a href=\"https:\/\/www.ponga.es\/rutas-y-senderismo\">Rutas y Senderismo<\/a><\/li>\n<li><a href=\"https:\/\/www.ponga.es\/folletos-y-guias\">Folletos y gu\u00edas<\/a><\/li>\n<\/ul>\n<div class=\"portlet-column span9\">\n<div id=\"column-2\" class=\"portlet-column portlet-column-last columna-derecha-larga\">\n<div id=\"layout-column_column-2\" class=\"portlet-dropzone portlet-column-content portlet-column-last-content\">\n<div id=\"p_p_id_56_INSTANCE_askS0ebquduQ_\" class=\"portlet-boundary portlet-boundary_56_ portlet-static portlet-static-end portlet-journal-content \">\n<section id=\"portlet_56_INSTANCE_askS0ebquduQ\" class=\"portlet\">\n<div class=\"portlet-content\">\n<div class=\" portlet-content-container\">\n<div class=\"portlet-body\">\n<div class=\"journal-content-article\">\n<div class=\"detalle\">\n<p><a href=\"https:\/\/www.ponga.es\/documents\/207082\/3963746\/Diptico+PNPonga.pdf\/25edca59-a832-4b3f-bd8a-b049b6834cd3\">DIPTICO PARQUE NATURAL DE PONGA PDF<\/a><\/p>\n<p><a href=\"https:\/\/www.ponga.es\/documents\/207082\/3963746\/Triptico+PNPonga.pdf\/15a46903-e175-4a50-8e69-90037ccc26e2\">TRIPTICO PARQUE NATURAL DE PONGA PDF<\/a><\/p>\n<p><a href=\"https:\/\/www.ponga.es\/documents\/207082\/3963746\/Mapa+del+Parque+Natural+de+Ponga.pdf\/5f991b5d-667f-48d2-ad0e-7dcd69dae0d9\">MAPA DEL PARQUE NATURAL DE PONGA PDF<\/a><\/p>\n<p><a href=\"https:\/\/www.ponga.es\/documents\/207082\/3963746\/folleto+ponga+algo+en+su+vida.pdf\/ada85527-f845-416d-b8aa-866a9edafbae\">FOLLETO PONGA PDF\u00a0<\/a><\/p>\n<p><img loading=\"lazy\" decoding=\"async\" class=\"\" src=\"https:\/\/www.ponga.es\/documents\/207082\/3963746\/mapa+ponga+FOLLETO.jpg\/2166cd66-3292-4d00-bb32-b57a12897838?t=1528297280685\" alt=\"\" width=\"502\" height=\"687\" \/><\/p>\n<p>&nbsp;<\/p>\n<p><a href=\"https:\/\/www.ponga.es\/documents\/207082\/3963746\/MAPA+FOLLETO+PONGA+ALGO+EN+SU+VIDA.pdf\/e4a398c6-f9ec-4168-a3b6-7bb0ac972713\">MAPA CONCEJO DE PONGA PDF<\/a><\/p>\n<\/div>\n<\/div>\n<\/div>\n<\/div>\n<\/div>\n<\/section>\n<\/div>\n<\/div>\n<\/div>\n<\/div>\n<p><a href=\"https:\/\/www.facebook.com\/cdtldeponga\"><img loading=\"lazy\" decoding=\"async\" class=\"alignnone \" src=\"https:\/\/scontent.fmad7-1.fna.fbcdn.net\/v\/t1.0-9\/22780521_1694919933914882_8823572624221850416_n.jpg?_nc_cat=108&amp;_nc_sid=730e14&amp;_nc_ohc=8f0DqdOzDocAX9ky5gn&amp;_nc_ht=scontent.fmad7-1.fna&amp;oh=18067c3d4a6e05791a249c25d53c475a&amp;oe=5F480849\" width=\"183\" height=\"121\" \/>web<\/a><\/p>\n","protected":false},"excerpt":{"rendered":"<p>Info Naturaspain Video Wild Spain El Parque Natural de Ponga se localiza en el sector centro oriental de la Cordillera Cant\u00e1brica, incluyendo por completo y exclusivamente el territorio administrativo correspondiente al concejo de Ponga. Limita al sur con la provincia de Le\u00f3n, al este con esta misma provincia y con el concejo de Amieva, al [&hellip;]<\/p>\n","protected":false},"author":117,"featured_media":0,"parent":69,"menu_order":0,"comment_status":"closed","ping_status":"closed","template":"","meta":{"footnotes":""},"class_list":["post-144","page","type-page","status-publish","hentry","post-preview"],"_links":{"self":[{"href":"https:\/\/edublog.educastur.es\/asturies\/wp-json\/wp\/v2\/pages\/144","targetHints":{"allow":["GET"]}}],"collection":[{"href":"https:\/\/edublog.educastur.es\/asturies\/wp-json\/wp\/v2\/pages"}],"about":[{"href":"https:\/\/edublog.educastur.es\/asturies\/wp-json\/wp\/v2\/types\/page"}],"author":[{"embeddable":true,"href":"https:\/\/edublog.educastur.es\/asturies\/wp-json\/wp\/v2\/users\/117"}],"replies":[{"embeddable":true,"href":"https:\/\/edublog.educastur.es\/asturies\/wp-json\/wp\/v2\/comments?post=144"}],"version-history":[{"count":3,"href":"https:\/\/edublog.educastur.es\/asturies\/wp-json\/wp\/v2\/pages\/144\/revisions"}],"predecessor-version":[{"id":149,"href":"https:\/\/edublog.educastur.es\/asturies\/wp-json\/wp\/v2\/pages\/144\/revisions\/149"}],"up":[{"embeddable":true,"href":"https:\/\/edublog.educastur.es\/asturies\/wp-json\/wp\/v2\/pages\/69"}],"wp:attachment":[{"href":"https:\/\/edublog.educastur.es\/asturies\/wp-json\/wp\/v2\/media?parent=144"}],"curies":[{"name":"wp","href":"https:\/\/api.w.org\/{rel}","templated":true}]}}