{"id":147,"date":"2020-07-29T08:12:40","date_gmt":"2020-07-29T08:12:40","guid":{"rendered":"https:\/\/edublog.educastur.es\/asturies\/?page_id=147"},"modified":"2020-07-29T08:12:40","modified_gmt":"2020-07-29T08:12:40","slug":"p-n-las-ubinas-la-mesa","status":"publish","type":"page","link":"https:\/\/edublog.educastur.es\/asturies\/espacios\/parques\/p-n-las-ubinas-la-mesa\/","title":{"rendered":"P. N. Las Ubi\u00f1as &#8211; La Mesa"},"content":{"rendered":"<p><a href=\"https:\/\/tevergaturismo.es\/wp-content\/uploads\/logo-ubin%CC%83as.jpg\"><img loading=\"lazy\" decoding=\"async\" class=\"alignnone \" src=\"https:\/\/tevergaturismo.es\/wp-content\/uploads\/logo-ubin%CC%83as.jpg\" width=\"247\" height=\"324\" \/><\/a><\/p>\n<ul>\n<li><a href=\"https:\/\/www.tevergaturismo.es\/patrimonio-natural\/parque-natural-ubinas-la-mesa\/\">Web Turismo Ayuntamiento de Teverga<\/a><\/li>\n<\/ul>\n<div class=\"content\">\n<div class=\"breadcrumb\">\n<h1>Parque Natural Las Ubi\u00f1as \u2013 La Mesa<\/h1>\n<\/div>\n<div class=\"page-description\">\n<div class=\"vc_row wpb_row vc_row-fluid\">\n<div class=\"wpb_column vc_column_container vc_col-sm-8\">\n<div class=\"vc_column-inner\">\n<div class=\"wpb_wrapper\">\n<div class=\"vc_message_box vc_message_box-outline vc_message_box-rounded vc_color-green\">\n<p>El Parque Natural Las Ubi\u00f1as \u2013 La Mesa fue declarado Reserva de la Biosfera por la Unesco en julio de 2012.<\/p>\n<\/div>\n<div class=\"wpb_text_column wpb_content_element \">\n<div class=\"wpb_wrapper\">\n<p><a href=\"https:\/\/tevergaturismo.es\/wp-content\/uploads\/teverga-parque-ubinas-mesa.jpg\"><img loading=\"lazy\" decoding=\"async\" class=\"alignnone  wp-image-3132\" src=\"https:\/\/tevergaturismo.es\/wp-content\/uploads\/teverga-parque-ubinas-mesa.jpg\" alt=\"\" width=\"658\" height=\"297\" \/><\/a><\/p>\n<\/div>\n<\/div>\n<\/div>\n<\/div>\n<\/div>\n<\/div>\n<div class=\"vc_row wpb_row vc_row-fluid\">\n<div class=\"wpb_column vc_column_container vc_col-sm-12\">\n<div class=\"vc_column-inner\">\n<div class=\"wpb_wrapper\">\n<div class=\"wpb_text_column wpb_content_element \">\n<div class=\"wpb_wrapper\">\n<p><a href=\"https:\/\/tevergaturismo.es\/wp-content\/uploads\/parque-ubinas-mesa.png\"><img loading=\"lazy\" decoding=\"async\" class=\"alignnone  wp-image-3081\" src=\"https:\/\/tevergaturismo.es\/wp-content\/uploads\/parque-ubinas-mesa.png\" alt=\"\" width=\"898\" height=\"652\" \/><\/a><\/p>\n<\/div>\n<\/div>\n<div class=\"wpb_text_column wpb_content_element \">\n<div class=\"wpb_wrapper\">\n<p>El \u00e1mbito del Parque Natural de Las Ubi\u00f1as-La Mesa se localiza en el sector meridional de Asturias y est\u00e1 integrado por terrenos de los concejos de Teverga, Quir\u00f3s y Lena. Limita al sur con la provincia de Le\u00f3n, al oeste con el Parque Natural de Somiedo y al norte con los concejos de Belmonte de Miranda, Grado y Proaza. En concreto est\u00e1 constituido por la totalidad del concejo de Teverga, parte del cual ya aparec\u00eda en el PORNA como \u00e1rea integrante del Parque Natural de Somiedo.<\/p>\n<p>Se trata de un territorio de monta\u00f1a caracterizado por un relieve de fuertes contrastes cuyas altitudes van progresando de norte a sur, encontr\u00e1ndose las m\u00e1s elevadas en el l\u00edmite con Le\u00f3n. El macizo de Pe\u00f1a Ubi\u00f1a, el segundo macizo monta\u00f1oso m\u00e1s alto de la regi\u00f3n tras los Picos de Europa, con altitudes superiores a los 2.400 m. En el l\u00edmite con Somiedo se alza el cordal de La Mesa y en la divisoria entre Quir\u00f3s y Teverga, se encuentra la Sierra de Sobia.<\/p>\n<p>Es de destacar el interesante desfiladero de origen k\u00e1rstico formado por el r\u00edo Val de Sampedro desde la localidad de Fresnedo hasta la de P\u00e1ramo, en el que se sit\u00faa la cavidad k\u00e1rstica de Cueva Huerta, declarada como Monumento Natural. Tambi\u00e9n tenemos que mencionar al Monumento Natural de los Puertos de Marabio que constituye una extensa prader\u00eda de monta\u00f1a caracteriza por una serie de dolinas y valles ciegos, que se incluye en el territorio del Paisaje protegido del Pico Caldoveiro. En la divisoria con la provincia de Le\u00f3n encontramos unos de los mayores hayedos de Asturias, Monte Grande.<\/p>\n<\/div>\n<\/div>\n<div class=\"wpb_text_column wpb_content_element \">\n<div class=\"wpb_wrapper\">\n<p><a href=\"https:\/\/www.tevergaturismo.es\/wp-content\/uploads\/parque-natural-ubinas-mesa-teverga.png\"><img loading=\"lazy\" decoding=\"async\" class=\"alignnone  wp-image-3164\" src=\"https:\/\/www.tevergaturismo.es\/wp-content\/uploads\/parque-natural-ubinas-mesa-teverga.png\" alt=\"\" width=\"899\" height=\"696\" \/><\/a><\/p>\n<\/div>\n<\/div>\n<\/div>\n<\/div>\n<\/div>\n<\/div>\n<div class=\"vc_row wpb_row vc_row-fluid\">\n<div class=\"wpb_column vc_column_container vc_col-sm-12\">\n<div class=\"vc_column-inner\">\n<div class=\"wpb_wrapper\">\n<div class=\"wpb_text_column wpb_content_element \">\n<div class=\"wpb_wrapper\">\n<p>Las caracter\u00edsticas de este poblamiento del Parque no difieren en gran medida de las del resto de la monta\u00f1a asturiana. Se trata de un espacio rural cuyo paisaje ha sido definido durante siglos por una explotaci\u00f3n de los recursos basada mayoritariamente en la ganader\u00eda, en la que los pastos montanos han sido utilizados de modo extensivo mediante un sistema trashumante estacional.<\/p>\n<p>Los valores ambientales de esta zona son la diversidad y el buen estado de conservaci\u00f3n. En este sentido, destaca que en el territorio del Parque se conserven ejemplos de m\u00e1s de la mitad de las series de vegetaci\u00f3n existentes en el Principado de Asturias, estando m\u00e1s de un tercio de su superficie ocupada por bosques maduros, entre los que el hayedo es dominante. Destacamos el Monte de la Congosta, robledal de roble albar de 21 hect\u00e1reas y al \u201ctexu\u201d de P\u00e1ramo, situado junto a su Iglesia de San Juan y con unas dimensiones considerables (360 cm de cuerda). La calidad ambiental de dichos h\u00e1bitats hace posible que en este espacio habite un elevado n\u00famero de especies, entre las cuales se hallan las m\u00e1s representativas de la fauna cant\u00e1brica: el oso pardo, el urogallo cant\u00e1brico o el \u00e1guila real. El patrimonio arqueol\u00f3gico y etnogr\u00e1fico, as\u00ed como el mantenimiento de los usos tradicionales de la tierra, constituyen valores a\u00f1adidos a los ya mencionados elementos naturales.<\/p>\n<p>Junto a estos n\u00facleos de poblaci\u00f3n asentados en los valles coexistieron, las denominadas bra\u00f1as, zonas de pasto de verano en \u00e1reas de mayor altitud en las que se constru\u00edan sencillas caba\u00f1as de piedra con cubierta de teja o de escoba (teito), adem\u00e1s de los llamados corros o cabanos, construcciones circulares con una falsa c\u00fapula de piedra. Tenemos algunas bra\u00f1as con caba\u00f1as de teito como las de Tuiza, El Rebell\u00f3n, Llamaraxil, el Valle o Fonfr\u00eda.<\/p>\n<p>El Parque Natural de Las Ubi\u00f1as-La Mesa es un lugar con mucha y variada historia: no debemos desaprovechar la oportunidad de visitar las innumerables trincheras que formaron parte del frente de Ventana en la Guerra Civil\u201d.<\/p>\n<p>&nbsp;<\/p>\n<\/div>\n<\/div>\n<\/div>\n<\/div>\n<\/div>\n<\/div>\n<\/div>\n<\/div>\n","protected":false},"excerpt":{"rendered":"<p>Web Turismo Ayuntamiento de Teverga Parque Natural Las Ubi\u00f1as \u2013 La Mesa El Parque Natural Las Ubi\u00f1as \u2013 La Mesa fue declarado Reserva de la Biosfera por la Unesco en julio de 2012. El \u00e1mbito del Parque Natural de Las Ubi\u00f1as-La Mesa se localiza en el sector meridional de Asturias y est\u00e1 integrado por terrenos [&hellip;]<\/p>\n","protected":false},"author":117,"featured_media":0,"parent":69,"menu_order":0,"comment_status":"closed","ping_status":"closed","template":"","meta":{"footnotes":""},"class_list":["post-147","page","type-page","status-publish","hentry","post-preview"],"_links":{"self":[{"href":"https:\/\/edublog.educastur.es\/asturies\/wp-json\/wp\/v2\/pages\/147","targetHints":{"allow":["GET"]}}],"collection":[{"href":"https:\/\/edublog.educastur.es\/asturies\/wp-json\/wp\/v2\/pages"}],"about":[{"href":"https:\/\/edublog.educastur.es\/asturies\/wp-json\/wp\/v2\/types\/page"}],"author":[{"embeddable":true,"href":"https:\/\/edublog.educastur.es\/asturies\/wp-json\/wp\/v2\/users\/117"}],"replies":[{"embeddable":true,"href":"https:\/\/edublog.educastur.es\/asturies\/wp-json\/wp\/v2\/comments?post=147"}],"version-history":[{"count":1,"href":"https:\/\/edublog.educastur.es\/asturies\/wp-json\/wp\/v2\/pages\/147\/revisions"}],"predecessor-version":[{"id":148,"href":"https:\/\/edublog.educastur.es\/asturies\/wp-json\/wp\/v2\/pages\/147\/revisions\/148"}],"up":[{"embeddable":true,"href":"https:\/\/edublog.educastur.es\/asturies\/wp-json\/wp\/v2\/pages\/69"}],"wp:attachment":[{"href":"https:\/\/edublog.educastur.es\/asturies\/wp-json\/wp\/v2\/media?parent=147"}],"curies":[{"name":"wp","href":"https:\/\/api.w.org\/{rel}","templated":true}]}}