{"id":160,"date":"2020-07-29T08:32:07","date_gmt":"2020-07-29T08:32:07","guid":{"rendered":"https:\/\/edublog.educastur.es\/asturies\/?page_id=160"},"modified":"2020-07-29T08:56:33","modified_gmt":"2020-07-29T08:56:33","slug":"costa","status":"publish","type":"page","link":"https:\/\/edublog.educastur.es\/asturies\/espacios\/paisajes-protegidos\/costa\/","title":{"rendered":"Costa"},"content":{"rendered":"<ul>\n<li><em><span style=\"font-size: 14pt\"><a href=\"http:\/\/naturalezadeasturias.es\/espacios\/visita\/costa\/\">Costa<\/a><\/span><\/em><\/li>\n<\/ul>\n<section id=\"locate\" class=\"inner\"><em><span style=\"font-size: 14pt\">Descubre la costa asturiana con sus acantilados de v\u00e9rtigo, las espectaculares vistas del Paisaje Protegido del Cabo Pe\u00f1as, sus playas paradisiacas y los estuarios de Barayo y la R\u00eda de Villaviciosa, que dan cobijo a multitud de aves. <\/span><\/em><em><span style=\"font-size: 14pt\">Encuentra el espacio natural que est\u00e1s buscando: <a class=\"active\" href=\"http:\/\/naturalezadeasturias.es\/espacios\/visita\/costa\/#\" data-id=\"0\">Todas<\/a><\/span><\/em><\/p>\n<ul>\n<li class=\"clearfix\"><em><span style=\"font-size: 14pt\"> <a href=\"http:\/\/naturalezadeasturias.es\/espacios\/visita\/costa\/#\" data-id=\"1\">Reserva de la Biosfera<\/a> <\/span><\/em><\/li>\n<li class=\"clearfix\"><em><span style=\"font-size: 14pt\"><a href=\"http:\/\/naturalezadeasturias.es\/espacios\/visita\/costa\/#\" data-id=\"2\">P<\/a><a href=\"http:\/\/naturalezadeasturias.es\/espacios\/visita\/costa\/#\" data-id=\"2\">arque Nacional<\/a><\/span><\/em><\/li>\n<li class=\"clearfix\"><em><span style=\"font-size: 14pt\"> <a href=\"http:\/\/naturalezadeasturias.es\/espacios\/visita\/costa\/#\" data-id=\"3\">Parque Natural<\/a><\/span><\/em><\/li>\n<li class=\"clearfix\"><em><span style=\"font-size: 14pt\"> <a href=\"http:\/\/naturalezadeasturias.es\/espacios\/visita\/costa\/#\" data-id=\"5\">Reserva Natural<\/a> <\/span><\/em><\/li>\n<li class=\"clearfix\"><em><span style=\"font-size: 14pt\"><a href=\"http:\/\/naturalezadeasturias.es\/espacios\/visita\/costa\/#\" data-id=\"6\">Monumento Natural<\/a><\/span><\/em><\/li>\n<li class=\"clearfix\"><a href=\"http:\/\/naturalezadeasturias.es\/espacios\/visita\/costa\/#\" data-id=\"7\"><em><span style=\"font-size: 14pt\">Paisaje Protegido<\/span><\/em><\/a><\/li>\n<\/ul>\n<\/section>\n<nav>\n<aside><\/aside>\n<nav class=\"clearfix\"><\/nav>\n<ul class=\"clearfix\">\n<li><a href=\"http:\/\/naturalezadeasturias.es\/espacios\/visita\/destinos\/RB-oscos-eo.html\"> <span class=\"photo\"><img decoding=\"async\" src=\"http:\/\/naturalezadeasturias.es\/img\/upload\/500x333-rb_oscos_foto1_ria_eo_CEDER_900x600.jpg\" alt=\"\" \/><\/span> <b><\/b><\/a><\/li>\n<li><a href=\"http:\/\/naturalezadeasturias.es\/espacios\/visita\/destinos\/RB-oscos-eo.html\"><span class=\"info\"><b>R\u00edo Eo, Oscos y Terras de Bur\u00f3n<\/b><i>Reserva de la Biosfera<\/i><\/span> <\/a><\/li>\n<li><a href=\"http:\/\/naturalezadeasturias.es\/espacios\/visita\/destinos\/RNP-barayo.html\"> <span class=\"photo\"><img decoding=\"async\" src=\"http:\/\/naturalezadeasturias.es\/img\/upload\/500x333-RNP_Barayo_foto3_lirio_JFS.jpg\" alt=\"\" \/><\/span><\/a><\/li>\n<li><a href=\"http:\/\/naturalezadeasturias.es\/espacios\/visita\/destinos\/RNP-barayo.html\"> <span class=\"info\"><b>Barayo<\/b><i>Reserva Natural Parcial<\/i><\/span> <\/a><\/li>\n<li><a href=\"http:\/\/naturalezadeasturias.es\/espacios\/visita\/destinos\/RNP-ria-de-villaviciosa.html\"> <span class=\"photo\"><img decoding=\"async\" src=\"http:\/\/naturalezadeasturias.es\/img\/upload\/500x333-rnp_villaviciosa_foto2_barco_misiego_JGR.jpg\" alt=\"\" \/><\/span> <\/a><\/li>\n<li><a href=\"http:\/\/naturalezadeasturias.es\/espacios\/visita\/destinos\/RNP-ria-de-villaviciosa.html\"><span class=\"info\"><b>R\u00eda de Villaviciosa<\/b><i>Reserva Natural Parcial<\/i><\/span> <\/a><\/li>\n<li><a href=\"http:\/\/naturalezadeasturias.es\/espacios\/visita\/destinos\/MN-bufon-de-santiuste.html\"> <span class=\"photo\"><img decoding=\"async\" src=\"http:\/\/naturalezadeasturias.es\/img\/upload\/500x333-mn_bufones_santiuste_jfsdiaz_900_600.jpg\" alt=\"\" \/><\/span> <\/a><\/li>\n<li><a href=\"http:\/\/naturalezadeasturias.es\/espacios\/visita\/destinos\/MN-bufon-de-santiuste.html\"><span class=\"info\"><b>Buf\u00f3n de Santiuste<\/b><i>Monumento Natural<\/i><\/span> <\/a><\/li>\n<li><a href=\"http:\/\/naturalezadeasturias.es\/espacios\/visita\/destinos\/MN-bufones-de-arenillas.html\"> <span class=\"photo\"><img decoding=\"async\" src=\"http:\/\/naturalezadeasturias.es\/img\/upload\/500x333-mn_bufones_arenillas_TA_900_600.jpg\" alt=\"\" \/><\/span> <b><\/b><\/a><\/li>\n<li><a href=\"http:\/\/naturalezadeasturias.es\/espacios\/visita\/destinos\/MN-bufones-de-arenillas.html\"><span class=\"info\"><b>Bufones de Arenillas<\/b><i>Monumento Natural<\/i><\/span> <\/a><\/li>\n<li><a href=\"http:\/\/naturalezadeasturias.es\/espacios\/visita\/destinos\/MN-carbayera-de-el-tragamon.html\"> <span class=\"photo\"><img decoding=\"async\" src=\"http:\/\/naturalezadeasturias.es\/img\/upload\/500x333-mn_tragamon_DGR_900_600.jpg\" alt=\"\" \/><\/span> <\/a><\/li>\n<li><a href=\"http:\/\/naturalezadeasturias.es\/espacios\/visita\/destinos\/MN-carbayera-de-el-tragamon.html\"><span class=\"info\"><b>Carbayera de El Tragam\u00f3n<\/b><i>Monumento Natural<\/i><\/span> <\/a><\/li>\n<li><a href=\"http:\/\/naturalezadeasturias.es\/espacios\/visita\/destinos\/MN-carbayon-de-lavandera.html\"> <span class=\"photo\"><img decoding=\"async\" src=\"http:\/\/naturalezadeasturias.es\/img\/upload\/500x333-mn_carbayon_lavandera_gijon_TA_900_600.jpg\" alt=\"\" \/><\/span> <b><\/b><\/a><\/li>\n<li><a href=\"http:\/\/naturalezadeasturias.es\/espacios\/visita\/destinos\/MN-carbayon-de-lavandera.html\"><span class=\"info\"><b>Carbay\u00f3n de Lavandera<\/b><i>Monumento Natural<\/i><\/span> <\/a><\/li>\n<li><a href=\"http:\/\/naturalezadeasturias.es\/espacios\/visita\/destinos\/MN-charca-de-zeluan-y-ensenada-de-llodero.html\"> <span class=\"photo\"><img decoding=\"async\" src=\"http:\/\/naturalezadeasturias.es\/img\/upload\/500x333-mn_zeluan_F_900_600.jpg\" alt=\"\" \/><\/span> <\/a><\/li>\n<li><a href=\"http:\/\/naturalezadeasturias.es\/espacios\/visita\/destinos\/MN-charca-de-zeluan-y-ensenada-de-llodero.html\"><span class=\"info\"><b>Charca de Zelu\u00e1n y Ensenada de Llodero<\/b><i>Monumento Natural<\/i><\/span> <\/a><\/li>\n<li><a href=\"http:\/\/naturalezadeasturias.es\/espacios\/visita\/destinos\/MN-complejo-de-cobijeru.html\"> <span class=\"photo\"><img decoding=\"async\" src=\"http:\/\/naturalezadeasturias.es\/img\/upload\/500x333-mn_playa_cobijeru_TA_900_600.jpg\" alt=\"\" \/><\/span> <\/a><\/li>\n<li><a href=\"http:\/\/naturalezadeasturias.es\/espacios\/visita\/destinos\/MN-complejo-de-cobijeru.html\"><span class=\"info\"><b>Complejo de Cobijeru<\/b><i>Monumento Natural<\/i><\/span> <\/a><\/li>\n<li><a href=\"http:\/\/naturalezadeasturias.es\/espacios\/visita\/destinos\/MN-cuevas-de-andina.html\"> <span class=\"photo\"><img decoding=\"async\" src=\"http:\/\/naturalezadeasturias.es\/img\/upload\/500x333-mn_cuevas_andina_TA_900_600.jpg\" alt=\"\" \/><\/span> <b><\/b><\/a><\/li>\n<li><a href=\"http:\/\/naturalezadeasturias.es\/espacios\/visita\/destinos\/MN-cuevas-de-andina.html\"><span class=\"info\"><b>Cuevas de Andina<\/b><i>Monumento Natural<\/i><\/span> <\/a><\/li>\n<li><a href=\"http:\/\/naturalezadeasturias.es\/espacios\/visita\/destinos\/MN-entrepenyes-y-playa-de-vega.html\"> <span class=\"photo\"><img decoding=\"async\" src=\"http:\/\/naturalezadeasturias.es\/img\/upload\/500x333-mn_playa_vega_TA_900_600.jpg\" alt=\"\" \/><\/span> <b><\/b><\/a><\/li>\n<li><a href=\"http:\/\/naturalezadeasturias.es\/espacios\/visita\/destinos\/MN-entrepenyes-y-playa-de-vega.html\"><span class=\"info\"><b>Entrepe\u00f1es y Playa de Vega<\/b><i>Monumento Natural<\/i><\/span> <\/a><\/li>\n<li><a href=\"http:\/\/naturalezadeasturias.es\/espacios\/visita\/destinos\/MN-hoces-del-esva.html\"> <span class=\"photo\"><img decoding=\"async\" src=\"http:\/\/naturalezadeasturias.es\/img\/upload\/500x333-mn_hoces_esva_TA_900_600.jpg\" alt=\"\" \/><\/span> <\/a><\/li>\n<li><a href=\"http:\/\/naturalezadeasturias.es\/espacios\/visita\/destinos\/MN-hoces-del-esva.html\"><span class=\"info\"><b>Hoces del Esva<\/b><i>Monumento Natural<\/i><\/span> <\/a><\/li>\n<li><a href=\"http:\/\/naturalezadeasturias.es\/espacios\/visita\/destinos\/MN-isla-la-deva-y-playon-de-bayas.html\"> <span class=\"photo\"><img decoding=\"async\" src=\"http:\/\/naturalezadeasturias.es\/img\/upload\/500x333-mn_deva_bayas_jfsdiaz_900_600.jpg\" alt=\"\" \/><\/span> <\/a><\/li>\n<li><a href=\"http:\/\/naturalezadeasturias.es\/espacios\/visita\/destinos\/MN-isla-la-deva-y-playon-de-bayas.html\"><span class=\"info\"><b>Isla La Deva y Play\u00f3n de Bayas<\/b><i>Monumento Natural<\/i><\/span> <\/a><\/li>\n<li><a href=\"http:\/\/naturalezadeasturias.es\/espacios\/visita\/destinos\/MN-playa-de-frexulfe.html\"> <span class=\"photo\"><img decoding=\"async\" src=\"http:\/\/naturalezadeasturias.es\/img\/upload\/500x333-mn_playa_frexulfe_jfsdiaz_900_600.jpg\" alt=\"\" \/><\/span> <b><\/b><\/a><\/li>\n<li><a href=\"http:\/\/naturalezadeasturias.es\/espacios\/visita\/destinos\/MN-playa-de-frexulfe.html\"><span class=\"info\"><b>Playa de Frexulfe<\/b><i>Monumento Natural<\/i><\/span> <\/a><\/li>\n<li><a href=\"http:\/\/naturalezadeasturias.es\/espacios\/visita\/destinos\/MN-playa-de-gulpiyuri.html\"> <span class=\"photo\"><img decoding=\"async\" src=\"http:\/\/naturalezadeasturias.es\/img\/upload\/500x333-mn_gulpiyuri_TA_900_600.jpg\" alt=\"\" \/><\/span> <b><\/b><\/a><\/li>\n<li><a href=\"http:\/\/naturalezadeasturias.es\/espacios\/visita\/destinos\/MN-playa-de-gulpiyuri.html\"><span class=\"info\"><b>Playa de Gulpiyuri<\/b><i>Monumento Natural<\/i><\/span> <\/a><\/li>\n<li><a href=\"http:\/\/naturalezadeasturias.es\/espacios\/visita\/destinos\/MN-playa-de-penarronda.html\"> <span class=\"photo\"><img decoding=\"async\" src=\"http:\/\/naturalezadeasturias.es\/img\/upload\/500x333-mn_penarronda_TA_900_600.jpg\" alt=\"\" \/><\/span> <b><\/b><\/a><\/li>\n<li><a href=\"http:\/\/naturalezadeasturias.es\/espacios\/visita\/destinos\/MN-playa-de-penarronda.html\"><span class=\"info\"><b>Playa de Penarronda<\/b><i>Monumento Natural<\/i><\/span> <\/a><\/li>\n<li><a href=\"http:\/\/naturalezadeasturias.es\/espacios\/visita\/destinos\/MN-playa-del-espartal.html\"> <span class=\"photo\"><img decoding=\"async\" src=\"http:\/\/naturalezadeasturias.es\/img\/upload\/500x333-mn_playa_espartal_TA_900_600.jpg\" alt=\"\" \/><\/span> <\/a><\/li>\n<li><a href=\"http:\/\/naturalezadeasturias.es\/espacios\/visita\/destinos\/MN-playa-del-espartal.html\"><span class=\"info\"><b>Playa del Espartal<\/b><i>Monumento Natural<\/i><\/span> <\/a><\/li>\n<li><a href=\"http:\/\/naturalezadeasturias.es\/espacios\/visita\/destinos\/MN-turbera-de-las-duenyas.html\"> <span class=\"photo\"><img decoding=\"async\" src=\"http:\/\/naturalezadeasturias.es\/img\/upload\/500x333-1498460155.jpg\" alt=\"\" \/><\/span> <\/a><\/li>\n<li><a href=\"http:\/\/naturalezadeasturias.es\/espacios\/visita\/destinos\/MN-turbera-de-las-duenyas.html\"><span class=\"info\"><b>Turbera de Las Due\u00f1as<\/b><i>Monumento Natural<\/i><\/span> <\/a><\/li>\n<li><a href=\"http:\/\/naturalezadeasturias.es\/espacios\/visita\/destinos\/MN-yacimientos-de-icnitas.html\"> <span class=\"photo\"><img decoding=\"async\" src=\"http:\/\/naturalezadeasturias.es\/img\/upload\/500x333-mn_icnitas_jfsdiaz_900_600.jpg\" alt=\"\" \/><\/span> <b><\/b><\/a><\/li>\n<li><a href=\"http:\/\/naturalezadeasturias.es\/espacios\/visita\/destinos\/MN-yacimientos-de-icnitas.html\"><span class=\"info\"><b>Yacimientos de Icnitas<\/b><i>Monumento Natural<\/i><\/span> <\/a><\/li>\n<li><a href=\"http:\/\/naturalezadeasturias.es\/espacios\/visita\/destinos\/PP-cabo-penyas.html\"> <span class=\"photo\"><img decoding=\"async\" src=\"http:\/\/naturalezadeasturias.es\/img\/upload\/500x333-PP_Cabo_penas_foto4_pescador_JGR.jpg\" alt=\"\" \/><\/span> <b><\/b><\/a><\/li>\n<li><a href=\"http:\/\/naturalezadeasturias.es\/espacios\/visita\/destinos\/PP-cabo-penyas.html\"><span class=\"info\"><b>Cabo Pe\u00f1as<\/b><i>Paisaje Protegido<\/i><\/span> <\/a><\/li>\n<\/ul>\n<\/nav>\n<nav><\/nav>\n","protected":false},"excerpt":{"rendered":"<p>Costa Descubre la costa asturiana con sus acantilados de v\u00e9rtigo, las espectaculares vistas del Paisaje Protegido del Cabo Pe\u00f1as, sus playas paradisiacas y los estuarios de Barayo y la R\u00eda de Villaviciosa, que dan cobijo a multitud de aves. Encuentra el espacio natural que est\u00e1s buscando: Todas Reserva de la Biosfera Parque Nacional Parque Natural [&hellip;]<\/p>\n","protected":false},"author":117,"featured_media":172,"parent":75,"menu_order":0,"comment_status":"closed","ping_status":"closed","template":"","meta":{"footnotes":""},"class_list":["post-160","page","type-page","status-publish","has-post-thumbnail","hentry","post-preview"],"_links":{"self":[{"href":"https:\/\/edublog.educastur.es\/asturies\/wp-json\/wp\/v2\/pages\/160","targetHints":{"allow":["GET"]}}],"collection":[{"href":"https:\/\/edublog.educastur.es\/asturies\/wp-json\/wp\/v2\/pages"}],"about":[{"href":"https:\/\/edublog.educastur.es\/asturies\/wp-json\/wp\/v2\/types\/page"}],"author":[{"embeddable":true,"href":"https:\/\/edublog.educastur.es\/asturies\/wp-json\/wp\/v2\/users\/117"}],"replies":[{"embeddable":true,"href":"https:\/\/edublog.educastur.es\/asturies\/wp-json\/wp\/v2\/comments?post=160"}],"version-history":[{"count":5,"href":"https:\/\/edublog.educastur.es\/asturies\/wp-json\/wp\/v2\/pages\/160\/revisions"}],"predecessor-version":[{"id":184,"href":"https:\/\/edublog.educastur.es\/asturies\/wp-json\/wp\/v2\/pages\/160\/revisions\/184"}],"up":[{"embeddable":true,"href":"https:\/\/edublog.educastur.es\/asturies\/wp-json\/wp\/v2\/pages\/75"}],"wp:featuredmedia":[{"embeddable":true,"href":"https:\/\/edublog.educastur.es\/asturies\/wp-json\/wp\/v2\/media\/172"}],"wp:attachment":[{"href":"https:\/\/edublog.educastur.es\/asturies\/wp-json\/wp\/v2\/media?parent=160"}],"curies":[{"name":"wp","href":"https:\/\/api.w.org\/{rel}","templated":true}]}}