{"id":162,"date":"2020-07-29T08:32:23","date_gmt":"2020-07-29T08:32:23","guid":{"rendered":"https:\/\/edublog.educastur.es\/asturies\/?page_id=162"},"modified":"2020-07-29T08:59:59","modified_gmt":"2020-07-29T08:59:59","slug":"zona-interior-oriental","status":"publish","type":"page","link":"https:\/\/edublog.educastur.es\/asturies\/espacios\/paisajes-protegidos\/zona-interior-oriental\/","title":{"rendered":"Zona interior Oriental"},"content":{"rendered":"<ul>\n<li><a href=\"http:\/\/naturalezadeasturias.es\/espacios\/visita\/oriente\/\">Zona Interior Oriental<\/a><\/li>\n<\/ul>\n<p><em><span style=\"font-size: 14pt\">No te pierdas los emblem\u00e1ticos Picos de Europa, el Parque Natural de Redes con sus magn\u00edficos bosques, refugio de urogallos cant\u00e1bricos, o el Parque Natural de Ponga, con su aut\u00e9ntico encanto rural casi intacto.<\/span><\/em><\/p>\n<ul>\n<li class=\"clearfix\"><a class=\"active\" href=\"http:\/\/naturalezadeasturias.es\/espacios\/visita\/oriente\/#\" data-id=\"0\">Todas<\/a><\/li>\n<li class=\"clearfix\"><a href=\"http:\/\/naturalezadeasturias.es\/espacios\/visita\/oriente\/#\" data-id=\"1\">Reserva de la Biosfera<\/a><\/li>\n<li class=\"clearfix\"><a href=\"http:\/\/naturalezadeasturias.es\/espacios\/visita\/oriente\/#\" data-id=\"2\">Parque Nacional<\/a><\/li>\n<li class=\"clearfix\"><a href=\"http:\/\/naturalezadeasturias.es\/espacios\/visita\/oriente\/#\" data-id=\"3\">Parque Natural<\/a><\/li>\n<li class=\"clearfix\"><a href=\"http:\/\/naturalezadeasturias.es\/espacios\/visita\/oriente\/#\" data-id=\"5\">Reserva Natural<\/a><\/li>\n<li class=\"clearfix\"><a href=\"http:\/\/naturalezadeasturias.es\/espacios\/visita\/oriente\/#\" data-id=\"6\">Monumento Natural<\/a><\/li>\n<li class=\"clearfix\"><a href=\"http:\/\/naturalezadeasturias.es\/espacios\/visita\/oriente\/#\" data-id=\"7\">Paisaje Protegido<\/a><\/li>\n<\/ul>\n<aside><\/aside>\n<ul class=\"clearfix\">\n<li><a href=\"http:\/\/parquenacionalpicoseuropa.es\" target=\"_blank\" rel=\"noopener noreferrer\"> <span class=\"photo\"><img decoding=\"async\" src=\"http:\/\/naturalezadeasturias.es\/img\/upload\/500x333-pn_picos_G_900x600.jpg\" alt=\"\" \/><\/span><\/a><\/li>\n<li><a href=\"http:\/\/parquenacionalpicoseuropa.es\" target=\"_blank\" rel=\"noopener noreferrer\"> <span class=\"info\"><b>Picos de Europa<\/b><i>Parque Nacional y Reserva de la Biosfera<\/i><\/span> <\/a><\/li>\n<li><a href=\"http:\/\/naturalezadeasturias.es\/espacios\/visita\/destinos\/PN-ponga.html\"> <span class=\"photo\"><img decoding=\"async\" src=\"http:\/\/naturalezadeasturias.es\/img\/upload\/500x333-pn_ponga_foto3_viboli_horreos_beyuscos_AT.jpg\" alt=\"\" \/><\/span> <b><\/b><\/a><\/li>\n<li><a href=\"http:\/\/naturalezadeasturias.es\/espacios\/visita\/destinos\/PN-ponga.html\"><span class=\"info\"><b>Ponga<\/b><i>Parque Natural y Reserva de la Biosfera<\/i><\/span> <\/a><\/li>\n<li><a href=\"http:\/\/naturalezadeasturias.es\/espacios\/visita\/destinos\/PN-redes.html\"> <span class=\"photo\"><img decoding=\"async\" src=\"http:\/\/naturalezadeasturias.es\/img\/upload\/500x333-pn_redes_foto3_rioseco_MSC.jpg\" alt=\"\" \/><\/span> <b><\/b><\/a><\/li>\n<li><a href=\"http:\/\/naturalezadeasturias.es\/espacios\/visita\/destinos\/PN-redes.html\"><span class=\"info\"><b>Redes<\/b><i>Parque Natural y Reserva de la Biosfera<\/i><\/span> <\/a><\/li>\n<li><a href=\"http:\/\/naturalezadeasturias.es\/espacios\/visita\/destinos\/MN-cueva-deboyo.html\"> <span class=\"photo\"><img decoding=\"async\" src=\"http:\/\/naturalezadeasturias.es\/img\/upload\/500x333-mn_Cueva_Devoyo_MSC_900_600.jpg\" alt=\"\" \/><\/span> <b><\/b><\/a><\/li>\n<li><a href=\"http:\/\/naturalezadeasturias.es\/espacios\/visita\/destinos\/MN-cueva-deboyo.html\"><span class=\"info\"><b>Cueva Deboyo<\/b><i>Monumento Natural<\/i><\/span> <\/a><\/li>\n<li><a href=\"http:\/\/naturalezadeasturias.es\/espacios\/visita\/destinos\/MN-ruta-del-alba.html\"> <span class=\"photo\"><img decoding=\"async\" src=\"http:\/\/naturalezadeasturias.es\/img\/upload\/500x333-mn_ruta_alba_F_900_600.jpg\" alt=\"\" \/><\/span> <\/a><\/li>\n<li><a href=\"http:\/\/naturalezadeasturias.es\/espacios\/visita\/destinos\/MN-ruta-del-alba.html\"><span class=\"info\"><b>Ruta del Alba<\/b><i>Monumento Natural<\/i><\/span> <\/a><\/li>\n<li><a href=\"http:\/\/naturalezadeasturias.es\/espacios\/visita\/destinos\/MN-saucedas-de-buelles.html\"> <span class=\"photo\"><img decoding=\"async\" src=\"http:\/\/naturalezadeasturias.es\/img\/upload\/500x333-mn_sauceda_buelles_TA_900_600.jpg\" alt=\"\" \/><\/span> <b><\/b><\/a><\/li>\n<li><a href=\"http:\/\/naturalezadeasturias.es\/espacios\/visita\/destinos\/MN-saucedas-de-buelles.html\"><span class=\"info\"><b>Saucedas de Buelles<\/b><i>Monumento Natural<\/i><\/span> <\/a><\/li>\n<li><a href=\"http:\/\/naturalezadeasturias.es\/espacios\/visita\/destinos\/MN-tabayon-de-mongayo.html\"> <span class=\"photo\"><img decoding=\"async\" src=\"http:\/\/naturalezadeasturias.es\/img\/upload\/500x333-mn_tabayon_JFS_900_600.jpg\" alt=\"\" \/><\/span> <b><\/b><\/a><\/li>\n<li><a href=\"http:\/\/naturalezadeasturias.es\/espacios\/visita\/destinos\/MN-tabayon-de-mongayo.html\"><span class=\"info\"><b>Tabay\u00f3n de Mongayo<\/b><i>Monumento Natural<\/i><\/span> <\/a><\/li>\n<\/ul>\n","protected":false},"excerpt":{"rendered":"<p>Zona Interior Oriental No te pierdas los emblem\u00e1ticos Picos de Europa, el Parque Natural de Redes con sus magn\u00edficos bosques, refugio de urogallos cant\u00e1bricos, o el Parque Natural de Ponga, con su aut\u00e9ntico encanto rural casi intacto. Todas Reserva de la Biosfera Parque Nacional Parque Natural Reserva Natural Monumento Natural Paisaje Protegido Picos de EuropaParque [&hellip;]<\/p>\n","protected":false},"author":117,"featured_media":181,"parent":75,"menu_order":0,"comment_status":"closed","ping_status":"closed","template":"","meta":{"footnotes":""},"class_list":["post-162","page","type-page","status-publish","has-post-thumbnail","hentry","post-preview"],"_links":{"self":[{"href":"https:\/\/edublog.educastur.es\/asturies\/wp-json\/wp\/v2\/pages\/162","targetHints":{"allow":["GET"]}}],"collection":[{"href":"https:\/\/edublog.educastur.es\/asturies\/wp-json\/wp\/v2\/pages"}],"about":[{"href":"https:\/\/edublog.educastur.es\/asturies\/wp-json\/wp\/v2\/types\/page"}],"author":[{"embeddable":true,"href":"https:\/\/edublog.educastur.es\/asturies\/wp-json\/wp\/v2\/users\/117"}],"replies":[{"embeddable":true,"href":"https:\/\/edublog.educastur.es\/asturies\/wp-json\/wp\/v2\/comments?post=162"}],"version-history":[{"count":4,"href":"https:\/\/edublog.educastur.es\/asturies\/wp-json\/wp\/v2\/pages\/162\/revisions"}],"predecessor-version":[{"id":187,"href":"https:\/\/edublog.educastur.es\/asturies\/wp-json\/wp\/v2\/pages\/162\/revisions\/187"}],"up":[{"embeddable":true,"href":"https:\/\/edublog.educastur.es\/asturies\/wp-json\/wp\/v2\/pages\/75"}],"wp:featuredmedia":[{"embeddable":true,"href":"https:\/\/edublog.educastur.es\/asturies\/wp-json\/wp\/v2\/media\/181"}],"wp:attachment":[{"href":"https:\/\/edublog.educastur.es\/asturies\/wp-json\/wp\/v2\/media?parent=162"}],"curies":[{"name":"wp","href":"https:\/\/api.w.org\/{rel}","templated":true}]}}