{"id":166,"date":"2020-07-29T08:32:51","date_gmt":"2020-07-29T08:32:51","guid":{"rendered":"https:\/\/edublog.educastur.es\/asturies\/?page_id=166"},"modified":"2020-07-29T08:58:07","modified_gmt":"2020-07-29T08:58:07","slug":"zona-interior-occidental","status":"publish","type":"page","link":"https:\/\/edublog.educastur.es\/asturies\/espacios\/paisajes-protegidos\/zona-interior-occidental\/","title":{"rendered":"Zona interior Occidental"},"content":{"rendered":"<ul>\n<li><a href=\"http:\/\/naturalezadeasturias.es\/espacios\/visita\/occidente\/\"><em><span style=\"font-size: 14pt\">Zona Interior Occidental<\/span><\/em><\/a><\/li>\n<\/ul>\n<p>Magn\u00edficos bosques aut\u00f3ctonos como la Reserva Natural Integral de Muniellos y los Parques Naturales de Somiedo y de Fuentes del Narcea, Dega\u00f1a e Ibias, refugio del emblem\u00e1tico oso pardo y guardianes de la etnograf\u00eda m\u00e1s aut\u00e9ntica.<\/p>\n<aside><\/aside>\n<ul>\n<li class=\"clearfix\"><a class=\"active\" href=\"http:\/\/naturalezadeasturias.es\/espacios\/visita\/occidente\/#\" data-id=\"0\">Todas<\/a><\/li>\n<li class=\"clearfix\"><a href=\"http:\/\/naturalezadeasturias.es\/espacios\/visita\/occidente\/#\" data-id=\"1\">Reserva de la Biosfera<\/a><\/li>\n<li class=\"clearfix\"><a href=\"http:\/\/naturalezadeasturias.es\/espacios\/visita\/occidente\/#\" data-id=\"2\">Parque Nacional<\/a><\/li>\n<li class=\"clearfix\"><a href=\"http:\/\/naturalezadeasturias.es\/espacios\/visita\/occidente\/#\" data-id=\"3\">Parque Natural<\/a><\/li>\n<li class=\"clearfix\"><a href=\"http:\/\/naturalezadeasturias.es\/espacios\/visita\/occidente\/#\" data-id=\"5\">Reserva Natural<\/a><\/li>\n<li class=\"clearfix\"><a href=\"http:\/\/naturalezadeasturias.es\/espacios\/visita\/occidente\/#\" data-id=\"6\">Monumento Natural<\/a><\/li>\n<li class=\"clearfix\"><a href=\"http:\/\/naturalezadeasturias.es\/espacios\/visita\/occidente\/#\" data-id=\"7\">Paisaje Protegido<\/a><\/li>\n<\/ul>\n<aside><\/aside>\n<ul class=\"clearfix\">\n<li><a href=\"http:\/\/naturalezadeasturias.es\/espacios\/visita\/destinos\/PN-fuentes-del-narcea-deganya-e-ibias.html\"> <span class=\"photo\"><img decoding=\"async\" src=\"http:\/\/naturalezadeasturias.es\/img\/upload\/500x333-1494235787.jpg\" alt=\"\" \/><\/span> <b><\/b><\/a><\/li>\n<li><a href=\"http:\/\/naturalezadeasturias.es\/espacios\/visita\/destinos\/PN-fuentes-del-narcea-deganya-e-ibias.html\"><span class=\"info\"><b>Fuentes del Narcea, Dega\u00f1a e Ibias<\/b><i>Parque Natural y Reserva de la Biosfera<\/i><\/span> <\/a><\/li>\n<li><a href=\"http:\/\/naturalezadeasturias.es\/espacios\/visita\/destinos\/RB-oscos-eo.html\"> <span class=\"photo\"><img decoding=\"async\" src=\"http:\/\/naturalezadeasturias.es\/img\/upload\/500x333-rb_oscos_foto1_ria_eo_CEDER_900x600.jpg\" alt=\"\" \/><\/span> <\/a><\/li>\n<li><a href=\"http:\/\/naturalezadeasturias.es\/espacios\/visita\/destinos\/RB-oscos-eo.html\"><span class=\"info\"><b>R\u00edo Eo, Oscos y Terras de Bur\u00f3n<\/b><i>Reserva de la Biosfera<\/i><\/span> <\/a><\/li>\n<li><a href=\"http:\/\/naturalezadeasturias.es\/espacios\/visita\/destinos\/PN-somiedo.html\"> <span class=\"photo\"><img decoding=\"async\" src=\"http:\/\/naturalezadeasturias.es\/img\/upload\/500x333-pn_somiedo_foto3_centaura_jj.jpg\" alt=\"\" \/><\/span> <b><\/b><\/a><\/li>\n<li><a href=\"http:\/\/naturalezadeasturias.es\/espacios\/visita\/destinos\/PN-somiedo.html\"><span class=\"info\"><b>Somiedo<\/b><i>Parque Natural y Reserva de la Biosfera<\/i><\/span> <\/a><\/li>\n<li><a href=\"http:\/\/naturalezadeasturias.es\/espacios\/visita\/destinos\/RNI-muniellos.html\"> <span class=\"photo\"><img decoding=\"async\" src=\"http:\/\/naturalezadeasturias.es\/img\/upload\/500x333-RNI_muniellos_foto2_rio_muniellos_GDR.jpg\" alt=\"\" \/><\/span> <\/a><\/li>\n<li><a href=\"http:\/\/naturalezadeasturias.es\/espacios\/visita\/destinos\/RNI-muniellos.html\"><span class=\"info\"><b>Muniellos<\/b><i>Reserva Natural Integral<\/i><\/span> <\/a><\/li>\n<li><a href=\"http:\/\/naturalezadeasturias.es\/espacios\/visita\/destinos\/MN-alcornocal-de-boxo.html\"> <span class=\"photo\"><img decoding=\"async\" src=\"http:\/\/naturalezadeasturias.es\/img\/upload\/500x333-mn_boxo_jfsdiaz_900_600.jpg\" alt=\"\" \/><\/span> <\/a><\/li>\n<li><a href=\"http:\/\/naturalezadeasturias.es\/espacios\/visita\/destinos\/MN-alcornocal-de-boxo.html\"><span class=\"info\"><b>Alcornocal de Boxo<\/b><i>Monumento Natural<\/i><\/span> <\/a><\/li>\n<li><a href=\"http:\/\/naturalezadeasturias.es\/espacios\/visita\/destinos\/MN-carbayon-de-valentin.html\"> <span class=\"photo\"><img decoding=\"async\" src=\"http:\/\/naturalezadeasturias.es\/img\/upload\/500x333-mn_carbayon_de_valentin_TA_900_600.jpg\" alt=\"\" \/><\/span> <\/a><\/li>\n<li><a href=\"http:\/\/naturalezadeasturias.es\/espacios\/visita\/destinos\/MN-carbayon-de-valentin.html\"><span class=\"info\"><b>Carbay\u00f3n de Valent\u00edn<\/b><i>Monumento Natural<\/i><\/span> <\/a><\/li>\n<li><a href=\"http:\/\/naturalezadeasturias.es\/espacios\/visita\/destinos\/MN-cascadas-de-oneta.html\"> <span class=\"photo\"><img decoding=\"async\" src=\"http:\/\/naturalezadeasturias.es\/img\/upload\/500x333-mn_cascadas_oneta_TA_900_600.jpg\" alt=\"\" \/><\/span> <\/a><\/li>\n<li><a href=\"http:\/\/naturalezadeasturias.es\/espacios\/visita\/destinos\/MN-cascadas-de-oneta.html\"><span class=\"info\"><b>Cascadas de Oneta<\/b><i>Monumento Natural<\/i><\/span> <\/a><\/li>\n<li><a href=\"http:\/\/naturalezadeasturias.es\/espacios\/visita\/destinos\/MN-conjunto-lacustre-de-somiedo.html\"> <span class=\"photo\"><img decoding=\"async\" src=\"http:\/\/naturalezadeasturias.es\/img\/upload\/500x333-mn_lagos_somiedo_lago_negro_TA_900_600.jpg\" alt=\"\" \/><\/span> <\/a><\/li>\n<li><a href=\"http:\/\/naturalezadeasturias.es\/espacios\/visita\/destinos\/MN-conjunto-lacustre-de-somiedo.html\"><span class=\"info\"><b>Conjunto Lacustre de Somiedo<\/b><i>Monumento Natural<\/i><\/span> <\/a><\/li>\n<li><a href=\"http:\/\/naturalezadeasturias.es\/espacios\/visita\/destinos\/MN-tejo-de-lago.html\"> <span class=\"photo\"><img decoding=\"async\" src=\"http:\/\/naturalezadeasturias.es\/img\/upload\/500x333-mn_tejo_lago_TA_900_600.jpg\" alt=\"\" \/><\/span> <b><\/b><\/a><\/li>\n<li><a href=\"http:\/\/naturalezadeasturias.es\/espacios\/visita\/destinos\/MN-tejo-de-lago.html\"><span class=\"info\"><b>Tejo de Lago<\/b><i>Monumento Natural<\/i><\/span> <\/a><\/li>\n<li><a href=\"http:\/\/naturalezadeasturias.es\/espacios\/visita\/destinos\/MN-tejo-de-pastur.html\"> <span class=\"photo\"><img decoding=\"async\" src=\"http:\/\/naturalezadeasturias.es\/img\/upload\/500x333-mn_tejo_pastur_F_900_600.jpg\" alt=\"\" \/><\/span> <\/a><\/li>\n<li><a href=\"http:\/\/naturalezadeasturias.es\/espacios\/visita\/destinos\/MN-tejo-de-pastur.html\"><span class=\"info\"><b>Tejo de Pastur<\/b><i>Monumento Natural<\/i><\/span> <\/a><\/li>\n<li><a href=\"http:\/\/naturalezadeasturias.es\/espacios\/visita\/destinos\/MN-tejo-de-salas.html\"> <span class=\"photo\"><img decoding=\"async\" src=\"http:\/\/naturalezadeasturias.es\/img\/upload\/500x333-mn_tejo_salas_TA_900_600.jpg\" alt=\"\" \/><\/span> <\/a><\/li>\n<li><a href=\"http:\/\/naturalezadeasturias.es\/espacios\/visita\/destinos\/MN-tejo-de-salas.html\"><span class=\"info\"><b>Tejo de Salas<\/b><i>Monumento Natural<\/i><\/span> <\/a><\/li>\n<li><a href=\"http:\/\/naturalezadeasturias.es\/espacios\/visita\/destinos\/MN-tejo-de-santa-coloma.html\"> <span class=\"photo\"><img decoding=\"async\" src=\"http:\/\/naturalezadeasturias.es\/img\/upload\/500x333-mn_tejo_santa_coloma_2_F_900_600.jpg\" alt=\"\" \/><\/span> <b><\/b><\/a><\/li>\n<li><a href=\"http:\/\/naturalezadeasturias.es\/espacios\/visita\/destinos\/MN-tejo-de-santa-coloma.html\"><span class=\"info\"><b>Tejo de Santa Coloma<\/b><i>Monumento Natural<\/i><\/span> <\/a><\/li>\n<\/ul>\n<p>&nbsp;<\/p>\n","protected":false},"excerpt":{"rendered":"<p>Zona Interior Occidental Magn\u00edficos bosques aut\u00f3ctonos como la Reserva Natural Integral de Muniellos y los Parques Naturales de Somiedo y de Fuentes del Narcea, Dega\u00f1a e Ibias, refugio del emblem\u00e1tico oso pardo y guardianes de la etnograf\u00eda m\u00e1s aut\u00e9ntica. Todas Reserva de la Biosfera Parque Nacional Parque Natural Reserva Natural Monumento Natural Paisaje Protegido Fuentes [&hellip;]<\/p>\n","protected":false},"author":117,"featured_media":0,"parent":75,"menu_order":0,"comment_status":"closed","ping_status":"closed","template":"","meta":{"footnotes":""},"class_list":["post-166","page","type-page","status-publish","hentry","post-preview"],"_links":{"self":[{"href":"https:\/\/edublog.educastur.es\/asturies\/wp-json\/wp\/v2\/pages\/166","targetHints":{"allow":["GET"]}}],"collection":[{"href":"https:\/\/edublog.educastur.es\/asturies\/wp-json\/wp\/v2\/pages"}],"about":[{"href":"https:\/\/edublog.educastur.es\/asturies\/wp-json\/wp\/v2\/types\/page"}],"author":[{"embeddable":true,"href":"https:\/\/edublog.educastur.es\/asturies\/wp-json\/wp\/v2\/users\/117"}],"replies":[{"embeddable":true,"href":"https:\/\/edublog.educastur.es\/asturies\/wp-json\/wp\/v2\/comments?post=166"}],"version-history":[{"count":4,"href":"https:\/\/edublog.educastur.es\/asturies\/wp-json\/wp\/v2\/pages\/166\/revisions"}],"predecessor-version":[{"id":186,"href":"https:\/\/edublog.educastur.es\/asturies\/wp-json\/wp\/v2\/pages\/166\/revisions\/186"}],"up":[{"embeddable":true,"href":"https:\/\/edublog.educastur.es\/asturies\/wp-json\/wp\/v2\/pages\/75"}],"wp:attachment":[{"href":"https:\/\/edublog.educastur.es\/asturies\/wp-json\/wp\/v2\/media?parent=166"}],"curies":[{"name":"wp","href":"https:\/\/api.w.org\/{rel}","templated":true}]}}