{"id":196,"date":"2020-07-29T09:05:30","date_gmt":"2020-07-29T09:05:30","guid":{"rendered":"https:\/\/edublog.educastur.es\/asturies\/?page_id=196"},"modified":"2020-07-29T09:11:19","modified_gmt":"2020-07-29T09:11:19","slug":"internacional","status":"publish","type":"page","link":"https:\/\/edublog.educastur.es\/asturies\/turismo-campanas\/internacional\/","title":{"rendered":"Internacional"},"content":{"rendered":"<div class=\"page-title-wrapper\">\n<div class=\"page-title\">\n<div class=\"title-wrapper\">\n<div class=\"title\"><a href=\"https:\/\/www.turismoasturias.es\/web\/infoasturiasempresas\/campanas\/campana-internacional?doAsUserId=4IA8To1B\"><strong>Campa\u00f1a tur\u00edstica internacional<\/strong><\/a><\/div>\n<\/div>\n<\/div>\n<\/div>\n<div class=\"portlet-layout\">\n<div id=\"column-1\" class=\"portlet-column portlet-column-only\">\n<div class=\"box-detail-wrapper box-wrapper\">\n<div class=\"box-detail box\">\n<div id=\"layout-column_column-1\" class=\"portlet-dropzone portlet-column-content portlet-column-content-only\">\n<div id=\"p_p_id_118_INSTANCE_XmAVpr4bi1Xi_\" class=\"portlet-boundary portlet-boundary_118_ portlet-static portlet-static-end portlet-borderless portlet-nested-portlets \">\n<p>&nbsp;<\/p>\n<div class=\"portlet-body\">\n<div class=\"portlet-borderless-container\">\n<div class=\"portlet-body\">\n<div id=\"_118_INSTANCE_XmAVpr4bi1Xi_main-content\" class=\"columns-2\" role=\"main\">\n<div class=\"portlet-layout\">\n<div id=\"_118_INSTANCE_XmAVpr4bi1Xi_column-1\" class=\"aui-w50 portlet-column portlet-column-first\">\n<div id=\"layout-column__118_INSTANCE_XmAVpr4bi1Xi__column-1\" class=\"portlet-dropzone portlet-column-content portlet-column-content-first\">\n<div id=\"p_p_id_56_INSTANCE_Vrbox19L3mS8_\" class=\"portlet-boundary portlet-boundary_56_ portlet-static portlet-static-end portlet-borderless portlet-journal-content \">\n<p>&nbsp;<\/p>\n<div class=\"portlet-body\">\n<div class=\"portlet-borderless-container\">\n<div class=\"portlet-body\">\n<div id=\"article_10558_402739_540246_1.1\" class=\"journal-content-article\">\n<div class=\"box-main-content-wrapper box-wrapper\">\n<div class=\"box-main-content\">\n<div class=\"intro-wrapper\"><span class=\"intro-title\">I need Spain, I need Asturias<\/span><\/div>\n<div class=\"paragraph\">\n<div class=\"documents\">\n<p>Hay un lugar en el norte de Espa\u00f1a donde no tienes que escoger entre mar y monta\u00f1a, donde puedes compartir camino con osos y pastores, donde la gastronom\u00eda adquiere el grado de cultura\u2026 Si buscas un lugar aut\u00e9ntico, respetuoso con sus tradiciones, fiel al estilo de vida espa\u00f1ol pero alejado de la masificaci\u00f3n\u2026<\/p>\n<p><strong>Necesitas Asturias.<\/strong><\/p>\n<p>Asturias se suma a la <strong>campa\u00f1a de Turespa\u00f1a \u00abI Need Spain\u00bb<\/strong>, y protagoniza por primera vez durante 2014 acciones de promoci\u00f3n internacional en todo tipo de soportes: revistas especializadas, vallas, metro, taxis, autobuses, portales de internet, prensa&#8230; Una apuesta por llegar con los valores m\u00e1s relevantes del Principado al p\u00fablico de sus principales mercados: Francia, Reino Unido y Alemania.<\/p>\n<\/div>\n<\/div>\n<div class=\"paragraph\">\n<div class=\"documents\">\n<div class=\"separator-section\">\n<p><strong>\u00abPaisajes donde el hombre comparte camino con los osos\u00bb<\/strong><\/p>\n<p>Porque en Asturias la naturaleza siempre ha formado parte de nuestro modo de vida.<\/p>\n<p><img decoding=\"async\" title=\"Campa\u00f1a Internacional - Naturaleza\" src=\"https:\/\/www.turismoasturias.es\/documents\/11022\/484805\/Somiedo-principal_ES.jpg\/6156bcd8-2542-41f6-a539-80363b680a91?t=1401350020085\" alt=\"Campa\u00f1a Internacional - Naturaleza\" \/><\/p>\n<p><strong>\u00abMar o monta\u00f1a. A veces la elecci\u00f3n es no elegir\u00bb<\/strong><\/p>\n<p>Porque en Asturias es posible pasar de 2.000 metros de altitud a una playa en menos de una hora de conducci\u00f3n.<\/p>\n<p><img decoding=\"async\" title=\"Campa\u00f1a Internacional - Senderismo\" src=\"https:\/\/www.turismoasturias.es\/documents\/11022\/484805\/Totanda-principal_ES.jpg\/1a173be1-9749-4159-8a4c-0dc5b257f6a1?t=1401350020331\" alt=\"Campa\u00f1a Internacional - Senderismo\" \/><\/p>\n<p><strong>\u00abDescubre un para\u00edso donde la manzana no es pecado, sino cultura\u00bb<\/strong><\/p>\n<p>Porque en Asturias la sidra m\u00e1s que una tradici\u00f3n es un rito.<\/p>\n<p><img decoding=\"async\" title=\"Campa\u00f1a Internacional - Gastronom\u00eda\" src=\"https:\/\/www.turismoasturias.es\/documents\/11022\/484805\/Luarca-principal_ES.jpg\/96e5880f-ad2e-4b42-94b0-fa6c32dbd483?t=1401350019808\" alt=\"Campa\u00f1a Internacional - Gastronom\u00eda\" \/><\/p>\n<p>&nbsp;<\/p>\n<\/div>\n<\/div>\n<\/div>\n<\/div>\n<\/div>\n<\/div>\n<\/div>\n<\/div>\n<\/div>\n<\/div>\n<\/div>\n<\/div>\n<div id=\"_118_INSTANCE_XmAVpr4bi1Xi_column-2\" class=\"aui-w50 portlet-column portlet-column-last\">\n<div id=\"layout-column__118_INSTANCE_XmAVpr4bi1Xi__column-2\" class=\"portlet-dropzone portlet-column-content portlet-column-content-last\">\n<div id=\"p_p_id_56_INSTANCE_Xpq6b4EpJkoc_\" class=\"portlet-boundary portlet-boundary_56_ portlet-static portlet-static-end portlet-borderless portlet-journal-content \">\n<p>&nbsp;<\/p>\n<div class=\"portlet-body\">\n<div class=\"portlet-borderless-container\">\n<div class=\"portlet-body\">\n<div id=\"article_10558_402739_540253_1.1\" class=\"journal-content-article\">\n<div class=\"box-main-content-wrapper box-wrapper\">\n<div class=\"box-main-content\">\n<div class=\"paragraph\">\n<div class=\"documents\">\n<p><img decoding=\"async\" title=\"Campa\u00f1a Internacional en Reino Unido\" src=\"https:\/\/www.turismoasturias.es\/documents\/11022\/484805\/Somiedo_Vertical.jpg\/9fc81005-880e-4b8c-a029-184cee6a7ffe?t=1401351996522\" alt=\"Campa\u00f1a Internacional en Reino Unido\" \/><\/p>\n<p><img decoding=\"async\" title=\"Campa\u00f1a Internacional en Alemania\" src=\"https:\/\/www.turismoasturias.es\/documents\/11022\/484805\/Toranda_Vertical.jpg\/85ce1fa9-0b09-40a3-a708-067cdbb58d13?t=1401351996796\" alt=\"Campa\u00f1a Internacional en Alemania\" \/><\/p>\n<p><img decoding=\"async\" title=\"Campa\u00f1a Internacional en Francia\" src=\"https:\/\/www.turismoasturias.es\/documents\/11022\/484805\/Luarca_Vertical.jpg\/e9271985-e712-4d8e-aac8-953857f8b4dc?t=1401361362186\" alt=\"Campa\u00f1a Internacional en Francia\" \/><\/p>\n<div class=\"separator-section\">\n<\/div>\n<\/div>\n<\/div>\n<\/div>\n<\/div>\n<\/div>\n<\/div>\n<\/div>\n<\/div>\n<\/div>\n<\/div>\n<\/div>\n<\/div>\n<\/div>\n<\/div>\n<\/div>\n<\/div>\n<\/div>\n<\/div>\n<\/div>\n<\/div>\n<\/div>\n<\/div>\n","protected":false},"excerpt":{"rendered":"<p>Campa\u00f1a tur\u00edstica internacional &nbsp; &nbsp; I need Spain, I need Asturias Hay un lugar en el norte de Espa\u00f1a donde no tienes que escoger entre mar y monta\u00f1a, donde puedes compartir camino con osos y pastores, donde la gastronom\u00eda adquiere el grado de cultura\u2026 Si buscas un lugar aut\u00e9ntico, respetuoso con sus tradiciones, fiel al [&hellip;]<\/p>\n","protected":false},"author":117,"featured_media":0,"parent":51,"menu_order":0,"comment_status":"closed","ping_status":"closed","template":"","meta":{"footnotes":""},"class_list":["post-196","page","type-page","status-publish","hentry","post-preview"],"_links":{"self":[{"href":"https:\/\/edublog.educastur.es\/asturies\/wp-json\/wp\/v2\/pages\/196","targetHints":{"allow":["GET"]}}],"collection":[{"href":"https:\/\/edublog.educastur.es\/asturies\/wp-json\/wp\/v2\/pages"}],"about":[{"href":"https:\/\/edublog.educastur.es\/asturies\/wp-json\/wp\/v2\/types\/page"}],"author":[{"embeddable":true,"href":"https:\/\/edublog.educastur.es\/asturies\/wp-json\/wp\/v2\/users\/117"}],"replies":[{"embeddable":true,"href":"https:\/\/edublog.educastur.es\/asturies\/wp-json\/wp\/v2\/comments?post=196"}],"version-history":[{"count":4,"href":"https:\/\/edublog.educastur.es\/asturies\/wp-json\/wp\/v2\/pages\/196\/revisions"}],"predecessor-version":[{"id":202,"href":"https:\/\/edublog.educastur.es\/asturies\/wp-json\/wp\/v2\/pages\/196\/revisions\/202"}],"up":[{"embeddable":true,"href":"https:\/\/edublog.educastur.es\/asturies\/wp-json\/wp\/v2\/pages\/51"}],"wp:attachment":[{"href":"https:\/\/edublog.educastur.es\/asturies\/wp-json\/wp\/v2\/media?parent=196"}],"curies":[{"name":"wp","href":"https:\/\/api.w.org\/{rel}","templated":true}]}}