{"id":293,"date":"2021-01-29T22:18:04","date_gmt":"2021-01-29T22:18:04","guid":{"rendered":"https:\/\/edublog.educastur.es\/asturies\/?page_id=293"},"modified":"2021-01-29T22:19:21","modified_gmt":"2021-01-29T22:19:21","slug":"molinos","status":"publish","type":"page","link":"https:\/\/edublog.educastur.es\/asturies\/construcciones\/molinos\/","title":{"rendered":"Molinos"},"content":{"rendered":"<p><a href=\"https:\/\/scontent.fmad7-1.fna.fbcdn.net\/v\/t1.0-9\/142433347_4396651343695122_1972906808277723890_o.jpg?_nc_cat=108&amp;ccb=2&amp;_nc_sid=8bfeb9&amp;_nc_ohc=XA_chlHLMaYAX-qIsh6&amp;_nc_ht=scontent.fmad7-1.fna&amp;oh=5a0ae60d52cc595ae226440dabc5de3d&amp;oe=6039BE2F\"><img loading=\"lazy\" decoding=\"async\" class=\"aligncenter\" src=\"https:\/\/scontent.fmad7-1.fna.fbcdn.net\/v\/t1.0-9\/142433347_4396651343695122_1972906808277723890_o.jpg?_nc_cat=108&amp;ccb=2&amp;_nc_sid=8bfeb9&amp;_nc_ohc=XA_chlHLMaYAX-qIsh6&amp;_nc_ht=scontent.fmad7-1.fna&amp;oh=5a0ae60d52cc595ae226440dabc5de3d&amp;oe=6039BE2F\" alt=\"\" width=\"404\" height=\"538\" \/><\/a><a href=\"https:\/\/scontent.fmad7-1.fna.fbcdn.net\/v\/t1.0-9\/142433347_4396651343695122_1972906808277723890_o.jpg?_nc_cat=108&amp;ccb=2&amp;_nc_sid=8bfeb9&amp;_nc_ohc=XA_chlHLMaYAX-qIsh6&amp;_nc_ht=scontent.fmad7-1.fna&amp;oh=5a0ae60d52cc595ae226440dabc5de3d&amp;oe=6039BE2F\">\u00a0<\/a><\/p>\n<div class=\"buofh1pr\">\n<div class=\"j83agx80 cbu4d94t ew0dbk1b irj2b8pg\">\n<div class=\"qzhwtbm6 knvmm38d\">\n<div class=\"aahdfvyu\">\n<div class=\"nc684nl6\"><a class=\"oajrlxb2 g5ia77u1 qu0x051f esr5mh6w e9989ue4 r7d6kgcz rq0escxv nhd2j8a9 nc684nl6 p7hjln8o kvgmc6g5 cxmmr5t8 oygrvhab hcukyx3x jb3vyjys rz4wbd8a qt6c0cv9 a8nywdso i1ao9s8h esuyzwwr f1sip0of lzcic4wl oo9gr5id gpro0wi8 lrazzd5p\" role=\"link\" href=\"https:\/\/www.facebook.com\/recpueblosypaisajes\/?__cft__[0]=AZUN3XDjKqg1tM4-dv1zOg6YmWHmkzRsuYMi2Vs5k5qKyUlda2xknpkub24_Fpf4cQB9BLOcG4QjTn7VGUjWsJcVD5neITvj8hEo26jdI8FyzAaOZ73lstM2GkyK6AVn4vEcoYagODdCnO_YdJYmE1WrmtQFNCMwTrFtOpWYwQMpwg&amp;__tn__=-UC*F\">Recuerdos, Pueblos y Paisajes<\/a><\/div>\n<\/div>\n<\/div>\n<div class=\"qzhwtbm6 knvmm38d\"><span class=\"d2edcug0 hpfvmrgz qv66sw1b c1et5uql rrkovp55 a8c37x1j keod5gw0 nxhoafnm aigsh9s9 d9wwppkn fe6kdd0r mau55g9w c8b282yb mdeji52x e9vueds3 j5wam9gi knj5qynh m9osqain hzawbc8m\" dir=\"auto\"><span class=\"tojvnm2t a6sixzi8 abs2jz4q a8s20v7p t1p8iaqh k5wvi7nf q3lfd5jv pk4s997a bipmatt0 cebpdrjk qowsmv63 owwhemhu dp1hu0rb dhp61c6y iyyx5f41\"><a class=\"oajrlxb2 g5ia77u1 qu0x051f esr5mh6w e9989ue4 r7d6kgcz rq0escxv nhd2j8a9 nc684nl6 p7hjln8o kvgmc6g5 cxmmr5t8 oygrvhab hcukyx3x jb3vyjys rz4wbd8a qt6c0cv9 a8nywdso i1ao9s8h esuyzwwr f1sip0of lzcic4wl gmql0nx0 gpro0wi8 b1v8xokw\" role=\"link\" href=\"https:\/\/www.facebook.com\/recpueblosypaisajes\/posts\/4396651520361771?__cft__[0]=AZUN3XDjKqg1tM4-dv1zOg6YmWHmkzRsuYMi2Vs5k5qKyUlda2xknpkub24_Fpf4cQB9BLOcG4QjTn7VGUjWsJcVD5neITvj8hEo26jdI8FyzAaOZ73lstM2GkyK6AVn4vEcoYagODdCnO_YdJYmE1WrmtQFNCMwTrFtOpWYwQMpwg&amp;__tn__=%2CO*F\" aria-label=\"3 d\"><span class=\"j1lvzwm4 stjgntxs ni8dbmo4 q9uorilb gpro0wi8\"><span class=\"b6zbclly myohyog2 l9j0dhe7 aenfhxwr l94mrbxd ihxqhq3m nc684nl6 t5a262vz sdhka5h4\">2m6\u00a0dtmghermtS\u00a0fpscgSueSnoeromuhnS\u00a0usa\u00a0olasha\u00a020ort:2e8di<\/span><\/span><\/a><\/span><span class=\"jpp8pzdo\"><span class=\"rfua0xdk pmk7jnqg stjgntxs ni8dbmo4 ay7djpcl q45zohi1\">\u00a0<\/span><span aria-hidden=\"true\"> \u00b7 <\/span><\/span><i class=\"hu5pjgll m6k467ps sp_VuGyg3e-QV5 sx_c7992c\" aria-label=\"Compartido con: P\u00fablico\"><\/i><\/span><\/div>\n<\/div>\n<\/div>\n<div class=\"nqmvxvec j83agx80 jnigpg78 cxgpxx05 dflh9lhu sj5x9vvc scb9dxdr odw8uiq3\"><\/div>\n<div class=\"a8nywdso j7796vcc rz4wbd8a l29c1vbm\"><span class=\"d2edcug0 hpfvmrgz qv66sw1b c1et5uql rrkovp55 a8c37x1j keod5gw0 nxhoafnm aigsh9s9 d3f4x2em fe6kdd0r mau55g9w c8b282yb iv3no6db jq4qci2q a3bd9o3v knj5qynh oo9gr5id\" dir=\"auto\">Las aguas del peque\u00f1o r\u00edo Luerces hacen mover las muelas del molino Xip\u00f3n, para moler el grano que en tiempos no muy lejanos era abundante en este f\u00e9rtil valle del bajo Narcea. Concejo de Pravia. (Asturias- Espa\u00f1a)<\/span><\/div>\n<div>\n<hr \/>\n<p style=\"text-align: center\">\n<!-- iframe plugin v.6.0 wordpress.org\/plugins\/iframe\/ -->\n<iframe loading=\"lazy\" src=\"https:\/\/www.facebook.com\/plugins\/video.php?height=314&#038;href=https%3A%2F%2Fwww.facebook.com%2F210071706437596%2Fvideos%2F253923916106370%2F&#038;show_text=true&#038;width=560\" width=\"560\" height=\"429\" 0=\"\/iframe\" scrolling=\"yes\" class=\"iframe-class\" frameborder=\"0\"><\/iframe>\n<\/p>\n<hr \/>\n<\/div>\n","protected":false},"excerpt":{"rendered":"<p>\u00a0 Recuerdos, Pueblos y Paisajes 2m6\u00a0dtmghermtS\u00a0fpscgSueSnoeromuhnS\u00a0usa\u00a0olasha\u00a020ort:2e8di\u00a0 \u00b7 Las aguas del peque\u00f1o r\u00edo Luerces hacen mover las muelas del molino Xip\u00f3n, para moler el grano que en tiempos no muy lejanos era abundante en este f\u00e9rtil valle del bajo Narcea. Concejo de Pravia. (Asturias- Espa\u00f1a)<\/p>\n","protected":false},"author":117,"featured_media":0,"parent":291,"menu_order":0,"comment_status":"closed","ping_status":"closed","template":"","meta":{"footnotes":""},"class_list":["post-293","page","type-page","status-publish","hentry","post-preview"],"_links":{"self":[{"href":"https:\/\/edublog.educastur.es\/asturies\/wp-json\/wp\/v2\/pages\/293","targetHints":{"allow":["GET"]}}],"collection":[{"href":"https:\/\/edublog.educastur.es\/asturies\/wp-json\/wp\/v2\/pages"}],"about":[{"href":"https:\/\/edublog.educastur.es\/asturies\/wp-json\/wp\/v2\/types\/page"}],"author":[{"embeddable":true,"href":"https:\/\/edublog.educastur.es\/asturies\/wp-json\/wp\/v2\/users\/117"}],"replies":[{"embeddable":true,"href":"https:\/\/edublog.educastur.es\/asturies\/wp-json\/wp\/v2\/comments?post=293"}],"version-history":[{"count":3,"href":"https:\/\/edublog.educastur.es\/asturies\/wp-json\/wp\/v2\/pages\/293\/revisions"}],"predecessor-version":[{"id":297,"href":"https:\/\/edublog.educastur.es\/asturies\/wp-json\/wp\/v2\/pages\/293\/revisions\/297"}],"up":[{"embeddable":true,"href":"https:\/\/edublog.educastur.es\/asturies\/wp-json\/wp\/v2\/pages\/291"}],"wp:attachment":[{"href":"https:\/\/edublog.educastur.es\/asturies\/wp-json\/wp\/v2\/media?parent=293"}],"curies":[{"name":"wp","href":"https:\/\/api.w.org\/{rel}","templated":true}]}}