{"id":353,"date":"2021-02-20T21:22:09","date_gmt":"2021-02-20T21:22:09","guid":{"rendered":"https:\/\/edublog.educastur.es\/asturies\/?page_id=353"},"modified":"2021-02-20T21:33:19","modified_gmt":"2021-02-20T21:33:19","slug":"eventos","status":"publish","type":"page","link":"https:\/\/edublog.educastur.es\/asturies\/eventos\/","title":{"rendered":"Eventos"},"content":{"rendered":"<p><a href=\"https:\/\/www.aventurasenasturias.com\/upload\/excursiones\/0102095255.jpg?crc=4201117930\"><img loading=\"lazy\" decoding=\"async\" class=\"alignnone\" src=\"https:\/\/www.aventurasenasturias.com\/upload\/excursiones\/0102095255.jpg?crc=4201117930\" alt=\"\" width=\"2000\" height=\"1126\" \/><\/a><\/p>\n<hr \/>\n<ul>\n<li><a href=\"http:\/\/www.destinonavia.com\/v_portal\/inc\/imagen.asp?f=PARA_WEB__MAPA_ILUSTRADO_NAVIA8425.png&amp;c=29\">Mapa tur\u00edstico occidente<\/a><\/li>\n<\/ul>\n<p><a href=\"http:\/\/www.destinonavia.com\/v_portal\/inc\/imagen.asp?f=PARA_WEB__MAPA_ILUSTRADO_NAVIA8425.png&amp;c=29\"><img loading=\"lazy\" decoding=\"async\" class=\"alignnone\" src=\"http:\/\/www.destinonavia.com\/v_portal\/inc\/imagen.asp?f=PARA_WEB__MAPA_ILUSTRADO_NAVIA8425.png&amp;c=29\" alt=\"\" width=\"1900\" height=\"1338\" \/><\/a><\/p>\n<div id=\"blq_10938\" class=\"bl_izq t100\">\n<div class=\"blq mart16\"><i class=\"fa fa-cloud-download colpri fs_20 padr4 va_m\" title=\"Descargar el fichero\"><\/i> <a class=\"v_norm\" title=\"Descargar el fichero\" href=\"http:\/\/www.destinonavia.com\/v_portal\/inc\/clicklink.asp?t=3&amp;cod=10938&amp;c=29&amp;s=179051301\">MAPA TURISTICO OCCIDENTE ASTURIAS<\/a><\/div>\n<\/div>\n<div id=\"blq_11003\" class=\"bl_izq t100 mart16\">\n<div class=\"blq mart16\"><i class=\"fa fa-file-pdf-o colpri fs_20 padr4 va_m\" title=\"Descargar el fichero\"><\/i> <a class=\"v_norm\" title=\"Descargar el fichero\" href=\"http:\/\/www.destinonavia.com\/v_portal\/inc\/clicklink.asp?t=3&amp;cod=11003&amp;c=29&amp;s=179051301\">Informaci\u00f3n Recursos Tur\u00edsticos<\/a><\/div>\n<div>\n<hr \/>\n<\/div>\n<\/div>\n","protected":false},"excerpt":{"rendered":"<p>Mapa tur\u00edstico occidente MAPA TURISTICO OCCIDENTE ASTURIAS Informaci\u00f3n Recursos Tur\u00edsticos<\/p>\n","protected":false},"author":117,"featured_media":0,"parent":0,"menu_order":0,"comment_status":"closed","ping_status":"closed","template":"","meta":{"footnotes":""},"class_list":["post-353","page","type-page","status-publish","hentry","post-preview"],"_links":{"self":[{"href":"https:\/\/edublog.educastur.es\/asturies\/wp-json\/wp\/v2\/pages\/353","targetHints":{"allow":["GET"]}}],"collection":[{"href":"https:\/\/edublog.educastur.es\/asturies\/wp-json\/wp\/v2\/pages"}],"about":[{"href":"https:\/\/edublog.educastur.es\/asturies\/wp-json\/wp\/v2\/types\/page"}],"author":[{"embeddable":true,"href":"https:\/\/edublog.educastur.es\/asturies\/wp-json\/wp\/v2\/users\/117"}],"replies":[{"embeddable":true,"href":"https:\/\/edublog.educastur.es\/asturies\/wp-json\/wp\/v2\/comments?post=353"}],"version-history":[{"count":3,"href":"https:\/\/edublog.educastur.es\/asturies\/wp-json\/wp\/v2\/pages\/353\/revisions"}],"predecessor-version":[{"id":356,"href":"https:\/\/edublog.educastur.es\/asturies\/wp-json\/wp\/v2\/pages\/353\/revisions\/356"}],"wp:attachment":[{"href":"https:\/\/edublog.educastur.es\/asturies\/wp-json\/wp\/v2\/media?parent=353"}],"curies":[{"name":"wp","href":"https:\/\/api.w.org\/{rel}","templated":true}]}}