{"id":40,"date":"2020-07-28T20:43:18","date_gmt":"2020-07-28T20:43:18","guid":{"rendered":"https:\/\/edublog.educastur.es\/asturies\/?page_id=40"},"modified":"2021-06-13T07:45:01","modified_gmt":"2021-06-13T07:45:01","slug":"rutas-camino-de-santiago","status":"publish","type":"page","link":"https:\/\/edublog.educastur.es\/asturies\/rutas-2\/rutas-camino-de-santiago\/","title":{"rendered":"RUTAS: Camino de Santiago"},"content":{"rendered":"<p style=\"text-align: center\"><a href=\"https:\/\/mapadeloscaminos.ideasperegrinas.es\/wp-content\/uploads\/2021\/05\/fondo02.jpg\"><img loading=\"lazy\" decoding=\"async\" class=\"alignnone\" src=\"https:\/\/mapadeloscaminos.ideasperegrinas.es\/wp-content\/uploads\/2021\/05\/fondo02.jpg\" alt=\"\" width=\"2340\" height=\"1109\" \/><\/a><\/p>\n<blockquote class=\"wp-embedded-content\" data-secret=\"PuRwGonGJK\"><p><a href=\"https:\/\/mapadeloscaminos.ideasperegrinas.es\/\">Mapa de los Caminos de Santiago<\/a><\/p><\/blockquote>\n<p><iframe loading=\"lazy\" class=\"wp-embedded-content\" sandbox=\"allow-scripts\" security=\"restricted\" style=\"position: absolute; clip: rect(1px, 1px, 1px, 1px);\" title=\"\u00abMapa de los Caminos de Santiago\u00bb \u2014 Mapa de Los Caminos de Santiago\" src=\"https:\/\/mapadeloscaminos.ideasperegrinas.es\/embed\/#?secret=PuRwGonGJK\" data-secret=\"PuRwGonGJK\" width=\"600\" height=\"338\" frameborder=\"0\" marginwidth=\"0\" marginheight=\"0\" scrolling=\"no\"><\/iframe><\/p>\n<ul>\n<li><span style=\"font-size: 14pt\"><a href=\"https:\/\/www.caminosantiago.org\/cpperegrino\/comun\/inicio.asp\" target=\"_blank\" rel=\"noopener noreferrer\"><u><i>Web oficial<br \/>\n<\/i><\/u><\/a><\/span><\/li>\n<li><span style=\"font-size: 14pt\"><a href=\"http:\/\/www.dendecaguelu.com\/2010\/12\/camino-de-santiago.html\" target=\"_blank\" rel=\"noopener noreferrer\"><u><i>Blogue\u00a0 <\/i><\/u><u><i><b>DENDECAG\u00dcELU <\/b>\u00abDesde casa del abuelo\u00bb<\/i><\/u><\/a><\/span><\/li>\n<\/ul>\n<p><span style=\"font-size: 14pt\"><u><i>Cam\u00edn de Santiago.<br \/>\nCam\u00edn Primitivu.<br \/>\nCam\u00edn de Fisterra y Mux\u00eda.<br \/>\nCam\u00edn del Salvador.<br \/>\nCam\u00edn del Norte.<br \/>\nCam\u00edn Mozarabe o V\u00eda de la Plata.<br \/>\nCam\u00edn Llebaniegu.<\/i><\/u><\/span><\/p>\n<p><span style=\"font-size: 14pt\"><a href=\"https:\/\/sectormaritimo.es\/wp-content\/uploads\/2018\/07\/MapaIIITravesiaNavegaelCamino.png\" target=\"_blank\" rel=\"noopener noreferrer\"><img loading=\"lazy\" decoding=\"async\" class=\"\" src=\"https:\/\/sectormaritimo.es\/wp-content\/uploads\/2018\/07\/MapaIIITravesiaNavegaelCamino.png\" width=\"498\" height=\"221\" \/><\/a><\/span><\/p>\n<p><span style=\"font-size: 14pt\"><a href=\"https:\/\/www.cienciahistorica.com\/wp-content\/uploads\/2017\/06\/Camino-de-Santiago-Map-French-Way-itineary-Caspin-Journeys-Walking-Tour.jpg\" target=\"_blank\" rel=\"noopener noreferrer\"><img loading=\"lazy\" decoding=\"async\" class=\"\" src=\"https:\/\/www.cienciahistorica.com\/wp-content\/uploads\/2017\/06\/Camino-de-Santiago-Map-French-Way-itineary-Caspin-Journeys-Walking-Tour.jpg\" width=\"502\" height=\"306\" border=\"1\" \/><\/a><\/span><\/p>\n<p><span style=\"font-size: 14pt\"><a href=\"https:\/\/g-switch.org\/es\/europa\/espa%C3%B1a\/time-required-for-camino-de-santiago-1642987\/\" target=\"_blank\" rel=\"noopener noreferrer\"><img loading=\"lazy\" decoding=\"async\" src=\"https:\/\/www.tripsavvy.com\/thmb\/hnUhQ-ceFoWEHWMJ_1i1wasjfTE=\/1500x1000\/filters:fill%28auto,1%29\/time-required-for-camino-de-santiago-1642987-FINAL-5bc76e7b46e0fb0026266015.png\" width=\"500\" height=\"333\" border=\"1\" \/><\/a><\/span><\/p>\n<p><span style=\"font-size: 14pt\"><a href=\"https:\/\/sites.oxy.edu\/guillenf\/espanol302\/recursos\/mapas\/Mapa_Caminos%5B1%5D.gif\" target=\"_blank\" rel=\"noopener noreferrer\"><img loading=\"lazy\" decoding=\"async\" src=\"https:\/\/sites.oxy.edu\/guillenf\/espanol302\/recursos\/mapas\/Mapa_Caminos%5B1%5D.gif\" width=\"507\" height=\"267\" border=\"1\" \/><\/a><\/span><\/p>\n<p><span style=\"font-size: 14pt\">Los<b> dolce distintos caminos para llegar a Santiago de Compostela<\/b>. El m\u00e1s percorr\u00edu y llonxevu ye&#8217;l Franc\u00e9s, con 940 kms y 37 etapes. El segundu m\u00e1s llargu ye&#8217;l Del Norte, con 815 kms y 32 etapes. Pela so parte, el Cam\u00edn Portugu\u00e9s, ye&#8217;l segundu m\u00e1s transit\u00e1u.<\/span><\/p>\n<p><img loading=\"lazy\" decoding=\"async\" class=\"\" src=\"http:\/\/www.galiciaacaballo.com\/uploads\/2\/1\/5\/3\/21533860\/7262816.jpg?448\" width=\"499\" height=\"374\" border=\"1\" \/><\/p>\n<p><a href=\"https:\/\/www.galicianroots.com\/almacen\/galerias\/caminosdesantiagogalicianroots.jpg\" target=\"_blank\" rel=\"noopener noreferrer\"><img loading=\"lazy\" decoding=\"async\" class=\"\" src=\"https:\/\/www.galicianroots.com\/almacen\/galerias\/caminosdesantiagogalicianroots.jpg\" width=\"502\" height=\"346\" border=\"1\" \/><\/a><\/p>\n<p><img loading=\"lazy\" decoding=\"async\" class=\"\" src=\"https:\/\/marlycamino.com\/wp-content\/uploads\/2017\/07\/Rutas-Camino-de-Santiago-Marly-Camino-Espan%CC%83ol-1.jpg\" width=\"503\" height=\"345\" border=\"1\" \/><\/p>\n<p><a href=\"https:\/\/red-viajes.com\/wp-content\/uploads\/2019\/09\/rutas-del-camino-de-santiago-1.jpg\" target=\"_blank\" rel=\"noopener noreferrer\"><img loading=\"lazy\" decoding=\"async\" class=\"\" src=\"https:\/\/red-viajes.com\/wp-content\/uploads\/2019\/09\/rutas-del-camino-de-santiago-1.jpg\" width=\"504\" height=\"352\" border=\"1\" \/><\/a><\/p>\n<p><span style=\"font-size: 14pt\"><a href=\"https:\/\/red-viajes.com\/rutas-del-camino-de-santiago\/\" target=\"_blank\" rel=\"noopener noreferrer\"><b><i>Ver rutes m\u00e1s populares dientro de la Pen\u00ednsula Ib\u00e9rica:<\/i><\/b><\/a><\/span><\/p>\n<p><span style=\"font-size: 14pt\"><b><span style=\"color: #993300\"><i>Cam\u00edn Frances<\/i><\/span><\/b>:\u00a0\u00a0\u00a0 Esta ye la ruta m\u00e1s famosa y popular. Pamplona, \u200b\u200bLogro\u00f1o, Burgos, Lli\u00f3n y Ponferrada.<\/span><br \/>\n<span style=\"font-size: 14pt\"><b><i><span style=\"color: #993300\">Cam\u00edn del Norte<\/span><\/i><\/b> Ir\u00fan, San Sebasti\u00e1n, Bilbao, Santander y Uvi\u00e9u<\/span><br \/>\n<span style=\"font-size: 14pt\"><span style=\"color: #993300\"><i><b>Cam\u00edn Aragones<\/b><\/i><\/span>\u00a0 Logro\u00f1o, Burgos, Lli\u00f3n y Ponferrada.<\/span><br \/>\n<span style=\"font-size: 14pt\"><span style=\"color: #993300\"><b><i>Cam\u00edn de la Plata<\/i><\/b><\/span> Sevilla, C\u00e1ceres, Salamanca, Zamora y Ourense.<\/span><br \/>\n<span style=\"font-size: 14pt\"><span style=\"color: #993300\"><i><b>Cam\u00edn Ingl\u00e9s<\/b><\/i><\/span>\u00a0 A Coru\u00f1a y Ferrol<\/span><br \/>\n<span style=\"font-size: 14pt\"><span style=\"color: #993300\"><b><i>Cam\u00edn Portugues<\/i><\/b><\/span> Porto y Pontevedra<\/span><br \/>\n<span style=\"font-size: 14pt\"><span style=\"color: #993300\"><i><b>Cam\u00edn Primitivu<\/b><\/i><\/span>\u00a0 Uvi\u00e9u y Llugo.<\/span><br \/>\n<span style=\"font-size: 14pt\"><span style=\"color: #993300\"><i><b>Cam\u00edn Fisterra<\/b><\/i><\/span>\u00a0\u00a0\u00a0 Ciudaes: nenguna. Solo pequenos pueblos gallegos.<\/span><\/p>\n<ul>\n<li><a href=\"https:\/\/womantosantiago.com\/2017\/05\/que-camino-de-santiago-elegir.html\" target=\"_blank\" rel=\"noopener noreferrer\"><u><i><span style=\"font-size: 14pt\">Woman to Santiago\u00a0<\/span><\/i><\/u><\/a><\/li>\n<\/ul>\n<p><a href=\"https:\/\/womantosantiago.com\/wp-content\/uploads\/2017\/05\/mapa-caminos-de-santiago.jpg\" target=\"_blank\" rel=\"noopener noreferrer\"><img loading=\"lazy\" decoding=\"async\" class=\"\" src=\"https:\/\/womantosantiago.com\/wp-content\/uploads\/2017\/05\/mapa-caminos-de-santiago.jpg\" width=\"502\" height=\"417\" border=\"1\" \/><\/a><\/p>\n<p><a href=\"https:\/\/www.elcaminoconcorreos.com\/imagenes-blog-articulo\/191\/postal-los-caminos-de-santiago.jpg\" target=\"_blank\" rel=\"noopener noreferrer\"><img loading=\"lazy\" decoding=\"async\" class=\"\" src=\"https:\/\/www.elcaminoconcorreos.com\/imagenes-blog-articulo\/191\/postal-los-caminos-de-santiago.jpg\" width=\"504\" height=\"345\" border=\"1\" \/><\/a><\/p>\n<p><strong>Uno de los principales atractivos de Asturias radica en la simbiosis entre el mar y la monta\u00f1a.<\/strong> Ambos son protagonistas indiscutibles del Camino de la Costa.<\/p>\n<p>El primero, porque gu\u00eda la andadura de los caminantes desde que entran en la comunidad aut\u00f3noma por el concejo de Ribadedeva hasta que la abandonan por tierras de Vegadeo.<\/p>\n<p>La segunda, porque har\u00e1 notar su presencia de distintas maneras: con evidente rotundidad al principio, cuando los peregrinos recorran la franja oriental de la regi\u00f3n y descubran que en ella la distancia que media entre las aguas y las cumbres es m\u00ednima, y con m\u00e1s sutileza a su t\u00e9rmino, cuando las amplias rasas costeras del Occidente se vean interrumpidas, al filo del horizonte, por la silueta azulada de las cadenas monta\u00f1osas.<\/p>\n<p><strong>El Camino de la Costa<\/strong> dibuja un recorrido eminentemente rural y marinero, con paso obligado por pueblos y villas en cuyas calles se deja sentir el olor del salitre y por rincones anclados tierra adentro que han sabido mantener su lealtad a los viejos oficios.<\/p>\n<ul>\n<li><a href=\"https:\/\/tematico.asturias.es\/caminodesantiago\/mapa_ruta.php\">Ruta COSTA e INTERIOR del camino<\/a><\/li>\n<li><a href=\"https:\/\/www.turismoasturias.es\/camino-de-santiago\/camino-costa\">Ruta de la COSTA<\/a><\/li>\n<\/ul>\n<p style=\"text-align: center\"><a href=\"https:\/\/tematico.asturias.es\/caminodesantiago\/mapas\/mapa_ruta.jpg\"><img loading=\"lazy\" decoding=\"async\" class=\"alignnone\" src=\"https:\/\/tematico.asturias.es\/caminodesantiago\/mapas\/mapa_ruta.jpg\" alt=\"\" width=\"1500\" height=\"627\" \/><\/a><\/p>\n<p><a href=\"https:\/\/www.turismoasturias.es\/documents\/11022\/4116852\/home-camino-norte.jpg\"><img loading=\"lazy\" decoding=\"async\" class=\"alignnone\" src=\"https:\/\/www.turismoasturias.es\/documents\/11022\/4116852\/home-camino-norte.jpg\" alt=\"\" width=\"1920\" height=\"750\" \/><\/a><\/p>\n<p>Mucho antes de que se consolidara el Camino Franc\u00e9s, sin duda la ruta jacobea m\u00e1s conocida y transitada, los romeros medievales empezaron a preferir para su aventura el llamado <strong>Camino de la Costa<\/strong>, un recorrido de 815 kil\u00f3metros que atravesaba el noroeste peninsular siguiendo la l\u00ednea de costa.<\/p>\n<p style=\"text-align: center\"><img loading=\"lazy\" decoding=\"async\" class=\"alignnone size-full\" src=\"https:\/\/www.turismoasturias.es\/documents\/11022\/4116852\/mapa-camino-norte.png\" width=\"555\" height=\"214\" \/><\/p>\n<p>El Camino del Norte, tambi\u00e9n llamado Camino de Santiago de la Costa, vendr\u00eda a ser la prolongaci\u00f3n del llamado \u00abCamino de Soulac\u00bb, que recorre las tierras m\u00e1s occidentales de Francia, una vez \u00e9ste se adentra en la Pen\u00ednsula Ib\u00e9rica.<\/p>\n<p>Cabe se\u00f1alar que, aunque en torno a los siglos XI y XII los distintos monarcas empezaron a promocionar el Camino Franc\u00e9s, la ruta primitiva y la de la Costa mantuvieron un auge considerable por su condici\u00f3n de itinerarios seguros, ya que transcurr\u00edan por territorios netamente cristianizados, frente a aquella otra v\u00eda, que a\u00fan estaba expuesta a posibles incursiones musulmanas y entra\u00f1aba, por lo tanto, un mayor riesgo.<\/p>\n<p>&nbsp;<\/p>\n","protected":false},"excerpt":{"rendered":"<p>Mapa de los Caminos de Santiago Web oficial Blogue\u00a0 DENDECAG\u00dcELU \u00abDesde casa del abuelo\u00bb Cam\u00edn de Santiago. Cam\u00edn Primitivu. Cam\u00edn de Fisterra y Mux\u00eda. Cam\u00edn del Salvador. Cam\u00edn del Norte. Cam\u00edn Mozarabe o V\u00eda de la Plata. Cam\u00edn Llebaniegu. Los dolce distintos caminos para llegar a Santiago de Compostela. El m\u00e1s percorr\u00edu y llonxevu ye&#8217;l [&hellip;]<\/p>\n","protected":false},"author":117,"featured_media":133,"parent":251,"menu_order":0,"comment_status":"closed","ping_status":"closed","template":"","meta":{"footnotes":""},"class_list":["post-40","page","type-page","status-publish","has-post-thumbnail","hentry","post-preview"],"_links":{"self":[{"href":"https:\/\/edublog.educastur.es\/asturies\/wp-json\/wp\/v2\/pages\/40","targetHints":{"allow":["GET"]}}],"collection":[{"href":"https:\/\/edublog.educastur.es\/asturies\/wp-json\/wp\/v2\/pages"}],"about":[{"href":"https:\/\/edublog.educastur.es\/asturies\/wp-json\/wp\/v2\/types\/page"}],"author":[{"embeddable":true,"href":"https:\/\/edublog.educastur.es\/asturies\/wp-json\/wp\/v2\/users\/117"}],"replies":[{"embeddable":true,"href":"https:\/\/edublog.educastur.es\/asturies\/wp-json\/wp\/v2\/comments?post=40"}],"version-history":[{"count":7,"href":"https:\/\/edublog.educastur.es\/asturies\/wp-json\/wp\/v2\/pages\/40\/revisions"}],"predecessor-version":[{"id":476,"href":"https:\/\/edublog.educastur.es\/asturies\/wp-json\/wp\/v2\/pages\/40\/revisions\/476"}],"up":[{"embeddable":true,"href":"https:\/\/edublog.educastur.es\/asturies\/wp-json\/wp\/v2\/pages\/251"}],"wp:featuredmedia":[{"embeddable":true,"href":"https:\/\/edublog.educastur.es\/asturies\/wp-json\/wp\/v2\/media\/133"}],"wp:attachment":[{"href":"https:\/\/edublog.educastur.es\/asturies\/wp-json\/wp\/v2\/media?parent=40"}],"curies":[{"name":"wp","href":"https:\/\/api.w.org\/{rel}","templated":true}]}}