{"id":403,"date":"2021-03-02T00:06:00","date_gmt":"2021-03-02T00:06:00","guid":{"rendered":"https:\/\/edublog.educastur.es\/asturies\/?page_id=403"},"modified":"2021-03-02T00:06:58","modified_gmt":"2021-03-02T00:06:58","slug":"cabo-penes","status":"publish","type":"page","link":"https:\/\/edublog.educastur.es\/asturies\/costa\/cabo-penes\/","title":{"rendered":"Cabo Pe\u00f1es"},"content":{"rendered":"<ul>\n<li class=\"post-title entry-title\" style=\"text-align: left\"><a href=\"https:\/\/unviajecreativo.com\/cabo-penas-faro-ruta\/?fbclid=IwAR1amQKuYa3dq3cDNRqj_8dVN8MMhvvlVCFZ5dXXsd9Cujf1JU622t3qQV4\"><span style=\"font-size: 14pt\">Cabo PE\u00d1AS: faro y ruta costera por su Paisaje Protegido<\/span><\/a><\/li>\n<\/ul>\n<p class=\"post-byline\">por <span class=\"vcard author\"> <span class=\"fn\"><a title=\"Entradas de Dani Keral\" href=\"https:\/\/unviajecreativo.com\/author\/danikeral\/\" rel=\"author\">Dani Keral<\/a><\/span> <\/span> \u00b7 Publicada febrero 19, 2021 \u00b7 Actualizado febrero 19, 2021<\/p>\n<div class=\"entry themeform\">\n<div class=\"entry-inner\">\n<p><strong>Qu\u00e9 ver en el Cabo Pe\u00f1as<\/strong>, la <strong>ruta costera <\/strong>y el <strong>faro-museo<\/strong> de Pe\u00f1as: un paseo por el Paisaje Protegido del punto m\u00e1s septentrional de Asturias.<\/p>\n<figure class=\"wp-block-image size-large\"><img loading=\"lazy\" decoding=\"async\" class=\"wp-image-15183\" src=\"https:\/\/unviajecreativo.com\/wp-content\/uploads\/2021\/02\/CABO-de-PENAS-faro-ruta-costera-2.jpg\" alt=\"Cabo Pe\u00f1as: faro y ruta costera\" width=\"900\" height=\"600\" \/><\/figure>\n<p class=\"has-luminous-vivid-amber-background-color has-background\"><strong><em>Nota:\u00a0<\/em><\/strong>si est\u00e1s de\u00a0<strong>ruta por Asturias\u00a0<\/strong>quiz\u00e1 te interesen estos art\u00edculos sobre\u00a0\u00a0<a href=\"https:\/\/unviajecreativo.com\/ruta-costa-asturias-mapa-pueblos-playas\/\" target=\"_blank\" rel=\"noreferrer noopener\">ruta por la costa de Asturias de punta a punta<\/a>. Si quieres visitar m\u00e1s zonas del norte, este art\u00edculo con la\u00a0<a href=\"https:\/\/unviajecreativo.com\/ruta-por-el-norte-de-espana-en-coche\/\" target=\"_blank\" rel=\"noreferrer noopener\">ruta por el norte de Espa\u00f1a<\/a>\u00a0puede ser muy \u00fatil.<\/p>\n<div id=\"toc_container\" class=\"no_bullets\">\n<p class=\"toc_title\">\u00cdndice de contenidos <span class=\"toc_toggle\">[<a href=\"https:\/\/unviajecreativo.com\/cabo-penas-faro-ruta\/?fbclid=IwAR1amQKuYa3dq3cDNRqj_8dVN8MMhvvlVCFZ5dXXsd9Cujf1JU622t3qQV4#\">Ocultar<\/a>]<\/span><\/p>\n<ul class=\"toc_list\">\n<li><em><span style=\"font-size: 14pt\"><a href=\"https:\/\/unviajecreativo.com\/cabo-penas-faro-ruta\/?fbclid=IwAR1amQKuYa3dq3cDNRqj_8dVN8MMhvvlVCFZ5dXXsd9Cujf1JU622t3qQV4#Cabo_Penas_ruta_costera_y_su_faro-museo\">Cabo Pe\u00f1as: ruta costera y su faro-museo<\/a><\/span><\/em>\n<ul>\n<li><em><span style=\"font-size: 14pt\"><a href=\"https:\/\/unviajecreativo.com\/cabo-penas-faro-ruta\/?fbclid=IwAR1amQKuYa3dq3cDNRqj_8dVN8MMhvvlVCFZ5dXXsd9Cujf1JU622t3qQV4#El_Paisaje_Protegido_de_Cabo_Penas\">El Paisaje Protegido de Cabo Pe\u00f1as<\/a><\/span><\/em><\/li>\n<li><em><span style=\"font-size: 14pt\"><a href=\"https:\/\/unviajecreativo.com\/cabo-penas-faro-ruta\/?fbclid=IwAR1amQKuYa3dq3cDNRqj_8dVN8MMhvvlVCFZ5dXXsd9Cujf1JU622t3qQV4#Ruta_del_Cabo_Penas_por_la_senda_costera\">Ruta del Cabo Pe\u00f1as por la senda costera<\/a><\/span><\/em><\/li>\n<li><em><span style=\"font-size: 14pt\"><a href=\"https:\/\/unviajecreativo.com\/cabo-penas-faro-ruta\/?fbclid=IwAR1amQKuYa3dq3cDNRqj_8dVN8MMhvvlVCFZ5dXXsd9Cujf1JU622t3qQV4#Faro_de_cabo_Penas_y_el_museo\">Faro de cabo Pe\u00f1as y el museo<\/a><\/span><\/em><\/li>\n<li><em><span style=\"font-size: 14pt\"><a href=\"https:\/\/unviajecreativo.com\/cabo-penas-faro-ruta\/?fbclid=IwAR1amQKuYa3dq3cDNRqj_8dVN8MMhvvlVCFZ5dXXsd9Cujf1JU622t3qQV4#Que_ver_en_la_zona_de_Cabo_Penas\">Qu\u00e9 ver en la zona de Cabo Pe\u00f1as<\/a><\/span><\/em><\/li>\n<li><em><span style=\"font-size: 14pt\"><a href=\"https:\/\/unviajecreativo.com\/cabo-penas-faro-ruta\/?fbclid=IwAR1amQKuYa3dq3cDNRqj_8dVN8MMhvvlVCFZ5dXXsd9Cujf1JU622t3qQV4#Alojamientos_en_la_zona\">Alojamientos en la zona<\/a><\/span><\/em><\/li>\n<li><a href=\"https:\/\/unviajecreativo.com\/cabo-penas-faro-ruta\/?fbclid=IwAR1amQKuYa3dq3cDNRqj_8dVN8MMhvvlVCFZ5dXXsd9Cujf1JU622t3qQV4#Mas_articulos_sobre_Asturias\"><em><span style=\"font-size: 14pt\">M\u00e1s art\u00edculos sobre Asturias<\/span><\/em><\/a><\/li>\n<\/ul>\n<\/li>\n<\/ul>\n<\/div>\n<h2><span id=\"Cabo_Penas_ruta_costera_y_su_faro-museo\"><strong><span class=\"has-inline-color has-black-color\">Cabo Pe\u00f1as: ruta costera y su faro-museo<\/span><\/strong><\/span><\/h2>\n<h3><span id=\"El_Paisaje_Protegido_de_Cabo_Penas\"><strong><span class=\"has-inline-color has-black-color\">El Paisaje Protegido de Cabo Pe\u00f1as<\/span><\/strong><\/span><\/h3>\n<p>El <strong>cabo Pe\u00f1as se ubica en el concejo asturiano de Goz\u00f3n,<\/strong> en el l\u00edmite m\u00e1s septentrional del Principado y entre las ciudades de Gij\u00f3n y Avil\u00e9s. Se trata de un lugar muy agreste donde destaca la figura imponente de sus acantilados, algunos de 100 metros de altura.<\/p>\n<p>Debido al gran valor natural de esta zona, hay una parte del Cabo Pe\u00f1as que tiene la categor\u00eda forma parte del llamado <strong>Paisaje Protegido del Cabo Pe\u00f1as<\/strong>. Este se extiende por una estrecha franja del litoral de 19 kil\u00f3metros que abarca desde el faro de Neva (al oeste), hasta Punta de la Vaca (al este).<\/p>\n<figure class=\"wp-block-image size-large\"><img loading=\"lazy\" decoding=\"async\" class=\"wp-image-15187\" src=\"https:\/\/unviajecreativo.com\/wp-content\/uploads\/2021\/02\/CABO-de-PENAS-faro-ruta-costera-7.jpg\" alt=\"Paisaje Protegido Cabo Pe\u00f1as\" width=\"900\" height=\"600\" \/><\/figure>\n<p>Los atractivos naturales del Paisaje Protegido son sus<strong> acantilados y playas con valiosos sistemas dunares<\/strong>, como el arenal de Xag\u00f3, la playa de Portezuelos, la de Verdicio, la de Ferrero, la de Llumeres o la de Ba\u00f1ugues.<\/p>\n<p>Dentro del \u00e1rea protegida tambi\u00e9n se incluye el islote de La Erbosa, el de mayor tama\u00f1o del litoral asturiano tras el de la Isla de Deva.<\/p>\n<h3><span id=\"Ruta_del_Cabo_Penas_por_la_senda_costera\"><strong><span class=\"has-inline-color has-black-color\">Ruta del <\/span><\/strong>Cabo Pe\u00f1as por la senda costera<\/span><\/h3>\n<figure class=\"wp-block-image size-large\"><img loading=\"lazy\" decoding=\"async\" class=\"wp-image-15184\" src=\"https:\/\/unviajecreativo.com\/wp-content\/uploads\/2021\/02\/CABO-de-PENAS-faro-ruta-costera-3.jpg\" alt=\"Ruta costera Cabo Pe\u00f1as\" width=\"819\" height=\"600\" \/><\/figure>\n<p>La<strong> senda del cabo<\/strong>\u00a0<strong>Pe\u00f1as<\/strong>\u00a0es la principal ruta de senderismo de la zona. Se trata de un trazado de unos\u00a020 kil\u00f3metros, entre los faros de Nieva y Pe\u00f1as en un itinerario que atraviesa playas y acantilados.<\/p>\n<p>En <a href=\"https:\/\/es.wikiloc.com\/rutas-senderismo\/2010-08-20-cabo-penas-verdicio-xago-san-juan-de-nieva-1113238#lb-embed\" target=\"_blank\" rel=\"noreferrer noopener\">este enlace a Wikiloc<\/a> se puede ver la ruta completa y en la web de <a href=\"https:\/\/www.turismoasturias.es\/descubre\/naturaleza\/rutas\/senderismo\/ruta-verdicio-cabo-penas\" target=\"_blank\" rel=\"noreferrer noopener\">turismo de Asturias muestran el tramo entre Verdicio y el faro de Pe\u00f1as<\/a>..<\/p>\n<h3><span id=\"Faro_de_cabo_Penas_y_el_museo\">Faro de <strong><span class=\"has-inline-color has-black-color\">cabo Pe\u00f1as<\/span><\/strong> y el museo<\/span><\/h3>\n<figure class=\"wp-block-image size-large\"><img loading=\"lazy\" decoding=\"async\" class=\"wp-image-15185\" src=\"https:\/\/unviajecreativo.com\/wp-content\/uploads\/2021\/02\/CABO-de-PENAS-faro-ruta-costera-4.jpg\" alt=\"Faro de cabo Pe\u00f1as\" width=\"900\" height=\"600\" \/><\/figure>\n<p>El faro de Pe\u00f1as lleva en activo desde 1852 y en su interior alberga el Centro de Interpretaci\u00f3n Medio Marino de Pe\u00f1as. Se trata de una muestra museogr\u00e1fica interactiva y did\u00e1ctica que recorre las siguientes tem\u00e1ticas repartidas por salas:<\/p>\n<ul>\n<li>Los Faros<\/li>\n<li>Naufragios y Tormentas<\/li>\n<li>El Mar y medio marino<\/li>\n<li>Ventana de Goz\u00f3n<\/li>\n<\/ul>\n<p>Desde la entrada al centro de interpretaci\u00f3n discurre un sendero autoguiado con paneles explicativos que conecta mediante pasarelas los puntos panor\u00e1micos m\u00e1s espectaculares de los acantilados.<\/p>\n<figure class=\"wp-block-image size-large\"><img loading=\"lazy\" decoding=\"async\" class=\"wp-image-15186\" src=\"https:\/\/unviajecreativo.com\/wp-content\/uploads\/2021\/02\/CABO-de-PENAS-faro-ruta-costera-5.jpg\" alt=\"Faro-museo\" width=\"900\" height=\"600\" \/><\/figure>\n<p><strong>Horarios<\/strong>:<\/p>\n<ul>\n<li>Octubre a Marzo: Lunes a domingo: 10:00-14:00 y 16:30-18:00 h.<\/li>\n<li>Abril a Septiembre: Lunes a domingo: 10:30-13:30 y 16:30-19:00 h.<\/li>\n<\/ul>\n<p><strong>Tarifas:<\/strong><\/p>\n<ul>\n<li>Individual: 1 euro<\/li>\n<li>Reducida: 0,5 euros<\/li>\n<\/ul>\n<h3><span id=\"Que_ver_en_la_zona_de_Cabo_Penas\"><strong><span class=\"has-inline-color has-black-color\">Qu\u00e9 ver en la zona de Cabo Pe\u00f1as<\/span><\/strong><\/span><\/h3>\n<p>Aparte de la ruta de senderismo, las playas ya mencionadas (Xag\u00f3, Portezuelos, Verdicio, Ferrero, Llumeres y Ba\u00f1ugues) y el faro-museo, el cabo Pe\u00f1as tiene otros puntos de inter\u00e9s cercanos:<\/p>\n<p><strong>Yacimientos paleol\u00edticos <\/strong>distribuidos por el Paisaje Protegido:<\/p>\n<figure class=\"wp-block-image size-large\"><img loading=\"lazy\" decoding=\"async\" class=\"wp-image-15189\" src=\"https:\/\/unviajecreativo.com\/wp-content\/uploads\/2021\/02\/CABO-de-PENAS-faro-ruta-costera-6.jpg\" alt=\"Paisaje Protegido yacimientos Asturias\" width=\"626\" height=\"600\" \/><\/figure>\n<p><strong>Luanco<\/strong>: la capital de la comarca de Goz\u00f3n. Se trata de una villa marinera con un bonito casco hist\u00f3rico y puntos de gran valor tur\u00edstico como el Museo Mar\u00edtimo.<\/p>\n<p><strong>Cand\u00e1s: <\/strong>Cand\u00e1s es la capital de la comarca de Carre\u00f1o, vecina de Goz\u00f3n. Entre sus atractivos tur\u00edsticos est\u00e1 su paseo mar\u00edtimo y los museos de escultura Cand\u00e1s y el de la Conserva.<\/p>\n<p><strong>Ruta del rom\u00e1nico de la mancomunidad Carre\u00f1o-Goz\u00f3n: <\/strong>se trata de una ruta cultural que conecta las iglesias rom\u00e1nicas de ambos concejos. Se puede leer m\u00e1s sobre ella <a href=\"https:\/\/www.mcabop.com\/rutas\" target=\"_blank\" rel=\"noreferrer noopener\">en este enlace<\/a>.<\/p>\n<p><strong>Las tres ciudades de Asturias:<\/strong> el cabo Pe\u00f1as se ubica en una situaci\u00f3n muy buena para visitar las tres ciudades de Asturias: <a href=\"https:\/\/unviajecreativo.com\/que-ver-y-que-hacer-en-oviedo-turismo-asturias\/\" target=\"_blank\" rel=\"noreferrer noopener\">Oviedo<\/a>, <a href=\"https:\/\/unviajecreativo.com\/que-hacer-que-ver-en-gijon-alrededores\/\" target=\"_blank\" rel=\"noreferrer noopener\">Gij\u00f3n<\/a> y <a href=\"https:\/\/unviajecreativo.com\/que-ver-en-aviles-turismo-asturias\/\" target=\"_blank\" rel=\"noreferrer noopener\">Avil\u00e9s<\/a>, especialmente estas dos \u00faltimas.<\/p>\n<p><ins class=\"bookingaff\" data-aid=\"2125744\" data-target_aid=\"2125744\" data-prod=\"map\" data-width=\"100%\" data-height=\"590\" data-lang=\"ualng\" data-dest_id=\"0\" data-dest_type=\"landmark\" data-latitude=\"43.6137118\" data-longitude=\"-5.7929236\" data-landmark_name=\"Cabo Pe\u00f1as\" data-mwhsb=\"0\" data-address=\"Luanco, Spain\" data-zoom=\"11\" data-bk-touched=\"true\"><\/ins><\/div>\n<\/div>\n","protected":false},"excerpt":{"rendered":"<p>Cabo PE\u00d1AS: faro y ruta costera por su Paisaje Protegido por Dani Keral \u00b7 Publicada febrero 19, 2021 \u00b7 Actualizado febrero 19, 2021 Qu\u00e9 ver en el Cabo Pe\u00f1as, la ruta costera y el faro-museo de Pe\u00f1as: un paseo por el Paisaje Protegido del punto m\u00e1s septentrional de Asturias. Nota:\u00a0si est\u00e1s de\u00a0ruta por Asturias\u00a0quiz\u00e1 te [&hellip;]<\/p>\n","protected":false},"author":117,"featured_media":0,"parent":271,"menu_order":0,"comment_status":"closed","ping_status":"closed","template":"","meta":{"footnotes":""},"class_list":["post-403","page","type-page","status-publish","hentry","post-preview"],"_links":{"self":[{"href":"https:\/\/edublog.educastur.es\/asturies\/wp-json\/wp\/v2\/pages\/403","targetHints":{"allow":["GET"]}}],"collection":[{"href":"https:\/\/edublog.educastur.es\/asturies\/wp-json\/wp\/v2\/pages"}],"about":[{"href":"https:\/\/edublog.educastur.es\/asturies\/wp-json\/wp\/v2\/types\/page"}],"author":[{"embeddable":true,"href":"https:\/\/edublog.educastur.es\/asturies\/wp-json\/wp\/v2\/users\/117"}],"replies":[{"embeddable":true,"href":"https:\/\/edublog.educastur.es\/asturies\/wp-json\/wp\/v2\/comments?post=403"}],"version-history":[{"count":3,"href":"https:\/\/edublog.educastur.es\/asturies\/wp-json\/wp\/v2\/pages\/403\/revisions"}],"predecessor-version":[{"id":406,"href":"https:\/\/edublog.educastur.es\/asturies\/wp-json\/wp\/v2\/pages\/403\/revisions\/406"}],"up":[{"embeddable":true,"href":"https:\/\/edublog.educastur.es\/asturies\/wp-json\/wp\/v2\/pages\/271"}],"wp:attachment":[{"href":"https:\/\/edublog.educastur.es\/asturies\/wp-json\/wp\/v2\/media?parent=403"}],"curies":[{"name":"wp","href":"https:\/\/api.w.org\/{rel}","templated":true}]}}