{"id":409,"date":"2021-03-07T19:25:10","date_gmt":"2021-03-07T19:25:10","guid":{"rendered":"https:\/\/edublog.educastur.es\/asturies\/?page_id=409"},"modified":"2021-03-07T19:25:10","modified_gmt":"2021-03-07T19:25:10","slug":"eo","status":"publish","type":"page","link":"https:\/\/edublog.educastur.es\/asturies\/rios\/rios\/eo\/","title":{"rendered":"Eo"},"content":{"rendered":"<ul>\n<li><span style=\"font-size: 14pt\"><a href=\"https:\/\/elpais.com\/publi-especial\/asturias\/rio-eo\/?fbclid=IwAR05eKryzvZTQyi0Mn6-8SBxskE-YOYSybvRxxxBOfcioxTjOxfrcAdnBKM\">El Pa\u00eds:<strong> Un viaje virtual por el Eo y los Oscos y sus historias<\/strong><\/a><br \/>\n<\/span><\/li>\n<\/ul>\n<p>El tramo final del curso del r\u00edo Eo delinea la frontera natural entre Asturias y Galicia y conforma la marina de un espacio que en 2007 fue declarado Reserva de la Biosfera por la Unesco. La reserva natural Oscos-Eo \/ Terras de Bur\u00f3n se extiende m\u00e1s de 1.500 kil\u00f3metros cuadrados, albergando siete municipios gallegos y otros tantos asturianos, en los que habitan unas 34.000 personas. Del lado asturiano de esa linde, en la comarca Oscos-Eo, una zona donde caben cumbres y playas, y que posee una enorme riqueza paisaj\u00edstica y de flora y fauna, naci\u00f3 el turismo rural en Espa\u00f1a all\u00e1 por los a\u00f1os ochenta. Hoy perviven all\u00ed oficios ancestrales y germinan iniciativas que, preservando el patrimonio y la cultura, alumbran los pasos de un futuro rural sostenible.<\/p>\n<p>&nbsp;<\/p>\n","protected":false},"excerpt":{"rendered":"<p>El Pa\u00eds: Un viaje virtual por el Eo y los Oscos y sus historias El tramo final del curso del r\u00edo Eo delinea la frontera natural entre Asturias y Galicia y conforma la marina de un espacio que en 2007 fue declarado Reserva de la Biosfera por la Unesco. La reserva natural Oscos-Eo \/ Terras [&hellip;]<\/p>\n","protected":false},"author":117,"featured_media":0,"parent":387,"menu_order":0,"comment_status":"closed","ping_status":"closed","template":"","meta":{"footnotes":""},"class_list":["post-409","page","type-page","status-publish","hentry","post-preview"],"_links":{"self":[{"href":"https:\/\/edublog.educastur.es\/asturies\/wp-json\/wp\/v2\/pages\/409","targetHints":{"allow":["GET"]}}],"collection":[{"href":"https:\/\/edublog.educastur.es\/asturies\/wp-json\/wp\/v2\/pages"}],"about":[{"href":"https:\/\/edublog.educastur.es\/asturies\/wp-json\/wp\/v2\/types\/page"}],"author":[{"embeddable":true,"href":"https:\/\/edublog.educastur.es\/asturies\/wp-json\/wp\/v2\/users\/117"}],"replies":[{"embeddable":true,"href":"https:\/\/edublog.educastur.es\/asturies\/wp-json\/wp\/v2\/comments?post=409"}],"version-history":[{"count":2,"href":"https:\/\/edublog.educastur.es\/asturies\/wp-json\/wp\/v2\/pages\/409\/revisions"}],"predecessor-version":[{"id":411,"href":"https:\/\/edublog.educastur.es\/asturies\/wp-json\/wp\/v2\/pages\/409\/revisions\/411"}],"up":[{"embeddable":true,"href":"https:\/\/edublog.educastur.es\/asturies\/wp-json\/wp\/v2\/pages\/387"}],"wp:attachment":[{"href":"https:\/\/edublog.educastur.es\/asturies\/wp-json\/wp\/v2\/media?parent=409"}],"curies":[{"name":"wp","href":"https:\/\/api.w.org\/{rel}","templated":true}]}}