{"id":452,"date":"2021-04-01T12:23:43","date_gmt":"2021-04-01T12:23:43","guid":{"rendered":"https:\/\/edublog.educastur.es\/asturies\/?page_id=452"},"modified":"2021-04-01T12:23:43","modified_gmt":"2021-04-01T12:23:43","slug":"la-laboral","status":"publish","type":"page","link":"https:\/\/edublog.educastur.es\/asturies\/construcciones\/la-laboral\/","title":{"rendered":"La Laboral"},"content":{"rendered":"<ul>\n<li class=\"post-title entry-title\"><a href=\"https:\/\/unviajecreativo.com\/universidad-laboral-gijon-ciudad-de-la-cultura\/\"><strong><em><span style=\"font-size: 18pt\">LABORAL de GIJ\u00d3N: visita al GIGANTE de ESPA\u00d1A<\/span><\/em><\/strong><\/a><\/li>\n<\/ul>\n<p class=\"post-byline\">por <span class=\"vcard author\"> <span class=\"fn\"><a title=\"Entradas de Dani Keral\" href=\"https:\/\/unviajecreativo.com\/author\/danikeral\/\" rel=\"author\">Dani Keral<\/a><\/span> <\/span> \u00b7 Publicada noviembre 2, 2020 \u00b7 Actualizado marzo 25, 2021<\/p>\n<div class=\"clear\"><\/div>\n<div class=\"entry themeform\">\n<div class=\"entry-inner\">\n<p>Visita virtual por la antigua <strong>Universidad Laboral de Gij\u00f3n<\/strong>, ahora <strong>Ciudad de la Cultura<\/strong>, un edificio gigante, superlativo: <strong>el edificio m\u00e1s grande de Espa\u00f1a<\/strong>. Invito a adentrarse en la historia de este lugar, creado durante la \u00e9poca franquista (y envuelto en pol\u00e9micas pol\u00edticas algo absurdas debido a este hecho) y que hoy es un espacio dedicado a las artes y la cultura y uno de los lugares m\u00e1s interesantes <a href=\"https:\/\/unviajecreativo.com\/que-hacer-que-ver-en-gijon-alrededores\/\" target=\"_blank\" rel=\"noreferrer noopener\">que ver en Gij\u00f3n<\/a>.<\/p>\n<figure class=\"wp-block-image size-large\"><img loading=\"lazy\" decoding=\"async\" class=\"wp-image-14248\" src=\"http:\/\/unviajecreativo.com\/wp-content\/uploads\/2020\/10\/Universidad-La-Laboral-de-Gijon-Ciudad-de-la-Cultura-4.jpg\" alt=\"Universidad Laboral Gij\u00f3n Ciudad de la Cultura\" width=\"900\" height=\"600\" \/><\/figure>\n<p class=\"has-luminous-vivid-amber-background-color has-background\"><strong><em>NOTA:<\/em><\/strong> Si vas a viajar por Asturias, quiz\u00e1 te interese<a href=\"https:\/\/unviajecreativo.com\/ruta-costa-asturias-mapa-pueblos-playas\/\" target=\"_blank\" rel=\"noreferrer noopener\"> <strong>este art\u00edculo con la ruta por toda la costa de Asturias, de punta a punta. <\/strong><\/a><\/p>\n<div id=\"toc_container\" class=\"no_bullets\">\n<p class=\"toc_title\">\u00cdndice de contenidos <span class=\"toc_toggle\">[<a href=\"https:\/\/unviajecreativo.com\/universidad-laboral-gijon-ciudad-de-la-cultura\/#\">Ocultar<\/a>]<\/span><\/p>\n<ul class=\"toc_list\">\n<li><a href=\"https:\/\/unviajecreativo.com\/universidad-laboral-gijon-ciudad-de-la-cultura\/#La_Universidad_Laboral_de_Gijon_Ciudad_de_la_cultura_visita_al_gigante_de_Espana\">La Universidad Laboral de Gij\u00f3n Ciudad de la cultura: visita al gigante de Espa\u00f1a<\/a>\n<ul>\n<li><a href=\"https:\/\/unviajecreativo.com\/universidad-laboral-gijon-ciudad-de-la-cultura\/#Historia_de_la_Universidad_Laboral_de_Gijon\">Historia de la Universidad Laboral de Gij\u00f3n<\/a><\/li>\n<li><a href=\"https:\/\/unviajecreativo.com\/universidad-laboral-gijon-ciudad-de-la-cultura\/#La_Laboral_de_Gijon_del_abandono_a_Patrimonio_de_la_Humanidad\">La Laboral de Gij\u00f3n, del abandono a \u00bfPatrimonio de la Humanidad?<\/a><\/li>\n<li><a href=\"https:\/\/unviajecreativo.com\/universidad-laboral-gijon-ciudad-de-la-cultura\/#Visitar_La_Laboral_de_Gijon_Ciudad_de_la_Cultura\">Visitar La Laboral de Gij\u00f3n Ciudad de la Cultura<\/a>\n<ul>\n<li><a href=\"https:\/\/unviajecreativo.com\/universidad-laboral-gijon-ciudad-de-la-cultura\/#Espacios_que_se_pueden_visitar_en_La_Laboral\">Espacios que se pueden visitar en La Laboral<\/a><\/li>\n<li><a href=\"https:\/\/unviajecreativo.com\/universidad-laboral-gijon-ciudad-de-la-cultura\/#Horarios_de_visita_a_La_Laboral\">Horarios de visita a La Laboral <\/a><\/li>\n<li><a href=\"https:\/\/unviajecreativo.com\/universidad-laboral-gijon-ciudad-de-la-cultura\/#Precios_de_entrada_a_La_Laboral\">Precios de entrada a La Laboral<\/a><\/li>\n<\/ul>\n<\/li>\n<li><a href=\"https:\/\/unviajecreativo.com\/universidad-laboral-gijon-ciudad-de-la-cultura\/#Donde_comer_en_La_Laboral\">D\u00f3nde comer en La Laboral<\/a><\/li>\n<li><a href=\"https:\/\/unviajecreativo.com\/universidad-laboral-gijon-ciudad-de-la-cultura\/#Mas_articulos_sobre_Gijon_y_Asturias\">M\u00e1s art\u00edculos sobre Gij\u00f3n y Asturias: <\/a><\/li>\n<\/ul>\n<\/li>\n<\/ul>\n<\/div>\n<h2><span id=\"La_Universidad_Laboral_de_Gijon_Ciudad_de_la_cultura_visita_al_gigante_de_Espana\"><strong><span class=\"has-inline-color has-black-color\">La Universidad<\/span><\/strong> <strong><span class=\"has-inline-color has-black-color\">Laboral de Gij\u00f3n Ciudad de la cultura: visita al gigante de Espa\u00f1a<\/span><\/strong><\/span><\/h2>\n<p>La <strong>Laboral de Gij\u00f3n<\/strong>, con una <strong>superficie de 130.000 m\u00b2<\/strong>, tiene el honor de ser el edificio m\u00e1s grande de Espa\u00f1a. Lejos est\u00e1n el <a href=\"https:\/\/unviajecreativo.com\/que-ver-cerca-de-madrid-en-1-dia\/#Real_Sitio_de_San_Lorenzo_de_El_Escorial_y_la_Silla_de_Felipe_II\" target=\"_blank\" rel=\"noreferrer noopener\">Real Monasterio de San Lorenzo del Escorial<\/a>, con 33 327 m\u00b2 o la Alhambra de Granada, con 61.304 m\u00b2 de superficie construida.<\/p>\n<p>Este edificio tiene otra singularidad de r\u00e9cord: su <strong>iglesia de planta el\u00edptica de 807 m\u00b2 es el edificio de estas caracter\u00edsticas m\u00e1s grande del mundo<\/strong>.<\/p>\n<div class=\"wp-block-image\">\n<figure class=\"aligncenter size-large\"><img loading=\"lazy\" decoding=\"async\" class=\"wp-image-14249\" src=\"http:\/\/unviajecreativo.com\/wp-content\/uploads\/2020\/10\/Universidad-La-Laboral-de-Gijon-Ciudad-de-la-Cultura-12.jpg\" alt=\"Universidad Laboral iglesia planta el\u00edptica \" width=\"900\" height=\"588\" \/><figcaption><em>La c\u00fapula el\u00edptica de la Laboral. \u00bfNo os da una sensaci\u00f3n de efecto Op-Art?<\/em><\/figcaption><\/figure>\n<\/div>\n<p>No acabamos de empezar este art\u00edculo y ya tenemos dos muestras de que esta construcci\u00f3n maneja unas cifras de v\u00e9rtigo. Se sumar\u00e1n m\u00e1s, como su espectacular <strong>torre de 129,25 metros<\/strong>, el mirador m\u00e1s alto de la ciudad. Pero antes, tenemos que hacer un <strong>repaso a su historia, porque La Laboral de Gij\u00f3n est\u00e1 envuelta en una pol\u00e9mica producto de su pasado franquista. <\/strong><\/p>\n<h3><span id=\"Historia_de_la_Universidad_Laboral_de_Gijon\"><strong><span class=\"has-inline-color has-black-color\">Historia de la Universidad Laboral de Gij\u00f3n<\/span><\/strong><\/span><\/h3>\n<p>La idea de la construcci\u00f3n de La Laboral <strong>surge durante la II Rep\u00fablica<\/strong>, con la idea de construir un orfanato minero para los hijos de los mineros fallecidos.\u00a0Sin embargo, la <strong>construcci\u00f3n finalmente tuvo lugar en 1946<\/strong>, <strong>ya instaurada la dictadura<\/strong>, con una idea algo distinta: construir una universidad laboral.<\/p>\n<figure class=\"wp-block-image size-large\"><img loading=\"lazy\" decoding=\"async\" class=\"wp-image-14284\" src=\"https:\/\/unviajecreativo.com\/wp-content\/uploads\/2020\/11\/Universidad-Laboral-de-Gijon-Ciudad-de-la-Cultura.jpg\" alt=\"Universidad Laboral Gij\u00f3n ciudad de la Cultura\" width=\"900\" height=\"774\" \/><\/figure>\n<p><strong>Luis Moya fue el arquitecto designado por el Ministro de Trabajo Jos\u00e9 Antonio Gir\u00f3n<\/strong>, principal impulsor de las universidades laborales espa\u00f1olas. Gir\u00f3n fue la persona que m\u00e1s \u00e9nfasis puso en que la Universidad Laboral de Gij\u00f3n alcanzase unas dimensiones tan gigantescas. De esta forma, surge un inmenso complejo universitario con capacidad para 1100 alumnos preparado para formar a generaciones de hijos de obreros.<\/p>\n<p>Moya la concibi\u00f3 como una ciudad aparte, un universo aut\u00e1rquico que se reg\u00eda por sus propias normas y que dispon\u00eda incluso de una granja de 100 hect\u00e1reas. En cuanto al estilo constructivo, Moya concibi\u00f3 la Laboral al estilo cl\u00e1sico (del que era especialista), entendiendo que el mundo hel\u00e9nico era el \u00fanico lenguaje capaz de configurar esa ciudad ideal. Esto supuso, a su vez, todo un manifiesto contra las corrientes constructivas funcionalista-racionalista del momento (lo cual le cost\u00f3 el rechazo de muchos de sus colegas de profesi\u00f3n durante varias d\u00e9cadas).<\/p>\n<figure class=\"wp-block-image size-large\"><img loading=\"lazy\" decoding=\"async\" class=\"wp-image-14261\" src=\"https:\/\/unviajecreativo.com\/wp-content\/uploads\/2020\/10\/Universidad-La-Laboral-de-Gijon-Ciudad-de-la-Cultura.jpg\" alt=\"visita a la Universidad Laboral de Gij\u00f3n ciudad de la cultura\" width=\"885\" height=\"600\" \/><\/figure>\n<p>Las obras del edificio tuvieron un<strong> fin brusco en 1957<\/strong>, con el cese fulminante del Ministro de Trabajo. Franco sustituy\u00f3 en aquel momento a varios ministros de corte m\u00e1s falangista, entre ellos Gir\u00f3n, aunque tambi\u00e9n tuvieron influencia la pobreza e inflaci\u00f3n que asolaban el pa\u00eds y las sospechas de corrupci\u00f3n que rodearon el proyecto, que despu\u00e9s se demostr\u00f3 que fueron infundadas.<\/p>\n<p>Debido al fin del aporte econ\u00f3mico, varias <strong>partes quedaron sin completar<\/strong>, como varias zonas de la iglesia, que ya luc\u00eda su portentosa c\u00fapula el\u00edptica. De hecho, el edificio nunca lleg\u00f3 a ser inaugurada por Franco.<\/p>\n<figure class=\"wp-block-image size-large\"><img loading=\"lazy\" decoding=\"async\" class=\"wp-image-14274\" src=\"https:\/\/unviajecreativo.com\/wp-content\/uploads\/2020\/11\/Universidad-La-Laboral-de-Gijon-Ciudad-de-la-Cultura-14.jpg\" alt=\"edificio el\u00edptico m\u00e1s grande el mundo\" width=\"900\" height=\"600\" \/><\/figure>\n<p>Para entonces, los alumnos ya asist\u00edan a las primeras clases de la instituci\u00f3n gijonesa procedentes de diversos lugares de Espa\u00f1a con el fin de formarse como torneros, soldadores, fresadores\u2026 As\u00ed se mantuvo durante casi medio siglo hasta que, a comienzos de los a\u00f1os 80, la Universidad Laboral pas\u00f3 a formar parte del Instituto Nacional de Ense\u00f1anzas Integradas. Solo una peque\u00f1a fracci\u00f3n del edificio se mantuvo en uso, quedando tapiadas buena parte de sus instalaciones.<\/p>\n<h3><span id=\"La_Laboral_de_Gijon_del_abandono_a_Patrimonio_de_la_Humanidad\"><strong><span class=\"has-inline-color has-black-color\">La Laboral de Gij\u00f3n, del abandono a \u00bfPatrimonio de la Humanidad<\/span><\/strong>?<\/span><\/h3>\n<p>Abandonada a su suerte durante 20 a\u00f1os, la Universidad Laboral fue rescatada por el Principado en el a\u00f1o 2001. Ese es el inicio de un proceso de restauraci\u00f3n (y resignificaci\u00f3n) del edificio que dur\u00f3 hasta 2007. En ese momento se dieron por concluidas las obras y naci\u00f3 un nuevo concepto: <strong>La Laboral Ciudad de la Cultura<\/strong>.<\/p>\n<p>La Laboral de Gij\u00f3n, actualmente Bien de Inter\u00e9s Cultural, no es Patrimonio de la Humanidad. Pero esa es la propuesta que hicieron los miembros de la <strong>Asociaci\u00f3n de Antiguos Alumnos de la Laboral<\/strong> a principios de 2020.<\/p>\n<p>Tras una intensa negociaci\u00f3n en el Ayuntamiento de Gij\u00f3n por parte de los diversos grupos pol\u00edticos, la propuesta fue llevada al Principado para que la Laboral optase a este galard\u00f3n. Su argumento principal, el valor arquitect\u00f3nico y art\u00edstico de la obra.<\/p>\n<figure class=\"wp-block-image size-large\"><img loading=\"lazy\" decoding=\"async\" class=\"wp-image-14275\" src=\"https:\/\/unviajecreativo.com\/wp-content\/uploads\/2020\/11\/Universidad-La-Laboral-de-Gijon-Ciudad-de-la-Cultura-6.jpg\" alt=\"Teatro de Ciudad de la Cultura entradas\" width=\"900\" height=\"600\" \/><\/figure>\n<p>Una de las principales pegas a la candidatura fue su supuesto v\u00ednculo con el ideario franquista. Ante este argumento, el arquitecto Vicente D\u00edez Faixat (hijo de uno de los arquitectos que trabajaron junto a Moya), al cual entrevist\u00e9 con motivo de un reportaje para la revista Cond\u00e9 Nast Traveler, es bastante tajante: \u00abm\u00e1s all\u00e1 de que no existe una \u201carquitectura franquista\u201d como tal porque Franco era militar y le importaba un carajo la arquitectura, no existen valores franquistas en la Laboral. Los s\u00edmbolos franquistas son anecd\u00f3ticos en el edificio, solo figura en elementos ornamentales, algunos capiteles con el yugo y las flechas. En la Laboral influyeron m\u00e1s el clasicismo de Moya y su devoci\u00f3n por San Agust\u00edn, al que le\u00eda en lat\u00edn, que cualquier idea vinculada con el franquismo\u00bb.<\/p>\n<p>Al respecto de esto, otro arquitecto, Ant\u00f3n Capitel explic\u00f3 en su art\u00edculo <em><a href=\"http:\/\/oa.upm.es\/5307\/1\/ART_Arquitectura_bis_1976_12.pdf\">La Universidad Laboral de Gij\u00f3n o el poder de las arquitecturas<\/a><\/em> que \u00ab\u201dNi Hitler, ni Mussolini, ni el Escorial\u201d, dec\u00eda Luis Moya, negando su influencia, como modelos para la Laboral, a las arquitecturas de los reg\u00edmenes fascistas y al modelo m\u00e1ximo de la posguerra espa\u00f1ola\u00bb<\/p>\n<figure class=\"wp-block-gallery columns-2 is-cropped\">\n<ul class=\"blocks-gallery-grid\">\n<li class=\"blocks-gallery-item\">\n<figure><img loading=\"lazy\" decoding=\"async\" class=\"wp-image-14260\" src=\"http:\/\/unviajecreativo.com\/wp-content\/uploads\/2020\/10\/Laboral-Gijon-Ciudad-Cultura-3-683x1024.jpg\" alt=\"visita La Laboral Gij\u00f3n\" width=\"683\" height=\"1024\" data-id=\"14260\" data-full-url=\"http:\/\/unviajecreativo.com\/wp-content\/uploads\/2020\/10\/Laboral-Gijon-Ciudad-Cultura-3.jpg\" data-link=\"http:\/\/unviajecreativo.com\/?attachment_id=14260\" \/><\/figure>\n<\/li>\n<li class=\"blocks-gallery-item\">\n<figure><img loading=\"lazy\" decoding=\"async\" class=\"wp-image-14259\" src=\"http:\/\/unviajecreativo.com\/wp-content\/uploads\/2020\/10\/Laboral-Gijon-Ciudad-Cultura-2-683x1024.jpg\" alt=\"Universidad Laboral de Gij\u00f3n\" width=\"683\" height=\"1024\" data-id=\"14259\" data-full-url=\"http:\/\/unviajecreativo.com\/wp-content\/uploads\/2020\/10\/Laboral-Gijon-Ciudad-Cultura-2.jpg\" data-link=\"http:\/\/unviajecreativo.com\/?attachment_id=14259\" \/><\/figure>\n<\/li>\n<\/ul>\n<\/figure>\n<h3><span id=\"Visitar_La_Laboral_de_Gijon_Ciudad_de_la_Cultura\"><strong><span class=\"has-inline-color has-black-color\">Visitar La Laboral<\/span> <span class=\"has-inline-color has-black-color\">de Gij\u00f3n Ciudad de la Cultura<\/span><\/strong><\/span><\/h3>\n<h4><span id=\"Espacios_que_se_pueden_visitar_en_La_Laboral\"><strong><span class=\"has-inline-color has-black-color\">Espacios que se pueden visitar en La Laboral<\/span><\/strong><\/span><\/h4>\n<p>La Laboral Ciudad de la Cultura es un espacio para las artes y la cultura. Hoy d\u00eda alberga los siguientes espacios:<\/p>\n<ul>\n<li>La sede de Radiotelevisi\u00f3n del Principado de Asturias en el antiguo Convento de las Clarisas<\/li>\n<li>LABoral Centro de Arte y Creaci\u00f3n Industrial<\/li>\n<li>El Centro Integrado de Formaci\u00f3n Profesional<\/li>\n<li>El Patio Corintio que alberga la Recepci\u00f3n<\/li>\n<li>Antiguas cocinas y lavander\u00eda.<\/li>\n<\/ul>\n<figure class=\"wp-block-image size-large\"><img loading=\"lazy\" decoding=\"async\" class=\"wp-image-14272\" src=\"http:\/\/unviajecreativo.com\/wp-content\/uploads\/2020\/11\/Universidad-La-Laboral-de-Gijon-Ciudad-de-la-Cultura-15.jpg\" alt=\"visitas guiadas CIUDAD DE LA CULTURA \" width=\"900\" height=\"600\" \/><\/figure>\n<ul>\n<li>La Torre<\/li>\n<li>La Escuela de Arte Dram\u00e1tico<\/li>\n<li>El Conservatorio\u00a0Profesional de\u00a0M\u00fasica y Danza<\/li>\n<li>La Iglesia<\/li>\n<li>El Caf\u00e9-restaurante La Cocina de La Laboral<\/li>\n<li>El Teatro<\/li>\n<li>El Paraninfo<\/li>\n<li>La Facultad de Comercio, Turismo y Ciencias Sociales \u00abJovellanos\u00bb<\/li>\n<\/ul>\n<p>Este es el plano de <strong>visita de La Laboral Ciudad de la Cultura<\/strong>:<\/p>\n<figure class=\"wp-block-image size-large\"><img loading=\"lazy\" decoding=\"async\" class=\"wp-image-14269\" src=\"https:\/\/unviajecreativo.com\/wp-content\/uploads\/2020\/11\/Visitas-La-Laboral-Gijon.jpg\" alt=\"Plano visita La Laboral Gij\u00f3n\" width=\"793\" height=\"887\" \/><\/figure>\n<p>Los espacios m\u00e1s interesantes que visitar durante la visita son, entre otros, el espectacular patio corintio acristalado, la inmensa plaza, la iglesia de planta el\u00edptica y la Torre de la Laboral, el mirador m\u00e1s alto de Gij\u00f3n, con 129,25 metros de altura.<\/p>\n<figure class=\"wp-block-image size-large\"><img loading=\"lazy\" decoding=\"async\" class=\"wp-image-14270\" src=\"https:\/\/unviajecreativo.com\/wp-content\/uploads\/2020\/11\/Universidad-La-Laboral-de-Gijon-Ciudad-de-la-Cultura-20.jpg\" alt=\"Mirador de la torre de la Laboral\" width=\"900\" height=\"600\" \/><\/figure>\n<p>El recorrido de la visita guiada\u00a0<strong>incluye los siguientes espacios:<\/strong><\/p>\n<ul>\n<li>Plaza, Jardines, Teatro, Sala de Pinturas, Antiguas Cocinas y LABoral Centro de Arte en sus d\u00edas de apertura. Duraci\u00f3n de la visita: 60-75 minutos aproximadamente.\u00a0<em>El recorrido y los espacios a visitar pueden verse modificados por la organizaci\u00f3n debido a la actividad art\u00edstica del recinto.<\/em><\/li>\n<\/ul>\n<h4><span id=\"Horarios_de_visita_a_La_Laboral\"><strong><span class=\"has-inline-color has-black-color\">Horarios de visita a La Laboral <\/span><\/strong><\/span><\/h4>\n<p>Debido a las condiciones actuales por la Covid-19,<strong> las visitas guiadas <\/strong>a la <strong>Laboral de Gij\u00f3n Ciudad de la Cultura<\/strong> <strong>se realizar\u00e1n: <\/strong><\/p>\n<ul>\n<li><strong>Del 1 de julio al 8 de septiembre (inclusive)<\/strong>, de lunes a domingo a las 12:00 y 17:30 h\u00a0en el caso de particulares (del\u00a07 al 16 de agosto\u00a0habr\u00e1 pases a las 10:30, 12:00, 17:30 y 19:00 horas);<\/li>\n<li><strong>Del 9 al 30 de septiembre,<\/strong>\u00a0de lunes a viernes a las 17:30 horas y fines de semana, a las 12:00 y 17:30 horas. El 20 de septiembre se celebrar\u00e1 un\u00a0<a href=\"http:\/\/www.laboralciudaddelacultura.com\/es\/agenda\/3168\/da-de-puertas-abiertas-2020.html\">D\u00eda de Puertas Abiertas<\/a>.<\/li>\n<li>En\u00a0<strong>octubre y noviembre,<\/strong>\u00a0viernes, a las 17:30 horas, y s\u00e1bados, domingos y festivos (12 de octubre y 2 de noviembre), a las 12:00 y 17:30 horas.<\/li>\n<\/ul>\n<p>Las visitas al <strong>mirador de Torre de La Laboral <\/strong>est\u00e1n temporalmente canceladas<\/p>\n<figure class=\"wp-block-image size-large\"><img loading=\"lazy\" decoding=\"async\" class=\"wp-image-14271\" src=\"https:\/\/unviajecreativo.com\/wp-content\/uploads\/2020\/11\/Universidad-La-Laboral-de-Gijon-Ciudad-de-la-Cultura-8.jpg\" alt=\"visita exteriores ciudad de la cultura \" width=\"900\" height=\"600\" \/><\/figure>\n<h4><span id=\"Precios_de_entrada_a_La_Laboral\"><strong><span class=\"has-inline-color has-black-color\">Precios de entrada a La Laboral<\/span><\/strong><\/span><\/h4>\n<ul>\n<li><strong>Tarifa de las visitas guiadas:<\/strong>\u00a04,50 euros; gratuita para p\u00fablico infantil de hasta 3 a\u00f1os.<\/li>\n<li><strong>Entrada conjunta <\/strong>a Laboral Ciudad de la Cultura y Jard\u00edn Bot\u00e1nico Atl\u00e1ntico: 5,50 euros.<\/li>\n<\/ul>\n<p>En el caso de\u00a0<strong>particulares<\/strong>, se recomienda adquirir la\u00a0<strong>entrada online<\/strong>\u00a0a trav\u00e9s del <a href=\"https:\/\/entradas.liberbank.es\/laboral\/public\/janto\/main.php?Nivel=Evento&amp;idEvento=200622V\" target=\"_blank\" rel=\"noreferrer noopener\">siguiente enlace:<\/a><\/p>\n<p>Para m\u00e1s informaci\u00f3n actualizada sobre horarios, <a href=\"http:\/\/www.laboralciudaddelacultura.com\/es\/6\/visitas\/10\/visitas.html\" target=\"_blank\" rel=\"noreferrer noopener\">en este enlace<\/a>.<\/p>\n<h3><span id=\"Donde_comer_en_La_Laboral\"><strong><span class=\"has-inline-color has-black-color\">D\u00f3nde comer en La Laboral<\/span><\/strong><\/span><\/h3>\n<figure class=\"wp-block-image size-large\"><img loading=\"lazy\" decoding=\"async\" class=\"wp-image-14190\" src=\"http:\/\/unviajecreativo.com\/wp-content\/uploads\/2020\/10\/Restaurantes-donde-comer-en-Gijon-.jpg\" alt=\"Cocina de La Laboral\" width=\"900\" height=\"600\" \/><\/figure>\n<p>El La Laboral se puede comer en La Cocina de La Laboral. Situado en una de las alas del edificio, este lugar ofrece dos espacios, uno interior y otro exterior, una enorme terraza con estructuras de madera para sentarse.<\/p>\n<p>Sus precios son muy buenos(12 \u20ac el men\u00fa, aunque se pueden pedir raciones) y su comida es cocina asturiana con comida de temporada.<\/p>\n<p>&nbsp;<\/p>\n<\/div>\n<\/div>\n","protected":false},"excerpt":{"rendered":"<p>LABORAL de GIJ\u00d3N: visita al GIGANTE de ESPA\u00d1A por Dani Keral \u00b7 Publicada noviembre 2, 2020 \u00b7 Actualizado marzo 25, 2021 Visita virtual por la antigua Universidad Laboral de Gij\u00f3n, ahora Ciudad de la Cultura, un edificio gigante, superlativo: el edificio m\u00e1s grande de Espa\u00f1a. Invito a adentrarse en la historia de este lugar, creado [&hellip;]<\/p>\n","protected":false},"author":117,"featured_media":0,"parent":291,"menu_order":0,"comment_status":"closed","ping_status":"closed","template":"","meta":{"footnotes":""},"class_list":["post-452","page","type-page","status-publish","hentry","post-preview"],"_links":{"self":[{"href":"https:\/\/edublog.educastur.es\/asturies\/wp-json\/wp\/v2\/pages\/452","targetHints":{"allow":["GET"]}}],"collection":[{"href":"https:\/\/edublog.educastur.es\/asturies\/wp-json\/wp\/v2\/pages"}],"about":[{"href":"https:\/\/edublog.educastur.es\/asturies\/wp-json\/wp\/v2\/types\/page"}],"author":[{"embeddable":true,"href":"https:\/\/edublog.educastur.es\/asturies\/wp-json\/wp\/v2\/users\/117"}],"replies":[{"embeddable":true,"href":"https:\/\/edublog.educastur.es\/asturies\/wp-json\/wp\/v2\/comments?post=452"}],"version-history":[{"count":2,"href":"https:\/\/edublog.educastur.es\/asturies\/wp-json\/wp\/v2\/pages\/452\/revisions"}],"predecessor-version":[{"id":454,"href":"https:\/\/edublog.educastur.es\/asturies\/wp-json\/wp\/v2\/pages\/452\/revisions\/454"}],"up":[{"embeddable":true,"href":"https:\/\/edublog.educastur.es\/asturies\/wp-json\/wp\/v2\/pages\/291"}],"wp:attachment":[{"href":"https:\/\/edublog.educastur.es\/asturies\/wp-json\/wp\/v2\/media?parent=452"}],"curies":[{"name":"wp","href":"https:\/\/api.w.org\/{rel}","templated":true}]}}