{"id":477,"date":"2021-06-13T09:45:48","date_gmt":"2021-06-13T09:45:48","guid":{"rendered":"https:\/\/edublog.educastur.es\/asturies\/?page_id=477"},"modified":"2021-06-13T09:46:29","modified_gmt":"2021-06-13T09:46:29","slug":"estampas","status":"publish","type":"page","link":"https:\/\/edublog.educastur.es\/asturies\/rutas-2\/rutas-camino-de-santiago\/estampas\/","title":{"rendered":"Estampas"},"content":{"rendered":"<ul>\n<li class=\"title-wrapper\"><a class=\"title\" href=\"https:\/\/www.turismoasturias.es\/blog\/-\/blogs\/estampas-inolvidables-del-camino-primitivo-en-asturias\">Estampas inolvidables del Camino Primitivo en Asturias<\/a><\/li>\n<\/ul>\n<div class=\"content\">\n<p><strong>Tal vez sea una de las grandes creaciones espirituales de la Historia de la Humanidad. Y es que la utop\u00eda de un monarca asturiano, nacido en Oviedo\/Uvi\u00e9u, y llamado Alfonso II, lleva m\u00e1s de mil a\u00f1os seduciendo a personas de todas las latitudes y cultura.<\/strong><\/p>\n<p>Es el <a title=\"Camino de Santiago\" href=\"https:\/\/www.turismoasturias.es\/camino-de-santiago\" target=\"_blank\" rel=\"noopener\"><strong>Camino de Santiago<\/strong><\/a> o Ruta Jacobea. Alfonso II lo concibi\u00f3, y dicen que fue el primero en recorrerlo hasta el Campus Stellae, hoy Santiago de Compostela.<\/p>\n<p>La ruta que \u00e9l sigui\u00f3 dio origen al primero de todos los Caminos de Santiago, y por eso es denominado Camino Primitivo.<\/p>\n<p>Desde aquel lejano siglo IX, miles y miles de personas han ca\u00eddo rendidas al magnetismo y la seducci\u00f3n que ejerce aquel itinerario pensado por el monarca asturiano que convirti\u00f3 a Oviedo\/Uvi\u00e9u en la capital del Reino de Asturias.<\/p>\n<p>Muchas son las estampas que dejar\u00e1n en tu retina este Camino Primitivo, en los distintos territorios por los que transcurre: Oviedo, Las Regueras, Grado, Salas, Tineo, Allande y Grandas de Salime.<\/p>\n<h2 class=\"pagetitle\"><strong>Oviedo, el Alfa y el Omega<\/strong><\/h2>\n<p>&nbsp;<\/p>\n<p><a title=\"Oviedo\" href=\"https:\/\/www.turismoasturias.es\/descubre\/ciudades\/oviedo\" target=\"_blank\" rel=\"noopener\"><strong>Oviedo\/Uvi\u00e9u<\/strong><\/a>, <strong>capital de Asturias <\/strong>desde el reinado de Alfonso II, es un verdadero alfa y omega del Camino Primitivo. Es el principio de esta maravillosa historia, y tambi\u00e9n el final, porque sin Alfonso, sin Oviedo\/Uvi\u00e9u y sin Asturias, nada de todo esto hubiese existido.<\/p>\n<p><img decoding=\"async\" title=\"Plaza de la Catedral de Oviedo\/Uvi\u00e9u \u00a9Juan de Tury\" src=\"https:\/\/www.turismoasturias.es\/documents\/11022\/5008961\/catedral-oviedo.jpg\/77d90c60-021b-4fda-992a-07b24a680e0c?t=1589446247874\" alt=\"Plaza de la Catedral de Oviedo\/Uvi\u00e9u \u00a9Juan de Tury\" \/><\/p>\n<p>Y es que el Camino de Santiago es un continuum de emociones que, hagas lo que hagas, y empieces donde empieces, siempre pasa por Oviedo\/Uvi\u00e9u, y si no es as\u00ed la ruta pierde una parte de su esencia primigenia.<\/p>\n<p><img decoding=\"async\" title=\"Santa Mar\u00eda de Bendones (Oviedo) \u00a9Jes\u00fas Alfaro \" src=\"https:\/\/www.turismoasturias.es\/documents\/11022\/5008961\/santa-maria-de-bendones-oviedo.jpg\/e01fa912-a3b3-499b-9645-4451b0d40842?t=1589446605546\" alt=\"Santa Mar\u00eda de Bendones (Oviedo) \u00a9Jes\u00fas Alfaro \" \/><\/p>\n<p>Muy cerca de Oviedo\/Uvi\u00e9u se encuentra una de esas joyas inesperadas y bastante desconocida: la iglesia prerrom\u00e1nica de <strong>Santa Mar\u00eda de Bendones<\/strong>, cuya construcci\u00f3n est\u00e1 datada durante el reinado de Alfonso II. Se trata de una verdadera joya ubicada en la tranquila aldea que le da nombre, y a muy pocos kil\u00f3metros de la capital asturiana.<\/p>\n<h2 class=\"pagetitle\"><strong>Las Regueras o la sencillez jacobea<\/strong><\/h2>\n<p>&nbsp;<\/p>\n<p>Lim\u00edtrofe con Oviedo, <a title=\"Las Regueras\" href=\"https:\/\/www.turismoasturias.es\/blog\/-\/blogs\/las-regueras-la-tierra-hecha-de-agua\" target=\"_blank\" rel=\"noopener\"><strong>Las Regueras<\/strong><\/a> es un concejo de gran belleza natural, donde, entre la hospitalidad de sus gentes y la tranquilidad de la vida rural, te sentir\u00e1s como en tu propia casa.<\/p>\n<p><img decoding=\"async\" title=\"Puente Gallegos (Las Regueras) \u00a9Pelayo Lacazette\" src=\"https:\/\/www.turismoasturias.es\/documents\/11022\/5008961\/puente-gallegos-las-regueras.jpg\/9e3817d1-76eb-443f-a51b-b0f6b274d245?t=1589446584969\" alt=\"Puente Gallegos (Las Regueras) \u00a9Pelayo Lacazette\" \/><\/p>\n<p><strong>Puente Gallegos<\/strong> es el nexo de uni\u00f3n entre ambos concejos &#8211; Oviedo y Las Regueras -, y por qu\u00e9 no decirlo, un sitio con duende, donde el r\u00edo Nora fluye con tranquilidad, y la frondosidad vegetal de las orillas luce reflejada en el agua, componiendo una escena casi pict\u00f3rica.<\/p>\n<p><img decoding=\"async\" title=\"Las Regueras \u00a9Juanjo Arrojo\" src=\"https:\/\/www.turismoasturias.es\/documents\/11022\/5008961\/CS-la-fuente-las-regueras.jpg\/237ed038-47ee-4d18-8ffc-885814faf232?t=1589446299095\" alt=\"Las Regueras \u00a9Juanjo Arrojo\" \/><\/p>\n<p>Una vez que te adentres en Las Regueras comprender\u00e1s el concepto de sencillez jacobea: <strong>apacibles aldeas<\/strong>, encantadoras capillas como las de <strong>Premo\u00f1u<\/strong> o <strong>Valsera<\/strong>, lugares amables, y hasta unas termas romanas &#8211; las de <strong>Valdunu<\/strong> -.<\/p>\n<p>Y por supuesto, un entorno natural maravilloso y muy diferente a todo lo que veas como son los meandros del Nora.<\/p>\n<h2 class=\"pagetitle\"><strong>Grado, un mercado y un santuario en el Camino<\/strong><\/h2>\n<p>&nbsp;<\/p>\n<p>El concejo de <a title=\"Grado\" href=\"https:\/\/www.turismoasturias.es\/blog\/-\/blogs\/mil-sensaciones-inesperadas-te-aguardan-en-grado\" target=\"_blank\" rel=\"noopener\"><strong>Grado <\/strong><\/a>es uno de esos lugares en el mundo con una impronta especial. All\u00ed todo es genuino y aut\u00e9ntico, y algunas tradiciones hunden sus ra\u00edces en la ancestralidad asturiana.<\/p>\n<p>La capital del concejo, conocida tambi\u00e9n como la <strong>villa moscona<\/strong>, es desde la Edad Media un gran centro comercial, y una encrucijada de caminos, algunos que datan de la \u00e9poca romana, y otros tan universales como el Camino de Santiago.<\/p>\n<p><img decoding=\"async\" title=\"Grau\/Grado \u00a9Paco Curr\u00e1s S.L.\" src=\"https:\/\/www.turismoasturias.es\/documents\/11022\/5008961\/peregrinos-mercao-grao.jpg\/ac4116ba-06a2-42b8-8e3c-5c9ee353bd50?t=1589446490110\" alt=\"Grau\/Grado \u00a9Paco Curr\u00e1s S.L.\" \/><\/p>\n<p>La villa cuenta, adem\u00e1s, con <strong>uno de los mercados m\u00e1s antiguos de Asturias<\/strong>, que se celebra los mi\u00e9rcoles y los domingos, y en el que es f\u00e1cil contemplar estampas jacobeas de peregrinos, que pululan entre vecinos y for\u00e1neos, llegados estos desde diferentes destinos a este animado acontecimiento semanal.<\/p>\n<p><img decoding=\"async\" title=\"Santuario del Fresno (Grado) \u00a9Juanjo Arrojo\" src=\"https:\/\/www.turismoasturias.es\/documents\/11022\/5008961\/CS-santuario-del-fresno-grao.jpg\/609ccc81-8c91-4904-aaf4-7363b5343ad7?t=1589446323289\" alt=\"Santuario del Fresno (Grado) \u00a9Juanjo Arrojo\" \/><\/p>\n<p>Cuando te pongas de nuevo en marcha, parada obligada ser\u00e1 el <strong>Santuario de la Virgen del Fresno<\/strong>, una de las m\u00e1s importantes devociones de todo el centro de Asturias y referencia para los peregrinos jacobeos, que a menudo se mezclan con los lugare\u00f1os\u2026<\/p>\n<h2 class=\"pagetitle\"><strong>Salas, el gran solar noble del Camino Primitivo<\/strong><\/h2>\n<p>&nbsp;<\/p>\n<p>Situado en el Camino Primitivo, a mitad de trayecto entre Grado y Salas, te encontrar\u00e1s una de las joyas rom\u00e1nicas y barrocas m\u00e1s destacadas de la arquitectura asturiana: el <strong>Monasterio de San Salvador de Cornellana<\/strong>.<\/p>\n<p><img decoding=\"async\" title=\"Monasterio de San Salvador de Cornellana (Salas) \u00a9Juanjo Arrojo\" src=\"https:\/\/www.turismoasturias.es\/documents\/11022\/5008961\/monasterio-san-salvador-cornellana-salas.jpg\/6a40beab-66b8-4365-9a9a-411ae570193a?t=1589446470293\" alt=\"Monasterio de San Salvador de Cornellana (Salas) \u00a9Juanjo Arrojo\" \/><\/p>\n<p>A punto de cumplir 1000 a\u00f1os &#8211; el aniversario ser\u00e1 en el a\u00f1o 2024 \u2013 este monumento salense es mucho m\u00e1s que un edificio hist\u00f3rico Patrimonio de la Humanidad. Y sin ir m\u00e1s lejos lo demuestra la fascinaci\u00f3n que ejerce en los peregrinos y visitantes que, adem\u00e1s, se quedan embelesados con su leyenda, que dice as\u00ed: Uno de los hijos de los Se\u00f1ores de la Doriga, en un a\u00f1o que no se precisa, fue raptado por una osa, que ech\u00f3 a correr valle abajo cruzando el r\u00edo Narcea. Tras buscar al peque\u00f1o desesperadamente, uno de los mozos encontr\u00f3 a la osa con el ni\u00f1o mamando bajo su vientre. El ni\u00f1o es llevado sano y salvo donde sus padres, que ordenan erigir una iglesia en honor a San Salvador y tallar en piedra la escena del ni\u00f1o mamando de la osa\u2026<\/p>\n<p><img decoding=\"async\" title=\"Salas \u00a9Paco Curr\u00e1s S.L.\" src=\"https:\/\/www.turismoasturias.es\/documents\/11022\/5008961\/peregrinos-salas.jpg\/8818afc6-c839-450c-8d8f-2ca560b66033?t=1589446517635\" alt=\"Salas \u00a9Paco Curr\u00e1s S.L.\" \/><\/p>\n<p>Y as\u00ed, entre un halo de leyenda milenaria, llegar\u00e1s a la <strong>villa de Salas<\/strong>, solar noble con castillo y colegiata, y lugar de origen de Fernando de Vald\u00e9s Salas, personaje que ostenta el honor, entre otros, de ser el fundador de la Universidad de Oviedo.<\/p>\n<p>En el municipio de <a title=\"Salas\" href=\"https:\/\/www.turismoasturias.es\/blog\/-\/blogs\/salas-tierra-medieval-legendaria-y-jacobea\" target=\"_blank\" rel=\"noopener\"><strong>Salas<\/strong><\/a> hay, adem\u00e1s otras estampas que no puedes perderte: la iglesia de <strong>San Mart\u00edn de Salas<\/strong> y su antiguo tejo; el <strong>Santuario de la Virgen del Viso<\/strong>, y la <strong>cascada del r\u00edo Nonaya<\/strong>, casi al pie del Camino de Santiago, y donde muchos peregrinos acuden a refrescarse.<\/p>\n<h2 class=\"pagetitle\"><strong>Tineo, bajo el influjo de San Roque<\/strong><\/h2>\n<p>&nbsp;<\/p>\n<p>El de <a title=\"Tineo\" href=\"https:\/\/www.turismoasturias.es\/blog\/-\/blogs\/en-tineo-si-es-oro-todo-lo-que-reluce\" target=\"_blank\" rel=\"noopener\"><strong>Tineo<\/strong><\/a> es un Camino de Santiago bajo el influjo de San Roque, dado que entraras en la villa capitalina por su parte alta, y pasar\u00e1s justo al lado de la capilla y campo dedicado a este carism\u00e1tico Santo.<\/p>\n<p><img decoding=\"async\" title=\"Tin\u00e9u \u00a9Jes\u00fas Alfaro \" src=\"https:\/\/www.turismoasturias.es\/documents\/11022\/5008961\/CS-tineo-1.jpg\/b697d8f1-6ac4-4112-b1e8-e9995db1acff?t=1589446346823\" alt=\"Tin\u00e9u \u00a9Jes\u00fas Alfaro \" \/><\/p>\n<p>La capital tinetense respira atm\u00f3sfera jacobea por los cuatro costados, y lo primero que se encuentran los peregrinos es una preciosa escultura dedicada a ellos. Adem\u00e1s, el casco hist\u00f3rico de la villa es un continuo descubrimiento cultural, y cuando retomes ruta, fuentes y se\u00f1ales te acompa\u00f1ar\u00e1n para desearte \u00a1Buen Camino!<\/p>\n<p><img decoding=\"async\" title=\"Vistas panor\u00e1micas en Tineo \u00a9No\u00e9 Baranda\" src=\"https:\/\/www.turismoasturias.es\/documents\/11022\/5008961\/CS-tineo-borres.jpg\/ff3255a6-5d29-4cdf-8818-6d281be34979?t=1589446368342\" alt=\"Vistas panor\u00e1micas en Tineo \u00a9No\u00e9 Baranda\" \/><\/p>\n<p>El concejo de Tineo te ofrecer\u00e1 adem\u00e1s excelentes vistas panor\u00e1micas, y all\u00ed encontrar\u00e1s tambi\u00e9n otro de los grandes hitos hist\u00f3ricos y culturales de la Ruta Jacobea en Asturias: el <strong>Monasterio de Obona<\/strong>.<\/p>\n<p><img decoding=\"async\" title=\"Monasterio de Oubona (Tineo) \u00a9Juan de Tury\" src=\"https:\/\/www.turismoasturias.es\/documents\/11022\/5008961\/monasterio-obona-tineo.jpg\/232437dd-4496-44ac-93bc-f6de1cd58399?t=1589446433994\" alt=\"Monasterio de Oubona (Tineo) \u00a9Juan de Tury\" \/><\/p>\n<p>Santa Mar\u00eda la Real de Obona tiene una curiosa historia: se cree que el templo primitivo que estaba situado en el emplazamiento del actual monasterio, fue fundado por el pr\u00edncipe Adelgaster, hijo bastardo del rey Silo all\u00e1 por el a\u00f1o 780.<\/p>\n<p>Sea como fuere, el monasterio, de factura rom\u00e1nica y siguiendo los par\u00e1metros del C\u00edster, fue un gran centro de poder econ\u00f3mico y cultural, y una referencia para todos los peregrinos del Camino Primitivo, que durante siglos fueron ayudados y auxiliados por los monjes\u2026<\/p>\n<h2 class=\"pagetitle\"><strong>Allande, tierra de leyendas jacobeas<\/strong><\/h2>\n<p>&nbsp;<\/p>\n<p>El Camino de Santiago en <a title=\"Allande\" href=\"https:\/\/www.turismoasturias.es\/descubre\/donde-ir\/municipios\/allande\" target=\"_blank\" rel=\"noopener\"><strong>Allande<\/strong><\/a> es anterior a la fundaci\u00f3n de la villa de\u00a0 <strong>Pola de Allande<\/strong>, hoy capital del concejo.<\/p>\n<p>Y aunque en este municipio, el Camino se bifurca en dos ramales, aqu\u00ed vamos a coger el que pasa por la villa, por el inter\u00e9s cultural que tiene esta capital del occidente de Asturias.<\/p>\n<p><img decoding=\"async\" title=\"Pola de Allande \u00a9No\u00e9 Baranda\" src=\"https:\/\/www.turismoasturias.es\/documents\/11022\/5008961\/pola-de-allande.jpg\/826c3d81-bcd3-4324-b96d-d6baf21aaa4b?t=1589446541523\" alt=\"Pola de Allande \u00a9No\u00e9 Baranda\" \/><\/p>\n<p>La Pola es un lugar amable y arm\u00f3nico en su conjunto, tanto por la calidez de sus gentes como por el poder\u00edo de sus arquitecturas, que dejan entrever reminiscencias indianas de ultramar, y tambi\u00e9n de una notable burgues\u00eda local, integrada especialmente por comerciantes y ganaderos, y c\u00f3mo no, hosteleros de solera. Tambi\u00e9n cuenta con significativos vestigios medievales como el Palacio de los Condes de Pe\u00f1alva.<\/p>\n<p>El peregrino no se siente extranjero en la villa, sino que pronto le coge sabor al ambiente de sus terrazas y al paseo a pie de r\u00edo, y hace un descanso genial para la dureza jacobea que a\u00fan le aguarda antes de llegar a Santiago de Compostela.<\/p>\n<p><img decoding=\"async\" title=\"Peregrinos en el Puerto del Palo (Allande)\" src=\"https:\/\/www.turismoasturias.es\/documents\/11022\/5008961\/fuente-les+muyeres-puerto-del-palo-allande.jpg\/0ca41be3-1a58-4bf9-93ab-a13f265b71c9?t=1589446414062\" alt=\"Peregrinos en el Puerto del Palo (Allande)\" \/><\/p>\n<p>En esta antesala del <strong>Puerto del Palo<\/strong>, los peregrinos empiezan a tomar conciencia del gran reto de monta\u00f1a que van a afrontar, y de que en el Camino, a su paso, dejar\u00e1n leyendas, explotaciones aur\u00edferas romanas y restos de hospitales de peregrinos, como si de un doble viaje se tratara: al pasado de una devoci\u00f3n hist\u00f3rica y al presente de su deambular\u2026<\/p>\n<h2 class=\"pagetitle\"><strong>Grandas de Salime, la despedida de Asturias<\/strong><\/h2>\n<p>&nbsp;<\/p>\n<p><a title=\"Grandas de Salime\" href=\"https:\/\/www.turismoasturias.es\/descubre\/donde-ir\/municipios\/grandas-de-salime\" target=\"_blank\" rel=\"noopener\"><strong>Grandas de Salime<\/strong><\/a> es el \u00faltimo gran territorio del Camino Primitivo en Asturias. Ser\u00e1 tu despedida y tambi\u00e9n tu \u00a1Hasta pronto!, porque sin duda desear\u00e1s volver.<\/p>\n<p>De hecho, el Camino Primitivo es uno de los que m\u00e1s repiten los peregrinos y no se cansan de \u00e9l\u2026 Alguna magia encierra este invento del aquel rey, monje y pensador asturiano que pas\u00f3 a la historia como Alfonso II.<\/p>\n<p><img decoding=\"async\" title=\"Embalse de Grandas de Salime \u00a9Paco Curr\u00e1s S.L.\" src=\"https:\/\/www.turismoasturias.es\/documents\/11022\/5008961\/embalse-grandas.jpg\/d7ead78a-456e-485c-ba18-33f922cdbed2?t=1589446390978\" alt=\"Embalse de Grandas de Salime \u00a9Paco Curr\u00e1s S.L.\" \/><\/p>\n<p>En Grandas de Salime encontrar\u00e1s un gran <strong>embalse<\/strong>, con una gran presa, y con los restos de un poblado <strong>A Paicega<\/strong>, que fue el hogar de quienes la construyeron a mediados del siglo XX.<\/p>\n<p><img decoding=\"async\" title=\"Chao Samartin (Grandas de Salime) \u00a9Juan de Tury\" src=\"https:\/\/www.turismoasturias.es\/documents\/11022\/5008961\/chaosamartin-grandas.jpg\/e396c7d3-5db6-43c2-bb48-d85f215255d7?t=1589446272019\" alt=\"Chao Samartin (Grandas de Salime) \u00a9Juan de Tury\" \/><\/p>\n<p>Encontrar\u00e1s poblaciones castre\u00f1as como el <strong>Chao Samart\u00edn<\/strong>, que te dar\u00e1n una idea de la antig\u00fcedad de esta cultura y su filosof\u00eda de vida.<\/p>\n<p>Y en la capital del concejo, que lleva el mismo nombre que \u00e9ste, disfrutar\u00e1s de una de las mayores reservas etnogr\u00e1ficas de Europa, con siglos de cultura rural ante tus ojos. No querr\u00e1s irte de Grandas ni de su <strong>Museo Etnogr\u00e1fico<\/strong> ni de Asturias.<\/p>\n<\/div>\n","protected":false},"excerpt":{"rendered":"<p>Estampas inolvidables del Camino Primitivo en Asturias Tal vez sea una de las grandes creaciones espirituales de la Historia de la Humanidad. Y es que la utop\u00eda de un monarca asturiano, nacido en Oviedo\/Uvi\u00e9u, y llamado Alfonso II, lleva m\u00e1s de mil a\u00f1os seduciendo a personas de todas las latitudes y cultura. Es el Camino [&hellip;]<\/p>\n","protected":false},"author":117,"featured_media":0,"parent":40,"menu_order":0,"comment_status":"closed","ping_status":"closed","template":"","meta":{"footnotes":""},"class_list":["post-477","page","type-page","status-publish","hentry","post-preview"],"_links":{"self":[{"href":"https:\/\/edublog.educastur.es\/asturies\/wp-json\/wp\/v2\/pages\/477","targetHints":{"allow":["GET"]}}],"collection":[{"href":"https:\/\/edublog.educastur.es\/asturies\/wp-json\/wp\/v2\/pages"}],"about":[{"href":"https:\/\/edublog.educastur.es\/asturies\/wp-json\/wp\/v2\/types\/page"}],"author":[{"embeddable":true,"href":"https:\/\/edublog.educastur.es\/asturies\/wp-json\/wp\/v2\/users\/117"}],"replies":[{"embeddable":true,"href":"https:\/\/edublog.educastur.es\/asturies\/wp-json\/wp\/v2\/comments?post=477"}],"version-history":[{"count":3,"href":"https:\/\/edublog.educastur.es\/asturies\/wp-json\/wp\/v2\/pages\/477\/revisions"}],"predecessor-version":[{"id":480,"href":"https:\/\/edublog.educastur.es\/asturies\/wp-json\/wp\/v2\/pages\/477\/revisions\/480"}],"up":[{"embeddable":true,"href":"https:\/\/edublog.educastur.es\/asturies\/wp-json\/wp\/v2\/pages\/40"}],"wp:attachment":[{"href":"https:\/\/edublog.educastur.es\/asturies\/wp-json\/wp\/v2\/media?parent=477"}],"curies":[{"name":"wp","href":"https:\/\/api.w.org\/{rel}","templated":true}]}}