{"id":71,"date":"2020-07-28T20:53:52","date_gmt":"2020-07-28T20:53:52","guid":{"rendered":"https:\/\/edublog.educastur.es\/asturies\/?page_id=71"},"modified":"2020-07-29T08:38:00","modified_gmt":"2020-07-29T08:38:00","slug":"reservas-biosfera","status":"publish","type":"page","link":"https:\/\/edublog.educastur.es\/asturies\/espacios\/reservas-biosfera\/","title":{"rendered":"RESERVAS BIOSFERA"},"content":{"rendered":"<ul>\n<li><a href=\"http:\/\/naturalezadeasturias.es\/espacios\/visita\/reservas-biosfera\/\">Web<\/a><\/li>\n<\/ul>\n<header id=\"main-header\" class=\"\">\n<div class=\"clearfix\">\n<p><a id=\"logo\" href=\"http:\/\/naturalezadeasturias.es\/\">Naturaleza de Asturias, espacios naturales protegidos<\/a><\/p>\n<nav id=\"breadcrumbs\">Est\u00e1s en:<\/p>\n<ul>\n<li><a href=\"http:\/\/naturalezadeasturias.es\/espacios\/visita\/\">Visita<\/a>\n<ul>\n<li>Reservas de la Biosfera<\/li>\n<\/ul>\n<\/li>\n<\/ul>\n<\/nav>\n<nav id=\"main-menu\">\n<section class=\"active\">\n<header><a href=\"http:\/\/naturalezadeasturias.es\/espacios\/visita\/\">Visita nuestros espacios naturales<\/a><\/header>\n<\/section>\n<section>\n<header><a href=\"http:\/\/naturalezadeasturias.es\/espacios\/accede\/\">Accede a informaci\u00f3n t\u00e9cnica<\/a><\/header>\n<\/section>\n<\/nav>\n<\/div>\n<header><\/header>\n<\/header>\n<div id=\"content\">\n<nav id=\"util\">\n<ul class=\"clearfix\">\n<li><a href=\"http:\/\/naturalezadeasturias.es\/espacios\/visita\/mapas.html\">Mapas<\/a><\/li>\n<li><a id=\"search\" href=\"http:\/\/naturalezadeasturias.es\/espacios\/visita\/reservas-biosfera\/#\" data-zone=\"visita\">\u00bfQu\u00e9 buscas?<\/a><\/li>\n<li><a href=\"http:\/\/naturalezadeasturias.es\/espacios\/visita\/documentacion\/?cat=1\">Materiales<\/a><\/li>\n<li><a href=\"http:\/\/naturalezadeasturias.es\/espacios\/visita\/noticias\/?cat=1\">Noticias<\/a><\/li>\n<\/ul>\n<\/nav>\n<section id=\"locate\" class=\"inner\"><span style=\"color: #003300\"><strong><em><span style=\"font-size: 14pt\">Descubre las Reservas de la Biosfera Asturianas, reconocidas por la UNESCO como aut\u00e9nticos laboratorios vivos del desarrollo sostenible.<\/span><\/em><\/strong><\/span><\/section>\n<\/div>\n<div id=\"map\">\n<div>\n<div class=\"cartodb-map-wrapper leaflet-container leaflet-retina leaflet-fade-anim\">\n<div class=\"cartodb-tooltip\">\n<div class=\"cartodb-tooltip-content-wrapper\">\n<div class=\"cartodb-tooltip-content\">\n<h4><em><span style=\"font-size: 14pt\">Reserva de la Biosfera y Parque Natural Somiedo<\/span><\/em><\/h4>\n<\/div>\n<\/div>\n<\/div>\n<\/div>\n<\/div>\n<\/div>\n<section id=\"filter\" class=\"inner\">\n<aside><\/aside>\n<ul class=\"clearfix\">\n<li><a href=\"http:\/\/naturalezadeasturias.es\/espacios\/visita\/destinos\/PN-fuentes-del-narcea-deganya-e-ibias.html\"> <span class=\"photo\"><img decoding=\"async\" src=\"http:\/\/naturalezadeasturias.es\/img\/upload\/500x333-1494235787.jpg\" alt=\"\" \/><\/span><br \/>\n<span class=\"info\"><b>Fuentes del Narcea, Dega\u00f1a e Ibias<\/b><i>Parque Natural y Reserva de la Biosfera<\/i><\/span> <\/a><\/li>\n<li><a href=\"http:\/\/naturalezadeasturias.es\/espacios\/visita\/destinos\/PN-ubinyas-la-mesa.html\"> <span class=\"photo\"><img decoding=\"async\" src=\"http:\/\/naturalezadeasturias.es\/img\/upload\/500x333-pn_ubinas_foto3_corro__brana_Xamaraxil_MSC.jpg\" alt=\"\" \/><\/span> <span class=\"info\"><b><br \/>\nLas Ubi\u00f1as-La Mesa<\/b><i>Parque Natural y Reserva de la Biosfera<\/i><\/span> <\/a><\/li>\n<li><a href=\"http:\/\/parquenacionalpicoseuropa.es\" target=\"_blank\" rel=\"noopener noreferrer\"> <span class=\"photo\"><img decoding=\"async\" src=\"http:\/\/naturalezadeasturias.es\/img\/upload\/500x333-pn_picos_G_900x600.jpg\" alt=\"\" \/><\/span> <span class=\"info\"><b><br \/>\nPicos de Europa<\/b><i>Parque Nacional y Reserva de la Biosfera<\/i><\/span> <\/a><\/li>\n<li><a href=\"http:\/\/naturalezadeasturias.es\/espacios\/visita\/destinos\/PN-ponga.html\"> <span class=\"photo\"><img decoding=\"async\" src=\"http:\/\/naturalezadeasturias.es\/img\/upload\/500x333-pn_ponga_foto3_viboli_horreos_beyuscos_AT.jpg\" alt=\"\" \/><\/span> <span class=\"info\"><b><br \/>\nPonga<\/b><i>Parque Natural y Reserva de la Biosfera<\/i><\/span> <\/a><\/li>\n<li><a href=\"http:\/\/naturalezadeasturias.es\/espacios\/visita\/destinos\/PN-redes.html\"> <span class=\"photo\"><img decoding=\"async\" src=\"http:\/\/naturalezadeasturias.es\/img\/upload\/500x333-pn_redes_foto3_rioseco_MSC.jpg\" alt=\"\" \/><\/span><br \/>\n<span class=\"info\"><b>Redes<\/b><i>Parque Natural y Reserva de la Biosfera<\/i><\/span> <\/a><\/li>\n<li><a href=\"http:\/\/naturalezadeasturias.es\/espacios\/visita\/destinos\/RB-oscos-eo.html\"> <span class=\"photo\"><img decoding=\"async\" src=\"http:\/\/naturalezadeasturias.es\/img\/upload\/500x333-rb_oscos_foto1_ria_eo_CEDER_900x600.jpg\" alt=\"\" \/><\/span><br \/>\n<span class=\"info\"><b>R\u00edo Eo, Oscos y Terras de Bur\u00f3n<\/b><i>Reserva de la Biosfera<\/i><\/span> <\/a><\/li>\n<li><a href=\"http:\/\/naturalezadeasturias.es\/espacios\/visita\/destinos\/PN-somiedo.html\"> <span class=\"photo\"><img decoding=\"async\" src=\"http:\/\/naturalezadeasturias.es\/img\/upload\/500x333-pn_somiedo_foto3_centaura_jj.jpg\" alt=\"\" \/><\/span><br \/>\n<span class=\"info\"><b>Somiedo<\/b><i>Parque Natural y Reserva de la Biosfera<\/i><\/span> <\/a><\/li>\n<\/ul>\n<\/section>\n<section id=\"videos\" class=\"inner\">\n<aside><\/aside>\n<\/section>\n","protected":false},"excerpt":{"rendered":"<p>Web Naturaleza de Asturias, espacios naturales protegidos Est\u00e1s en: Visita Reservas de la Biosfera Visita nuestros espacios naturales Accede a informaci\u00f3n t\u00e9cnica Mapas \u00bfQu\u00e9 buscas? Materiales Noticias Descubre las Reservas de la Biosfera Asturianas, reconocidas por la UNESCO como aut\u00e9nticos laboratorios vivos del desarrollo sostenible. Reserva de la Biosfera y Parque Natural Somiedo Fuentes del [&hellip;]<\/p>\n","protected":false},"author":117,"featured_media":0,"parent":55,"menu_order":0,"comment_status":"closed","ping_status":"closed","template":"","meta":{"footnotes":""},"class_list":["post-71","page","type-page","status-publish","hentry","post-preview"],"_links":{"self":[{"href":"https:\/\/edublog.educastur.es\/asturies\/wp-json\/wp\/v2\/pages\/71","targetHints":{"allow":["GET"]}}],"collection":[{"href":"https:\/\/edublog.educastur.es\/asturies\/wp-json\/wp\/v2\/pages"}],"about":[{"href":"https:\/\/edublog.educastur.es\/asturies\/wp-json\/wp\/v2\/types\/page"}],"author":[{"embeddable":true,"href":"https:\/\/edublog.educastur.es\/asturies\/wp-json\/wp\/v2\/users\/117"}],"replies":[{"embeddable":true,"href":"https:\/\/edublog.educastur.es\/asturies\/wp-json\/wp\/v2\/comments?post=71"}],"version-history":[{"count":4,"href":"https:\/\/edublog.educastur.es\/asturies\/wp-json\/wp\/v2\/pages\/71\/revisions"}],"predecessor-version":[{"id":170,"href":"https:\/\/edublog.educastur.es\/asturies\/wp-json\/wp\/v2\/pages\/71\/revisions\/170"}],"up":[{"embeddable":true,"href":"https:\/\/edublog.educastur.es\/asturies\/wp-json\/wp\/v2\/pages\/55"}],"wp:attachment":[{"href":"https:\/\/edublog.educastur.es\/asturies\/wp-json\/wp\/v2\/media?parent=71"}],"curies":[{"name":"wp","href":"https:\/\/api.w.org\/{rel}","templated":true}]}}