{"id":23,"date":"2021-09-23T14:38:13","date_gmt":"2021-09-23T14:38:13","guid":{"rendered":"https:\/\/edublog.educastur.es\/aulasverdes\/?page_id=23"},"modified":"2025-04-30T07:47:26","modified_gmt":"2025-04-30T07:47:26","slug":"lectura-facil","status":"publish","type":"page","link":"https:\/\/edublog.educastur.es\/aulasverdes\/acciones-para-reutilizar\/acciones-reciclar\/reaccionamos\/podcast-radiello\/sintiendo-la-naturaleza\/lectura-facil\/","title":{"rendered":"\u00bfQu\u00e9 es la lectura f\u00e1cil?"},"content":{"rendered":"<p><span style=\"font-family: 'arial black', sans-serif;font-size: 14pt\">\u00bfQUE ES LA LECTURA F\u00c1CIL?<\/span><\/p>\n<p><span style=\"font-family: arial, helvetica, sans-serif;font-size: 14pt\">Es una forma de presentar los textos de una forma clara y f\u00e1cil de comprender, teniendo<b>\u00a0en cuenta el contenido, el lenguaje, las ilustraciones y la maquetaci\u00f3n y dise\u00f1o de los materiales<\/b>.<\/span><\/p>\n<p><span style=\"font-family: 'arial black', sans-serif;font-size: 14pt\">\u00bf POR QU\u00c9 ES IMPORTANTE ESCRIBIR CON ESTE METODO?<\/span><\/p>\n<p><span style=\"font-family: arial, helvetica, sans-serif;font-size: 14pt\">La lectura f\u00e1cil ayuda a facilitar el acceso a la informaci\u00f3n de personas con discapacidad intelectual o del desarrollo.<\/span><\/p>\n<p><span style=\"font-family: 'arial black', sans-serif;font-size: 14pt\">EN ESTE BLOG&#8230;<\/span><\/p>\n<p><span style=\"font-family: arial, helvetica, sans-serif;font-size: 14pt\">Vamos a intentar poner nuestro contenido siguiendo algunos de los principios de lectura f\u00e1cil recogidos en la normativa europea vigente. Para que la informaci\u00f3n sea m\u00e1s f\u00e1cil de leer y comprender por todos y todas.\u00a0<\/span><\/p>\n<p><span style=\"font-family: 'arial black', sans-serif;font-size: 14pt\">M\u00c1S INFORMACI\u00d3N:<\/span><\/p>\n<p><span style=\"font-family: arial, helvetica, sans-serif;font-size: 14pt\">Si te interesa este tema te dejamos un enlace donde puedes acceder a esta informaci\u00f3n con el objetivo de hacer nuestras comunicaciones cada d\u00eda m\u00e1s accesibles.<\/span><\/p>\n<p><span style=\"font-size: 14pt;font-family: arial, helvetica, sans-serif\">Pulsa este enlace para ver el documento publicado por Plena Inclusi\u00f3n.\u00a0<\/span><\/p>\n<h1><a href=\"https:\/\/www.plenainclusion.org\/publicaciones\/buscador\/informacion-para-todos-pautas-europeas-de-la-lectura-facil\/\" target=\"_blank\" rel=\"noopener\">NORMATIVA EUROPEA LECTURA F\u00c1CIL<\/a><\/h1>\n<p><!--nextpage--><\/p>\n<p>Va<span style=\"font-family: arial, helvetica, sans-serif;font-size: 14pt\">mos a seguir algunas de las directrices de lectura f\u00e1cil para escribir en el blog, para hacer la informaci\u00f3n m\u00e1s f\u00e1cil de leer y comprender<\/span><\/p>\n<ul>\n<li><span style=\"font-family: arial, helvetica, sans-serif;font-size: 14pt\">LETRA:<strong> ARIAL 14<\/strong>, la misma en todo el texto.<\/span><\/li>\n<li><span style=\"font-family: arial, helvetica, sans-serif;font-size: 14pt\"><strong>Interlineado <\/strong>(espacio entre l\u00edneas de un p\u00e1rrafo) de <strong>1,5 <\/strong><\/span><\/li>\n<li><span style=\"font-family: arial, helvetica, sans-serif;font-size: 14pt\">Texto <strong>tipo oraci\u00f3n<\/strong>, no en may\u00fasculas todo.<\/span><\/li>\n<li><span style=\"font-family: arial, helvetica, sans-serif;font-size: 14pt\">Frases cortas y sencillas, separar con puntos y aparte la informaci\u00f3n. <strong>Cada oraci\u00f3n una idea.<\/strong><\/span><\/li>\n<li><span style=\"font-family: arial, helvetica, sans-serif;font-size: 14pt\">Evitar los subrayados, cursivas, las letras con sombras y de color.<\/span><\/li>\n<li><span style=\"font-family: arial, helvetica, sans-serif;font-size: 14pt\">No justificaci\u00f3n, no sangr\u00eda de textos.<\/span><\/li>\n<li><span style=\"font-family: arial, helvetica, sans-serif;font-size: 14pt\">Apoyar todos los textos con <strong>fotos o im\u00e1genes<\/strong>, que sean claras.<\/span><\/li>\n<li><span style=\"font-family: arial, helvetica, sans-serif;font-size: 14pt\"><strong>Usar negrita<\/strong> para la informaci\u00f3n importante<\/span><\/li>\n<li><span style=\"font-family: arial, helvetica, sans-serif;font-size: 14pt\">Evitar abreviaturas (ect, p.ej;\u2026) , s\u00edmbolos o caracteres.<\/span><\/li>\n<li><span style=\"font-family: arial, helvetica, sans-serif;font-size: 14pt\">Usa palabras f\u00e1ciles de comprender, puedes usar ejemplos cotidianos.<\/span><\/li>\n<li><span style=\"font-family: arial, helvetica, sans-serif;font-size: 14pt\">Usa la misma palabra para describir la misma cosa en el texto.<\/span><\/li>\n<li><span style=\"font-family: arial, helvetica, sans-serif;font-size: 14pt\">Evita usar met\u00e1foras, palabras en ingl\u00e9s, porcentajes, n\u00fameros grandes (en su lugar pocos o muchos).<\/span><\/li>\n<li><span style=\"font-family: arial, helvetica, sans-serif;font-size: 14pt\">Habla directamente al lector: <strong>TU o USTEDES<\/strong><\/span><\/li>\n<li><span style=\"font-family: arial, helvetica, sans-serif;font-size: 14pt\">Usa pronombres (eso, yo, tu, aquello,\u2026) siempre que se sepa a quien se refiere sino mejor poner el nombre de la cosa o persona.<\/span><\/li>\n<li><span style=\"font-family: arial, helvetica, sans-serif;font-size: 14pt\">La informaci\u00f3n debe estar ordenada, f\u00e1cil de seguir.<\/span><\/li>\n<li><span style=\"font-family: arial, helvetica, sans-serif;font-size: 14pt\">Escribe los n\u00fameros (1,2,\u2026).<\/span><\/li>\n<li><span style=\"font-family: arial, helvetica, sans-serif;font-size: 14pt\">Evita los n\u00fameros romanos, y 1\u00aa.<\/span><\/li>\n<li><span style=\"font-family: arial, helvetica, sans-serif;font-size: 14pt\">Poner las <strong>fechas completas <\/strong>(15 de octubre de 2021)<\/span><\/li>\n<li><span style=\"font-family: arial, helvetica, sans-serif;font-size: 14pt\">Para los enlaces usar subrayados.<\/span><\/li>\n<\/ul>\n<p><span style=\"font-family: arial, helvetica, sans-serif;font-size: 14pt\">*Fuente Plena Inclusi\u00f3n:<\/span><\/p>\n<p><span style=\"color: #99cc00;font-family: 'arial black', sans-serif\">Os animamos a que todos hag\u00e1is vuestros textos m\u00e1s accesibles y cercanos.<\/span><\/p>\n<p>&nbsp;<\/p>\n","protected":false},"excerpt":{"rendered":"<p>\u00bfQUE ES LA LECTURA F\u00c1CIL? Es una forma de presentar los textos de una forma clara y f\u00e1cil de comprender, teniendo\u00a0en cuenta el contenido, el lenguaje, las ilustraciones y la maquetaci\u00f3n y dise\u00f1o de los materiales. \u00bf POR QU\u00c9 ES IMPORTANTE ESCRIBIR CON ESTE METODO? La lectura f\u00e1cil ayuda a facilitar el acceso a la [&hellip;]<\/p>\n","protected":false},"author":917,"featured_media":24,"parent":73,"menu_order":6,"comment_status":"closed","ping_status":"closed","template":"","meta":{"footnotes":""},"class_list":["post-23","page","type-page","status-publish","has-post-thumbnail","hentry"],"_links":{"self":[{"href":"https:\/\/edublog.educastur.es\/aulasverdes\/wp-json\/wp\/v2\/pages\/23","targetHints":{"allow":["GET"]}}],"collection":[{"href":"https:\/\/edublog.educastur.es\/aulasverdes\/wp-json\/wp\/v2\/pages"}],"about":[{"href":"https:\/\/edublog.educastur.es\/aulasverdes\/wp-json\/wp\/v2\/types\/page"}],"author":[{"embeddable":true,"href":"https:\/\/edublog.educastur.es\/aulasverdes\/wp-json\/wp\/v2\/users\/917"}],"replies":[{"embeddable":true,"href":"https:\/\/edublog.educastur.es\/aulasverdes\/wp-json\/wp\/v2\/comments?post=23"}],"version-history":[{"count":10,"href":"https:\/\/edublog.educastur.es\/aulasverdes\/wp-json\/wp\/v2\/pages\/23\/revisions"}],"predecessor-version":[{"id":1899,"href":"https:\/\/edublog.educastur.es\/aulasverdes\/wp-json\/wp\/v2\/pages\/23\/revisions\/1899"}],"up":[{"embeddable":true,"href":"https:\/\/edublog.educastur.es\/aulasverdes\/wp-json\/wp\/v2\/pages\/73"}],"wp:featuredmedia":[{"embeddable":true,"href":"https:\/\/edublog.educastur.es\/aulasverdes\/wp-json\/wp\/v2\/media\/24"}],"wp:attachment":[{"href":"https:\/\/edublog.educastur.es\/aulasverdes\/wp-json\/wp\/v2\/media?parent=23"}],"curies":[{"name":"wp","href":"https:\/\/api.w.org\/{rel}","templated":true}]}}