{"id":2,"date":"2023-01-11T10:06:22","date_gmt":"2023-01-11T10:06:22","guid":{"rendered":"https:\/\/edublog.educastur.es\/bibliocalderon\/?page_id=2"},"modified":"2023-01-23T18:43:58","modified_gmt":"2023-01-23T18:43:58","slug":"pagina-ejemplo","status":"publish","type":"page","link":"https:\/\/edublog.educastur.es\/bibliocalderon\/","title":{"rendered":"Aqu\u00ed empieza el viaje"},"content":{"rendered":"\n<blockquote class=\"wp-block-quote is-layout-flow wp-block-quote-is-layout-flow\"><p>\u00a1Bienvenida y bienvenido al sitio donde se fabrican los sue\u00f1os! Soy la p\u00e1gina web de la biblioteca y estoy aqu\u00ed para ayudarte en todo lo que necesites.<\/p><\/blockquote>\n\n\n\n<ul class=\"wp-block-list\"><li>Accede en el men\u00fa principal (arriba a la derecha) a <em><a href=\"https:\/\/edublog.educastur.es\/bibliocalderon\/pagina-que\/\" target=\"_blank\" rel=\"noreferrer noopener\">Qu\u00e9 hay aqu\u00ed<\/a><\/em> para obtener m\u00e1s informaci\u00f3n.<\/li><\/ul>\n\n\n\n<p><\/p>\n","protected":false},"excerpt":{"rendered":"<p>\u00a1Bienvenida y bienvenido al sitio donde se fabrican los sue\u00f1os! Soy la p\u00e1gina web de la biblioteca y estoy aqu\u00ed para ayudarte en todo lo que necesites. Accede&hellip;<\/p>\n","protected":false},"author":1850,"featured_media":175,"parent":0,"menu_order":0,"comment_status":"closed","ping_status":"open","template":"","meta":{"footnotes":""},"class_list":["post-2","page","type-page","status-publish","has-post-thumbnail","hentry"],"_links":{"self":[{"href":"https:\/\/edublog.educastur.es\/bibliocalderon\/wp-json\/wp\/v2\/pages\/2","targetHints":{"allow":["GET"]}}],"collection":[{"href":"https:\/\/edublog.educastur.es\/bibliocalderon\/wp-json\/wp\/v2\/pages"}],"about":[{"href":"https:\/\/edublog.educastur.es\/bibliocalderon\/wp-json\/wp\/v2\/types\/page"}],"author":[{"embeddable":true,"href":"https:\/\/edublog.educastur.es\/bibliocalderon\/wp-json\/wp\/v2\/users\/1850"}],"replies":[{"embeddable":true,"href":"https:\/\/edublog.educastur.es\/bibliocalderon\/wp-json\/wp\/v2\/comments?post=2"}],"version-history":[{"count":10,"href":"https:\/\/edublog.educastur.es\/bibliocalderon\/wp-json\/wp\/v2\/pages\/2\/revisions"}],"predecessor-version":[{"id":187,"href":"https:\/\/edublog.educastur.es\/bibliocalderon\/wp-json\/wp\/v2\/pages\/2\/revisions\/187"}],"wp:featuredmedia":[{"embeddable":true,"href":"https:\/\/edublog.educastur.es\/bibliocalderon\/wp-json\/wp\/v2\/media\/175"}],"wp:attachment":[{"href":"https:\/\/edublog.educastur.es\/bibliocalderon\/wp-json\/wp\/v2\/media?parent=2"}],"curies":[{"name":"wp","href":"https:\/\/api.w.org\/{rel}","templated":true}]}}