{"id":2,"date":"2022-06-13T11:38:23","date_gmt":"2022-06-13T11:38:23","guid":{"rendered":"https:\/\/edublog.educastur.es\/bibliocorre\/?page_id=2"},"modified":"2024-10-21T18:44:40","modified_gmt":"2024-10-21T18:44:40","slug":"pagina-ejemplo","status":"publish","type":"page","link":"https:\/\/edublog.educastur.es\/bibliocorre\/pagina-ejemplo\/","title":{"rendered":"ACERCA DE"},"content":{"rendered":"<p><\/p>\r\n<p>Queridos lectores del IES La Corredoria:<\/p>\r\n<p>\u00bfC\u00f3mo va todo? Conf\u00edo en que bien. Esta nueva entrada es simplemente para recordaros que ah\u00ed sigo, esperando ansiosa vuestras visitas para estudiar, leer y sacar libros en pr\u00e9stamo. Hace ya dos a\u00f1os empezamos esta aventura por la lectura con mucha ilusi\u00f3n. Hoy, gracias a los sucesivos Equipos Directivos, al Pan de Lectura,\u00a0 Escritura e Investigaci\u00f3n de Centro (PLEI) y al Dpto. Lengua Castellana y Literatura, somo m\u00e1s fuerza. Pero el impulso real lo constituyen vosotros, nuestros lectores, y vuestras familias. Gracias.\u00a0<\/p>\r\n<p>&nbsp;<\/p>\r\n<p>Un abrazo,<\/p>\r\n<p>BiblioCorre.<\/p>\r\n<p>&nbsp;<\/p>\r\n<a href=\"https:\/\/edublog.educastur.es\/bibliocorre\/files\/2024\/10\/BIBLIOTECA.-Cartel-anunciador-Curso-24-25-copia.pdf\" class=\"pdfemb-viewer\" style=\"\" data-width=\"max\" data-height=\"max\" data-toolbar=\"bottom\" data-toolbar-fixed=\"off\">BIBLIOTECA.- Cartel anunciador (Curso &#039;24-25) - copia<\/a>\r\n<p>&nbsp;<\/p>\r\n<p>&nbsp;<\/p>\r\n<p>&nbsp;<\/p>\r\n<p>Queridos lectores:<\/p>\r\n<p>\u00bfC\u00f3mo est\u00e1is? Espero que bien. Entre profesores y alumnos, seguramente hay m\u00e1s de uno que no me conoce. Soy la Biblioteca. Me pod\u00e9is llamar BiblioCorre con total confianza. Como sab\u00e9is, he estado cerrada durante mucho tiempo. Ha sido duro estar sin lo que m\u00e1s aprecio: mis lectores. Por fortuna, desde hace unas semanas, he vuelto ha tener visitas de alumnos y el pr\u00e9stamo de libros ha regresado. Estaba como un \u00e1rbol seco, mustio, y ver a tantos chiquillos estos d\u00edas ha sido como reverdecer. Me he mudado por tiempo indefinido al otro lado del pasillo en la planta baja, a la nueva Sala de Profesores. De momento, solo estoy abierta cuatro recreos para sacar libros. Chicos, vedlo como un aperitivo para el pr\u00f3ximo curso 2022-2023. Como digo, habr\u00e1 gente despistada y no sabr\u00e1 de mi nueva ubicaci\u00f3n. Por eso, he decidido relanzar nuestro antiguo <a href=\"https:\/\/bibliotecacorre.wordpress.com\/\">Blog,<\/a> que en el pasado tantas satisfacciones nos dio. Muchas gracias por vuestra atenci\u00f3n.\u00a0<\/p>\r\n<p>\u00a1Hasta pronto! \u00a1Os espero!<\/p>\r\n<p>Un saludo, <img loading=\"lazy\" decoding=\"async\" class=\"alignnone size-medium wp-image-39\" src=\"http:\/\/edublog.educastur.es\/bibliocorre\/files\/2022\/06\/BIBLIOTECA.-Cartel-anunciador_page-0001-212x300.jpg\" alt=\"\" width=\"212\" height=\"300\" srcset=\"https:\/\/edublog.educastur.es\/bibliocorre\/files\/2022\/06\/BIBLIOTECA.-Cartel-anunciador_page-0001-212x300.jpg 212w, https:\/\/edublog.educastur.es\/bibliocorre\/files\/2022\/06\/BIBLIOTECA.-Cartel-anunciador_page-0001-725x1024.jpg 725w, https:\/\/edublog.educastur.es\/bibliocorre\/files\/2022\/06\/BIBLIOTECA.-Cartel-anunciador_page-0001-768x1085.jpg 768w, https:\/\/edublog.educastur.es\/bibliocorre\/files\/2022\/06\/BIBLIOTECA.-Cartel-anunciador_page-0001-1087x1536.jpg 1087w, https:\/\/edublog.educastur.es\/bibliocorre\/files\/2022\/06\/BIBLIOTECA.-Cartel-anunciador_page-0001-676x955.jpg 676w, https:\/\/edublog.educastur.es\/bibliocorre\/files\/2022\/06\/BIBLIOTECA.-Cartel-anunciador_page-0001.jpg 1241w\" sizes=\"auto, (max-width: 212px) 100vw, 212px\" \/><\/p>\r\n<p>BiblioCorre.\u00a0<\/p>\r\n<p>&nbsp;<\/p>\r\n\r\n\r\n\r\n<p>&nbsp;<\/p>\r\n","protected":false},"excerpt":{"rendered":"<p>Queridos lectores del IES La Corredoria: \u00bfC\u00f3mo va todo? Conf\u00edo en que bien. Esta nueva entrada es simplemente para recordaros que ah\u00ed sigo, esperando ansiosa vuestras visitas para estudiar, leer y sacar libros en pr\u00e9stamo. Hace ya dos a\u00f1os empezamos esta aventura por la lectura con mucha ilusi\u00f3n. Hoy, gracias a los sucesivos Equipos Directivos, [&hellip;]<\/p>\n","protected":false},"author":1656,"featured_media":0,"parent":0,"menu_order":0,"comment_status":"closed","ping_status":"open","template":"","meta":{"footnotes":""},"class_list":["post-2","page","type-page","status-publish","hentry","post-preview"],"_links":{"self":[{"href":"https:\/\/edublog.educastur.es\/bibliocorre\/wp-json\/wp\/v2\/pages\/2","targetHints":{"allow":["GET"]}}],"collection":[{"href":"https:\/\/edublog.educastur.es\/bibliocorre\/wp-json\/wp\/v2\/pages"}],"about":[{"href":"https:\/\/edublog.educastur.es\/bibliocorre\/wp-json\/wp\/v2\/types\/page"}],"author":[{"embeddable":true,"href":"https:\/\/edublog.educastur.es\/bibliocorre\/wp-json\/wp\/v2\/users\/1656"}],"replies":[{"embeddable":true,"href":"https:\/\/edublog.educastur.es\/bibliocorre\/wp-json\/wp\/v2\/comments?post=2"}],"version-history":[{"count":6,"href":"https:\/\/edublog.educastur.es\/bibliocorre\/wp-json\/wp\/v2\/pages\/2\/revisions"}],"predecessor-version":[{"id":37,"href":"https:\/\/edublog.educastur.es\/bibliocorre\/wp-json\/wp\/v2\/pages\/2\/revisions\/37"}],"wp:attachment":[{"href":"https:\/\/edublog.educastur.es\/bibliocorre\/wp-json\/wp\/v2\/media?parent=2"}],"curies":[{"name":"wp","href":"https:\/\/api.w.org\/{rel}","templated":true}]}}