{"id":48,"date":"2022-06-15T00:50:44","date_gmt":"2022-06-15T00:50:44","guid":{"rendered":"https:\/\/edublog.educastur.es\/bibliocorre\/?page_id=48"},"modified":"2025-10-16T18:34:38","modified_gmt":"2025-10-16T18:34:38","slug":"familias","status":"publish","type":"page","link":"https:\/\/edublog.educastur.es\/bibliocorre\/familias\/","title":{"rendered":"HOMENAJES"},"content":{"rendered":"<p><span style=\"color: #ff9900\"><strong>EL VERANO DEL LARGO ADI\u00d3S<\/strong><\/span><\/p>\n<p><strong>\u00a0\u00a0\u00a0\u00a0\u00a0\u00a0\u00a0\u00a0\u00a0 <\/strong>En <strong>estos d\u00edas de julio<\/strong> en que las cerezas adornan los mercados y parece que su brillo rojizo nos llama -como si del canto de una sirena se tratase- para disfrutar de su sabor amargo, se inaugura el est\u00edo, que, como bien sabemos, no arranca con <strong>el solsticio de verano<\/strong>, sino con las <strong>vacaciones escolares<\/strong>.<\/p>\n<p>Aqu\u00ed, en la biblioteca, ya sin el estruendo de la adolescencia, reinan el silencio y, gracias al mural que ha instalado <strong>Carlos Mart\u00edn Aresti<\/strong> (Dpto. de Dibujo), la belleza del arte. Nos gusta Carlos porque su naturalidad en el trato es comparable con el trazo transparente y profundo de <strong>Matisse<\/strong>. La figura de Carlos es tan fresca como una casa marsellesa de <strong>Braque<\/strong> y tan brillante como el amarillo de <strong>Bonnard<\/strong>. Se puede ser artista delante del caballete, pero Carlos es igualmente un artista en el trato cercano a alumnos y compa\u00f1eros y en el uso de la palabra. \u00abPara m\u00ed, la biblioteca ha de ser el coraz\u00f3n de un instituto.\u00bb Sabemos que esta sentencia de Carlos dar\u00e1 impulso a David para dar al alumnado la biblioteca que se merece. Echaremos en falta a Carlos, pero nos deleitaremos de su rico y colorista legado.<\/p>\n<p><img loading=\"lazy\" decoding=\"async\" class=\"size-medium wp-image-156 aligncenter\" src=\"http:\/\/edublog.educastur.es\/bibliocorre\/files\/2025\/10\/Imagen1-300x169.jpg\" alt=\"\" width=\"300\" height=\"169\" srcset=\"https:\/\/edublog.educastur.es\/bibliocorre\/files\/2025\/10\/Imagen1-300x169.jpg 300w, https:\/\/edublog.educastur.es\/bibliocorre\/files\/2025\/10\/Imagen1.jpg 425w\" sizes=\"auto, (max-width: 300px) 100vw, 300px\" \/><\/p>\n<p style=\"text-align: center\">Carlos Mart\u00edn Aresti (LNE)<\/p>\n<p>&nbsp;<\/p>\n<p>Como digo, la quietud y la belleza dominan ahora la biblioteca. Me pregunto si ambas son compatibles con la tristeza. <strong>Bertolt Brecht<\/strong> se inspir\u00f3 en el llamado \u201cjuicio de Salom\u00f3n\u201d para crear <em>El c\u00edrculo de tiza caucasiano <\/em>(<em>Der kaukasische Kreidekreis<\/em>, 1948). En el relato b\u00edblico, <strong>Salom\u00f3n<\/strong> -a pesar de que su carnalidad lo llevase a mezclar su sangre con la reina de Saba- demuestra ser digno heredero del rey David por su sabidur\u00eda: una madre verdadera nunca partir\u00eda por la mitad a un hijo. En la Consejer\u00eda de Educaci\u00f3n no deben de haber le\u00eddo ni el <em>Libro de los Reyes <\/em>ni la obra maestra de Brecht. Nos parten por la mitad para que as\u00ed nazca el <strong>IES Margarita Salas<\/strong>. Perdemos compa\u00f1eros de trabajo y amigos a un lado y a otro. David es incapaz de ocultar su tristeza, pues si algo sabe de su periplo por Navarra y La Rioja es que la distancia, ya sean kil\u00f3metros o metros, es tan poderosa que te separa de <strong>las personas que admiras y quieres<\/strong>.<\/p>\n<p>En este curso 2024-2025, la biblioteca ha estado viva gracias al encomiable trabajo de siete profesoras, siete pilares de la sabidur\u00eda: <strong>Mar\u00eda, Paula, Leticia, Chusi, Lupe, Ana y M.\u00aa Jos\u00e9<\/strong>. Entre la decisi\u00f3n de la Consejer\u00eda, lejos de ser salom\u00f3nica, y otras circunstancias, este grupo se disgregar\u00e1 a partir de ma\u00f1ana. David, que parece extrovertido por ser amigo de bromas y chanzas, en realidad es un hombre t\u00edmido. Si fuese m\u00e1s valiente y expresivo, proclamar\u00eda p\u00fablicamente que a veces no se ha sentido a la altura de liderar a este grupo de mujeres, <strong>excepcionales<\/strong> en su profesionalidad y <strong>generosas<\/strong> en su humanidad desbordante.<\/p>\n<p>&nbsp;<\/p>\n<p><img loading=\"lazy\" decoding=\"async\" class=\"size-full wp-image-157 aligncenter\" src=\"http:\/\/edublog.educastur.es\/bibliocorre\/files\/2025\/10\/Imagen2.jpg\" alt=\"\" width=\"221\" height=\"301\" \/><\/p>\n<p>La joven y no obstante sabia Pauline tiene sobre la cama la reproducci\u00f3n de un cuadro de Matisse. Hablamos de <em>Pauline en la playa <\/em>(<em>Pauline \u00e0 la plage<\/em>, 1983), de <strong>Eric Rohmer<\/strong>, una de las pel\u00edculas favoritas de David. Rohmer es el cineasta del di\u00e1logo, el verano, la juventud y el amor. Del verano siempre esperamos algo venturoso. La ausencia de obligaciones abre la puerta a <strong>la aventura y el romance<\/strong>. Pero los d\u00edas desordenados de las vacaciones tambi\u00e9n son propicios para la lectura. Sin duda, las agraciadas con el <strong>II Premio de fomento a la lectura <\/strong>aprovechar\u00e1n la can\u00edcula para leer. Con alumnas as\u00ed, el entusiasmo por los libros seguir\u00e1 vivo en el IES La Corredoria y en el IES Margarita Salas. Las alumnas distinguidas por sacar m\u00e1s libros en pr\u00e9stamo el Curso 2024-2025 han sido:<\/p>\n<p>&nbsp;<\/p>\n<ul>\n<li style=\"text-align: center\">1.\u00ba y 2.\u00ba ESO: <strong>Lara RIPOLL FERN\u00c1NDEZ<\/strong> ha sido obsequiada con <em>Ast\u00e9rix. Las costumbres explicadas <\/em>(Ed. Salvat) para adentrarse as\u00ed en el fresco hist\u00f3rico que vi\u00f1eta a vi\u00f1eta armaron Goscinny y Uderzo con humor e inteligencia.<img loading=\"lazy\" decoding=\"async\" class=\"size-full wp-image-158 aligncenter\" src=\"http:\/\/edublog.educastur.es\/bibliocorre\/files\/2025\/10\/Imagen3.jpg\" alt=\"\" width=\"132\" height=\"181\" \/><\/li>\n<\/ul>\n<p>&nbsp;<\/p>\n<ul>\n<li>1.\u00ba y 4.\u00ba ESO: <strong>Ana BARRIGA MART\u00cdN <\/strong>ha sido agraciada con <em>Asesinato para principiantes <\/em>(<em>Good girl&#8217;s Guide to Murder<\/em>, 2019), de Holly Jackson (Ed. Planeta), una mixtura de romance e intriga.<\/li>\n<\/ul>\n<p style=\"text-align: center\"><img loading=\"lazy\" decoding=\"async\" class=\"alignnone size-medium wp-image-159\" src=\"http:\/\/edublog.educastur.es\/bibliocorre\/files\/2025\/10\/Imagen4-195x300.png\" alt=\"\" width=\"195\" height=\"300\" srcset=\"https:\/\/edublog.educastur.es\/bibliocorre\/files\/2025\/10\/Imagen4-195x300.png 195w, https:\/\/edublog.educastur.es\/bibliocorre\/files\/2025\/10\/Imagen4.png 341w\" sizes=\"auto, (max-width: 195px) 100vw, 195px\" \/><\/p>\n<p>&nbsp;<\/p>\n<ul>\n<li>1.\u00ba y 2.\u00ba de Bachillerato: <strong>Candela MICALIZZI QUEVEDO <\/strong>ha recibido una antolog\u00eda de Emily Dickinson, en traducci\u00f3n de Lorenzo Oliv\u00e1n (Ed. Edelvives), para recorrer los versos de la Bella de Amherst.<\/li>\n<\/ul>\n<p><img loading=\"lazy\" decoding=\"async\" class=\"size-full wp-image-161 aligncenter\" src=\"http:\/\/edublog.educastur.es\/bibliocorre\/files\/2025\/10\/Imagen5.jpg\" alt=\"\" width=\"201\" height=\"201\" srcset=\"https:\/\/edublog.educastur.es\/bibliocorre\/files\/2025\/10\/Imagen5.jpg 201w, https:\/\/edublog.educastur.es\/bibliocorre\/files\/2025\/10\/Imagen5-150x150.jpg 150w\" sizes=\"auto, (max-width: 201px) 100vw, 201px\" \/><\/p>\n<p>La biblioteca abrir\u00e1 sus puertas en septiembre, el mes de las manzanas, la fruta tot\u00e9mica de la cultura asturiana. Si el verano se inicia con el sabor amargo de las cerezas, confiemos en que el Curso 2025-2026 traiga manzanas de sabor dulce y refrescante como signo de <strong>un verano de libros, aventuras y amor<\/strong>. Pero, por encima de todo, que el adi\u00f3s a los compa\u00f1eros que se van se alargue tanto en el tiempo como <strong>el dulce sabor de una manzana en los labios<\/strong>.<\/p>\n<p>&nbsp;<\/p>\n<p>Os deseo un verano muy feliz.<\/p>\n<p>&nbsp;<\/p>\n<p>Un saludo,<\/p>\n<p>BiblioCorre<\/p>\n<p>&nbsp;<\/p>\n<p><strong><u>\u00a0<\/u><\/strong><\/p>\n<p><strong><u>Lara RIPOLL FERN\u00c1NDEZ<\/u><\/strong><\/p>\n<p><img loading=\"lazy\" decoding=\"async\" class=\"size-medium wp-image-160 aligncenter\" src=\"http:\/\/edublog.educastur.es\/bibliocorre\/files\/2025\/10\/Imagen6-300x225.jpg\" alt=\"\" width=\"300\" height=\"225\" srcset=\"https:\/\/edublog.educastur.es\/bibliocorre\/files\/2025\/10\/Imagen6-300x225.jpg 300w, https:\/\/edublog.educastur.es\/bibliocorre\/files\/2025\/10\/Imagen6-676x507.jpg 676w, https:\/\/edublog.educastur.es\/bibliocorre\/files\/2025\/10\/Imagen6.jpg 758w\" sizes=\"auto, (max-width: 300px) 100vw, 300px\" \/><\/p>\n<p style=\"text-align: center\">Lara y David<\/p>\n<p style=\"text-align: center\"><img loading=\"lazy\" decoding=\"async\" class=\"alignnone size-medium wp-image-162\" src=\"http:\/\/edublog.educastur.es\/bibliocorre\/files\/2025\/10\/Imagen7-225x300.jpg\" alt=\"\" width=\"225\" height=\"300\" srcset=\"https:\/\/edublog.educastur.es\/bibliocorre\/files\/2025\/10\/Imagen7-225x300.jpg 225w, https:\/\/edublog.educastur.es\/bibliocorre\/files\/2025\/10\/Imagen7.jpg 644w\" sizes=\"auto, (max-width: 225px) 100vw, 225px\" \/><\/p>\n<p style=\"text-align: center\">Lara y Elena Rodr\u00edguez (Dpto. de Lengua Castellana y Literatura)<\/p>\n<p><img loading=\"lazy\" decoding=\"async\" class=\"size-medium wp-image-164 aligncenter\" src=\"http:\/\/edublog.educastur.es\/bibliocorre\/files\/2025\/10\/Imagen8-225x300.jpg\" alt=\"\" width=\"225\" height=\"300\" srcset=\"https:\/\/edublog.educastur.es\/bibliocorre\/files\/2025\/10\/Imagen8-225x300.jpg 225w, https:\/\/edublog.educastur.es\/bibliocorre\/files\/2025\/10\/Imagen8-768x1024.jpg 768w, https:\/\/edublog.educastur.es\/bibliocorre\/files\/2025\/10\/Imagen8-676x901.jpg 676w, https:\/\/edublog.educastur.es\/bibliocorre\/files\/2025\/10\/Imagen8.jpg 972w\" sizes=\"auto, (max-width: 225px) 100vw, 225px\" \/><\/p>\n<p style=\"text-align: center\">Lara, con su libro y su diploma<\/p>\n<p>&nbsp;<\/p>\n<p><strong><u>Ana BARRIGA MART\u00cdN<\/u><\/strong><\/p>\n<p><img loading=\"lazy\" decoding=\"async\" class=\"size-medium wp-image-165 aligncenter\" src=\"http:\/\/edublog.educastur.es\/bibliocorre\/files\/2025\/10\/Imagen9-225x300.jpg\" alt=\"\" width=\"225\" height=\"300\" srcset=\"https:\/\/edublog.educastur.es\/bibliocorre\/files\/2025\/10\/Imagen9-225x300.jpg 225w, https:\/\/edublog.educastur.es\/bibliocorre\/files\/2025\/10\/Imagen9-676x901.jpg 676w, https:\/\/edublog.educastur.es\/bibliocorre\/files\/2025\/10\/Imagen9.jpg 708w\" sizes=\"auto, (max-width: 225px) 100vw, 225px\" \/><\/p>\n<p style=\"text-align: center\">Ana y David<\/p>\n<p style=\"text-align: center\">\u00a0\u00a0<img loading=\"lazy\" decoding=\"async\" class=\"alignnone size-medium wp-image-167\" src=\"http:\/\/edublog.educastur.es\/bibliocorre\/files\/2025\/10\/Imagen10-229x300.jpg\" alt=\"\" width=\"229\" height=\"300\" srcset=\"https:\/\/edublog.educastur.es\/bibliocorre\/files\/2025\/10\/Imagen10-229x300.jpg 229w, https:\/\/edublog.educastur.es\/bibliocorre\/files\/2025\/10\/Imagen10-676x885.jpg 676w, https:\/\/edublog.educastur.es\/bibliocorre\/files\/2025\/10\/Imagen10.jpg 704w\" sizes=\"auto, (max-width: 229px) 100vw, 229px\" \/><\/p>\n<p style=\"text-align: center\">Ana y la profesora de Lengua Cristina Romero Gri\u00f1\u00f3n (Dpto. de Orientaci\u00f3n)<\/p>\n<p><img loading=\"lazy\" decoding=\"async\" class=\"size-medium wp-image-168 aligncenter\" src=\"http:\/\/edublog.educastur.es\/bibliocorre\/files\/2025\/10\/Imagen11-225x300.jpg\" alt=\"\" width=\"225\" height=\"300\" srcset=\"https:\/\/edublog.educastur.es\/bibliocorre\/files\/2025\/10\/Imagen11-225x300.jpg 225w, https:\/\/edublog.educastur.es\/bibliocorre\/files\/2025\/10\/Imagen11-768x1024.jpg 768w, https:\/\/edublog.educastur.es\/bibliocorre\/files\/2025\/10\/Imagen11-676x902.jpg 676w, https:\/\/edublog.educastur.es\/bibliocorre\/files\/2025\/10\/Imagen11.jpg 974w\" sizes=\"auto, (max-width: 225px) 100vw, 225px\" \/><\/p>\n<p style=\"text-align: center\">Ana y las acreditaciones de su premio<\/p>\n<p>&nbsp;<\/p>\n<p><strong><u>Candela MICALIZZI QUEVEDO<\/u><\/strong><\/p>\n<p style=\"text-align: center\"><strong><u><img loading=\"lazy\" decoding=\"async\" class=\"size-medium wp-image-169 aligncenter\" src=\"http:\/\/edublog.educastur.es\/bibliocorre\/files\/2025\/10\/Imagen12-225x300.jpg\" alt=\"\" width=\"225\" height=\"300\" srcset=\"https:\/\/edublog.educastur.es\/bibliocorre\/files\/2025\/10\/Imagen12-225x300.jpg 225w, https:\/\/edublog.educastur.es\/bibliocorre\/files\/2025\/10\/Imagen12-676x901.jpg 676w, https:\/\/edublog.educastur.es\/bibliocorre\/files\/2025\/10\/Imagen12.jpg 735w\" sizes=\"auto, (max-width: 225px) 100vw, 225px\" \/><\/u><\/strong>Candela y David<\/p>\n<p style=\"text-align: center\"><img loading=\"lazy\" decoding=\"async\" class=\"size-medium wp-image-170 aligncenter\" src=\"http:\/\/edublog.educastur.es\/bibliocorre\/files\/2025\/10\/Imagen13-225x300.jpg\" alt=\"\" width=\"225\" height=\"300\" srcset=\"https:\/\/edublog.educastur.es\/bibliocorre\/files\/2025\/10\/Imagen13-225x300.jpg 225w, https:\/\/edublog.educastur.es\/bibliocorre\/files\/2025\/10\/Imagen13-676x901.jpg 676w, https:\/\/edublog.educastur.es\/bibliocorre\/files\/2025\/10\/Imagen13.jpg 712w\" sizes=\"auto, (max-width: 225px) 100vw, 225px\" \/>Candela e Irene Mart\u00ednez L\u00f3pez (Dpto. de Ingl\u00e9s)<\/p>\n<p style=\"text-align: center\"><u><img loading=\"lazy\" decoding=\"async\" class=\"size-medium wp-image-171 aligncenter\" src=\"http:\/\/edublog.educastur.es\/bibliocorre\/files\/2025\/10\/Imagen14-225x300.jpg\" alt=\"\" width=\"225\" height=\"300\" srcset=\"https:\/\/edublog.educastur.es\/bibliocorre\/files\/2025\/10\/Imagen14-225x300.jpg 225w, https:\/\/edublog.educastur.es\/bibliocorre\/files\/2025\/10\/Imagen14-768x1024.jpg 768w, https:\/\/edublog.educastur.es\/bibliocorre\/files\/2025\/10\/Imagen14-676x902.jpg 676w, https:\/\/edublog.educastur.es\/bibliocorre\/files\/2025\/10\/Imagen14.jpg 974w\" sizes=\"auto, (max-width: 225px) 100vw, 225px\" \/><\/u>Candela, feliz con su libro y su diploma<\/p>\n","protected":false},"excerpt":{"rendered":"<p>EL VERANO DEL LARGO ADI\u00d3S \u00a0\u00a0\u00a0\u00a0\u00a0\u00a0\u00a0\u00a0\u00a0 En estos d\u00edas de julio en que las cerezas adornan los mercados y parece que su brillo rojizo nos llama -como si del canto de una sirena se tratase- para disfrutar de su sabor amargo, se inaugura el est\u00edo, que, como bien sabemos, no arranca con el solsticio de [&hellip;]<\/p>\n","protected":false},"author":1656,"featured_media":0,"parent":0,"menu_order":0,"comment_status":"closed","ping_status":"closed","template":"","meta":{"footnotes":""},"class_list":["post-48","page","type-page","status-publish","hentry","post-preview"],"_links":{"self":[{"href":"https:\/\/edublog.educastur.es\/bibliocorre\/wp-json\/wp\/v2\/pages\/48","targetHints":{"allow":["GET"]}}],"collection":[{"href":"https:\/\/edublog.educastur.es\/bibliocorre\/wp-json\/wp\/v2\/pages"}],"about":[{"href":"https:\/\/edublog.educastur.es\/bibliocorre\/wp-json\/wp\/v2\/types\/page"}],"author":[{"embeddable":true,"href":"https:\/\/edublog.educastur.es\/bibliocorre\/wp-json\/wp\/v2\/users\/1656"}],"replies":[{"embeddable":true,"href":"https:\/\/edublog.educastur.es\/bibliocorre\/wp-json\/wp\/v2\/comments?post=48"}],"version-history":[{"count":4,"href":"https:\/\/edublog.educastur.es\/bibliocorre\/wp-json\/wp\/v2\/pages\/48\/revisions"}],"predecessor-version":[{"id":209,"href":"https:\/\/edublog.educastur.es\/bibliocorre\/wp-json\/wp\/v2\/pages\/48\/revisions\/209"}],"wp:attachment":[{"href":"https:\/\/edublog.educastur.es\/bibliocorre\/wp-json\/wp\/v2\/media?parent=48"}],"curies":[{"name":"wp","href":"https:\/\/api.w.org\/{rel}","templated":true}]}}