{"id":380,"date":"2024-01-07T19:19:00","date_gmt":"2024-01-07T17:19:00","guid":{"rendered":"https:\/\/edublog.educastur.es\/bibliotecalalaboral\/?page_id=380"},"modified":"2024-01-07T19:19:57","modified_gmt":"2024-01-07T17:19:57","slug":"consulta-el-catalogo-de-libros","status":"publish","type":"page","link":"https:\/\/edublog.educastur.es\/bibliotecalalaboral\/consulta-el-catalogo-de-libros\/","title":{"rendered":"Consulta el cat\u00e1logo de libros"},"content":{"rendered":"\n<h3 class=\"wp-block-heading\">1 &#8211; Accede a la web<\/h3>\n\n\n\n<p>Pulsa <a href=\"https:\/\/abiesweb.educastur.es\/index.php\/visitas\/preHomePublica\" data-type=\"link\" data-id=\"https:\/\/abiesweb.educastur.es\/index.php\/visitas\/preHomePublica\" target=\"_blank\" rel=\"noreferrer noopener\">este enlace<\/a> para acceder a la aplicaci\u00f3n de bibliotecas AbiesWeb.<\/p>\n\n\n\n<h3 class=\"wp-block-heading\">2 &#8211; Escribe el nombre del centro<\/h3>\n\n\n\n<p>Nuestro centro se llama <strong><em>CIFP Sectores Industrial y de Servicios<\/em><\/strong><\/p>\n\n\n\n<figure class=\"wp-block-image size-large\"><img loading=\"lazy\" decoding=\"async\" width=\"1024\" height=\"563\" src=\"https:\/\/edublog.educastur.es\/bibliotecalalaboral\/files\/2024\/01\/buscar-1-1024x563.jpg\" alt=\"\" class=\"wp-image-381\" srcset=\"https:\/\/edublog.educastur.es\/bibliotecalalaboral\/files\/2024\/01\/buscar-1-1024x563.jpg 1024w, https:\/\/edublog.educastur.es\/bibliotecalalaboral\/files\/2024\/01\/buscar-1-300x165.jpg 300w, https:\/\/edublog.educastur.es\/bibliotecalalaboral\/files\/2024\/01\/buscar-1-768x422.jpg 768w, https:\/\/edublog.educastur.es\/bibliotecalalaboral\/files\/2024\/01\/buscar-1-788x433.jpg 788w, https:\/\/edublog.educastur.es\/bibliotecalalaboral\/files\/2024\/01\/buscar-1.jpg 1060w\" sizes=\"auto, (max-width: 1024px) 100vw, 1024px\" \/><\/figure>\n\n\n\n<h3 class=\"wp-block-heading\">3 &#8211; Accede al cat\u00e1logo<\/h3>\n\n\n\n<p>Despu\u00e9s de pulsar el bot\u00f3n &#8216;Ir&#8217; ver\u00e1s la p\u00e1gina de nuestra biblioteca<\/p>\n\n\n\n<figure class=\"wp-block-image size-large\"><img loading=\"lazy\" decoding=\"async\" width=\"1024\" height=\"628\" src=\"https:\/\/edublog.educastur.es\/bibliotecalalaboral\/files\/2024\/01\/buscar-2-1024x628.jpg\" alt=\"\" class=\"wp-image-382\" srcset=\"https:\/\/edublog.educastur.es\/bibliotecalalaboral\/files\/2024\/01\/buscar-2-1024x628.jpg 1024w, https:\/\/edublog.educastur.es\/bibliotecalalaboral\/files\/2024\/01\/buscar-2-300x184.jpg 300w, https:\/\/edublog.educastur.es\/bibliotecalalaboral\/files\/2024\/01\/buscar-2-768x471.jpg 768w, https:\/\/edublog.educastur.es\/bibliotecalalaboral\/files\/2024\/01\/buscar-2-788x483.jpg 788w, https:\/\/edublog.educastur.es\/bibliotecalalaboral\/files\/2024\/01\/buscar-2.jpg 1197w\" sizes=\"auto, (max-width: 1024px) 100vw, 1024px\" \/><\/figure>\n\n\n\n<p>Pincha sobre el enlace al cat\u00e1logo&#8230;<\/p>\n\n\n\n<h3 class=\"wp-block-heading\">4 &#8211; Rellena el formulario de b\u00fasqueda<\/h3>\n\n\n\n<figure class=\"wp-block-image size-large\"><img loading=\"lazy\" decoding=\"async\" width=\"1024\" height=\"649\" src=\"https:\/\/edublog.educastur.es\/bibliotecalalaboral\/files\/2024\/01\/buscar-3-1024x649.jpg\" alt=\"\" class=\"wp-image-383\" srcset=\"https:\/\/edublog.educastur.es\/bibliotecalalaboral\/files\/2024\/01\/buscar-3-1024x649.jpg 1024w, https:\/\/edublog.educastur.es\/bibliotecalalaboral\/files\/2024\/01\/buscar-3-300x190.jpg 300w, https:\/\/edublog.educastur.es\/bibliotecalalaboral\/files\/2024\/01\/buscar-3-768x487.jpg 768w, https:\/\/edublog.educastur.es\/bibliotecalalaboral\/files\/2024\/01\/buscar-3-788x499.jpg 788w, https:\/\/edublog.educastur.es\/bibliotecalalaboral\/files\/2024\/01\/buscar-3.jpg 1206w\" sizes=\"auto, (max-width: 1024px) 100vw, 1024px\" \/><\/figure>\n\n\n\n<h4 class=\"wp-block-heading\">Un ejemplo:<\/h4>\n\n\n\n<p>Vamos a ver si tenemos alg\u00fan ejemplar de &#8216;La Balada del Norte&#8217;. Escribimos una parte del t\u00edtulo en el formulario de b\u00fasqueda. <\/p>\n\n\n\n<p>Hay un ejemplar del tomo 1 y otro del tomo 2.<\/p>\n\n\n\n<p><\/p>\n\n\n\n<figure class=\"wp-block-image size-large\"><img loading=\"lazy\" decoding=\"async\" width=\"1024\" height=\"719\" src=\"https:\/\/edublog.educastur.es\/bibliotecalalaboral\/files\/2024\/01\/buscar-4-1024x719.jpg\" alt=\"\" class=\"wp-image-385\" srcset=\"https:\/\/edublog.educastur.es\/bibliotecalalaboral\/files\/2024\/01\/buscar-4-1024x719.jpg 1024w, https:\/\/edublog.educastur.es\/bibliotecalalaboral\/files\/2024\/01\/buscar-4-300x211.jpg 300w, https:\/\/edublog.educastur.es\/bibliotecalalaboral\/files\/2024\/01\/buscar-4-768x539.jpg 768w, https:\/\/edublog.educastur.es\/bibliotecalalaboral\/files\/2024\/01\/buscar-4-788x553.jpg 788w, https:\/\/edublog.educastur.es\/bibliotecalalaboral\/files\/2024\/01\/buscar-4.jpg 1227w\" sizes=\"auto, (max-width: 1024px) 100vw, 1024px\" \/><\/figure>\n\n\n\n<p>Pulsando sobre el ejemplar, podremos ver m\u00e1s datos&#8230;<\/p>\n\n\n\n<figure class=\"wp-block-image size-large\"><img loading=\"lazy\" decoding=\"async\" width=\"1024\" height=\"476\" src=\"https:\/\/edublog.educastur.es\/bibliotecalalaboral\/files\/2024\/01\/buscar-5-1024x476.jpg\" alt=\"\" class=\"wp-image-386\" srcset=\"https:\/\/edublog.educastur.es\/bibliotecalalaboral\/files\/2024\/01\/buscar-5-1024x476.jpg 1024w, https:\/\/edublog.educastur.es\/bibliotecalalaboral\/files\/2024\/01\/buscar-5-300x139.jpg 300w, https:\/\/edublog.educastur.es\/bibliotecalalaboral\/files\/2024\/01\/buscar-5-768x357.jpg 768w, https:\/\/edublog.educastur.es\/bibliotecalalaboral\/files\/2024\/01\/buscar-5-1536x713.jpg 1536w, https:\/\/edublog.educastur.es\/bibliotecalalaboral\/files\/2024\/01\/buscar-5-788x366.jpg 788w, https:\/\/edublog.educastur.es\/bibliotecalalaboral\/files\/2024\/01\/buscar-5.jpg 1632w\" sizes=\"auto, (max-width: 1024px) 100vw, 1024px\" \/><\/figure>\n\n\n\n<p><\/p>\n","protected":false},"excerpt":{"rendered":"<p>1 &#8211; Accede a la web Pulsa este enlace para acceder a la aplicaci\u00f3n de bibliotecas AbiesWeb. 2 &#8211; Escribe el nombre del centro Nuestro centro se llama CIFP Sectores Industrial y de Servicios 3 &#8211; Accede al cat\u00e1logo Despu\u00e9s de pulsar el bot\u00f3n &#8216;Ir&#8217; ver\u00e1s la p\u00e1gina de nuestra biblioteca Pincha sobre el enlace [&hellip;]<\/p>\n","protected":false},"author":1256,"featured_media":0,"parent":0,"menu_order":0,"comment_status":"closed","ping_status":"closed","template":"","meta":{"footnotes":""},"class_list":["post-380","page","type-page","status-publish","hentry"],"_links":{"self":[{"href":"https:\/\/edublog.educastur.es\/bibliotecalalaboral\/wp-json\/wp\/v2\/pages\/380","targetHints":{"allow":["GET"]}}],"collection":[{"href":"https:\/\/edublog.educastur.es\/bibliotecalalaboral\/wp-json\/wp\/v2\/pages"}],"about":[{"href":"https:\/\/edublog.educastur.es\/bibliotecalalaboral\/wp-json\/wp\/v2\/types\/page"}],"author":[{"embeddable":true,"href":"https:\/\/edublog.educastur.es\/bibliotecalalaboral\/wp-json\/wp\/v2\/users\/1256"}],"replies":[{"embeddable":true,"href":"https:\/\/edublog.educastur.es\/bibliotecalalaboral\/wp-json\/wp\/v2\/comments?post=380"}],"version-history":[{"count":3,"href":"https:\/\/edublog.educastur.es\/bibliotecalalaboral\/wp-json\/wp\/v2\/pages\/380\/revisions"}],"predecessor-version":[{"id":388,"href":"https:\/\/edublog.educastur.es\/bibliotecalalaboral\/wp-json\/wp\/v2\/pages\/380\/revisions\/388"}],"wp:attachment":[{"href":"https:\/\/edublog.educastur.es\/bibliotecalalaboral\/wp-json\/wp\/v2\/media?parent=380"}],"curies":[{"name":"wp","href":"https:\/\/api.w.org\/{rel}","templated":true}]}}