{"id":16,"date":"2025-09-24T13:10:26","date_gmt":"2025-09-24T11:10:26","guid":{"rendered":"https:\/\/edublog.educastur.es\/bilinguenava\/?page_id=16"},"modified":"2025-12-19T18:34:12","modified_gmt":"2025-12-19T17:34:12","slug":"extraescolares","status":"publish","type":"page","link":"https:\/\/edublog.educastur.es\/bilinguenava\/extraescolares\/","title":{"rendered":"Extraescolares"},"content":{"rendered":"<div class=\"x_elementToProof\">\n<p style=\"text-align: left\"><span style=\"text-decoration: underline\"><span style=\"font-size: 24pt;color: #008000\">Ugly Sweater Day 2025<\/span><\/span><\/p>\n<div style=\"width: 640px;\" class=\"wp-video\"><video class=\"wp-video-shortcode\" id=\"video-16-1\" width=\"640\" height=\"360\" preload=\"metadata\" controls=\"controls\"><source type=\"video\/mp4\" src=\"https:\/\/educastur.sharepoint.com\/:v:\/r\/sites\/SeccinhabLE\/Documentos%20compartidos\/General\/USD%202025.mp4?_=1\" \/><a href=\"https:\/\/educastur.sharepoint.com\/:v:\/r\/sites\/SeccinhabLE\/Documentos%20compartidos\/General\/USD%202025.mp4\">https:\/\/educastur.sharepoint.com\/:v:\/r\/sites\/SeccinhabLE\/Documentos%20compartidos\/General\/USD%202025.mp4<\/a><\/video><\/div>\n<p style=\"text-align: left\"><span style=\"font-size: 24pt;color: #008000\">Aulas Futuras 2025<\/span><\/p>\n<div style=\"width: 640px;\" class=\"wp-video\"><video class=\"wp-video-shortcode\" id=\"video-16-2\" width=\"640\" height=\"360\" preload=\"metadata\" controls=\"controls\"><source type=\"video\/mp4\" src=\"https:\/\/educastur.sharepoint.com\/:v:\/r\/sites\/SeccinhabLE\/Documentos%20compartidos\/General\/Aulas%20del%20futuro%2025.mp4?_=2\" \/><a href=\"https:\/\/educastur.sharepoint.com\/:v:\/r\/sites\/SeccinhabLE\/Documentos%20compartidos\/General\/Aulas%20del%20futuro%2025.mp4\">https:\/\/educastur.sharepoint.com\/:v:\/r\/sites\/SeccinhabLE\/Documentos%20compartidos\/General\/Aulas%20del%20futuro%2025.mp4<\/a><\/video><\/div>\n<p><span style=\"font-size: 24pt;color: #008000\">Visita al FICX 2025<\/span><\/p>\n<p><img loading=\"lazy\" decoding=\"async\" class=\"aligncenter size-large wp-image-183\" src=\"http:\/\/edublog.educastur.es\/bilinguenava\/files\/2025\/11\/WhatsApp-Image-2025-11-14-at-16.19.03-1024x577.jpeg\" alt=\"\" width=\"676\" height=\"381\" srcset=\"https:\/\/edublog.educastur.es\/bilinguenava\/files\/2025\/11\/WhatsApp-Image-2025-11-14-at-16.19.03-1024x577.jpeg 1024w, https:\/\/edublog.educastur.es\/bilinguenava\/files\/2025\/11\/WhatsApp-Image-2025-11-14-at-16.19.03-300x169.jpeg 300w, https:\/\/edublog.educastur.es\/bilinguenava\/files\/2025\/11\/WhatsApp-Image-2025-11-14-at-16.19.03-768x433.jpeg 768w, https:\/\/edublog.educastur.es\/bilinguenava\/files\/2025\/11\/WhatsApp-Image-2025-11-14-at-16.19.03-1536x866.jpeg 1536w, https:\/\/edublog.educastur.es\/bilinguenava\/files\/2025\/11\/WhatsApp-Image-2025-11-14-at-16.19.03-600x338.jpeg 600w, https:\/\/edublog.educastur.es\/bilinguenava\/files\/2025\/11\/WhatsApp-Image-2025-11-14-at-16.19.03-945x532.jpeg 945w, https:\/\/edublog.educastur.es\/bilinguenava\/files\/2025\/11\/WhatsApp-Image-2025-11-14-at-16.19.03.jpeg 2048w\" sizes=\"auto, (max-width: 676px) 100vw, 676px\" \/><img loading=\"lazy\" decoding=\"async\" class=\"aligncenter size-large wp-image-184\" src=\"http:\/\/edublog.educastur.es\/bilinguenava\/files\/2025\/11\/WhatsApp-Image-2025-11-14-at-16.20.50-1024x577.jpeg\" alt=\"\" width=\"676\" height=\"381\" srcset=\"https:\/\/edublog.educastur.es\/bilinguenava\/files\/2025\/11\/WhatsApp-Image-2025-11-14-at-16.20.50-1024x577.jpeg 1024w, https:\/\/edublog.educastur.es\/bilinguenava\/files\/2025\/11\/WhatsApp-Image-2025-11-14-at-16.20.50-300x169.jpeg 300w, https:\/\/edublog.educastur.es\/bilinguenava\/files\/2025\/11\/WhatsApp-Image-2025-11-14-at-16.20.50-768x433.jpeg 768w, https:\/\/edublog.educastur.es\/bilinguenava\/files\/2025\/11\/WhatsApp-Image-2025-11-14-at-16.20.50-1536x866.jpeg 1536w, https:\/\/edublog.educastur.es\/bilinguenava\/files\/2025\/11\/WhatsApp-Image-2025-11-14-at-16.20.50-600x338.jpeg 600w, https:\/\/edublog.educastur.es\/bilinguenava\/files\/2025\/11\/WhatsApp-Image-2025-11-14-at-16.20.50-945x532.jpeg 945w, https:\/\/edublog.educastur.es\/bilinguenava\/files\/2025\/11\/WhatsApp-Image-2025-11-14-at-16.20.50.jpeg 2048w\" sizes=\"auto, (max-width: 676px) 100vw, 676px\" \/><\/p>\n<p>&nbsp;<\/p>\n<p>&nbsp;<\/p>\n<p><span style=\"font-size: 24pt;color: #008000\">Visita al Muja con el alumnado de 1\u00ba de ESO. <span style=\"font-size: 12pt\">(5\/11\/25)<\/span><\/span><\/p>\n<p>Haz clic <a href=\"https:\/\/www.flexclip.com\/es\/share\/7757123HGbxS6IwbiAxHxOqIQ9gU4xyYMWassB1.html\" target=\"_blank\" rel=\"noopener\">aqu\u00ed <\/a>para ver el video de esta actividad.<\/p>\n<p>&nbsp;<\/p>\n<p><img loading=\"lazy\" decoding=\"async\" class=\"aligncenter size-large wp-image-158\" src=\"http:\/\/edublog.educastur.es\/bilinguenava\/files\/2025\/11\/IMG-20251105-WA0029-1024x461.jpg\" alt=\"\" width=\"676\" height=\"304\" srcset=\"https:\/\/edublog.educastur.es\/bilinguenava\/files\/2025\/11\/IMG-20251105-WA0029-1024x461.jpg 1024w, https:\/\/edublog.educastur.es\/bilinguenava\/files\/2025\/11\/IMG-20251105-WA0029-300x135.jpg 300w, https:\/\/edublog.educastur.es\/bilinguenava\/files\/2025\/11\/IMG-20251105-WA0029-768x346.jpg 768w, https:\/\/edublog.educastur.es\/bilinguenava\/files\/2025\/11\/IMG-20251105-WA0029-1536x691.jpg 1536w, https:\/\/edublog.educastur.es\/bilinguenava\/files\/2025\/11\/IMG-20251105-WA0029-600x270.jpg 600w, https:\/\/edublog.educastur.es\/bilinguenava\/files\/2025\/11\/IMG-20251105-WA0029-945x425.jpg 945w, https:\/\/edublog.educastur.es\/bilinguenava\/files\/2025\/11\/IMG-20251105-WA0029.jpg 2040w\" sizes=\"auto, (max-width: 676px) 100vw, 676px\" \/><\/p>\n<h1><\/h1>\n<h1><span style=\"color: #3c8105\">Another body V.O. (FICX)<\/span><\/h1>\n<\/div>\n<div dir=\"ltr\">El alumnado de\u00a0<strong>1\u00ba y 2\u00ba de Bachillerato<\/strong>\u00a0asisti\u00f3 al festival de cine de Gij\u00f3n al visionado de la pel\u00edcula documental\u00a0<strong>\u00abanother body\u00bb,<\/strong>\u00a0sobre los riesgos del\u00a0uso il\u00edcito de la inteligencia artificial en la manipulaci\u00f3n de im\u00e1genes y v\u00eddeos digitales\u00a0<strong>en versi\u00f3n original.<\/strong><\/div>\n<div dir=\"ltr\"><\/div>\n<div dir=\"ltr\"><img decoding=\"async\" src=\"https:\/\/alojaweb.educastur.es\/documents\/3196604\/11667074\/FICX\/8274d1bd-b91a-4ff9-b434-f038c033070e?t=1701171316533\" alt=\"\" \/><\/div>\n","protected":false},"excerpt":{"rendered":"<p>Ugly Sweater Day 2025 Aulas Futuras 2025 Visita al FICX 2025 &nbsp; &nbsp; Visita al Muja con el alumnado de 1\u00ba de ESO. (5\/11\/25) Haz clic aqu\u00ed para ver el video de esta actividad. &nbsp; Another body V.O. (FICX) El&#8230; <a class=\"more-link\" href=\"https:\/\/edublog.educastur.es\/bilinguenava\/extraescolares\/\">Seguir leyendo &rarr;<\/a><\/p>\n","protected":false},"author":2256,"featured_media":0,"parent":0,"menu_order":0,"comment_status":"closed","ping_status":"closed","template":"","meta":{"footnotes":""},"class_list":["post-16","page","type-page","status-publish","hentry"],"_links":{"self":[{"href":"https:\/\/edublog.educastur.es\/bilinguenava\/wp-json\/wp\/v2\/pages\/16","targetHints":{"allow":["GET"]}}],"collection":[{"href":"https:\/\/edublog.educastur.es\/bilinguenava\/wp-json\/wp\/v2\/pages"}],"about":[{"href":"https:\/\/edublog.educastur.es\/bilinguenava\/wp-json\/wp\/v2\/types\/page"}],"author":[{"embeddable":true,"href":"https:\/\/edublog.educastur.es\/bilinguenava\/wp-json\/wp\/v2\/users\/2256"}],"replies":[{"embeddable":true,"href":"https:\/\/edublog.educastur.es\/bilinguenava\/wp-json\/wp\/v2\/comments?post=16"}],"version-history":[{"count":9,"href":"https:\/\/edublog.educastur.es\/bilinguenava\/wp-json\/wp\/v2\/pages\/16\/revisions"}],"predecessor-version":[{"id":191,"href":"https:\/\/edublog.educastur.es\/bilinguenava\/wp-json\/wp\/v2\/pages\/16\/revisions\/191"}],"wp:attachment":[{"href":"https:\/\/edublog.educastur.es\/bilinguenava\/wp-json\/wp\/v2\/media?parent=16"}],"curies":[{"name":"wp","href":"https:\/\/api.w.org\/{rel}","templated":true}]}}