{"id":39,"date":"2025-10-08T12:17:50","date_gmt":"2025-10-08T10:17:50","guid":{"rendered":"https:\/\/edublog.educastur.es\/bilinguenava\/?page_id=39"},"modified":"2025-10-08T12:31:13","modified_gmt":"2025-10-08T10:31:13","slug":"multimedia","status":"publish","type":"page","link":"https:\/\/edublog.educastur.es\/bilinguenava\/multimedia\/","title":{"rendered":"Multimedia"},"content":{"rendered":"<p>En esta secci\u00f3n aparecer\u00e1n los v\u00eddeos, audios o presentaciones de las distintas actividades que se desarrollen dentro del programa:<\/p>\n<ul>\n<li><a href=\"https:\/\/sway.cloud.microsoft\/DIR4dMzJkt17gbCp?ref=Link&amp;loc=play\" target=\"_blank\" rel=\"noopener\">WeekCamp de 3\u00ba ESO &#8211; Curso 24-25<\/a><\/li>\n<li><a href=\"https:\/\/sway.cloud.microsoft\/jxgXgxEDq1I1V91P?ref=email\" target=\"_blank\" rel=\"noopener\">Concurso de Calabazas &#8211; Halloween 2024<\/a><\/li>\n<li><a href=\"https:\/\/photos.app.goo.gl\/vTSSJauV5jCQ8o958\" target=\"_blank\" rel=\"noopener\">FICX 2025<\/a><\/li>\n<li><a href=\"https:\/\/photos.google.com\/share\/AF1QipP0HpgFnwyQGs5smO8dvZ_S14INli-2BA14KsnvDTqGO-G77qyJ7MveZ7OIMnijqQ?key=UWhVUHlUTWJxTW1fYUNmVVkyMWFweHBjV3RxTFp3\" target=\"_blank\" rel=\"noopener\">Visita a Eastbourne 2019<\/a><\/li>\n<\/ul>\n","protected":false},"excerpt":{"rendered":"<p>En esta secci\u00f3n aparecer\u00e1n los v\u00eddeos, audios o presentaciones de las distintas actividades que se desarrollen dentro del programa: WeekCamp de 3\u00ba ESO &#8211; Curso 24-25 Concurso de Calabazas &#8211; Halloween 2024 FICX 2025 Visita a Eastbourne 2019<\/p>\n","protected":false},"author":2256,"featured_media":0,"parent":0,"menu_order":0,"comment_status":"closed","ping_status":"closed","template":"","meta":{"footnotes":""},"class_list":["post-39","page","type-page","status-publish","hentry"],"_links":{"self":[{"href":"https:\/\/edublog.educastur.es\/bilinguenava\/wp-json\/wp\/v2\/pages\/39","targetHints":{"allow":["GET"]}}],"collection":[{"href":"https:\/\/edublog.educastur.es\/bilinguenava\/wp-json\/wp\/v2\/pages"}],"about":[{"href":"https:\/\/edublog.educastur.es\/bilinguenava\/wp-json\/wp\/v2\/types\/page"}],"author":[{"embeddable":true,"href":"https:\/\/edublog.educastur.es\/bilinguenava\/wp-json\/wp\/v2\/users\/2256"}],"replies":[{"embeddable":true,"href":"https:\/\/edublog.educastur.es\/bilinguenava\/wp-json\/wp\/v2\/comments?post=39"}],"version-history":[{"count":10,"href":"https:\/\/edublog.educastur.es\/bilinguenava\/wp-json\/wp\/v2\/pages\/39\/revisions"}],"predecessor-version":[{"id":50,"href":"https:\/\/edublog.educastur.es\/bilinguenava\/wp-json\/wp\/v2\/pages\/39\/revisions\/50"}],"wp:attachment":[{"href":"https:\/\/edublog.educastur.es\/bilinguenava\/wp-json\/wp\/v2\/media?parent=39"}],"curies":[{"name":"wp","href":"https:\/\/api.w.org\/{rel}","templated":true}]}}