{"id":177,"date":"2024-02-25T19:51:11","date_gmt":"2024-02-25T18:51:11","guid":{"rendered":"https:\/\/edublog.educastur.es\/biohumphreys\/?page_id=177"},"modified":"2024-02-25T19:51:11","modified_gmt":"2024-02-25T18:51:11","slug":"bloque-a-biomoleculas","status":"publish","type":"page","link":"https:\/\/edublog.educastur.es\/biohumphreys\/bloque-a-biomoleculas\/","title":{"rendered":"BLOQUE A: BIOMOL\u00c9CULAS"},"content":{"rendered":"<p style=\"text-align: justify\">En este bloque abordaremos todo lo relacionado con las biomol\u00e9culas, inorg\u00e1nicas y org\u00e1nicas, as\u00ed como sus principales caracter\u00edsticas.<\/p>\n<p style=\"text-align: justify\">Aqu\u00ed os dejo un \u00edndice tem\u00e1tico con las diferentes entradas que se incluyen en el bloque, as\u00ed como sus v\u00ednculos directos:<\/p>\n","protected":false},"excerpt":{"rendered":"<p>En este bloque abordaremos todo lo relacionado con las biomol\u00e9culas, inorg\u00e1nicas y org\u00e1nicas, as\u00ed como sus principales caracter\u00edsticas. Aqu\u00ed os dejo un \u00edndice tem\u00e1tico con las diferentes entradas que se incluyen en el bloque, as\u00ed como sus v\u00ednculos directos:<\/p>\n","protected":false},"author":3666,"featured_media":0,"parent":0,"menu_order":0,"comment_status":"closed","ping_status":"closed","template":"","meta":{"footnotes":""},"class_list":["post-177","page","type-page","status-publish","hentry","post-preview"],"_links":{"self":[{"href":"https:\/\/edublog.educastur.es\/biohumphreys\/wp-json\/wp\/v2\/pages\/177","targetHints":{"allow":["GET"]}}],"collection":[{"href":"https:\/\/edublog.educastur.es\/biohumphreys\/wp-json\/wp\/v2\/pages"}],"about":[{"href":"https:\/\/edublog.educastur.es\/biohumphreys\/wp-json\/wp\/v2\/types\/page"}],"author":[{"embeddable":true,"href":"https:\/\/edublog.educastur.es\/biohumphreys\/wp-json\/wp\/v2\/users\/3666"}],"replies":[{"embeddable":true,"href":"https:\/\/edublog.educastur.es\/biohumphreys\/wp-json\/wp\/v2\/comments?post=177"}],"version-history":[{"count":2,"href":"https:\/\/edublog.educastur.es\/biohumphreys\/wp-json\/wp\/v2\/pages\/177\/revisions"}],"predecessor-version":[{"id":179,"href":"https:\/\/edublog.educastur.es\/biohumphreys\/wp-json\/wp\/v2\/pages\/177\/revisions\/179"}],"wp:attachment":[{"href":"https:\/\/edublog.educastur.es\/biohumphreys\/wp-json\/wp\/v2\/media?parent=177"}],"curies":[{"name":"wp","href":"https:\/\/api.w.org\/{rel}","templated":true}]}}