{"id":180,"date":"2024-02-25T19:50:56","date_gmt":"2024-02-25T18:50:56","guid":{"rendered":"https:\/\/edublog.educastur.es\/biohumphreys\/?page_id=180"},"modified":"2024-02-25T19:50:56","modified_gmt":"2024-02-25T18:50:56","slug":"bioelementos-y-biomoleculas","status":"publish","type":"page","link":"https:\/\/edublog.educastur.es\/biohumphreys\/bioelementos-y-biomoleculas\/","title":{"rendered":"BIOELEMENTOS Y BIOMOL\u00c9CULAS"},"content":{"rendered":"<p>La vida, como me dec\u00eda un magn\u00edfico profesor de la carrera, \u201c<em>no es m\u00e1s que un sistema f\u00edsico-qu\u00edmico peculiar<\/em>\u201d.<\/p>\n<p>Con ello, si nos movemos en los niveles m\u00e1s b\u00e1sicos y esenciales de la vida, debemos de manejar los siguientes t\u00e9rminos:<\/p>\n<h2 style=\"text-align: center\">BIOELEMENTOS<\/h2>\n<p><strong>Los bioelementos son los elementos qu\u00edmicos que forman parte de la materia viva.<\/strong><\/p>\n<p style=\"text-align: justify\">La tabla peri\u00f3dica de los elementos contiene <strong>118 de estos<\/strong>, de los cuales <strong>72 forman parte de los seres vivos y 27 lo hacen de manera que son imprescindibles para la vida<\/strong>.<\/p>\n<p style=\"text-align: justify\">Seg\u00fan la proporci\u00f3n en la que se encuentran en la materia viva, tenemos:<\/p>\n<ul>\n<li style=\"text-align: justify\"><strong>Bioelementos primarios o mayoritarios:<\/strong> constituyen <strong>m\u00e1s del 95%<\/strong> de la masa de la mayor\u00eda de las c\u00e9lulas, y son 6: <strong>C, H, O, N, P y S.<\/strong><\/li>\n<li style=\"text-align: justify\"><strong>Bioelementos secundarios<\/strong>: se encuentran en menor proporci\u00f3n, y se pueden dividir en dos grupos a su vez:\n<ul>\n<li><strong>Indispensables<\/strong>, presentes en todos los seres vivos (Ca, Mg, Na, K, CI).<\/li>\n<li><strong>Variables<\/strong>, los cuales solo se encuentran en algunos seres vivos, como por ejemplo Co y Al.<\/li>\n<\/ul>\n<\/li>\n<li style=\"text-align: justify\"><strong>Oligoelementos<\/strong>: son aquellos cuya <strong>proporci\u00f3n en la materia viva es menor del 0.1%<\/strong>, pero que son indispensables debido a su <strong>funci\u00f3n catal\u00edtica<\/strong>. Ejemplos: Fe, Cu, Zn, F, Mn\u2026<\/li>\n<\/ul>\n<p style=\"text-align: justify\">Aunque todos ellos son importantes, <strong>la palma se la lleva el <span class=\"notion-enable-hover\" data-token-index=\"1\">carbono <\/span>(C),<\/strong> especialmente relevante por poseer<span class=\"notion-enable-hover\" data-token-index=\"3\">\u00a0cuatro electrones en su capa m\u00e1s externa, <\/span>gracias a lo que puede formar <strong>e<span class=\"notion-enable-hover\" data-token-index=\"5\">nlaces covalentes muy estables<\/span><\/strong>, lo que le da unas <span class=\"notion-enable-hover\" data-token-index=\"7\">ampl\u00edsimas posibilidades de combinaci\u00f3n con otros elementos<\/span>.<!-- notionvc: de2534cb-279a-47c2-876d-0feee411f007 --><\/p>\n<p style=\"text-align: justify\">De esta manera, al combinarse con otros tantos \u00e1tomos con relativa facilidad, <strong>se permite formar variados tipos de mol\u00e9culas, permitiendo la maravillosa complejidad de la vida.<\/strong><\/p>\n<p style=\"text-align: center\">\n<!-- iframe plugin v.6.0 wordpress.org\/plugins\/iframe\/ -->\n<iframe loading=\"lazy\" width=\"90%\" height=\"315\" src=\"https:\/\/www.youtube.com\/embed\/8CChpRBySgo?si=QiA_ghfTgyBY4JXU&#038;amp;clip=UgkxmnPeKHWFMoAiAGbBK9R7mxp0HumUsTQF&#038;amp;clipt=EN37BRi90Ak\" title=\"YouTube video player\" frameborder=\"0\" allow=\"accelerometer; autoplay; clipboard-write; encrypted-media; gyroscope; picture-in-picture; web-share\" 0=\"allowfullscreen&gt;&lt;\/iframe\" scrolling=\"yes\" class=\"iframe-class\"><\/iframe>\n<\/p>\n<h2 style=\"text-align: center\">BIOMOL\u00c9CULAS<\/h2>\n<p style=\"text-align: justify\">Los <strong>bioelementos<\/strong> se unen por <strong>enlaces<\/strong> <strong>qu\u00edmicos de naturaleza variada, <\/strong>principalmente<strong> covalentes <\/strong>y, en menor parte,<strong> i\u00f3nicos,<\/strong> para formar <strong>biomol\u00e9culas<\/strong>. De estas \u00faltimas podemos diferenciar dos grandes grupos:<\/p>\n<ul>\n<li style=\"text-align: justify\"><strong>Biomol\u00e9culas inorg\u00e1nicas<\/strong> como el agua y algunas sales minerales.<\/li>\n<li style=\"text-align: justify\"><strong>Biomol\u00e9culas org\u00e1nicas<\/strong>, como gl\u00facidos, l\u00edpidos, prote\u00ednas y \u00e1cidos nucleicos.<\/li>\n<\/ul>\n<p style=\"text-align: center\">\n<!-- iframe plugin v.6.0 wordpress.org\/plugins\/iframe\/ -->\n<iframe loading=\"lazy\" width=\"90%\" height=\"315\" src=\"https:\/\/www.youtube.com\/embed\/8CChpRBySgo?si=jCgLM_4hkwLY4eGr&#038;amp;clip=Ugkxk5-X7Ubf4G4bNNqlHXWFl2bUHo18PfuM&#038;amp;clipt=EMXYChjxvA0\" title=\"YouTube video player\" frameborder=\"0\" allow=\"accelerometer; autoplay; clipboard-write; encrypted-media; gyroscope; picture-in-picture; web-share\" 0=\"allowfullscreen&gt;&lt;\/iframe\" scrolling=\"yes\" class=\"iframe-class\"><\/iframe>\n<\/p>\n<p><!-- notionvc: 4e60c9b5-0e2c-414f-87d7-b806928ea3e4 --><\/p>\n<p><!-- notionvc: 7e264a3a-cc20-48b7-b1d8-7184714838d9 --><\/p>\n","protected":false},"excerpt":{"rendered":"<p>La vida, como me dec\u00eda un magn\u00edfico profesor de la carrera, \u201cno es m\u00e1s que un sistema f\u00edsico-qu\u00edmico peculiar\u201d. Con ello, si nos movemos en los niveles m\u00e1s b\u00e1sicos y esenciales de la vida, debemos de manejar los siguientes t\u00e9rminos: BIOELEMENTOS Los bioelementos son los elementos qu\u00edmicos que forman parte de la materia viva. La [&hellip;]<\/p>\n","protected":false},"author":3666,"featured_media":0,"parent":0,"menu_order":0,"comment_status":"closed","ping_status":"closed","template":"template-fullwidth.php","meta":{"footnotes":""},"class_list":["post-180","page","type-page","status-publish","hentry","post-preview"],"_links":{"self":[{"href":"https:\/\/edublog.educastur.es\/biohumphreys\/wp-json\/wp\/v2\/pages\/180","targetHints":{"allow":["GET"]}}],"collection":[{"href":"https:\/\/edublog.educastur.es\/biohumphreys\/wp-json\/wp\/v2\/pages"}],"about":[{"href":"https:\/\/edublog.educastur.es\/biohumphreys\/wp-json\/wp\/v2\/types\/page"}],"author":[{"embeddable":true,"href":"https:\/\/edublog.educastur.es\/biohumphreys\/wp-json\/wp\/v2\/users\/3666"}],"replies":[{"embeddable":true,"href":"https:\/\/edublog.educastur.es\/biohumphreys\/wp-json\/wp\/v2\/comments?post=180"}],"version-history":[{"count":6,"href":"https:\/\/edublog.educastur.es\/biohumphreys\/wp-json\/wp\/v2\/pages\/180\/revisions"}],"predecessor-version":[{"id":276,"href":"https:\/\/edublog.educastur.es\/biohumphreys\/wp-json\/wp\/v2\/pages\/180\/revisions\/276"}],"wp:attachment":[{"href":"https:\/\/edublog.educastur.es\/biohumphreys\/wp-json\/wp\/v2\/media?parent=180"}],"curies":[{"name":"wp","href":"https:\/\/api.w.org\/{rel}","templated":true}]}}