{"id":195,"date":"2024-02-22T17:21:04","date_gmt":"2024-02-22T16:21:04","guid":{"rendered":"https:\/\/edublog.educastur.es\/biohumphreys\/?page_id=195"},"modified":"2024-02-22T17:21:04","modified_gmt":"2024-02-22T16:21:04","slug":"acerca-de-este-blog","status":"publish","type":"page","link":"https:\/\/edublog.educastur.es\/biohumphreys\/acerca-de-este-blog\/","title":{"rendered":"Acerca de este Blog"},"content":{"rendered":"<p style=\"text-align: justify\">Muy buenas Humphreys,<\/p>\n<p style=\"text-align: justify\">Este Blog que veis es un proyecto de innovaci\u00f3n docente que servir\u00e1 de <strong>apoyo virtual a nuestras clases de Biolog\u00eda y Geolog\u00eda.<\/strong><\/p>\n<p style=\"text-align: justify\">As\u00ed, encontrar\u00e9is <strong>apuntes resumidos<\/strong> por cada nivel y bloque de contenidos, as\u00ed como los <strong>v\u00eddeos del canal de YouTube<\/strong> adjunto que apoyan tales explicaciones con fragmentos de un <strong>m\u00e1ximo de 1 minuto.<\/strong><\/p>\n<p style=\"text-align: justify\">Estudiar nunca fue tan f\u00e1cil.<\/p>\n<h3 style=\"text-align: center\">Y esto es fiable \u00bfQui\u00e9n escribe todo esto?<\/h3>\n<p style=\"text-align: justify\">Soy Ra\u00fal Fern\u00e1ndez Jim\u00e9nez, <strong>profesor de Biolog\u00eda y Geolog\u00eda de Instituto de Educaci\u00f3n Secundaria<\/strong>.<\/p>\n<p style=\"text-align: justify\">Como pod\u00e9is intuir, soy <strong>Bi\u00f3logo<\/strong>, aunque <strong>apasionado<\/strong> por cualquier tipo de <strong>ciencia<\/strong>, desde mi propia asignatura, pasando por la F\u00edsica o las propias del deporte y la actividad f\u00edsica.<\/p>\n<p style=\"text-align: justify\">En cuanto a mi formaci\u00f3n acad\u00e9mica, puedo decir que siempre fui buen estudiante, apoyado siempre por mi <strong>equipo familiar<\/strong> que, a d\u00eda de hoy, sigue siendo el <strong>sustento y motor de mi vida<\/strong>.<\/p>\n<p style=\"text-align: justify\">De esta manera pude obtener Premios Extraordinarios en la Ense\u00f1anza Secundaria Media y Bachillerato, as\u00ed como alguna que otra Matr\u00edcula de Honor en posteriores m\u00e1steres y grados.<\/p>\n<h2 style=\"text-align: center\">\u00bfQu\u00e9 puedo encontrar en el Blog?<\/h2>\n<p style=\"text-align: justify\">Como dije anteriormente, en este soporte inform\u00e1tico encontrar\u00e1s, a partir de un men\u00fa desplegable, los <strong>saberes b\u00e1sicos de nuestros respectivos bloques de conocimiento<\/strong> desarrollados, los cuales vienen respaldados por variados esquemas y <strong>fragmentos de los v\u00eddeos del canal de YouTube asociado.<\/strong><\/p>\n<p style=\"text-align: justify\">Igualmente, en las diferentes entradas peri\u00f3dicas podremos analizar las <strong>principales noticias cient\u00edficas del momento<\/strong>.<\/p>\n<p style=\"text-align: center\">\n<!-- iframe plugin v.6.0 wordpress.org\/plugins\/iframe\/ -->\n<iframe loading=\"lazy\" 0=\"style=&quot;position:\" 1=\"absolute;\" 2=\"width:\" 3=\"100%;\" 4=\"height:\" 5=\"100%;\" 6=\"top:\" 7=\"0;\" 8=\"left:\" 9=\"0;\" 10=\"border:\" 11=\"none;\" 12=\"padding:\" 13=\"0;margin:\" 14 15=\"\/&gt;\" src=\"https:\/\/www.canva.com\/design\/DAF9h-6jkoM\/aeV-oPznAOm23VgJVwshuQ\/view?embed\" width=\"100%\" height=\"500\" scrolling=\"yes\" class=\"iframe-class\" frameborder=\"0\"><\/iframe>\n<\/p>\n","protected":false},"excerpt":{"rendered":"<p>Muy buenas Humphreys, Este Blog que veis es un proyecto de innovaci\u00f3n docente que servir\u00e1 de apoyo virtual a nuestras clases de Biolog\u00eda y Geolog\u00eda. As\u00ed, encontrar\u00e9is apuntes resumidos por cada nivel y bloque de contenidos, as\u00ed como los v\u00eddeos del canal de YouTube adjunto que apoyan tales explicaciones con fragmentos de un m\u00e1ximo de [&hellip;]<\/p>\n","protected":false},"author":3666,"featured_media":0,"parent":0,"menu_order":0,"comment_status":"closed","ping_status":"closed","template":"","meta":{"footnotes":""},"class_list":["post-195","page","type-page","status-publish","hentry","post-preview"],"_links":{"self":[{"href":"https:\/\/edublog.educastur.es\/biohumphreys\/wp-json\/wp\/v2\/pages\/195","targetHints":{"allow":["GET"]}}],"collection":[{"href":"https:\/\/edublog.educastur.es\/biohumphreys\/wp-json\/wp\/v2\/pages"}],"about":[{"href":"https:\/\/edublog.educastur.es\/biohumphreys\/wp-json\/wp\/v2\/types\/page"}],"author":[{"embeddable":true,"href":"https:\/\/edublog.educastur.es\/biohumphreys\/wp-json\/wp\/v2\/users\/3666"}],"replies":[{"embeddable":true,"href":"https:\/\/edublog.educastur.es\/biohumphreys\/wp-json\/wp\/v2\/comments?post=195"}],"version-history":[{"count":16,"href":"https:\/\/edublog.educastur.es\/biohumphreys\/wp-json\/wp\/v2\/pages\/195\/revisions"}],"predecessor-version":[{"id":225,"href":"https:\/\/edublog.educastur.es\/biohumphreys\/wp-json\/wp\/v2\/pages\/195\/revisions\/225"}],"wp:attachment":[{"href":"https:\/\/edublog.educastur.es\/biohumphreys\/wp-json\/wp\/v2\/media?parent=195"}],"curies":[{"name":"wp","href":"https:\/\/api.w.org\/{rel}","templated":true}]}}