{"id":248,"date":"2024-02-25T21:39:09","date_gmt":"2024-02-25T20:39:09","guid":{"rendered":"https:\/\/edublog.educastur.es\/biohumphreys\/?page_id=248"},"modified":"2024-02-25T21:40:37","modified_gmt":"2024-02-25T20:40:37","slug":"agua-y-sales-minerales-las-biomoleculas-inorganicas","status":"publish","type":"page","link":"https:\/\/edublog.educastur.es\/biohumphreys\/agua-y-sales-minerales-las-biomoleculas-inorganicas\/","title":{"rendered":"EL AGUA: PROPIEDADES Y ESTRUCTURA QU\u00cdMICA"},"content":{"rendered":"<p style=\"text-align: justify\">Como dijimos en<a href=\"https:\/\/edublog.educastur.es\/biohumphreys\/bioelementos-y-biomoleculas\/\"> otras entradas<\/a>, los bioelementos se unen a trav\u00e9s de enlaces qu\u00edmicos para formar biomol\u00e9culas m\u00e1s estables.<\/p>\n<p style=\"text-align: justify\">Las <strong>biomol\u00e9culas inorg\u00e1nicas son aquellas que aparecen tambi\u00e9n fuera de la materia viva y que no es \u00fanica de ella<\/strong>, como el agua, las sales minerales y los gases.<\/p>\n<p>En esta entrada, en concreto, abordaremos el caso del agua:<\/p>\n<h2 style=\"text-align: center\">EL AGUA<\/h2>\n<p style=\"text-align: justify\">El <strong>agua es la mol\u00e9cula m\u00e1s abundante de los seres vivos<\/strong>, y representa entre el 70% y el 90% del peso de la mayor parte de los organismos.<\/p>\n<p style=\"text-align: justify\">La gran importancia del agua deriva de la <strong>inmensa mayor\u00eda de las reacciones bioqu\u00edmicas que se desarrollan en su seno<\/strong>, lo que <strong>se debe a su estructura qu\u00edmica.<\/strong><\/p>\n<div style=\"width: 543px\" class=\"wp-caption alignleft\"><img loading=\"lazy\" decoding=\"async\" class=\"\" src=\"https:\/\/media.snl.no\/media\/282564\/standard_elektronparbinding_2.png\" alt=\"Mol\u00e9cula de agua. Se puede observar c\u00f3mo se comparten electrones a trav\u00e9s del enlace covalente. Mientras que el \u00e1tomo de ox\u00edgeno comparte 2 electrones, cada \u00e1tomo de Hidr\u00f3geno aporta 1.\" width=\"533\" height=\"252\" \/><p class=\"wp-caption-text\">Mol\u00e9cula de agua: se puede observar c\u00f3mo se comparten electrones a trav\u00e9s del enlace covalente. Mientras que el \u00e1tomo de ox\u00edgeno comparte 2 electrones, cada \u00e1tomo de Hidr\u00f3geno aporta 1.<\/p><\/div>\n<h4>ESTRUCTURA QU\u00cdMICA DEL AGUA<\/h4>\n<p style=\"text-align: justify\">Como sabemos, la f\u00f3rmula del agua es <strong>H\u2082O<\/strong>, es decir, cada mol\u00e9cula est\u00e1 constituida por <strong>un \u00e1tomo de Ox\u00edgeno y dos \u00e1tomos de Hidr\u00f3geno<\/strong>.<\/p>\n<p style=\"text-align: justify\">Estos dos elementos qu\u00edmicos est\u00e1n unidos por <strong>enlace covalente, <\/strong>uni\u00f3n en la que se <strong>comparten electrones<\/strong>, siendo en este caso concreto 2 por parte del Ox\u00edgeno y 1 por cada elemento de Hidr\u00f3geno.<\/p>\n<p style=\"text-align: justify\">Sin embargo, como todo en la vida, siempre que se comparte algo, hay personas <strong>m\u00e1s ego\u00edstas y otras m\u00e1s generosas.<\/strong><\/p>\n<p style=\"text-align: justify\">As\u00ed, el <strong>ox\u00edgeno es m\u00e1s avaricioso<\/strong>, es decir, <strong>atrae hacia s\u00ed ese par de electrones compartidos<\/strong>. Este fen\u00f3meno se debe a que es m\u00e1s <span style=\"text-decoration: underline\"><strong>electronegativo<\/strong><\/span>, siendo el t\u00e9rmino correcto para definir a este fen\u00f3meno.<\/p>\n<div style=\"width: 410px\" class=\"wp-caption alignleft\"><img loading=\"lazy\" decoding=\"async\" class=\"size-large\" src=\"https:\/\/upload.wikimedia.org\/wikipedia\/commons\/3\/3f\/3D_model_hydrogen_bonds_in_water-es.jpg\" alt=\"Enlaces de Hidr\u00f3geno en las mol\u00e9culas de agua. Como se puede observar, cada mol\u00e9cula puede establecer dicho enlace con otras 4. Dicha interacci\u00f3n se produce por la atracci\u00f3n electrost\u00e1tica entre la carga parcial positiva del Hidr\u00f3geno de una mol\u00e9cula y la negativa del Ox\u00edgeno de la mol\u00e9cula adyacente.\" width=\"400\" height=\"397\" \/><p class=\"wp-caption-text\">Enlaces de Hidr\u00f3geno en las mol\u00e9culas de agua. Como se puede observar, cada mol\u00e9cula puede establecer dicho enlace con otras 4. Dicha interacci\u00f3n se produce por la atracci\u00f3n electrost\u00e1tica entre la carga parcial positiva del Hidr\u00f3geno de una mol\u00e9cula y la negativa del Ox\u00edgeno de la mol\u00e9cula adyacente.<\/p><\/div>\n<p style=\"text-align: justify\">Por su parte, el <strong>Hidr\u00f3geno es m\u00e1s generoso<\/strong>, en otras palabras, <span style=\"text-decoration: underline\"><strong>menos electronegativo<\/strong><\/span> y, por consiguiente, su \u201c<em>fuerza de atracci\u00f3n de los electrones hacia s\u00ed es pr\u00e1cticamente nula<\/em>\u201d.<\/p>\n<p style=\"text-align: justify\">En consecuencia, sabiendo que el <strong>electr\u00f3n tiene carga negativa<\/strong> y que el <strong>ox\u00edgeno lo atrae con m\u00e1s fuerza<\/strong>, es evidente que <span style=\"text-decoration: underline\">este \u00e1tomo tendr\u00e1 una <strong>carga parcial negativa (-)<\/strong> y el <strong>Hidr\u00f3geno una carga parcial positiva (+).<\/strong><\/span><\/p>\n<p style=\"text-align: justify\">Como resultado, tenemos una<strong> mol\u00e9cula polar, <\/strong>diferenciando un polo positivo (el Hidr\u00f3geno) y otro negativo (el Ox\u00edgeno).<\/p>\n<p style=\"text-align: justify\">De las razones antes mencionadas se puede inferir que, si se aproximan varias mol\u00e9culas de agua lo suficiente, se establece una <strong>atracci\u00f3n electrost\u00e1tica entre la\u00a0carga parcial negativa del \u00e1tomo de O y la carga parcial positiva de un \u00e1tomo de H de la mol\u00e9cula adyacente.<\/strong><\/p>\n<p style=\"text-align: justify\">Dicha interacci\u00f3n es lo que conocemos como <strong>puente o Enlace de Hidr\u00f3geno<\/strong>, permitiendo que <strong>cada mol\u00e9cula de agua pueda interaccionar con hasta cuatro vecinas.\u00a0<\/strong><\/p>\n<p style=\"text-align: center\">\n<!-- iframe plugin v.6.0 wordpress.org\/plugins\/iframe\/ -->\n<iframe loading=\"lazy\" width=\"90%\" height=\"315\" src=\"https:\/\/www.youtube.com\/embed\/8CChpRBySgo?si=gGMA2Ya7vIFY8v4f&#038;amp;clip=Ugkxnr2Lg98EfQImEu44iDmIp3dgjinFo-k3&#038;amp;clipt=ENqxDRiDlxA\" title=\"YouTube video player\" frameborder=\"0\" allow=\"accelerometer; autoplay; clipboard-write; encrypted-media; gyroscope; picture-in-picture; web-share\" 0=\"allowfullscreen&gt;&lt;\/iframe\" scrolling=\"yes\" class=\"iframe-class\"><\/iframe>\n<\/p>\n<h4>PROPIEDADES DEL AGUA<\/h4>\n<ol>\n<li style=\"text-align: justify\"><span style=\"text-decoration: underline;color: #ff0000\"><strong>EL HIELO FLOTA SOBRE AGUA L\u00cdQUIDA:<\/strong><\/span> los enlaces de hidr\u00f3geno tienen un\u00a0tiempo de vida muy corto, rompi\u00e9ndose y form\u00e1ndose constantemente en el <span class=\"notion-enable-hover\" data-token-index=\"3\">estado l\u00edquido<\/span>, mientras que en e<span class=\"notion-enable-hover\" data-token-index=\"5\">stado s\u00f3lido<\/span> las mol\u00e9culas se disponen formando un <span class=\"notion-enable-hover\" data-token-index=\"7\">tetraedro estable.<\/span> Esto implica que en <span class=\"notion-enable-hover\" data-token-index=\"9\"><strong>estado s\u00f3lido las mol\u00e9culas est\u00e1n m\u00e1s alejadas entre s\u00ed que en estado l\u00edquido<\/strong>, lo que explica que el <strong>hielo sea menos denso que el agua.\u00a0 <\/strong>Este simple hecho<strong> permite la vida acu\u00e1tica submarina y que exista tanta cantidad de agua l\u00edquida en nuestro planeta.<\/strong><\/span><\/li>\n<li style=\"text-align: justify\"><strong><span style=\"text-decoration: underline\"><span style=\"color: #ff0000;text-decoration: underline\">ELEVADA FUERZA DE ADHESI\u00d3N Y COHESI\u00d3N ENTRE SUS MOL\u00c9CULAS:<\/span><\/span><\/strong> lo que permite su <strong>elevada tensi\u00f3n superficial<\/strong> (la superficie del agua se comporta como una membrana el\u00e1stica tensa), su <strong>incompresibilidad<\/strong> (no puede comprimirse y act\u00faa como <strong>esqueleto hidrost\u00e1tico<\/strong>) y la <strong>capilaridad<\/strong> (permite el ascenso del agua a lo largo de tubos largos y estrechos, como el t<strong>ransporte de savia en las plantas<\/strong>).<!-- notionvc: cb5c4950-e02e-4b2f-8444-51d73727614d --><\/li>\n<li style=\"text-align: justify\"><span style=\"text-decoration: underline\"><span style=\"color: #ff0000\"><b>ELEVADO CALOR ESPEC\u00cdFICO Y DE VAPORIZACI\u00d3N:<\/b><\/span><\/span> para aumentar la temperatura del agua se necesita much\u00edsima energ\u00eda, por lo que es utilizado como <strong>termorregulador por la mayor\u00eda de los seres vivos, como, por ejemplo, la sudoraci\u00f3n.<\/strong><\/li>\n<li style=\"text-align: justify\"><span style=\"color: #ff0000\"><b><u>ELEVADA CONSTANTE DIEL\u00c9CTRICA:<\/u><\/b> <\/span>permite mantener separados iones de carga opuesta, lo que conlleva una <strong>f\u00e1cil disoluci\u00f3n de las sales y otros compuestos i\u00f3nicos.<\/strong><\/li>\n<li style=\"text-align: justify\"><span style=\"color: #ff0000\"><b><u>GRAN CAPACIDAD DE DISOLUCI\u00d3N:<\/u><\/b><\/span>\u00a0debido a que <strong>puede formar enlaces de Hidr\u00f3geno con otras mol\u00e9culas polares<\/strong> como amino\u00e1cidos, monosac\u00e1ridos\u2026<\/li>\n<li><span style=\"text-decoration: underline\"><strong><span style=\"color: #ff0000\">CAPACIDAD DE DISOCIACI\u00d3N EN H+ Y OH-:<\/span><\/strong><\/span><span style=\"color: #ff0000\">\u00a0<span style=\"color: #000000\">lo que le permite participar en infinidad de <strong>reacciones qu\u00edmicas, como las \u00e1cido-base o de hidr\u00f3lisis.<\/strong><\/span><\/span><\/li>\n<\/ol>\n<p>Aqu\u00ed os dejo un peque\u00f1o fragmento de un v\u00eddeo m\u00edo correspondiente a esta tem\u00e1tica que, espero, aclare estas propiedades:<\/p>\n<p style=\"text-align: center\">\n<!-- iframe plugin v.6.0 wordpress.org\/plugins\/iframe\/ -->\n<iframe loading=\"lazy\" width=\"90%\" height=\"315\" src=\"https:\/\/www.youtube.com\/embed\/8CChpRBySgo?si=ZqCfVgEoR0gbOY1Z&#038;amp;start=221&#038;end=393\" title=\"YouTube video player\" frameborder=\"0\" allow=\"accelerometer; autoplay; clipboard-write; encrypted-media; gyroscope; picture-in-picture; web-share\" 0=\"allowfullscreen&gt;&lt;\/iframe\" scrolling=\"yes\" class=\"iframe-class\"><\/iframe>\n<\/p>\n<h4>COMPORTAMIENTO DE LAS MOL\u00c9CULAS EN FUNCI\u00d3N DE SU RELACI\u00d3N CON EL AGUA<\/h4>\n<ul>\n<li style=\"text-align: justify\"><strong>Sustancia hidrof\u00edlica:<\/strong> f\u00e1cilmente <span style=\"text-decoration: underline\">soluble en agua<\/span>, por ser mol\u00e9culas polares que permiten la interacci\u00f3n con la mol\u00e9cula de H\u2082O a trav\u00e9s de enlaces de Hidr\u00f3geno.<\/li>\n<li style=\"text-align: justify\"><strong>Sustancia hidrof\u00f3bica:<\/strong> <span style=\"text-decoration: underline\">dif\u00edcilmente soluble en agua<\/span> por ser mol\u00e9culas apolares, no permitiendo la interacci\u00f3n con la mol\u00e9cula de H\u2082O a trav\u00e9s de enlaces de Hidr\u00f3geno.<\/li>\n<li style=\"text-align: justify\"><strong>Sustancias anfip\u00e1ticas:<\/strong> aquellas que <span style=\"text-decoration: underline\">tienen una regi\u00f3n hidrof\u00edlica y otra hidrof\u00f3bica<\/span>, permitiendo, por un lado, una interacci\u00f3n con la mol\u00e9cula de agua y, por otro, una interacci\u00f3n solo con mol\u00e9culas hidrof\u00f3bicas. Es el <strong>t\u00edpico caso de los fosfol\u00edpidos<\/strong>, formando instant\u00e1neamente micelas y bicapas lip\u00eddicas, estas \u00faltimas las integrantes de la membrana celular.<\/li>\n<\/ul>\n","protected":false},"excerpt":{"rendered":"<p>Como dijimos en otras entradas, los bioelementos se unen a trav\u00e9s de enlaces qu\u00edmicos para formar biomol\u00e9culas m\u00e1s estables. Las biomol\u00e9culas inorg\u00e1nicas son aquellas que aparecen tambi\u00e9n fuera de la materia viva y que no es \u00fanica de ella, como el agua, las sales minerales y los gases. En esta entrada, en concreto, abordaremos el [&hellip;]<\/p>\n","protected":false},"author":3666,"featured_media":0,"parent":0,"menu_order":0,"comment_status":"closed","ping_status":"closed","template":"template-fullwidth.php","meta":{"footnotes":""},"class_list":["post-248","page","type-page","status-publish","hentry","post-preview"],"_links":{"self":[{"href":"https:\/\/edublog.educastur.es\/biohumphreys\/wp-json\/wp\/v2\/pages\/248","targetHints":{"allow":["GET"]}}],"collection":[{"href":"https:\/\/edublog.educastur.es\/biohumphreys\/wp-json\/wp\/v2\/pages"}],"about":[{"href":"https:\/\/edublog.educastur.es\/biohumphreys\/wp-json\/wp\/v2\/types\/page"}],"author":[{"embeddable":true,"href":"https:\/\/edublog.educastur.es\/biohumphreys\/wp-json\/wp\/v2\/users\/3666"}],"replies":[{"embeddable":true,"href":"https:\/\/edublog.educastur.es\/biohumphreys\/wp-json\/wp\/v2\/comments?post=248"}],"version-history":[{"count":14,"href":"https:\/\/edublog.educastur.es\/biohumphreys\/wp-json\/wp\/v2\/pages\/248\/revisions"}],"predecessor-version":[{"id":263,"href":"https:\/\/edublog.educastur.es\/biohumphreys\/wp-json\/wp\/v2\/pages\/248\/revisions\/263"}],"wp:attachment":[{"href":"https:\/\/edublog.educastur.es\/biohumphreys\/wp-json\/wp\/v2\/media?parent=248"}],"curies":[{"name":"wp","href":"https:\/\/api.w.org\/{rel}","templated":true}]}}