{"id":277,"date":"2024-02-29T17:03:44","date_gmt":"2024-02-29T16:03:44","guid":{"rendered":"https:\/\/edublog.educastur.es\/biohumphreys\/?page_id=277"},"modified":"2024-02-29T17:03:44","modified_gmt":"2024-02-29T16:03:44","slug":"acidos-nucleicos","status":"publish","type":"page","link":"https:\/\/edublog.educastur.es\/biohumphreys\/acidos-nucleicos\/","title":{"rendered":"\u00c1CIDOS NUCLEICOS"},"content":{"rendered":"<p style=\"text-align: justify\">Los <strong>\u00e1cidos nucleicos son las biomol\u00e9culas portadoras de la informaci\u00f3n gen\u00e9tica y,<\/strong> por consiguiente, de la <strong>herencia.<\/strong><\/p>\n<p style=\"text-align: justify\">As\u00ed, estamos ante las mol\u00e9culas org\u00e1nicas que <strong>nos hacen ser como somos<\/strong>, asentando las bases de la gen\u00e9tica, la biolog\u00eda molecular o la ingenier\u00eda gen\u00e9tica.<\/p>\n<h2 style=\"text-align: center\">\u00c1CIDO NUCLEICO COMO HETEROPOL\u00cdMERO DE NUCLE\u00d3TIDOS<\/h2>\n<p style=\"text-align: justify\">Los \u00e1cidos nucleicos se consideran <strong>heteropol\u00edmeros de nucle\u00f3tidos<\/strong>, es decir, est\u00e1n constituidas por la <strong>uni\u00f3n<\/strong> de unas unidades m\u00e1s peque\u00f1as (<strong>mon\u00f3meros<\/strong>) denominados <strong>nucle\u00f3tidos<\/strong>.<\/p>\n<p style=\"text-align: justify\">Si te cuesta estos t\u00e9rminos, piensa en la <strong>cadena de una bicicleta<\/strong>:<\/p>\n<ul style=\"text-align: justify\">\n<li>La <strong>cadena completa ser\u00eda equivalente a un \u00e1cido nucleico<\/strong>, por consiguiente, se podr\u00eda usar como analog\u00eda a un <strong>pol\u00edmero<\/strong>.<\/li>\n<li style=\"text-align: justify\">Cada <strong>eslab\u00f3n peque\u00f1o podr\u00eda referirse a un nucle\u00f3tido<\/strong>, es decir, a cada <strong>mon\u00f3mero.<\/strong><\/li>\n<\/ul>\n<p style=\"text-align: justify\">Como esos <strong>nucle\u00f3tidos unidos son diferentes entre s\u00ed<\/strong> (las bases nitrogenadas no son siempre iguales), decimos que es un <strong>heteropol\u00edmero<\/strong>, ya que si todos fueran iguales ser\u00eda un homopol\u00edmero.<\/p>\n<h3>COMPOSICI\u00d3N DE UN NUCLE\u00d3TIDO<\/h3>\n<p style=\"text-align: justify\">Cada nucle\u00f3tido est\u00e1 formado por tres sustancias diferentes:<\/p>\n<ul style=\"text-align: justify\">\n<li>Una <strong>pentosa,<\/strong> es decir, un <strong>az\u00facar<\/strong> de 5 \u00e1tomos de Carbono, que puede ser:\n<ul>\n<li><strong>Ribosa<\/strong>, el propio del ARN.<\/li>\n<li><strong>Desoxirribosa<\/strong>, encontrado en el ADN.<\/li>\n<\/ul>\n<\/li>\n<\/ul>\n<ul style=\"text-align: justify\">\n<li>Una <strong>base nitrogenada<\/strong>, de las que existen dos tipos:\n<ul>\n<li><strong>P\u00faricas<\/strong> (<strong>Adenina y Guanina<\/strong>). <em>Regla mnemot\u00e9cnica: \u201cla plata (Ag) es muy pura\u201d.<\/em><\/li>\n<li><strong>Pirimid\u00ednicas<\/strong> (Citosina, Timina y Uracilo). De estas, hay que saber:\n<ul>\n<li>La <strong>Timina<\/strong> ser\u00eda la base pirimid\u00ednica exclusiva del ADN.<\/li>\n<li>El <strong>Uracilo<\/strong> lo ser\u00eda del ARN.<\/li>\n<\/ul>\n<\/li>\n<\/ul>\n<\/li>\n<\/ul>\n<ul>\n<li style=\"text-align: justify\"><strong>\u00c1cido fosf\u00f3rico:<\/strong> encontr\u00e1ndose ionizado a pH fisiol\u00f3gico, lo que le aportar\u00e1 un car\u00e1cter \u00e1cido.<\/li>\n<\/ul>\n<p>De esta manera, ser\u00eda f\u00e1cilmente distinguible en un esquema como el siguiente:<\/p>\n<div style=\"width: 830px\" class=\"wp-caption aligncenter\"><img loading=\"lazy\" decoding=\"async\" class=\"size-large\" src=\"https:\/\/upload.wikimedia.org\/wikipedia\/commons\/a\/a4\/Nucleotide_nucleoside_general-es.jpg?20121107210908\" alt=\"Esquema general de un nucle\u00f3tido. As\u00ed, podemos observar una pentosa (que si presenta en el \u00e1tomo 2 un H es desoxirribosa, mientras que si presenta un OH es ribosa), una base nitrogenada y uno, dos o tres grupos fosfato.\" width=\"820\" height=\"484\" \/><p class=\"wp-caption-text\">Esquema general de un nucle\u00f3tido. As\u00ed, podemos observar una pentosa (que si presenta en el \u00e1tomo 2 un H es desoxirribosa, mientras que si presenta un OH es ribosa), una base nitrogenada y uno, dos o tres grupos fosfato.<\/p><\/div>\n<p style=\"text-align: center\">\n<!-- iframe plugin v.6.0 wordpress.org\/plugins\/iframe\/ -->\n<iframe loading=\"lazy\" width=\"90%\" height=\"315\" src=\"https:\/\/www.youtube.com\/embed\/mvg4oN3VoVU?si=7lI4R_UJ512j3O6s&#038;amp;start=79&#038;end=230\" title=\"YouTube video player\" frameborder=\"0\" allow=\"accelerometer; autoplay; clipboard-write; encrypted-media; gyroscope; picture-in-picture; web-share\" 0=\"allowfullscreen&gt;&lt;\/iframe\" scrolling=\"yes\" class=\"iframe-class\"><\/iframe>\n<\/p>\n<h3 style=\"text-align: justify\">ENLACES DENTRO DE UN NUCLE\u00d3TIDO<\/h3>\n<p style=\"text-align: justify\">Ya hemos reconocido que el nucle\u00f3tido es el mon\u00f3mero de los \u00e1cidos nucleicos y que est\u00e1 constituido de tres partes: una pentosa, una base nitrogenada y un grupo fosfato.<\/p>\n<p style=\"text-align: justify\">Ahora bien, \u00bfqu\u00e9 enlaces se establecen entre los diferentes grupos?<\/p>\n<ul>\n<li style=\"text-align: justify\"><span style=\"text-decoration: underline\"><strong>Enlace fosfodi\u00e9ster<\/strong><\/span>: entre el grupo fosfato y el OH del <span style=\"text-decoration: underline;color: #ff0000\"><strong>carbono n\u00famero 5<\/strong> <\/span>de la pentosa.<\/li>\n<li style=\"text-align: justify\"><span style=\"text-decoration: underline\"><strong>Enlace N-glucos\u00eddico<\/strong><\/span>: entre la base nitrogenada y el OH del <span style=\"text-decoration: underline;color: #ff0000\"><strong>carbono n\u00famero 1<\/strong><\/span> de la pentosa.<\/li>\n<\/ul>\n<div style=\"width: 694px\" class=\"wp-caption aligncenter\"><img loading=\"lazy\" decoding=\"async\" title=\"https:\/\/www.biologiasur.org\/index.php\/79-acidos-nucleicos\/74-acidos-nucleicos-2-arn-soluciones\" src=\"https:\/\/www.biologiasur.org\/images\/stories\/Fotos\/arn\/ARNsol5.jpg\" alt=\"F\u00f3rmula general de un nucle\u00f3tido. Enlace N glucos\u00eddico entre el C1 de la pentosa y un N base nitrogenada y enlace fosfo\u00e9ster entre el fosfato y el carbono 5 de la pentosa.\" width=\"684\" height=\"506\" \/><p class=\"wp-caption-text\">F\u00f3rmula general de un nucle\u00f3tido. Enlace N glucos\u00eddico entre el C1 de la pentosa y un N base nitrogenada y enlace fosfo\u00e9ster entre el fosfato y el carbono 5 de la pentosa.<\/p><\/div>\n<h3>ENLACE NUCLEOT\u00cdDICO<\/h3>\n<p style=\"text-align: justify\">Si hemos considerado los <strong>nucle\u00f3tidos como mon\u00f3meros<\/strong>, es decir, los eslabones que forman la cadena de la bicicleta, los <strong>\u00e1cidos nucleicos deben de estar formados por la uni\u00f3n de ellos<\/strong>, pero \u00bfc\u00f3mo se conectan dichos nucle\u00f3tidos?<\/p>\n<p style=\"text-align: justify\">Esa fusi\u00f3n se realiza de la siguiente manera:<\/p>\n<p style=\"text-align: justify\">Entre el<strong> OH 3&#8242;<\/strong> <strong>de un nucle\u00f3tido <\/strong>(el <span style=\"text-decoration: underline\">OH del carbono 3 de la pentosa<\/span>)<strong> y el fosfato en posici\u00f3n 5&#8242; de otro<\/strong> (el <span style=\"text-decoration: underline\">fosfato dispuesto en el carbono 5\u00b4 de la pentosa<\/span>), se produce una condensaci\u00f3n, con la liberaci\u00f3n de una mol\u00e9cula de agua, y con ello se unen y <strong>forman un dinucle\u00f3tido<\/strong>.<\/p>\n<p style=\"text-align: justify\">El <strong>nuevo enlace es de tipo \u00e9ster fosf\u00f3rico (fosfodi\u00e9ster) y se llama enlace nucleot\u00eddico<\/strong>.<\/p>\n<p style=\"text-align: justify\">El dinucle\u00f3tido formado en el ejemplo <strong>tiene libres grupos hidroxilo en 3&#8242; de un nucle\u00f3tido y fosfato en 5&#8242; de otro,<\/strong> por lo que <strong>puede unir m\u00e1s nucle\u00f3tidos<\/strong> de la misma manera y formar polinucle\u00f3tidos.<\/p>\n<p style=\"text-align: justify\">As\u00ed, en cualquier polinucle\u00f3tido formado, sea grande o peque\u00f1o, sea ARN o ADN, los <strong>dos extremos de la cadena son diferentes: existe un extremo 3&#8242;, con el grupo -OH del carbono 3&#8242; libre, y un extremo 5&#8242; que es el que tiene el grupo fosfato libre.<\/strong><\/p>\n<p style=\"text-align: justify\">Las <strong>bases nitrogenadas no intervienen en estos enlaces<\/strong> (est\u00e1n ubicadas en el Carbono 1 de la pentosa), de manera que las bases <strong>quedan en posici\u00f3n lateral y le concede especificidad.<\/strong><\/p>\n<div style=\"width: 524px\" class=\"wp-caption aligncenter\"><img loading=\"lazy\" decoding=\"async\" title=\"https:\/\/lidiaconlaquimica.wordpress.com\/2015\/07\/06\/la-estructura-del-adn\/\" src=\"https:\/\/lidiaconlaquimica.files.wordpress.com\/2015\/07\/nucleotidos-07-enlace-fosfodiester.jpg\" alt=\"Formaci\u00f3n de un enlace fosfodi\u00e9ster (nucleot\u00eddico). As\u00ed, a trav\u00e9s del grupo OH situado en la posici\u00f3n 3\u00b4de un nucle\u00f3tido, con el fosfato en 5\u00b4de otro, se produce una reacci\u00f3n de condensaci\u00f3n, liberando una mol\u00e9cula de agua y formando el mencionado enlace.\" width=\"514\" height=\"418\" \/><p class=\"wp-caption-text\">Formaci\u00f3n de un enlace fosfodi\u00e9ster (nucleot\u00eddico). As\u00ed, a trav\u00e9s del grupo OH situado en la posici\u00f3n 3\u00b4de un nucle\u00f3tido, con el fosfato en 5\u00b4de otro, se produce una reacci\u00f3n de condensaci\u00f3n, liberando una mol\u00e9cula de agua, y formando el mencionado enlace.<\/p><\/div>\n<p style=\"text-align: center\">\n<!-- iframe plugin v.6.0 wordpress.org\/plugins\/iframe\/ -->\n<iframe loading=\"lazy\" width=\"90%\" height=\"315\" src=\"https:\/\/www.youtube.com\/embed\/mvg4oN3VoVU?si=1drW2Vos7LGjRkwv&#038;amp;start=485&#038;end=552\" title=\"YouTube video player\" frameborder=\"0\" allow=\"accelerometer; autoplay; clipboard-write; encrypted-media; gyroscope; picture-in-picture; web-share\" 0=\"allowfullscreen&gt;&lt;\/iframe\" scrolling=\"yes\" class=\"iframe-class\"><\/iframe>\n<\/p>\n<p>&nbsp;<\/p>\n<p><!-- notionvc: 1879b0e2-5f8d-4481-a721-0b940f61be97 --><\/p>\n","protected":false},"excerpt":{"rendered":"<p>Los \u00e1cidos nucleicos son las biomol\u00e9culas portadoras de la informaci\u00f3n gen\u00e9tica y, por consiguiente, de la herencia. As\u00ed, estamos ante las mol\u00e9culas org\u00e1nicas que nos hacen ser como somos, asentando las bases de la gen\u00e9tica, la biolog\u00eda molecular o la ingenier\u00eda gen\u00e9tica. \u00c1CIDO NUCLEICO COMO HETEROPOL\u00cdMERO DE NUCLE\u00d3TIDOS Los \u00e1cidos nucleicos se consideran heteropol\u00edmeros de [&hellip;]<\/p>\n","protected":false},"author":3666,"featured_media":0,"parent":0,"menu_order":0,"comment_status":"closed","ping_status":"closed","template":"template-fullwidth.php","meta":{"footnotes":""},"class_list":["post-277","page","type-page","status-publish","hentry","post-preview"],"_links":{"self":[{"href":"https:\/\/edublog.educastur.es\/biohumphreys\/wp-json\/wp\/v2\/pages\/277","targetHints":{"allow":["GET"]}}],"collection":[{"href":"https:\/\/edublog.educastur.es\/biohumphreys\/wp-json\/wp\/v2\/pages"}],"about":[{"href":"https:\/\/edublog.educastur.es\/biohumphreys\/wp-json\/wp\/v2\/types\/page"}],"author":[{"embeddable":true,"href":"https:\/\/edublog.educastur.es\/biohumphreys\/wp-json\/wp\/v2\/users\/3666"}],"replies":[{"embeddable":true,"href":"https:\/\/edublog.educastur.es\/biohumphreys\/wp-json\/wp\/v2\/comments?post=277"}],"version-history":[{"count":8,"href":"https:\/\/edublog.educastur.es\/biohumphreys\/wp-json\/wp\/v2\/pages\/277\/revisions"}],"predecessor-version":[{"id":286,"href":"https:\/\/edublog.educastur.es\/biohumphreys\/wp-json\/wp\/v2\/pages\/277\/revisions\/286"}],"wp:attachment":[{"href":"https:\/\/edublog.educastur.es\/biohumphreys\/wp-json\/wp\/v2\/media?parent=277"}],"curies":[{"name":"wp","href":"https:\/\/api.w.org\/{rel}","templated":true}]}}