{"id":319,"date":"2024-03-03T12:52:03","date_gmt":"2024-03-03T11:52:03","guid":{"rendered":"https:\/\/edublog.educastur.es\/biohumphreys\/?page_id=319"},"modified":"2024-03-03T12:52:03","modified_gmt":"2024-03-03T11:52:03","slug":"adn-funciones-y-estructura","status":"publish","type":"page","link":"https:\/\/edublog.educastur.es\/biohumphreys\/acidos-nucleicos\/adn-funciones-y-estructura\/","title":{"rendered":"ADN: FUNCIONES Y ESTRUCTURA"},"content":{"rendered":"<p style=\"text-align: justify\">El <strong>ADN es la mol\u00e9cula que contiene la informaci\u00f3n gen\u00e9tica necesaria para especificar tanto la secuencia como la funci\u00f3n de las prote\u00ednas y de cada clase de ARN presente en la c\u00e9lula<\/strong>, seg\u00fan el <strong><span style=\"text-decoration: underline\">dogma central de la biolog\u00eda molecular<\/span><\/strong> de Crick, replanteado en 1970, y que ya desarrollamos en las <a href=\"https:\/\/edublog.educastur.es\/biohumphreys\/acidos-nucleicos\/\">anteriores entradas<\/a>.<\/p>\n<p>Se <a href=\"https:\/\/edublog.educastur.es\/biohumphreys\/diferencias-entre-arn-y-adn\/\">caracteriza<\/a> por <strong>poseer desoxirribosa como pentosa<\/strong> y por tener una<strong> base nitrogenada pirimid\u00ednica exclusiva, la Timina.<\/strong><\/p>\n<p style=\"text-align: justify\">Normalmente, est\u00e1 constituido por <strong>dos cadenas polinucleot\u00eddicas<\/strong>, las cuales pueden ser circulares como en procariotas o lineales como en eucariotas.<\/p>\n<p style=\"text-align: justify\">No obstante, en los virus, el ADN puede ser circular, lineal, de cadena doble o simple.<\/p>\n<p style=\"text-align: justify\">Este tipo de \u00e1cido nucleico es una <strong>mol\u00e9cula altamente estructurada en la que se pueden distinguir diferentes niveles de complejidad<\/strong>. As\u00ed, a medida que se pliega adquiere una estructuras de complejidad crecientes conocidas como: estructura primaria, secundaria, terciaria y cuaternaria.<\/p>\n<p>Esta estructuraci\u00f3n y organizaci\u00f3n es muy importante, no solo porque se pregunte mucho en los ex\u00e1menes, sino porque <strong>permite compactar el ADN de una c\u00e9lula, midiendo 2 metros, en apenas unas micras.<\/strong><\/p>\n<h3 style=\"text-align: center\">Estructura primaria<\/h3>\n<p style=\"text-align: justify\">Es la que viene determinada por <strong>la secuencia de nucle\u00f3tidos de una sola cadena<\/strong>, unidos por enlace fosfodi\u00e9ster 5\u00b4-3\u00b4, en el que las bases nitrogenadas no participan, sino que, al estar unidas por el C1\u00b4, quedan libres, concedi\u00e9ndoles especificidad.<\/p>\n<p style=\"text-align: center\">\n<!-- iframe plugin v.6.0 wordpress.org\/plugins\/iframe\/ -->\n<iframe loading=\"lazy\" width=\"90%\" height=\"315\" src=\"https:\/\/www.youtube.com\/embed\/XXLizf0Ww7Y?si=v61Zgr7PP5PxNvzG&#038;amp;clip=Ugkx_6V2fhOQaAsamQZzwGagKiTeaipfvI1O&#038;amp;clipt=EOCNEBj08hE\" title=\"YouTube video player\" frameborder=\"0\" allow=\"accelerometer; autoplay; clipboard-write; encrypted-media; gyroscope; picture-in-picture; web-share\" 0=\"allowfullscreen&gt;&lt;\/iframe\" scrolling=\"yes\" class=\"iframe-class\"><\/iframe>\n<\/p>\n<h3 style=\"text-align: center\">Estructura secundaria<\/h3>\n<p style=\"text-align: justify\">Es la disposici\u00f3n en el espacio de las <strong>cadenas polinucleot\u00eddicas en forma de doble h\u00e9lice<\/strong>, con una serie de peculiaridades:<\/p>\n<ul>\n<li style=\"text-align: justify\">Las dos hebras est\u00e1n unidas entre s\u00ed en toda su longitud y <strong>no son iguales, sino complementarias<\/strong>.<\/li>\n<li style=\"text-align: justify\">Ambas <strong>cadenas son antiparalela<\/strong>s, de manera que el extremo 5&#8242; de una de ellas se enfrenta la 3&#8242; de la otra.<\/li>\n<li style=\"text-align: justify\">Las bases quedan en el interior, mientras que los esqueletos pentosa-fosfato se sit\u00faan en la parte externa.<\/li>\n<li>Los enlaces que estabilizan la mol\u00e9cula se establecen entre las<strong> bases nitrogenadas complementarias, siendo <a href=\"https:\/\/edublog.educastur.es\/biohumphreys\/agua-y-sales-minerales-las-biomoleculas-inorganicas\/\">puentes o enlaces de H<\/a><\/strong>, As\u00ed, sucede de la siguiente manera.\n<ul>\n<li style=\"text-align: justify\">La <strong>Adenina (A) forma dos puentes de H con la Timina (T)<\/strong>.<\/li>\n<li style=\"text-align: justify\">La <strong>Guanina (G) forma tres enlaces de Hidr\u00f3geno con la Citosina (C). <\/strong><\/li>\n<\/ul>\n<\/li>\n<\/ul>\n<p style=\"padding-left: 40px;text-align: justify\">As\u00ed, como se puede observar, en el ADN, el <strong>n\u00famero de bases p\u00faricas es igual al n\u00famero de las pirimid\u00ednicas<\/strong>, lo que conocemos como <strong>Regla de Chargaff (A + G=C+T).<\/strong><\/p>\n<p style=\"padding-left: 40px;text-align: justify\">Por ello, <strong>si vemos que esta regla no se cumple, estamos ante un tipo de \u00e1cido nucleico que no es bicatenario.<\/strong><\/p>\n<p style=\"text-align: justify\">No obstante, aunque todas estas caracter\u00edsticas se cumplen en cualquier tipo de estructura secundaria, es necesario saber que existen diferentes tipos:<\/p>\n<ul>\n<li style=\"text-align: justify\"><span style=\"color: #ff0000\"><span style=\"text-decoration: underline\"><strong>ADN B<\/strong><\/span>:<\/span> la propia descrita por Watson y Crick y la m\u00e1s com\u00fan. Dextr\u00f3gira y con 10 nucle\u00f3tidos por vuelta de h\u00e9lice.<\/li>\n<li style=\"text-align: justify\"><strong><span style=\"text-decoration: underline\"><span style=\"color: #ff0000;text-decoration: underline\">ADN<\/span><span style=\"color: #ff0000;text-decoration: underline\"> A<\/span><\/span>: que deriva de la deshidrataci\u00f3n del ADN B y tambi\u00e9n es dextr\u00f3gira, aunque un poco m\u00e1s alargada (11 nucle\u00f3tidos por vuelta de h\u00e9lice.<\/strong><\/li>\n<li style=\"text-align: justify\"><span style=\"text-decoration: underline;color: #ff0000\"><strong>La forma Z<\/strong><\/span> es lev\u00f3gira, tiene 12 residuos por vuelta y es muy poco usual, solo conoci\u00e9ndose, de momento, en formas v\u00edricas.<\/li>\n<\/ul>\n<p style=\"text-align: center\">\n<!-- iframe plugin v.6.0 wordpress.org\/plugins\/iframe\/ -->\n<iframe loading=\"lazy\" width=\"90%\" height=\"315\" src=\"https:\/\/www.youtube.com\/embed\/XXLizf0Ww7Y?si=1uCGc0doMhQqorA-&#038;amp;start=293&#038;end=473\" title=\"YouTube video player\" frameborder=\"0\" allow=\"accelerometer; autoplay; clipboard-write; encrypted-media; gyroscope; picture-in-picture; web-share\" 0=\"allowfullscreen&gt;&lt;\/iframe\" scrolling=\"yes\" class=\"iframe-class\"><\/iframe>\n<\/p>\n<h3 style=\"text-align: center\">Estructura terciaria del ADN<\/h3>\n<p style=\"text-align: justify\">Es la formada por los plegamientos de la <strong>doble h\u00e9lice asociada a prote\u00ednas de naturaleza b\u00e1sica<\/strong>.<\/p>\n<p style=\"text-align: justify\">Cambia mucho entre organismos procariotas y eucariotas, pero solo vamos a desarrollar la propia de estos \u00faltimos:<\/p>\n<p style=\"text-align: justify\">En nuestro caso, el empaquetamiento del ADN es posible debido a las <strong>histonas, esas prote\u00ednas b\u00e1sicas mencionadas anteriormente<\/strong>, muy conservadas a lo largo de la evoluci\u00f3n.<\/p>\n<p style=\"text-align: justify\"><strong>La uni\u00f3n del ADN con las prote\u00ednas hist\u00f3nicas forman la cromatina.<\/strong><\/p>\n<p style=\"text-align: justify\">Esta <strong>cromatina est\u00e1 estructurada, en su base<\/strong>, gracias a la formaci\u00f3n de unas unidades conocidas como <strong>nucleosomas<\/strong>: c<strong>uatro histonas core o nucleares (H2A, H2B, H3 y H4) forman un oct\u00e1mero<\/strong> (paquetes de 8 mol\u00e9culas, es decir, 2 paquetes de esas 4 histonas) <strong>alrededor del cual se enrolla el ADN.<\/strong><\/p>\n<p style=\"text-align: justify\">Estos nucleosomas constituyen las <strong>perlas de un collar de cuentas, la denominaci\u00f3n com\u00fan del empaquetamiento de 11 nm.<\/strong><\/p>\n<p style=\"text-align: justify\">No obstante, aunque el <strong>protagonismo recaiga en las 4 histonas citadas, sin la estabilidad que ofrece las histonas externas, o linker, H1, interaccionando con el ADN internucleosomal<\/strong> (el ADN que comunica un nucleosoma con el siguiente), <strong>dicho empaquetamiento no podr\u00eda ser posible.<\/strong><\/p>\n<h3 style=\"text-align: justify\">Estructura cuaternaria del ADN<\/h3>\n<p style=\"text-align: justify\">Cada <strong>nucleosoma completo se puede asimilar a un cilindro que, gracias a la mediaci\u00f3n de H1, se puede llegar a asociar con el siguiente, de modo que se genere un solenoide de nucleosomas<\/strong>, exactamente con seis por vuelta de solenoide y con las H1 en el centro.<\/p>\n<p style=\"text-align: justify\">Estos <strong>solenoides ser\u00edan las fibras de 30 nm.<\/strong><\/p>\n<p style=\"text-align: justify\">Los solenoides se compactan, <strong>pleg\u00e1ndose sobre s\u00ed mismos<\/strong>, integrando <strong>bucles correspondientes a la fibra de 300 nm<\/strong>, que se <strong>estructura sobre prote\u00ednas fibrilares no hist\u00f3nicas (actina, miosina y microt\u00fabulos) que determinan la forma de los cromosomas,<\/strong> su m\u00e1ximo grado de compactaci\u00f3n.<\/p>\n<p style=\"text-align: center\">\n<!-- iframe plugin v.6.0 wordpress.org\/plugins\/iframe\/ -->\n<iframe loading=\"lazy\" width=\"90%\" height=\"315\" src=\"https:\/\/www.youtube.com\/embed\/XXLizf0Ww7Y?si=B34FKOYuXOz8k4Ie&#038;amp;start=630&#038;end=770\" title=\"YouTube video player\" frameborder=\"0\" allow=\"accelerometer; autoplay; clipboard-write; encrypted-media; gyroscope; picture-in-picture; web-share\" 0=\"allowfullscreen&gt;&lt;\/iframe\" scrolling=\"yes\" class=\"iframe-class\"><\/iframe>\n<\/p>\n<p><!-- notionvc: 23dc65de-5302-44c1-8a52-94f143c81eac --><\/p>\n","protected":false},"excerpt":{"rendered":"<p>El ADN es la mol\u00e9cula que contiene la informaci\u00f3n gen\u00e9tica necesaria para especificar tanto la secuencia como la funci\u00f3n de las prote\u00ednas y de cada clase de ARN presente en la c\u00e9lula, seg\u00fan el dogma central de la biolog\u00eda molecular de Crick, replanteado en 1970, y que ya desarrollamos en las anteriores entradas. Se caracteriza [&hellip;]<\/p>\n","protected":false},"author":3666,"featured_media":0,"parent":277,"menu_order":0,"comment_status":"closed","ping_status":"closed","template":"template-fullwidth.php","meta":{"footnotes":""},"class_list":["post-319","page","type-page","status-publish","hentry","post-preview"],"_links":{"self":[{"href":"https:\/\/edublog.educastur.es\/biohumphreys\/wp-json\/wp\/v2\/pages\/319","targetHints":{"allow":["GET"]}}],"collection":[{"href":"https:\/\/edublog.educastur.es\/biohumphreys\/wp-json\/wp\/v2\/pages"}],"about":[{"href":"https:\/\/edublog.educastur.es\/biohumphreys\/wp-json\/wp\/v2\/types\/page"}],"author":[{"embeddable":true,"href":"https:\/\/edublog.educastur.es\/biohumphreys\/wp-json\/wp\/v2\/users\/3666"}],"replies":[{"embeddable":true,"href":"https:\/\/edublog.educastur.es\/biohumphreys\/wp-json\/wp\/v2\/comments?post=319"}],"version-history":[{"count":4,"href":"https:\/\/edublog.educastur.es\/biohumphreys\/wp-json\/wp\/v2\/pages\/319\/revisions"}],"predecessor-version":[{"id":323,"href":"https:\/\/edublog.educastur.es\/biohumphreys\/wp-json\/wp\/v2\/pages\/319\/revisions\/323"}],"up":[{"embeddable":true,"href":"https:\/\/edublog.educastur.es\/biohumphreys\/wp-json\/wp\/v2\/pages\/277"}],"wp:attachment":[{"href":"https:\/\/edublog.educastur.es\/biohumphreys\/wp-json\/wp\/v2\/media?parent=319"}],"curies":[{"name":"wp","href":"https:\/\/api.w.org\/{rel}","templated":true}]}}