{"id":326,"date":"2024-03-04T17:23:25","date_gmt":"2024-03-04T16:23:25","guid":{"rendered":"https:\/\/edublog.educastur.es\/biohumphreys\/?page_id=326"},"modified":"2024-03-04T17:23:25","modified_gmt":"2024-03-04T16:23:25","slug":"bloque-c-biologia-celular","status":"publish","type":"page","link":"https:\/\/edublog.educastur.es\/biohumphreys\/bloque-c-biologia-celular\/","title":{"rendered":"BLOQUE C: BIOLOG\u00cdA CELULAR"},"content":{"rendered":"<p style=\"text-align: justify\">En este bloque de contenidos veremos todo lo relacionado con la teor\u00eda celular, la microscop\u00eda, los tipos de c\u00e9lula, la membrana plasm\u00e1tica, el efecto osm\u00f3tico sobre las c\u00e9lulas animales y vegetales, los org\u00e1nulos y el ciclo celular.<\/p>\n","protected":false},"excerpt":{"rendered":"<p>En este bloque de contenidos veremos todo lo relacionado con la teor\u00eda celular, la microscop\u00eda, los tipos de c\u00e9lula, la membrana plasm\u00e1tica, el efecto osm\u00f3tico sobre las c\u00e9lulas animales y vegetales, los org\u00e1nulos y el ciclo celular.<\/p>\n","protected":false},"author":3666,"featured_media":0,"parent":0,"menu_order":0,"comment_status":"closed","ping_status":"closed","template":"","meta":{"footnotes":""},"class_list":["post-326","page","type-page","status-publish","hentry","post-preview"],"_links":{"self":[{"href":"https:\/\/edublog.educastur.es\/biohumphreys\/wp-json\/wp\/v2\/pages\/326","targetHints":{"allow":["GET"]}}],"collection":[{"href":"https:\/\/edublog.educastur.es\/biohumphreys\/wp-json\/wp\/v2\/pages"}],"about":[{"href":"https:\/\/edublog.educastur.es\/biohumphreys\/wp-json\/wp\/v2\/types\/page"}],"author":[{"embeddable":true,"href":"https:\/\/edublog.educastur.es\/biohumphreys\/wp-json\/wp\/v2\/users\/3666"}],"replies":[{"embeddable":true,"href":"https:\/\/edublog.educastur.es\/biohumphreys\/wp-json\/wp\/v2\/comments?post=326"}],"version-history":[{"count":1,"href":"https:\/\/edublog.educastur.es\/biohumphreys\/wp-json\/wp\/v2\/pages\/326\/revisions"}],"predecessor-version":[{"id":328,"href":"https:\/\/edublog.educastur.es\/biohumphreys\/wp-json\/wp\/v2\/pages\/326\/revisions\/328"}],"wp:attachment":[{"href":"https:\/\/edublog.educastur.es\/biohumphreys\/wp-json\/wp\/v2\/media?parent=326"}],"curies":[{"name":"wp","href":"https:\/\/api.w.org\/{rel}","templated":true}]}}