{"id":329,"date":"2024-03-05T17:58:01","date_gmt":"2024-03-05T16:58:01","guid":{"rendered":"https:\/\/edublog.educastur.es\/biohumphreys\/?page_id=329"},"modified":"2024-03-12T13:05:37","modified_gmt":"2024-03-12T12:05:37","slug":"el-ciclo-celular-nociones-generales","status":"publish","type":"page","link":"https:\/\/edublog.educastur.es\/biohumphreys\/el-ciclo-celular-nociones-generales\/","title":{"rendered":"EL CICLO CELULAR: NOCIONES GENERALES"},"content":{"rendered":"<p style=\"text-align: justify\"><strong>Todas las c\u00e9lulas son capaces de crecer y dividirse<\/strong> para dar lugar a c\u00e9lulas hijas id\u00e9nticas entre s\u00ed e iguales a la progenitora en procesos mit\u00f3ticos o c\u00e9lulas hijas con la mitad de material gen\u00e9tico y con ligeras variaciones en procesos mei\u00f3ticos.<\/p>\n<p style=\"text-align: justify\">Este hecho resulta transcendental, puesto que <strong>las c\u00e9lulas que pierden la capacidad de dividirse, solo permanecen viables un determinado tiempo<\/strong>, trascurrido el cual, mueren.<\/p>\n<p style=\"text-align: justify\">As\u00ed, podemos encontrar un fen\u00f3meno c\u00edclico en toda c\u00e9lula, en la que, despu\u00e9s de su \u201cnacimiento\u201d, crece, se desarrolla y, finalmente, se divide.<\/p>\n<p style=\"text-align: justify\">A esta <strong>secuencia repetitiva lo conocemos como ciclo celular<\/strong>, dividi\u00e9ndose en dos etapas: <strong>interfase y divisi\u00f3n<\/strong>.<\/p>\n<div style=\"width: 510px\" class=\"wp-caption aligncenter\"><img loading=\"lazy\" decoding=\"async\" class=\"size-large\" src=\"https:\/\/upload.wikimedia.org\/wikipedia\/commons\/4\/45\/Cell_Cycle-es.jpg\" alt=\"Esquema del ciclo celular. En este observamos c\u00f3mo la interfase se compone de la G1, inmediatamente posterior a la divisi\u00f3n, la fase S, con la duplicaci\u00f3n del material gen\u00e9tico, y la ulterior G2, en la que se prepara para la divisi\u00f3n.Finalmente, encontramos la etapa M o divisi\u00f3n celular, la cual puede ser Mitosis o Meiosis. N\u00f3tese c\u00f3mo determinadas c\u00e9lulas muy especializadas pueden salirse del ciclo celular y entrar en un estado conocido como G0, solo volviendo a entrar en dicho ciclo tras un est\u00edmulo de activaci\u00f3n\" width=\"500\" height=\"481\" \/><p class=\"wp-caption-text\">Esquema del ciclo celular. En este observamos c\u00f3mo la interfase se compone de la fase G1, inmediatamente posterior a la divisi\u00f3n, la fase S, con la duplicaci\u00f3n del material gen\u00e9tico, y la ulterior G2, en la que se prepara para la divisi\u00f3n. Finalmente, encontramos la etapa M o divisi\u00f3n celular, la cual puede ser mit\u00f3tica o mei\u00f3tica. N\u00f3tese c\u00f3mo determinadas c\u00e9lulas muy especializadas pueden salirse del ciclo celular y entrar en un estado conocido como G0, solo volviendo a entrar en dicho ciclo tras un est\u00edmulo de activaci\u00f3n<\/p><\/div>\n<h4 style=\"text-align: center\">INTERFASE<\/h4>\n<p style=\"text-align: justify\">Per\u00edodo de larga duraci\u00f3n que <strong>transcurre entre dos divisiones sucesivas<\/strong>. En ella, observaremos c\u00f3mo la c\u00e9lula, crece, se desarrolla y se prepara para la posterior divisi\u00f3n. Consta de varias fases:<\/p>\n<ul style=\"text-align: justify\">\n<li style=\"text-align: justify\"><strong>Fase G1:<\/strong> Es la etapa inmediatamente posterior a la divisi\u00f3n, donde tiene lugar una <strong>gran actividad metab\u00f3lica, as\u00ed como s\u00edntesis de prote\u00ednas y org\u00e1nulos.<\/strong> F\u00e1cilmente comprensible si entendemos que despu\u00e9s de la divisi\u00f3n, las c\u00e9lulas resultantes son peque\u00f1as y necesitan crecer, como cualquier cr\u00eda de una especie.<\/li>\n<\/ul>\n<p style=\"padding-left: 40px;text-align: justify\">La duraci\u00f3n del ciclo celular depende, en muchas ocasiones, de la <strong>duraci\u00f3n de la fase G1, que puede ser muy breve<\/strong> en c\u00e9lulas embrionarias, <strong>o muy dilatada<\/strong> en tejidos m\u00e1s diferenciados.<\/p>\n<p style=\"padding-left: 40px;text-align: justify\">Es interesante se\u00f1alar algo que, indirectamente, ya sabemos: <strong>algunas c\u00e9lulas, sobre todo aquellas m\u00e1s especializadas<\/strong>, como neuronas o c\u00e9lulas sat\u00e9lite, <strong>paran su ciclo y no se dividen<\/strong>, en cuyo caso la fase se denomina <span style=\"text-decoration: underline\"><strong>G0.<\/strong><\/span> Una estimulaci\u00f3n posterior devuelve a esas c\u00e9lulas a la fase G1.<\/p>\n<p style=\"padding-left: 40px;text-align: justify\">Igualmente, hacia <strong>el final de la fase G1, existe un punto denominado punto de restricci\u00f3n o punto R<\/strong> que, s<strong>i es sobrepasado, la c\u00e9lula completa su ciclo celular independientemente de las condiciones existentes.<\/strong><\/p>\n<p style=\"padding-left: 40px;text-align: justify\">Este <strong>mecanismo de control del ciclo celular<\/strong>, como veremos m\u00e1s adelante, es muy importante, puesto que si una c\u00e9lula aumenta la <strong>proliferaci\u00f3n celular, de manera descontrolada, tendremos una masa tumoral<\/strong>, con consecuencias desastrosas en muchas ocasiones.<\/p>\n<ul style=\"text-align: justify\">\n<li style=\"text-align: justify\"><strong>Fase S:<\/strong> En esta fase tiene lugar la <strong>duplicaci\u00f3n de ADN<\/strong>, la s\u00edntesis de histonas y, en c\u00e9lulas eucariotas animales, la duplicaci\u00f3n del centrosoma.<\/li>\n<li>\n<p style=\"text-align: justify\"><strong>Fase G2:<\/strong> Es la \u00faltima etapa de <strong>preparaci\u00f3n para la divisi\u00f3n<\/strong> y en ella se llevan a cabo distintos <strong>procesos biosint\u00e9ticos<\/strong> con este \u00faltimo fin:<\/p>\n<ul>\n<li>\n<p style=\"text-align: justify\"><strong>Sintetiza las prote\u00ednas necesarias para la divisi\u00f3n celular:<\/strong><\/p>\n<ul>\n<li>\n<p style=\"text-align: justify\"><strong>Tubulina<\/strong> para que se puedan formar los microt\u00fabulos del huso acrom\u00e1tico.<\/p>\n<\/li>\n<li>\n<p style=\"text-align: justify\"><strong>Histona H1<\/strong> para la mayor compactaci\u00f3n del ADN.<\/p>\n<\/li>\n<\/ul>\n<\/li>\n<\/ul>\n<\/li>\n<\/ul>\n<p style=\"padding-left: 40px;text-align: justify\">A continuaci\u00f3n, se pasa a la<strong> fase M<\/strong> tras la cual las c\u00e9lulas vuelven a entrar en interfase y el ciclo se repite.<\/p>\n<p style=\"text-align: center\">\n<!-- iframe plugin v.6.0 wordpress.org\/plugins\/iframe\/ -->\n<iframe loading=\"lazy\" width=\"90%\" height=\"315\" src=\"https:\/\/www.youtube.com\/embed\/gljl_P32Yxs?si=VY6njk-Q-A4t_esQ&#038;amp;start=389&#038;end=583\" title=\"YouTube video player\" frameborder=\"0\" allow=\"accelerometer; autoplay; clipboard-write; encrypted-media; gyroscope; picture-in-picture; web-share\" 0=\"allowfullscreen&gt;&lt;\/iframe\" scrolling=\"yes\" class=\"iframe-class\"><\/iframe>\n<\/p>\n<h5 style=\"text-align: center\">FASE M<\/h5>\n<p>Etapa en la cual la c\u00e9lula se divide.<\/p>\n<p style=\"text-align: justify\">Se trata de un proceso bastante complejo en el que distinguimos dos subfases:<\/p>\n<ul style=\"text-align: justify\">\n<li><strong>Cariocinesis o divisi\u00f3n nuclear<\/strong>: en la que el <strong>material gen\u00e9tico de la c\u00e9lula madre se divide entre las c\u00e9lulas hijas<\/strong>. Observad la importancia aqu\u00ed de la fase S de la interfase, si no se duplicara el material gen\u00e9tico, las c\u00e9lulas hijas solo tendr\u00edan la mitad de la informaci\u00f3n gen\u00e9tica de su c\u00e9lula progenitora.<\/li>\n<\/ul>\n<p style=\"padding-left: 40px;text-align: justify\">En esta etapa encontramos dos principales tipos:<\/p>\n<ul style=\"text-align: justify\">\n<li style=\"list-style-type: none\">\n<ul>\n<li><strong>Mitosis<\/strong>: ocurriendo en los <strong>procesos som\u00e1ticos pluricelulares<\/strong>, es decir, en los <strong>procesos no reproductivos<\/strong>, como la <strong>cicatrizaci\u00f3n de una herida, el crecimiento de un ni\u00f1o o la reparaci\u00f3n de un da\u00f1o org\u00e1nico, <\/strong>manteniendo el correcto funcionamiento de \u00f3rganos y tejidos.<\/li>\n<\/ul>\n<\/li>\n<\/ul>\n<p style=\"padding-left: 80px;text-align: justify\">No obstante, en <strong>organismos unicelulares, s\u00ed que constituye un proceso reproductivo<\/strong>, ya que, como comprender\u00e9is, si el organismo es una c\u00e9lula, por la divisi\u00f3n, <strong>produce dos c\u00e9lulas hijas<\/strong>.<\/p>\n<p style=\"padding-left: 80px;text-align: justify\">En este tipo de divisi\u00f3n, observamos c\u00f3mo l<strong>as c\u00e9lulas hijas son id\u00e9nticas entre s\u00ed e id\u00e9nticas a la c\u00e9lula progenitora, manteniendo la misma cantidad de material gen\u00e9tico<\/strong> (si la c\u00e9lula madre es diploide, es decir, tiene dos pares de cromosomas, las c\u00e9lulas hijas tambi\u00e9n lo ser\u00e1n).<\/p>\n<p style=\"padding-left: 80px;text-align: justify\">Es interesante se\u00f1alar este tipo de gr\u00e1ficos, en los que observamos la cantidad de material gen\u00e9tico (ADN) a lo largo del ciclo celular (<em>ver la explicaci\u00f3n de la imagen para su descripci\u00f3n<\/em>):<\/p>\n<div style=\"width: 877px\" class=\"wp-caption aligncenter\"><img loading=\"lazy\" decoding=\"async\" title=\"https:\/\/www.biologiasur.org\/images\/stories\/Fotos\/ciclo_celular\/008.jpg\" src=\"https:\/\/www.biologiasur.org\/images\/stories\/Fotos\/ciclo_celular\/008.jpg\" alt=\"Variaci\u00f3n de la cantidad de ADN en el ciclo celular de una c\u00e9lula que sufre mitosis. Como podemos observar, se trata de una c\u00e9lula diploide (con dos cromosomas de cada tipo). En la fase S, el material gen\u00e9tico se duplica, como viene representado en esa pendiente, en la G2 se mantiene la cantidad de ADN duplicado y en la mitosis, al repartirse entre las c\u00e9lulas hijas, se divide a la mitad, volviendo a tener la cantidad de material gen\u00e9tico normal (diploide).\" width=\"867\" height=\"367\" \/><p class=\"wp-caption-text\">Variaci\u00f3n de la cantidad de ADN en el ciclo celular de una c\u00e9lula que sufre mitosis. Como podemos observar, se trata de una c\u00e9lula diploide (con dos cromosomas de cada tipo). En la fase S, el material gen\u00e9tico se duplica, como viene representado en esa pendiente, en la G2 se mantiene la cantidad de ADN duplicado y en la mitosis, al repartirse entre las c\u00e9lulas hijas, se divide a la mitad, volviendo a tener la cantidad de material gen\u00e9tico normal (diploide).<\/p><\/div>\n<ul>\n<li style=\"list-style-type: none\">\n<ul>\n<li style=\"text-align: justify\"><span style=\"text-decoration: underline\"><strong>Meiosis:<\/strong><\/span> tiene lugar en cualquier ciclo biol\u00f3gico en los que se d\u00e9 un <strong>proceso de reproducci\u00f3n sexual<\/strong>, por consiguiente, siempre est\u00e1 <strong>asociada a procesos reproductivos o germinales y no a los som\u00e1ticos.<\/strong><\/li>\n<\/ul>\n<\/li>\n<\/ul>\n<p style=\"padding-left: 80px;text-align: justify\">Siempre <strong>necesita partir de una c\u00e9lula diploide<\/strong> (con pares de cromosomas, es decir, dos cromosomas de cada tipo), la que, tras <strong>dos divisiones sucesivas<\/strong>, con una breve interfase en la que no hay duplicaci\u00f3n del material gen\u00e9tico, <strong>se originan 4 c\u00e9lulas haploides<\/strong> (con la mitad del material gen\u00e9tico, es decir, un solo cromosoma de cada tipo).<\/p>\n<p style=\"padding-left: 80px;text-align: justify\">Adem\u00e1s, en <strong>esta divisi\u00f3n se origina variabilidad<\/strong>, en otras palabras, <strong>esas c\u00e9lulas hijas ya no son id\u00e9nticas entre s\u00ed<\/strong> ni equivalentes a la c\u00e9lula madre.<\/p>\n<p style=\"padding-left: 80px;text-align: justify\">Si entendemos estas nociones b\u00e1sicas de la meiosis, comprenderemos las diferencias en este esquema respecto al anterior (<em>ver la explicaci\u00f3n de la imagen para entender su descripci\u00f3n<\/em>):<\/p>\n<div style=\"width: 903px\" class=\"wp-caption aligncenter\"><img loading=\"lazy\" decoding=\"async\" class=\"\" title=\"https:\/\/image2.slideserve.com\/4324274\/4-contenido-de-adn-durante-el-ciclo-celular-meiosis-formaci-n-de-gametos-l.jpg\" src=\"https:\/\/image2.slideserve.com\/4324274\/4-contenido-de-adn-durante-el-ciclo-celular-meiosis-formaci-n-de-gametos-l.jpg\" alt=\"Cantidad de ADN a lo largo del ciclo celular de una c\u00e9lula que sufre meiosis. Como se deriva del esquema, a partir de una c\u00e9lula diploide, se duplica el material gen\u00e9tico en fase S, en la G2 mantiene el ADN duplicado (tetraploide) y, tras dos divisiones sucesivas en las que hay una breve interfase sin duplicaci\u00f3n del material gen\u00e9tico, se origina una c\u00e9lula haploide con la mitad de ADN que su c\u00e9lula madre.\" width=\"893\" height=\"670\" \/><p class=\"wp-caption-text\">Cantidad de ADN a lo largo del ciclo celular de una c\u00e9lula que sufre meiosis. Como se deriva del esquema, a partir de una c\u00e9lula diploide, se duplica el material gen\u00e9tico en fase S, en la G2 mantiene el ADN duplicado (tetraploide) y, tras dos divisiones sucesivas en las que hay una breve interfase sin duplicaci\u00f3n del material gen\u00e9tico, se origina una c\u00e9lula haploide con la mitad de ADN que su c\u00e9lula madre.<\/p><\/div>\n<ul>\n<li style=\"text-align: justify\"><strong>Citocinesis<\/strong>: consiste en la <strong>separaci\u00f3n del citoplasma, as\u00ed como de sus org\u00e1nulos asociados entre las c\u00e9lulas hijas.<\/strong> No obstante, no tiene por qu\u00e9 ocurrir en todas las ocasiones. As\u00ed, es normal encontrar <strong>plasmodios<\/strong>, es decir, c\u00e9lulas polinucleadas en las que han ocurrido cariocinesis (divisiones del n\u00facleo), sin citocinesis asociadas.<\/li>\n<\/ul>\n<p style=\"padding-left: 40px;text-align: justify\">La citocinesis va a ser <strong>diferente en c\u00e9lulas eucariotas animales y vegetales<\/strong>, as\u00ed encontramos:<\/p>\n<ul style=\"text-align: justify\">\n<li style=\"list-style-type: none\">\n<ul>\n<li>En <strong>c\u00e9lulas animales<\/strong> la c\u00e9lula comienza a sufrir una <strong>constricci\u00f3n en la zona ecuatorial<\/strong>, denominada surco de divisi\u00f3n, una expansi\u00f3n o invaginaci\u00f3n de la membrana en esa zona, la cual est\u00e1 asociada a una contracci\u00f3n progresiva causada por un <strong>anillo perif\u00e9rico contr\u00e1ctil de microfilamentos de actina y miosina.<\/strong><\/li>\n<\/ul>\n<\/li>\n<\/ul>\n<p style=\"padding-left: 80px;text-align: justify\">Este anillo produce la separaci\u00f3n de las dos c\u00e9lulas hijas por <strong>estrangulaci\u00f3n del citoplasma<\/strong>.<\/p>\n<div style=\"width: 602px\" class=\"wp-caption aligncenter\"><img loading=\"lazy\" decoding=\"async\" title=\"Telkoparan P., Erkek S., Yaman E., Alotaibi H., Bay\u0131k D., Tazebay U.H., CC BY 4.0 &lt;https:\/\/creativecommons.org\/licenses\/by\/4.0&gt;, via Wikimedia Commons\" src=\"https:\/\/upload.wikimedia.org\/wikipedia\/commons\/8\/8f\/Cuerpo_Flemming_Ubicacion.png\" alt=\"Resultado de la citocinesis animal. Como observamos, entre ambas c\u00e9lulas el citoplasma se ha estrechado, resultado de esos microfilamentos de actina y miosina, conllevando el \u201cestrangulamiento\u201d entre ambas c\u00e9lulas.\" width=\"592\" height=\"434\" \/><p class=\"wp-caption-text\">Resultado de la citocinesis animal al microscopio \u00f3ptico de fluorescencia por medio de la t\u00e9cnica de inmunocitoqu\u00edmica. Como observamos, entre ambas c\u00e9lulas el citoplasma se ha estrechado, resultado de esos microfilamentos de actina y miosina, conllevando el \u201cestrangulamiento\u201d entre ambas c\u00e9lulas.<\/p><\/div>\n<ul>\n<li style=\"list-style-type: none\">\n<ul>\n<li style=\"text-align: justify\">En <strong>c\u00e9lulas vegetales<\/strong> la citocinesis no se produce por estrangulamiento, sino por <strong>la acumulaci\u00f3n, en la zona media de la c\u00e9lula, de ves\u00edculas procedentes del aparato de Golgi, llamada fragmoplasto<\/strong>, que contienen elementos de la pared celular, como pectinas y otras mol\u00e9culas celul\u00f3sicas.<\/li>\n<\/ul>\n<\/li>\n<\/ul>\n<p style=\"padding-left: 80px;text-align: justify\">Posteriormente, las ves\u00edculas se fusionan dando lugar a la membrana plasm\u00e1tica de las c\u00e9lulas hijas, mientras que el contenido de las ves\u00edculas forma la l\u00e1mina media, entre ambas.<\/p>\n<p style=\"padding-left: 80px;text-align: justify\">Por \u00faltimo, se depositar\u00e1 la pared primaria y, dependiendo del tipo celular, la pared secundaria.<\/p>\n<p style=\"padding-left: 80px;text-align: justify\">Sin embargo, en los tejidos vegetales <strong>la separaci\u00f3n no es completa<\/strong>: las c\u00e9lulas permanecen unidas por la presencia de poros citoplasm\u00e1ticos que permiten la comunicaci\u00f3n celular. Estas estructuras se llaman <strong>plasmodesmos.<\/strong><\/p>\n<div style=\"width: 728px\" class=\"wp-caption aligncenter\"><img loading=\"lazy\" decoding=\"async\" title=\"Alejandro Porto, CC BY-SA 3.0 &lt;https:\/\/creativecommons.org\/licenses\/by-sa\/3.0&gt;, via Wikimedia Commons\" src=\"https:\/\/upload.wikimedia.org\/wikipedia\/commons\/f\/f6\/Phragmoplast.jpg\" alt=\"Esquema de divisi\u00f3n entre dos c\u00e9lulas eucariotas vegetales. Se describe una estructura central en la que se depositan ves\u00edculas y materiales del Aparato de Golgi, constituyendo el fragmoplasto.\" width=\"718\" height=\"433\" \/><p class=\"wp-caption-text\">Esquema de divisi\u00f3n entre dos c\u00e9lulas eucariotas vegetales. Se describe una estructura central en la que se depositan ves\u00edculas y materiales del Aparato de Golgi, constituyendo el fragmoplasto.<\/p><\/div>\n<p style=\"text-align: center\">\n<!-- iframe plugin v.6.0 wordpress.org\/plugins\/iframe\/ -->\n<iframe loading=\"lazy\" width=\"90%\" height=\"315\" src=\"https:\/\/www.youtube.com\/embed\/gljl_P32Yxs?si=j7J1G0IAkS1svLFH&#038;amp;start=389&#038;amp;clip=UgkxRVhKNwVjZfD1TYGmf4_jtKtwlKeKUNHW&#038;amp;clipt=ELypJhiH_ik\" title=\"YouTube video player\" frameborder=\"0\" allow=\"accelerometer; autoplay; clipboard-write; encrypted-media; gyroscope; picture-in-picture; web-share\" 0=\"allowfullscreen&gt;&lt;\/iframe\" scrolling=\"yes\" class=\"iframe-class\"><\/iframe>\n<\/p>\n<h5>CONTROL DEL CICLO CELULAR<\/h5>\n<p style=\"text-align: justify\">Como hemos mencionado anteriormente, un <strong>fallo en el control de la divisi\u00f3n celular puede tener consecuencias desastrosas<\/strong>. As\u00ed, si una sola c\u00e9lula de un tejido presenta un <strong>aumento incontrolado de divisiones celulares, provoca la aparici\u00f3n de un tumo<\/strong>r, con consecuencias a veces mortales (<strong>c\u00e1ncer<\/strong>).<\/p>\n<p style=\"text-align: justify\">Por ello, es necesario un mecanismo exhaustivo de control, en el que intervienen diversos factores.<\/p>\n<ol>\n<li style=\"text-align: justify\"><strong>El principal punto de control es el paso de G1 a S, denominado punto de restricci\u00f3n<\/strong>, regulado por enzimas, como los factores promotores de la mitosis o MPFs descubiertos en la d\u00e9cada de los 70, integrados por dos prote\u00ednas:\n<ul>\n<li><strong>Las ciclinas<\/strong>, que deben su nombre a que su concentraci\u00f3n en la c\u00e9lula var\u00eda c\u00edclicamente.<\/li>\n<li><strong>Las quinasas dependientes de ciclina<\/strong>, que son enzimas de concentraci\u00f3n constante en la c\u00e9lula, pero que se mantienen inactivas. Se activan uni\u00e9ndose a una ciclina formando el MPF activo para promover la mitosis y facilitando as\u00ed la regulaci\u00f3n del ciclo.<\/li>\n<\/ul>\n<\/li>\n<li style=\"text-align: justify\">Tambi\u00e9n existen <strong>factores de crecimiento<\/strong> que activan genes cuyos productos est\u00e1n implicados en la proliferaci\u00f3n celular.<\/li>\n<li style=\"text-align: justify\">Otros factores, como el <strong>tama\u00f1o celular, el contacto con otras c\u00e9lulas o con el sustrato, la temperatura o la edad, tambi\u00e9n influyen en la duraci\u00f3n del ciclo celular.<\/strong><\/li>\n<\/ol>\n<p style=\"text-align: center\">\n<!-- iframe plugin v.6.0 wordpress.org\/plugins\/iframe\/ -->\n<iframe loading=\"lazy\" width=\"90%\" height=\"315\" src=\"https:\/\/www.youtube.com\/embed\/gljl_P32Yxs?si=KYGTeyn2bhtxFqAa&#038;amp;start=389&#038;amp;clip=UgkxKG3nETFvMGm7_jrdnAd2_l8BFb84ecvL&#038;amp;clipt=EOKLHhiO2yE\" title=\"YouTube video player\" frameborder=\"0\" allow=\"accelerometer; autoplay; clipboard-write; encrypted-media; gyroscope; picture-in-picture; web-share\" 0=\"allowfullscreen&gt;&lt;\/iframe\" scrolling=\"yes\" class=\"iframe-class\"><\/iframe>\n<\/p>\n<p><!-- notionvc: d1a8d48f-533d-4215-95a3-c09c18991143 --><\/p>\n<p><!-- notionvc: 1e9f4caa-a3a6-4697-86c3-b05e785652cd --><\/p>\n","protected":false},"excerpt":{"rendered":"<p>Todas las c\u00e9lulas son capaces de crecer y dividirse para dar lugar a c\u00e9lulas hijas id\u00e9nticas entre s\u00ed e iguales a la progenitora en procesos mit\u00f3ticos o c\u00e9lulas hijas con la mitad de material gen\u00e9tico y con ligeras variaciones en procesos mei\u00f3ticos. Este hecho resulta transcendental, puesto que las c\u00e9lulas que pierden la capacidad de [&hellip;]<\/p>\n","protected":false},"author":3666,"featured_media":0,"parent":0,"menu_order":0,"comment_status":"closed","ping_status":"closed","template":"template-fullwidth.php","meta":{"footnotes":""},"class_list":["post-329","page","type-page","status-publish","hentry","post-preview"],"_links":{"self":[{"href":"https:\/\/edublog.educastur.es\/biohumphreys\/wp-json\/wp\/v2\/pages\/329","targetHints":{"allow":["GET"]}}],"collection":[{"href":"https:\/\/edublog.educastur.es\/biohumphreys\/wp-json\/wp\/v2\/pages"}],"about":[{"href":"https:\/\/edublog.educastur.es\/biohumphreys\/wp-json\/wp\/v2\/types\/page"}],"author":[{"embeddable":true,"href":"https:\/\/edublog.educastur.es\/biohumphreys\/wp-json\/wp\/v2\/users\/3666"}],"replies":[{"embeddable":true,"href":"https:\/\/edublog.educastur.es\/biohumphreys\/wp-json\/wp\/v2\/comments?post=329"}],"version-history":[{"count":11,"href":"https:\/\/edublog.educastur.es\/biohumphreys\/wp-json\/wp\/v2\/pages\/329\/revisions"}],"predecessor-version":[{"id":345,"href":"https:\/\/edublog.educastur.es\/biohumphreys\/wp-json\/wp\/v2\/pages\/329\/revisions\/345"}],"wp:attachment":[{"href":"https:\/\/edublog.educastur.es\/biohumphreys\/wp-json\/wp\/v2\/media?parent=329"}],"curies":[{"name":"wp","href":"https:\/\/api.w.org\/{rel}","templated":true}]}}